{"id":1047,"date":"2022-09-02T00:31:55","date_gmt":"2022-09-01T21:31:55","guid":{"rendered":"https:\/\/drcaturkey.com\/es\/?page_id=1047"},"modified":"2023-03-07T15:04:39","modified_gmt":"2023-03-07T12:04:39","slug":"levantamiento-de-la-cara","status":"publish","type":"page","link":"https:\/\/drcaturkey.com\/es\/levantamiento-de-la-cara","title":{"rendered":"Levantamiento de la Cara"},"content":{"rendered":"\t\t<div data-elementor-type=\"wp-page\" data-elementor-id=\"1047\" class=\"elementor elementor-1047\">\n\t\t\t\t\t\t\t\t\t<section class=\"elementor-section elementor-top-section elementor-element elementor-element-890e58c elementor-section-boxed elementor-section-height-default elementor-section-height-default\" data-id=\"890e58c\" data-element_type=\"section\" data-settings=\"{&quot;background_background&quot;:&quot;classic&quot;}\">\n\t\t\t\t\t\t<div class=\"elementor-container elementor-column-gap-default\">\n\t\t\t\t\t<div class=\"elementor-column elementor-col-100 elementor-top-column elementor-element elementor-element-7bcab53\" data-id=\"7bcab53\" data-element_type=\"column\">\n\t\t\t<div class=\"elementor-widget-wrap elementor-element-populated\">\n\t\t\t\t\t\t\t\t<section class=\"elementor-section elementor-inner-section elementor-element elementor-element-3d92bd9 elementor-section-boxed elementor-section-height-default elementor-section-height-default\" data-id=\"3d92bd9\" data-element_type=\"section\">\n\t\t\t\t\t\t<div class=\"elementor-container elementor-column-gap-default\">\n\t\t\t\t\t<div class=\"elementor-column elementor-col-100 elementor-inner-column elementor-element elementor-element-8bf6719\" data-id=\"8bf6719\" data-element_type=\"column\">\n\t\t\t<div class=\"elementor-widget-wrap elementor-element-populated\">\n\t\t\t\t\t\t\t\t<div class=\"elementor-element elementor-element-0eb06f7 elementor-widget elementor-widget-hub_fancy_heading\" data-id=\"0eb06f7\" data-element_type=\"widget\" data-widget_type=\"hub_fancy_heading.default\">\n\t\t\t\t<div class=\"elementor-widget-container\">\n\t\t\t\n\t\t<div id=\"ld-fancy-heading-69e8b263900fb\" class=\"ld-fancy-heading pos-rel\">\n\t\t\t<h1 class=\"ld-fh-element d-inline-block pos-rel  elementor-heading-title lqd-highlight-classic lqd-highlight-grow-left h1\"  > Levantamiento de la Cara<\/h1>\t\t<\/div>\n\n\t\t\t\t<\/div>\n\t\t\t\t<\/div>\n\t\t\t\t<div class=\"elementor-element elementor-element-229e214 elementor-widget__width-auto elementor-widget elementor-widget-ld_breadcrumb\" data-id=\"229e214\" data-element_type=\"widget\" data-widget_type=\"ld_breadcrumb.default\">\n\t\t\t\t<div class=\"elementor-widget-container\">\n\t\t\t<div class=\"lqd-breadcrumb-wrapper\"><div class=\"lqd-shop-topbar-breadcrumb\"><nav class=\"woocommerce-breadcrumb mb-4 mb-md-0\"><ul class=\"breadcrumb reset-ul inline-nav comma-sep-li\"><li>Anasayfa<\/li><\/ul><\/nav><\/div><\/div>\t\t<\/div>\n\t\t\t\t<\/div>\n\t\t\t\t\t<\/div>\n\t\t<\/div>\n\t\t\t\t\t\t\t<\/div>\n\t\t<\/section>\n\t\t\t\t\t<\/div>\n\t\t<\/div>\n\t\t\t\t\t\t\t<\/div>\n\t\t<\/section>\n\t\t\t\t<section class=\"elementor-section elementor-top-section elementor-element elementor-element-bf19241 elementor-section-boxed elementor-section-height-default elementor-section-height-default\" data-id=\"bf19241\" data-element_type=\"section\">\n\t\t\t\t\t\t<div class=\"elementor-container elementor-column-gap-default\">\n\t\t\t\t\t<div class=\"lqd-css-sticky-column elementor-column elementor-col-50 elementor-top-column elementor-element elementor-element-dcbea38 elementor-hidden-mobile\" style=\"--lqd-sticky-offset:30px\" data-id=\"dcbea38\" data-element_type=\"column\">\n\t\t\t<div class=\"elementor-widget-wrap elementor-element-populated\">\n\t\t\t\t\t\t\t\t<section class=\"elementor-section elementor-inner-section elementor-element elementor-element-641196d elementor-section-boxed elementor-section-height-default elementor-section-height-default\" data-id=\"641196d\" data-element_type=\"section\" data-settings=\"{&quot;background_background&quot;:&quot;classic&quot;}\">\n\t\t\t\t\t\t<div class=\"elementor-container elementor-column-gap-default\">\n\t\t\t\t\t<div class=\"elementor-column elementor-col-100 elementor-inner-column elementor-element elementor-element-e64bbcb\" data-id=\"e64bbcb\" data-element_type=\"column\">\n\t\t\t<div class=\"elementor-widget-wrap elementor-element-populated\">\n\t\t\t\t\t\t\t\t<div class=\"elementor-element elementor-element-fe58d0f elementor-widget elementor-widget-hub_fancy_heading\" data-id=\"fe58d0f\" data-element_type=\"widget\" data-widget_type=\"hub_fancy_heading.default\">\n\t\t\t\t<div class=\"elementor-widget-container\">\n\t\t\t\n\t\t<div id=\"ld-fancy-heading-69e8b26392fcc\" class=\"ld-fancy-heading pos-rel\">\n\t\t\t<h6 class=\"ld-fh-element d-inline-block pos-rel  elementor-heading-title lqd-highlight-classic lqd-highlight-grow-left h6\"  > PedIr Una CIta\n<\/h6>\t\t<\/div>\n\n\t\t\t\t<\/div>\n\t\t\t\t<\/div>\n\t\t\t\t<div class=\"elementor-element elementor-element-4179c8b elementor-widget elementor-widget-ld_cf722\" data-id=\"4179c8b\" data-element_type=\"widget\" data-widget_type=\"ld_cf722.default\">\n\t\t\t\t<div class=\"elementor-widget-container\">\n\t\t\t\n\t<div class=\"lqd-contact-form lqd-contact-form-inputs-underlined lqd-contact-form-button-block lqd-contact-form-button-circle lqd-contact-form-inputs-sm\" >\n\t\t<div role=\"form\" class=\"wpcf7\" id=\"wpcf7-f6-o1\" lang=\"tr-TR\" dir=\"ltr\">\n<div class=\"screen-reader-response\"><p role=\"status\" aria-live=\"polite\" aria-atomic=\"true\"><\/p> <ul><\/ul><\/div>\n<form action=\"\/es\/wp-json\/wp\/v2\/pages\/1047#wpcf7-f6-o1\" method=\"post\" class=\"wpcf7-form init\" novalidate=\"novalidate\" data-status=\"init\">\n<div style=\"display: none;\">\n<input type=\"hidden\" name=\"_wpcf7\" value=\"6\" \/>\n<input type=\"hidden\" name=\"_wpcf7_version\" value=\"5.6.3\" \/>\n<input type=\"hidden\" name=\"_wpcf7_locale\" value=\"tr_TR\" \/>\n<input type=\"hidden\" name=\"_wpcf7_unit_tag\" value=\"wpcf7-f6-o1\" \/>\n<input type=\"hidden\" name=\"_wpcf7_container_post\" value=\"0\" \/>\n<input type=\"hidden\" name=\"_wpcf7_posted_data_hash\" value=\"\" \/>\n<\/div>\n<p><span class=\"wpcf7-form-control-wrap\" data-name=\"adi\"><input type=\"text\" name=\"adi\" value=\"\" size=\"40\" class=\"wpcf7-form-control wpcf7-text wpcf7-validates-as-required\" aria-required=\"true\" aria-invalid=\"false\" placeholder=\"Nombre\" \/><\/span><br \/>\n<span class=\"wpcf7-form-control-wrap\" data-name=\"phone\"><input type=\"text\" name=\"phone\" value=\"\" size=\"40\" class=\"wpcf7-form-control wpcf7-text wpcf7-validates-as-required\" aria-required=\"true\" aria-invalid=\"false\" placeholder=\"N\u00famero de Tel\u00e9fono\" \/><\/span><br \/>\n<span class=\"wpcf7-form-control-wrap\" data-name=\"message\"><textarea name=\"message\" cols=\"40\" rows=\"2\" class=\"wpcf7-form-control wpcf7-textarea\" aria-invalid=\"false\" placeholder=\"Mensaje\"><\/textarea><\/span><br \/>\n<input type=\"submit\" value=\"Enviar Formulario\" class=\"wpcf7-form-control has-spinner wpcf7-submit\" \/><\/p>\n<div class=\"wpcf7-response-output\" aria-hidden=\"true\"><\/div><\/form><\/div>\t<\/div>\n\n\t\t\t<\/div>\n\t\t\t\t<\/div>\n\t\t\t\t\t<\/div>\n\t\t<\/div>\n\t\t\t\t\t\t\t<\/div>\n\t\t<\/section>\n\t\t\t\t<section class=\"elementor-section elementor-inner-section elementor-element elementor-element-344d1f1 elementor-section-boxed elementor-section-height-default elementor-section-height-default\" data-id=\"344d1f1\" data-element_type=\"section\">\n\t\t\t\t\t\t<div class=\"elementor-container elementor-column-gap-default\">\n\t\t\t\t\t<div class=\"elementor-column elementor-col-100 elementor-inner-column elementor-element elementor-element-7e0ff21\" data-id=\"7e0ff21\" data-element_type=\"column\">\n\t\t\t<div class=\"elementor-widget-wrap elementor-element-populated\">\n\t\t\t\t\t\t\t\t<div class=\"elementor-element elementor-element-41d93e1 elementor-widget elementor-widget-hub_fancy_heading\" data-id=\"41d93e1\" data-element_type=\"widget\" data-widget_type=\"hub_fancy_heading.default\">\n\t\t\t\t<div class=\"elementor-widget-container\">\n\t\t\t\n\t\t<div id=\"ld-fancy-heading-69e8b2639774a\" class=\"ld-fancy-heading pos-rel\">\n\t\t\t<h6 class=\"ld-fh-element d-inline-block pos-rel  elementor-heading-title lqd-highlight-classic lqd-highlight-grow-left h6\"  > EST\u00c9TICA FACIAL<\/h6>\t\t<\/div>\n\n\t\t\t\t<\/div>\n\t\t\t\t<\/div>\n\t\t\t\t<div class=\"elementor-element elementor-element-ee76e3a elementor-widget elementor-widget-ld_custom_menu\" data-id=\"ee76e3a\" data-element_type=\"widget\" data-widget_type=\"ld_custom_menu.default\">\n\t\t\t\t<div class=\"elementor-widget-container\">\n\t\t\t\n\t\t\t<div  \n\t\t\t\tclass=\"lqd-fancy-menu lqd-custom-menu pos-rel lqd-menu-td-none\"\n\t\t\t\t\t\t\t>\n\t\t\t\n\t\t\t\t\t\t\t<ul class=\"reset-ul\" id=\"ee76e3a\"  data-localscroll=\"true\" data-localscroll-options=\"{&quot;itemsSelector&quot;:&quot;&gt; li &gt; a&quot;,&quot;trackWindowScroll&quot;:true,&quot;includeParentAsOffset&quot;:false,&quot;offsetElements&quot;:&quot;[data-sticky-header] .lqd-head-sec-wrap:not(.lqd-hide-onstuck), #wpadminbar, body.elementor-page .main-header[data-sticky-header] &gt; .elementor &gt; .elementor-section-wrap &gt; .elementor-section:not(.lqd-hide-onstuck):not(.lqd-stickybar-wrap), body.elementor-page .main-header[data-sticky-header] &gt; .elementor &gt; .elementor-section:not(.lqd-hide-onstuck):not(.lqd-stickybar-wrap)&quot;}\">\n\t\t\t\t\n\t\t\t\t\t\t<li>\n\t\t\t\t\t\t\t<a  href=\"https:\/\/drcaturkey.com\/es\/rhinoplastia\" target=\"_self\" > \n\n\t\t\t\t\t\t\t\t\t\t\t\t\t\t\t\t\t<span class=\"link-icon d-inline-flex hide-if-empty right-icon icon-next-to-label\"><i aria-hidden=\"true\" class=\"lqd-icn-ess icon-ion-ios-arrow-forward\"><\/i><\/span>\t\n\t\t\t\t\t\t\t\t\n\t\t\t\t\t\t\t\t\t\t\t\t\t\t\t\t\tRhinoplastia  \n\t\t\t\t\t\t\t\t\t\t\t\t\t\t\t\t\t\t\t\t\t\t\t<\/a>\n\t\t\t\t\t\t\t\t\t\t\t\t\t<\/li>\n\n\t\t\t\t\t\t\n\t\t\t\t\t\t<li>\n\t\t\t\t\t\t\t<a  href=\"https:\/\/drcaturkey.com\/es\/levantamiento-de-la-cara\" target=\"_self\" > \n\n\t\t\t\t\t\t\t\t\t\t\t\t\t\t\t\t\t<span class=\"link-icon d-inline-flex hide-if-empty right-icon icon-next-to-label\"><i aria-hidden=\"true\" class=\"lqd-icn-ess icon-ion-ios-arrow-forward\"><\/i><\/span>\t\n\t\t\t\t\t\t\t\t\n\t\t\t\t\t\t\t\t\t\t\t\t\t\t\t\t\tLevantamiento de la Cara  \n\t\t\t\t\t\t\t\t\t\t\t\t\t\t\t\t\t\t\t\t\t\t\t<\/a>\n\t\t\t\t\t\t\t\t\t\t\t\t\t<\/li>\n\n\t\t\t\t\t\t\n\t\t\t\t\t\t<li>\n\t\t\t\t\t\t\t<a  href=\"https:\/\/drcaturkey.com\/es\/levantamiento-de-la-cejas\" target=\"_self\" > \n\n\t\t\t\t\t\t\t\t\t\t\t\t\t\t\t\t\t<span class=\"link-icon d-inline-flex hide-if-empty right-icon icon-next-to-label\"><i aria-hidden=\"true\" class=\"lqd-icn-ess icon-ion-ios-arrow-forward\"><\/i><\/span>\t\n\t\t\t\t\t\t\t\t\n\t\t\t\t\t\t\t\t\t\t\t\t\t\t\t\t\tLevantamiento de la Cejas  \n\t\t\t\t\t\t\t\t\t\t\t\t\t\t\t\t\t\t\t\t\t\t\t<\/a>\n\t\t\t\t\t\t\t\t\t\t\t\t\t<\/li>\n\n\t\t\t\t\t\t\n\t\t\t\t\t\t<li>\n\t\t\t\t\t\t\t<a  href=\"https:\/\/drcaturkey.com\/es\/estetica-de-los-parpados\" target=\"_self\" > \n\n\t\t\t\t\t\t\t\t\t\t\t\t\t\t\t\t\t<span class=\"link-icon d-inline-flex hide-if-empty right-icon icon-next-to-label\"><i aria-hidden=\"true\" class=\"lqd-icn-ess icon-ion-ios-arrow-forward\"><\/i><\/span>\t\n\t\t\t\t\t\t\t\t\n\t\t\t\t\t\t\t\t\t\t\t\t\t\t\t\t\tEstetica de los Parpados  \n\t\t\t\t\t\t\t\t\t\t\t\t\t\t\t\t\t\t\t\t\t\t\t<\/a>\n\t\t\t\t\t\t\t\t\t\t\t\t\t<\/li>\n\n\t\t\t\t\t\t\n\t\t\t\t\t\t<li>\n\t\t\t\t\t\t\t<a  href=\"https:\/\/drcaturkey.com\/es\/cirugia-de-las-orejas\" target=\"_self\" > \n\n\t\t\t\t\t\t\t\t\t\t\t\t\t\t\t\t\t<span class=\"link-icon d-inline-flex hide-if-empty right-icon icon-next-to-label\"><i aria-hidden=\"true\" class=\"lqd-icn-ess icon-ion-ios-arrow-forward\"><\/i><\/span>\t\n\t\t\t\t\t\t\t\t\n\t\t\t\t\t\t\t\t\t\t\t\t\t\t\t\t\tCirugia de las Orejas  \n\t\t\t\t\t\t\t\t\t\t\t\t\t\t\t\t\t\t\t\t\t\t\t<\/a>\n\t\t\t\t\t\t\t\t\t\t\t\t\t<\/li>\n\n\t\t\t\t\t\t\t\t\t\t<\/ul>\n\t\t\t\t\t\t\t\t\t<\/div>\n\t\t\t\t<\/div>\n\t\t\t\t<\/div>\n\t\t\t\t\t<\/div>\n\t\t<\/div>\n\t\t\t\t\t\t\t<\/div>\n\t\t<\/section>\n\t\t\t\t\t<\/div>\n\t\t<\/div>\n\t\t\t\t<div class=\"elementor-column elementor-col-50 elementor-top-column elementor-element elementor-element-9c66731\" data-id=\"9c66731\" data-element_type=\"column\">\n\t\t\t<div class=\"elementor-widget-wrap elementor-element-populated\">\n\t\t\t\t\t\t\t\t<section class=\"elementor-section elementor-inner-section elementor-element elementor-element-068e5d5 elementor-section-boxed elementor-section-height-default elementor-section-height-default\" data-id=\"068e5d5\" data-element_type=\"section\">\n\t\t\t\t\t\t<div class=\"elementor-container elementor-column-gap-default\">\n\t\t\t\t\t<div class=\"elementor-column elementor-col-100 elementor-inner-column elementor-element elementor-element-c8cb3ea\" data-id=\"c8cb3ea\" data-element_type=\"column\">\n\t\t\t<div class=\"elementor-widget-wrap elementor-element-populated\">\n\t\t\t\t\t\t\t\t<div class=\"elementor-element elementor-element-c4bd6c1 elementor-widget elementor-widget-hub_fancy_heading\" data-id=\"c4bd6c1\" data-element_type=\"widget\" data-widget_type=\"hub_fancy_heading.default\">\n\t\t\t\t<div class=\"elementor-widget-container\">\n\t\t\t\n\t\t<div id=\"ld-fancy-heading-69e8b263aa604\" class=\"ld-fancy-heading pos-rel\">\n\t\t\t<h6 class=\"ld-fh-element d-inline-block pos-rel  elementor-heading-title lqd-highlight-classic lqd-highlight-grow-left h6\"  > Levantam\u0131ento de la Cara<\/h6>\t\t<\/div>\n\n\t\t\t\t<\/div>\n\t\t\t\t<\/div>\n\t\t\t\t<div class=\"elementor-element elementor-element-4012756 elementor-widget elementor-widget-text-editor\" data-id=\"4012756\" data-element_type=\"widget\" data-widget_type=\"text-editor.default\">\n\t\t\t\t<div class=\"elementor-widget-container\">\n\t\t\t<style>\/*! elementor - v3.7.4 - 31-08-2022 *\/\n.elementor-widget-text-editor.elementor-drop-cap-view-stacked .elementor-drop-cap{background-color:#818a91;color:#fff}.elementor-widget-text-editor.elementor-drop-cap-view-framed .elementor-drop-cap{color:#818a91;border:3px solid;background-color:transparent}.elementor-widget-text-editor:not(.elementor-drop-cap-view-default) .elementor-drop-cap{margin-top:8px}.elementor-widget-text-editor:not(.elementor-drop-cap-view-default) .elementor-drop-cap-letter{width:1em;height:1em}.elementor-widget-text-editor .elementor-drop-cap{float:left;text-align:center;line-height:1;font-size:50px}.elementor-widget-text-editor .elementor-drop-cap-letter{display:inline-block}<\/style>\t\t\t\t<p>La cirug\u00eda de estiramiento facial es un m\u00e9todo que ayuda a eliminar la flacidez de la piel de la cara y el cuello y la grasa debajo del ment\u00f3n. Gracias a la cirug\u00eda de estiramiento facial, el paciente se sentir\u00e1 mejor, vivo, hermoso y joven. Gracias a la cirug\u00eda de lifting facial se elimina el exceso de piel y el rostro queda m\u00e1s terso. Si no se pierde la elasticidad de la piel de la persona, el resultado de la cirug\u00eda de estiramiento facial ser\u00e1 mucho m\u00e1s exitoso.<\/p><p>La cirug\u00eda de estiramiento facial se puede realizar sola o en combinaci\u00f3n con el estiramiento de la frente y la est\u00e9tica de los p\u00e1rpados. Los candidatos m\u00e1s adecuados para la cirug\u00eda de estiramiento facial son personas entre 40 y 65 a\u00f1os que tienen flacidez y lubricaci\u00f3n en la piel de la cara y el cuello, pero que tienen una buena elasticidad de la piel. La duraci\u00f3n media de la cirug\u00eda de lifting facial var\u00eda entre 3 y 4 horas. Aunque en esta cirug\u00eda se prefiere la anestesia general, tambi\u00e9n se puede aplicar anestesia local. La ubicaci\u00f3n de las incisiones a realizar en la cirug\u00eda se ajusta de acuerdo a la estructura de la cara y la t\u00e9cnica de la cirug\u00eda.<\/p><p><strong>\u00bfHay un l\u00edmite de edad para la cirug\u00eda de estiramiento facial?<\/strong><\/p><p>Generalmente, a partir de los 50 a\u00f1os, muchas personas comienzan a notar flacidez y lubricaci\u00f3n en el rostro.Las irregularidades en la piel en la l\u00ednea de la mand\u00edbula y el \u00e1rea del cuello y los pliegues en frente de las orejas molestan m\u00e1s a la persona. En esta etapa se debe aplicar la cirug\u00eda de estiramiento facial y se debe asegurar el rejuvenecimiento con el \u00e9xito del m\u00e9todo.<\/p><p><strong>\u00bfSentir\u00e9 mucho dolor despu\u00e9s de la cirug\u00eda de estiramiento facial?<\/strong><\/p><p>Como se ve despu\u00e9s de todos los procedimientos quir\u00fargicos, se puede sentir un dolor leve durante unos d\u00edas despu\u00e9s del procedimiento de estiramiento facial. Con la ayuda de medicamentos administrados al paciente despu\u00e9s de la cirug\u00eda, estos dolores se pueden prevenir f\u00e1cilmente. La hinchaz\u00f3n y los moretones se ver\u00e1n en su rostro despu\u00e9s de la operaci\u00f3n, pero estos no deber\u00edan causarle ning\u00fan miedo o ansiedad. Dentro de 1 mes, notar\u00e1 que est\u00e1 instant\u00e1neamente libre de estas situaciones. Puede volver a su vida normal y trabajar dos semanas despu\u00e9s de la cirug\u00eda de estiramiento facial.<\/p><p><strong>\u00bfMe quedar\u00e1n cicatrices en la cara despu\u00e9s de la cirug\u00eda de estiramiento facial?<\/strong><\/p><p>Dado que en la cirug\u00eda de estiramiento facial se utilizan suturas y materiales de vendaje especiales, las cicatrices en la cara ser\u00e1n m\u00ednimas. Dado que las cicatrices que se formar\u00e1n estar\u00e1n entre el cuero cabelludo, no ser\u00e1n visibles. Dado que la estr\u00eda alrededor de la oreja estar\u00e1 en la uni\u00f3n de la oreja y la cara, e incluso debajo del l\u00f3bulo de la oreja, tampoco ser\u00e1 evidente aqu\u00ed.<\/p><p><strong>\u00bfCambiar\u00e1 mi expresi\u00f3n facial despu\u00e9s de la operaci\u00f3n de estiramiento facial?<\/strong><\/p><p>Dado que las personas tienen una condici\u00f3n anat\u00f3mica \u00fanica, el cirujano debe comenzar la cirug\u00eda de estiramiento facial calcul\u00e1ndolas y consider\u00e1ndolas. La operaci\u00f3n debe realizarse con un cirujano que conozca la anatom\u00eda del envejecimiento. Adem\u00e1s, si la cirug\u00eda de estiramiento facial se realiza prestando atenci\u00f3n a las expresiones faciales y la estructura anat\u00f3mica de la cara, no se observar\u00e1 ning\u00fan cambio en la expresi\u00f3n facial.<\/p><p><strong>\u00bfCu\u00e1nto tiempo llevar\u00e1 recuperarse despu\u00e9s de la cirug\u00eda de estiramiento facial?<\/strong><\/p><p>El tiempo de curaci\u00f3n de las incisiones faciales despu\u00e9s de la cirug\u00eda es de 7 a 10 d\u00edas. El edema posoperatorio es uno de los problemas que dura de 2 a 3 semanas pero se resuelve r\u00e1pidamente. Despu\u00e9s de la cirug\u00eda de estiramiento facial, los pacientes pueden regresar a su vida laboral entre 2 y 3 semanas. El estiramiento facial se puede realizar solo o en combinaci\u00f3n con otras cirug\u00edas, como el estiramiento de la frente, los p\u00e1rpados y la nariz. Se debe saber que en una cirug\u00eda realizada de esta manera, los dem\u00e1s procedimientos tambi\u00e9n tendr\u00e1n sus propios per\u00edodos de recuperaci\u00f3n.<\/p>\t\t\t\t\t\t<\/div>\n\t\t\t\t<\/div>\n\t\t\t\t\t<\/div>\n\t\t<\/div>\n\t\t\t\t\t\t\t<\/div>\n\t\t<\/section>\n\t\t\t\t\t<\/div>\n\t\t<\/div>\n\t\t\t\t\t\t\t<\/div>\n\t\t<\/section>\n\t\t\t\t\t\t\t<\/div>\n\t\t","protected":false},"excerpt":{"rendered":"<p>Levantamiento de la Cara Anasayfa PedIr Una CIta EST\u00c9TICA FACIAL Rhinoplastia Levantamiento de la Cara Levantamiento de la Cejas Estetica de los Parpados Cirugia de las Orejas Levantam\u0131ento de la Cara La cirug\u00eda de estiramiento facial es un m\u00e9todo que ayuda a eliminar la flacidez de la piel de la cara y el cuello y [&hellip;]<\/p>\n","protected":false},"author":1,"featured_media":0,"parent":0,"menu_order":0,"comment_status":"closed","ping_status":"closed","template":"","meta":{"footnotes":""},"class_list":["post-1047","page","type-page","status-publish","hentry"],"_links":{"self":[{"href":"https:\/\/drcaturkey.com\/es\/wp-json\/wp\/v2\/pages\/1047","targetHints":{"allow":["GET"]}}],"collection":[{"href":"https:\/\/drcaturkey.com\/es\/wp-json\/wp\/v2\/pages"}],"about":[{"href":"https:\/\/drcaturkey.com\/es\/wp-json\/wp\/v2\/types\/page"}],"author":[{"embeddable":true,"href":"https:\/\/drcaturkey.com\/es\/wp-json\/wp\/v2\/users\/1"}],"replies":[{"embeddable":true,"href":"https:\/\/drcaturkey.com\/es\/wp-json\/wp\/v2\/comments?post=1047"}],"version-history":[{"count":41,"href":"https:\/\/drcaturkey.com\/es\/wp-json\/wp\/v2\/pages\/1047\/revisions"}],"predecessor-version":[{"id":2696,"href":"https:\/\/drcaturkey.com\/es\/wp-json\/wp\/v2\/pages\/1047\/revisions\/2696"}],"wp:attachment":[{"href":"https:\/\/drcaturkey.com\/es\/wp-json\/wp\/v2\/media?parent=1047"}],"curies":[{"name":"wp","href":"https:\/\/api.w.org\/{rel}","templated":true}]}}