{"id":1086,"date":"2022-09-02T00:42:21","date_gmt":"2022-09-01T21:42:21","guid":{"rendered":"https:\/\/drcaturkey.com\/es\/?page_id=1086"},"modified":"2023-03-07T15:09:32","modified_gmt":"2023-03-07T12:09:32","slug":"ginecomastia","status":"publish","type":"page","link":"https:\/\/drcaturkey.com\/es\/ginecomastia","title":{"rendered":"Ginecomastia"},"content":{"rendered":"\t\t<div data-elementor-type=\"wp-page\" data-elementor-id=\"1086\" class=\"elementor elementor-1086\">\n\t\t\t\t\t\t\t\t\t<section class=\"elementor-section elementor-top-section elementor-element elementor-element-2155748 elementor-section-boxed elementor-section-height-default elementor-section-height-default\" data-id=\"2155748\" data-element_type=\"section\" data-settings=\"{&quot;background_background&quot;:&quot;classic&quot;}\">\n\t\t\t\t\t\t<div class=\"elementor-container elementor-column-gap-default\">\n\t\t\t\t\t<div class=\"elementor-column elementor-col-100 elementor-top-column elementor-element elementor-element-86ee596\" data-id=\"86ee596\" data-element_type=\"column\">\n\t\t\t<div class=\"elementor-widget-wrap elementor-element-populated\">\n\t\t\t\t\t\t\t\t<section class=\"elementor-section elementor-inner-section elementor-element elementor-element-8f9d7a5 elementor-section-boxed elementor-section-height-default elementor-section-height-default\" data-id=\"8f9d7a5\" data-element_type=\"section\">\n\t\t\t\t\t\t<div class=\"elementor-container elementor-column-gap-default\">\n\t\t\t\t\t<div class=\"elementor-column elementor-col-100 elementor-inner-column elementor-element elementor-element-749a86f\" data-id=\"749a86f\" data-element_type=\"column\">\n\t\t\t<div class=\"elementor-widget-wrap elementor-element-populated\">\n\t\t\t\t\t\t\t\t<div class=\"elementor-element elementor-element-2fc139a elementor-widget elementor-widget-hub_fancy_heading\" data-id=\"2fc139a\" data-element_type=\"widget\" data-widget_type=\"hub_fancy_heading.default\">\n\t\t\t\t<div class=\"elementor-widget-container\">\n\t\t\t\n\t\t<div id=\"ld-fancy-heading-69e3a5363b453\" class=\"ld-fancy-heading pos-rel\">\n\t\t\t<h1 class=\"ld-fh-element d-inline-block pos-rel  elementor-heading-title lqd-highlight-classic lqd-highlight-grow-left h1\"  > Ginecomastia<\/h1>\t\t<\/div>\n\n\t\t\t\t<\/div>\n\t\t\t\t<\/div>\n\t\t\t\t<div class=\"elementor-element elementor-element-d291511 elementor-widget__width-auto elementor-widget elementor-widget-ld_breadcrumb\" data-id=\"d291511\" data-element_type=\"widget\" data-widget_type=\"ld_breadcrumb.default\">\n\t\t\t\t<div class=\"elementor-widget-container\">\n\t\t\t<div class=\"lqd-breadcrumb-wrapper\"><div class=\"lqd-shop-topbar-breadcrumb\"><nav class=\"woocommerce-breadcrumb mb-4 mb-md-0\"><ul class=\"breadcrumb reset-ul inline-nav comma-sep-li\"><li>Anasayfa<\/li><\/ul><\/nav><\/div><\/div>\t\t<\/div>\n\t\t\t\t<\/div>\n\t\t\t\t\t<\/div>\n\t\t<\/div>\n\t\t\t\t\t\t\t<\/div>\n\t\t<\/section>\n\t\t\t\t\t<\/div>\n\t\t<\/div>\n\t\t\t\t\t\t\t<\/div>\n\t\t<\/section>\n\t\t\t\t<section class=\"elementor-section elementor-top-section elementor-element elementor-element-bf19241 elementor-section-boxed elementor-section-height-default elementor-section-height-default\" data-id=\"bf19241\" data-element_type=\"section\">\n\t\t\t\t\t\t<div class=\"elementor-container elementor-column-gap-default\">\n\t\t\t\t\t<div class=\"lqd-css-sticky-column elementor-column elementor-col-50 elementor-top-column elementor-element elementor-element-8ee9250 elementor-hidden-mobile\" style=\"--lqd-sticky-offset:30px\" data-id=\"8ee9250\" data-element_type=\"column\">\n\t\t\t<div class=\"elementor-widget-wrap elementor-element-populated\">\n\t\t\t\t\t\t\t\t<section class=\"elementor-section elementor-inner-section elementor-element elementor-element-14ae333 elementor-section-boxed elementor-section-height-default elementor-section-height-default\" data-id=\"14ae333\" data-element_type=\"section\" data-settings=\"{&quot;background_background&quot;:&quot;classic&quot;}\">\n\t\t\t\t\t\t<div class=\"elementor-container elementor-column-gap-default\">\n\t\t\t\t\t<div class=\"elementor-column elementor-col-100 elementor-inner-column elementor-element elementor-element-df64228\" data-id=\"df64228\" data-element_type=\"column\">\n\t\t\t<div class=\"elementor-widget-wrap elementor-element-populated\">\n\t\t\t\t\t\t\t\t<div class=\"elementor-element elementor-element-17d5b5b elementor-widget elementor-widget-hub_fancy_heading\" data-id=\"17d5b5b\" data-element_type=\"widget\" data-widget_type=\"hub_fancy_heading.default\">\n\t\t\t\t<div class=\"elementor-widget-container\">\n\t\t\t\n\t\t<div id=\"ld-fancy-heading-69e3a5363d484\" class=\"ld-fancy-heading pos-rel\">\n\t\t\t<h6 class=\"ld-fh-element d-inline-block pos-rel  elementor-heading-title lqd-highlight-classic lqd-highlight-grow-left h6\"  > PEDIR UNA CITA<\/h6>\t\t<\/div>\n\n\t\t\t\t<\/div>\n\t\t\t\t<\/div>\n\t\t\t\t<div class=\"elementor-element elementor-element-ea3ca64 elementor-widget elementor-widget-ld_cf722\" data-id=\"ea3ca64\" data-element_type=\"widget\" data-widget_type=\"ld_cf722.default\">\n\t\t\t\t<div class=\"elementor-widget-container\">\n\t\t\t\n\t<div class=\"lqd-contact-form lqd-contact-form-inputs-underlined lqd-contact-form-button-block lqd-contact-form-button-circle lqd-contact-form-inputs-sm\" >\n\t\t<div role=\"form\" class=\"wpcf7\" id=\"wpcf7-f6-o1\" lang=\"tr-TR\" dir=\"ltr\">\n<div class=\"screen-reader-response\"><p role=\"status\" aria-live=\"polite\" aria-atomic=\"true\"><\/p> <ul><\/ul><\/div>\n<form action=\"\/es\/wp-json\/wp\/v2\/pages\/1086#wpcf7-f6-o1\" method=\"post\" class=\"wpcf7-form init\" novalidate=\"novalidate\" data-status=\"init\">\n<div style=\"display: none;\">\n<input type=\"hidden\" name=\"_wpcf7\" value=\"6\" \/>\n<input type=\"hidden\" name=\"_wpcf7_version\" value=\"5.6.3\" \/>\n<input type=\"hidden\" name=\"_wpcf7_locale\" value=\"tr_TR\" \/>\n<input type=\"hidden\" name=\"_wpcf7_unit_tag\" value=\"wpcf7-f6-o1\" \/>\n<input type=\"hidden\" name=\"_wpcf7_container_post\" value=\"0\" \/>\n<input type=\"hidden\" name=\"_wpcf7_posted_data_hash\" value=\"\" \/>\n<\/div>\n<p><span class=\"wpcf7-form-control-wrap\" data-name=\"adi\"><input type=\"text\" name=\"adi\" value=\"\" size=\"40\" class=\"wpcf7-form-control wpcf7-text wpcf7-validates-as-required\" aria-required=\"true\" aria-invalid=\"false\" placeholder=\"Nombre\" \/><\/span><br \/>\n<span class=\"wpcf7-form-control-wrap\" data-name=\"phone\"><input type=\"text\" name=\"phone\" value=\"\" size=\"40\" class=\"wpcf7-form-control wpcf7-text wpcf7-validates-as-required\" aria-required=\"true\" aria-invalid=\"false\" placeholder=\"N\u00famero de Tel\u00e9fono\" \/><\/span><br \/>\n<span class=\"wpcf7-form-control-wrap\" data-name=\"message\"><textarea name=\"message\" cols=\"40\" rows=\"2\" class=\"wpcf7-form-control wpcf7-textarea\" aria-invalid=\"false\" placeholder=\"Mensaje\"><\/textarea><\/span><br \/>\n<input type=\"submit\" value=\"Enviar Formulario\" class=\"wpcf7-form-control has-spinner wpcf7-submit\" \/><\/p>\n<div class=\"wpcf7-response-output\" aria-hidden=\"true\"><\/div><\/form><\/div>\t<\/div>\n\n\t\t\t<\/div>\n\t\t\t\t<\/div>\n\t\t\t\t\t<\/div>\n\t\t<\/div>\n\t\t\t\t\t\t\t<\/div>\n\t\t<\/section>\n\t\t\t\t<section class=\"elementor-section elementor-inner-section elementor-element elementor-element-1e5561c elementor-section-boxed elementor-section-height-default elementor-section-height-default\" data-id=\"1e5561c\" data-element_type=\"section\">\n\t\t\t\t\t\t<div class=\"elementor-container elementor-column-gap-default\">\n\t\t\t\t\t<div class=\"elementor-column elementor-col-100 elementor-inner-column elementor-element elementor-element-faa9241\" data-id=\"faa9241\" data-element_type=\"column\">\n\t\t\t<div class=\"elementor-widget-wrap elementor-element-populated\">\n\t\t\t\t\t\t\t\t<div class=\"elementor-element elementor-element-8d73e0d elementor-widget elementor-widget-hub_fancy_heading\" data-id=\"8d73e0d\" data-element_type=\"widget\" data-widget_type=\"hub_fancy_heading.default\">\n\t\t\t\t<div class=\"elementor-widget-container\">\n\t\t\t\n\t\t<div id=\"ld-fancy-heading-69e3a5364f730\" class=\"ld-fancy-heading pos-rel\">\n\t\t\t<h6 class=\"ld-fh-element d-inline-block pos-rel  elementor-heading-title lqd-highlight-classic lqd-highlight-grow-left h6\"  > EST\u00c9TICA MAMARIA<\/h6>\t\t<\/div>\n\n\t\t\t\t<\/div>\n\t\t\t\t<\/div>\n\t\t\t\t<div class=\"elementor-element elementor-element-9ff6cdd elementor-widget elementor-widget-ld_custom_menu\" data-id=\"9ff6cdd\" data-element_type=\"widget\" data-widget_type=\"ld_custom_menu.default\">\n\t\t\t\t<div class=\"elementor-widget-container\">\n\t\t\t\n\t\t\t<div  \n\t\t\t\tclass=\"lqd-fancy-menu lqd-custom-menu pos-rel lqd-menu-td-none\"\n\t\t\t\t\t\t\t>\n\t\t\t\n\t\t\t\t\t\t\t<ul class=\"reset-ul\" id=\"9ff6cdd\"  data-localscroll=\"true\" data-localscroll-options=\"{&quot;itemsSelector&quot;:&quot;&gt; li &gt; a&quot;,&quot;trackWindowScroll&quot;:true,&quot;includeParentAsOffset&quot;:false,&quot;offsetElements&quot;:&quot;[data-sticky-header] .lqd-head-sec-wrap:not(.lqd-hide-onstuck), #wpadminbar, body.elementor-page .main-header[data-sticky-header] &gt; .elementor &gt; .elementor-section-wrap &gt; .elementor-section:not(.lqd-hide-onstuck):not(.lqd-stickybar-wrap), body.elementor-page .main-header[data-sticky-header] &gt; .elementor &gt; .elementor-section:not(.lqd-hide-onstuck):not(.lqd-stickybar-wrap)&quot;}\">\n\t\t\t\t\n\t\t\t\t\t\t<li>\n\t\t\t\t\t\t\t<a  href=\"https:\/\/drcaturkey.com\/es\/aumentacion-de-los-senos\" target=\"_self\" > \n\n\t\t\t\t\t\t\t\t\t\t\t\t\t\t\t\t\t<span class=\"link-icon d-inline-flex hide-if-empty right-icon icon-next-to-label\"><i aria-hidden=\"true\" class=\"lqd-icn-ess icon-ion-ios-arrow-forward\"><\/i><\/span>\t\n\t\t\t\t\t\t\t\t\n\t\t\t\t\t\t\t\t\t\t\t\t\t\t\t\t\tAumentacion de los Senos  \n\t\t\t\t\t\t\t\t\t\t\t\t\t\t\t\t\t\t\t\t\t\t\t<\/a>\n\t\t\t\t\t\t\t\t\t\t\t\t\t<\/li>\n\n\t\t\t\t\t\t\n\t\t\t\t\t\t<li>\n\t\t\t\t\t\t\t<a  href=\"https:\/\/drcaturkey.com\/es\/reduccion-de-senos\" target=\"_self\" > \n\n\t\t\t\t\t\t\t\t\t\t\t\t\t\t\t\t\t<span class=\"link-icon d-inline-flex hide-if-empty right-icon icon-next-to-label\"><i aria-hidden=\"true\" class=\"lqd-icn-ess icon-ion-ios-arrow-forward\"><\/i><\/span>\t\n\t\t\t\t\t\t\t\t\n\t\t\t\t\t\t\t\t\t\t\t\t\t\t\t\t\tReducci\u00f3n de Senos  \n\t\t\t\t\t\t\t\t\t\t\t\t\t\t\t\t\t\t\t\t\t\t\t<\/a>\n\t\t\t\t\t\t\t\t\t\t\t\t\t<\/li>\n\n\t\t\t\t\t\t\n\t\t\t\t\t\t<li>\n\t\t\t\t\t\t\t<a  href=\"https:\/\/drcaturkey.com\/es\/levantamiento-de-los-senos\" target=\"_self\" > \n\n\t\t\t\t\t\t\t\t\t\t\t\t\t\t\t\t\t<span class=\"link-icon d-inline-flex hide-if-empty right-icon icon-next-to-label\"><i aria-hidden=\"true\" class=\"lqd-icn-ess icon-ion-ios-arrow-forward\"><\/i><\/span>\t\n\t\t\t\t\t\t\t\t\n\t\t\t\t\t\t\t\t\t\t\t\t\t\t\t\t\tLevantamiento de los Senos  \n\t\t\t\t\t\t\t\t\t\t\t\t\t\t\t\t\t\t\t\t\t\t\t<\/a>\n\t\t\t\t\t\t\t\t\t\t\t\t\t<\/li>\n\n\t\t\t\t\t\t\n\t\t\t\t\t\t<li>\n\t\t\t\t\t\t\t<a  href=\"https:\/\/drcaturkey.com\/es\/reconstruccion-de-los-senos\" target=\"_self\" > \n\n\t\t\t\t\t\t\t\t\t\t\t\t\t\t\t\t\t<span class=\"link-icon d-inline-flex hide-if-empty right-icon icon-next-to-label\"><i aria-hidden=\"true\" class=\"lqd-icn-ess icon-ion-ios-arrow-forward\"><\/i><\/span>\t\n\t\t\t\t\t\t\t\t\n\t\t\t\t\t\t\t\t\t\t\t\t\t\t\t\t\tReconstruccion de los Senos  \n\t\t\t\t\t\t\t\t\t\t\t\t\t\t\t\t\t\t\t\t\t\t\t<\/a>\n\t\t\t\t\t\t\t\t\t\t\t\t\t<\/li>\n\n\t\t\t\t\t\t\n\t\t\t\t\t\t<li>\n\t\t\t\t\t\t\t<a  href=\"https:\/\/drcaturkey.com\/es\/ginecomastia\" target=\"_self\" > \n\n\t\t\t\t\t\t\t\t\t\t\t\t\t\t\t\t\t<span class=\"link-icon d-inline-flex hide-if-empty right-icon icon-next-to-label\"><i aria-hidden=\"true\" class=\"lqd-icn-ess icon-ion-ios-arrow-forward\"><\/i><\/span>\t\n\t\t\t\t\t\t\t\t\n\t\t\t\t\t\t\t\t\t\t\t\t\t\t\t\t\tGinecomastia  \n\t\t\t\t\t\t\t\t\t\t\t\t\t\t\t\t\t\t\t\t\t\t\t<\/a>\n\t\t\t\t\t\t\t\t\t\t\t\t\t<\/li>\n\n\t\t\t\t\t\t\t\t\t\t<\/ul>\n\t\t\t\t\t\t\t\t\t<\/div>\n\t\t\t\t<\/div>\n\t\t\t\t<\/div>\n\t\t\t\t\t<\/div>\n\t\t<\/div>\n\t\t\t\t\t\t\t<\/div>\n\t\t<\/section>\n\t\t\t\t\t<\/div>\n\t\t<\/div>\n\t\t\t\t<div class=\"elementor-column elementor-col-50 elementor-top-column elementor-element elementor-element-f977fbc\" data-id=\"f977fbc\" data-element_type=\"column\">\n\t\t\t<div class=\"elementor-widget-wrap elementor-element-populated\">\n\t\t\t\t\t\t\t\t<section class=\"elementor-section elementor-inner-section elementor-element elementor-element-fb9ff1e elementor-section-boxed elementor-section-height-default elementor-section-height-default\" data-id=\"fb9ff1e\" data-element_type=\"section\">\n\t\t\t\t\t\t<div class=\"elementor-container elementor-column-gap-default\">\n\t\t\t\t\t<div class=\"elementor-column elementor-col-100 elementor-inner-column elementor-element elementor-element-97022f2\" data-id=\"97022f2\" data-element_type=\"column\">\n\t\t\t<div class=\"elementor-widget-wrap elementor-element-populated\">\n\t\t\t\t\t\t\t\t<div class=\"elementor-element elementor-element-9968a3e elementor-widget elementor-widget-hub_fancy_heading\" data-id=\"9968a3e\" data-element_type=\"widget\" data-widget_type=\"hub_fancy_heading.default\">\n\t\t\t\t<div class=\"elementor-widget-container\">\n\t\t\t\n\t\t<div id=\"ld-fancy-heading-69e3a53653497\" class=\"ld-fancy-heading pos-rel\">\n\t\t\t<h6 class=\"ld-fh-element d-inline-block pos-rel  elementor-heading-title lqd-highlight-classic lqd-highlight-grow-left h6\"  > G\u0131necomast\u0131a<\/h6>\t\t<\/div>\n\n\t\t\t\t<\/div>\n\t\t\t\t<\/div>\n\t\t\t\t<div class=\"elementor-element elementor-element-9f81795 elementor-widget elementor-widget-text-editor\" data-id=\"9f81795\" data-element_type=\"widget\" data-widget_type=\"text-editor.default\">\n\t\t\t\t<div class=\"elementor-widget-container\">\n\t\t\t<style>\/*! elementor - v3.7.4 - 31-08-2022 *\/\n.elementor-widget-text-editor.elementor-drop-cap-view-stacked .elementor-drop-cap{background-color:#818a91;color:#fff}.elementor-widget-text-editor.elementor-drop-cap-view-framed .elementor-drop-cap{color:#818a91;border:3px solid;background-color:transparent}.elementor-widget-text-editor:not(.elementor-drop-cap-view-default) .elementor-drop-cap{margin-top:8px}.elementor-widget-text-editor:not(.elementor-drop-cap-view-default) .elementor-drop-cap-letter{width:1em;height:1em}.elementor-widget-text-editor .elementor-drop-cap{float:left;text-align:center;line-height:1;font-size:50px}.elementor-widget-text-editor .elementor-drop-cap-letter{display:inline-block}<\/style>\t\t\t\t<p>La ginecomastia se llama agrandamiento de los senos en los hombres. Esta es en realidad una situaci\u00f3n muy com\u00fan. Causas del agrandamiento de los senos; problemas hormonales, pubertad, enfermedades de la tiroides, trastornos hep\u00e1ticos, vejez, consumo excesivo de alcohol y consumo de algunas drogas. El tejido mamario masculino no es diferente del seno femenino. Contiene gl\u00e1ndulas sintetizadoras de leche, conductos y tejido adiposo. La ginecomastia, es decir, el aumento de tama\u00f1o de los senos que se observa en los hombres, se presenta de diferentes maneras. Se manifiesta solo en relaci\u00f3n con el aumento del tejido mamario, solo en relaci\u00f3n con el aumento del tejido adiposo, o en relaci\u00f3n con el aumento tanto del tejido mamario como del tejido adiposo.<\/p><p>El agrandamiento de los senos ocurre en la mayor\u00eda de los pacientes con ginecomastia sin motivo alguno. El aumento de senos no tiene ning\u00fan da\u00f1o en t\u00e9rminos de salud. Hay una condici\u00f3n social y psicol\u00f3gica que se da s\u00f3lo en los hombres. Especialmente si la persona est\u00e1 en la adolescencia, este problema le causar\u00e1 problemas a\u00fan mayores. Por esta raz\u00f3n, se debe realizar una intervenci\u00f3n inmediata y se debe tener bajo control la psicolog\u00eda de la persona.<\/p><p><strong>\u00bfEs necesaria la cirug\u00eda para el aumento de senos?<\/strong><\/p><p>Si esta situaci\u00f3n no se da por ninguna enfermedad y no est\u00e1s en la adolescencia, ser\u00e1 necesaria una intervenci\u00f3n quir\u00fargica. La ginecomastia suele generar molestias est\u00e9ticas y problemas psicol\u00f3gicos. Por esta raz\u00f3n, si el paciente no tiene la condici\u00f3n para someterse a esta cirug\u00eda, se recomienda utilizar atletas de ginecomastia.Las atletas de ginecomastia ocultan el exceso en su seno al igual que los cors\u00e9s que usan las mujeres.<\/p><p><strong>\u00bfHay un l\u00edmite de edad para la cirug\u00eda de ginecomastia?<\/strong><\/p><p>Aunque no existe un l\u00edmite de edad espec\u00edfico para las cirug\u00edas de ginecomastia, recomendamos que el paciente espere primero si es adolescente. Porque se ha observado que el crecimiento mamario visto en la adolescencia pasa espont\u00e1neamente despu\u00e9s de este per\u00edodo. Esta cirug\u00eda se puede realizar f\u00e1cilmente despu\u00e9s de que finaliza el per\u00edodo de la adolescencia. La persona primero debe hacerse los an\u00e1lisis necesarios y luego se debe hacer la ginecomastia sin perder tiempo. De esta forma, se evitar\u00e1 el agrandamiento de las mamas antes de que se produzcan problemas psicol\u00f3gicos.<\/p><p><strong>\u00bfQuedar\u00e1n cicatrices en mi cuerpo despu\u00e9s de la cirug\u00eda de ginecomastia?<\/strong><\/p><p>Si el motivo del aumento de mamas es el aumento de grasa en la zona, este problema se puede solucionar con una liposucci\u00f3n. Dado que el procedimiento de liposucci\u00f3n se realiza abriendo peque\u00f1os orificios, no quedar\u00e1 cicatriz quir\u00fargica. Sin embargo, si el motivo del agrandamiento de los senos se debe al crecimiento de tejido glandular en los senos, el exceso de tejido debe eliminarse con una incisi\u00f3n debajo del pez\u00f3n. En esta regi\u00f3n, las huellas no llamar\u00e1n la atenci\u00f3n y se desvanecer\u00e1n con el tiempo, ya que la parte de color oscuro se abrir\u00e1 debajo.<\/p><p><strong>\u00bfCu\u00e1nto dura la cirug\u00eda de ginecomastia? \u00bfSentir\u00e9 mucho dolor despu\u00e9s de la operaci\u00f3n?<\/strong><\/p><p>La ginecomastia, es decir, la cirug\u00eda de reducci\u00f3n mamaria, se realiza con sedaci\u00f3n anest\u00e9sica o anestesia general.Despu\u00e9s de la cirug\u00eda, que en su mayor\u00eda se realiza con sedaci\u00f3n anest\u00e9sica, el paciente puede irse a casa el mismo d\u00eda. La duraci\u00f3n de las cirug\u00edas de ginecomastia var\u00eda entre media hora y una hora, dependiendo del tama\u00f1o de la mama y del m\u00e9todo utilizado. Despu\u00e9s de la operaci\u00f3n, no sentir\u00e1 ning\u00fan dolor con la ayuda de los anest\u00e9sicos administrados debajo de los tejidos. Pero despu\u00e9s de uno o dos d\u00edas, es posible que sienta un dolor leve. Esta es una situaci\u00f3n extremadamente normal. Generalmente, los m\u00e9dicos recomiendan usar un cors\u00e9 durante un mes despu\u00e9s de la cirug\u00eda de ginecomastia. La raz\u00f3n de esto es que el tejido mamario se adhiere mejor a su nuevo lugar y esa \u00e1rea se tensa.<\/p><p><strong>\u00bfSer\u00e1 permanente el resultado despu\u00e9s de la cirug\u00eda de ginecomastia? \u00bfVolver\u00e1 a crecer la mama?<\/strong><\/p><p>Para que el resultado de la cirug\u00eda de reducci\u00f3n mamaria en hombres sea permanente, se debe mantener el aumento de peso. Si no se observa un aumento de peso, no volver\u00e1 a crecer ya que los tejidos grasos se eliminar\u00e1n por completo de esta \u00e1rea. En resumen, despu\u00e9s de la cirug\u00eda de ginecomastia, estar\u00e1 completamente libre de agrandamiento de los senos.<\/p>\t\t\t\t\t\t<\/div>\n\t\t\t\t<\/div>\n\t\t\t\t\t<\/div>\n\t\t<\/div>\n\t\t\t\t\t\t\t<\/div>\n\t\t<\/section>\n\t\t\t\t\t<\/div>\n\t\t<\/div>\n\t\t\t\t\t\t\t<\/div>\n\t\t<\/section>\n\t\t\t\t\t\t\t<\/div>\n\t\t","protected":false},"excerpt":{"rendered":"<p>Ginecomastia Anasayfa PEDIR UNA CITA EST\u00c9TICA MAMARIA Aumentacion de los Senos Reducci\u00f3n de Senos Levantamiento de los Senos Reconstruccion de los Senos Ginecomastia G\u0131necomast\u0131a La ginecomastia se llama agrandamiento de los senos en los hombres. Esta es en realidad una situaci\u00f3n muy com\u00fan. Causas del agrandamiento de los senos; problemas hormonales, pubertad, enfermedades de la [&hellip;]<\/p>\n","protected":false},"author":1,"featured_media":0,"parent":0,"menu_order":0,"comment_status":"closed","ping_status":"closed","template":"","meta":{"footnotes":""},"class_list":["post-1086","page","type-page","status-publish","hentry"],"_links":{"self":[{"href":"https:\/\/drcaturkey.com\/es\/wp-json\/wp\/v2\/pages\/1086","targetHints":{"allow":["GET"]}}],"collection":[{"href":"https:\/\/drcaturkey.com\/es\/wp-json\/wp\/v2\/pages"}],"about":[{"href":"https:\/\/drcaturkey.com\/es\/wp-json\/wp\/v2\/types\/page"}],"author":[{"embeddable":true,"href":"https:\/\/drcaturkey.com\/es\/wp-json\/wp\/v2\/users\/1"}],"replies":[{"embeddable":true,"href":"https:\/\/drcaturkey.com\/es\/wp-json\/wp\/v2\/comments?post=1086"}],"version-history":[{"count":29,"href":"https:\/\/drcaturkey.com\/es\/wp-json\/wp\/v2\/pages\/1086\/revisions"}],"predecessor-version":[{"id":2720,"href":"https:\/\/drcaturkey.com\/es\/wp-json\/wp\/v2\/pages\/1086\/revisions\/2720"}],"wp:attachment":[{"href":"https:\/\/drcaturkey.com\/es\/wp-json\/wp\/v2\/media?parent=1086"}],"curies":[{"name":"wp","href":"https:\/\/api.w.org\/{rel}","templated":true}]}}