{"id":1087,"date":"2022-09-02T00:46:44","date_gmt":"2022-09-01T21:46:44","guid":{"rendered":"https:\/\/drcaturkey.com\/es\/?page_id=1087"},"modified":"2023-03-07T15:12:26","modified_gmt":"2023-03-07T12:12:26","slug":"liposuccion","status":"publish","type":"page","link":"https:\/\/drcaturkey.com\/es\/liposuccion","title":{"rendered":"Liposuccion"},"content":{"rendered":"\t\t<div data-elementor-type=\"wp-page\" data-elementor-id=\"1087\" class=\"elementor elementor-1087\">\n\t\t\t\t\t\t\t\t\t<section class=\"elementor-section elementor-top-section elementor-element elementor-element-c2a2b59 elementor-section-boxed elementor-section-height-default elementor-section-height-default\" data-id=\"c2a2b59\" data-element_type=\"section\" data-settings=\"{&quot;background_background&quot;:&quot;classic&quot;}\">\n\t\t\t\t\t\t<div class=\"elementor-container elementor-column-gap-default\">\n\t\t\t\t\t<div class=\"elementor-column elementor-col-100 elementor-top-column elementor-element elementor-element-39f2e13\" data-id=\"39f2e13\" data-element_type=\"column\">\n\t\t\t<div class=\"elementor-widget-wrap elementor-element-populated\">\n\t\t\t\t\t\t\t\t<section class=\"elementor-section elementor-inner-section elementor-element elementor-element-149a27d elementor-section-boxed elementor-section-height-default elementor-section-height-default\" data-id=\"149a27d\" data-element_type=\"section\">\n\t\t\t\t\t\t<div class=\"elementor-container elementor-column-gap-default\">\n\t\t\t\t\t<div class=\"elementor-column elementor-col-100 elementor-inner-column elementor-element elementor-element-514f5cf\" data-id=\"514f5cf\" data-element_type=\"column\">\n\t\t\t<div class=\"elementor-widget-wrap elementor-element-populated\">\n\t\t\t\t\t\t\t\t<div class=\"elementor-element elementor-element-7a57067 elementor-widget elementor-widget-hub_fancy_heading\" data-id=\"7a57067\" data-element_type=\"widget\" data-widget_type=\"hub_fancy_heading.default\">\n\t\t\t\t<div class=\"elementor-widget-container\">\n\t\t\t\n\t\t<div id=\"ld-fancy-heading-69e3a5373d5c4\" class=\"ld-fancy-heading pos-rel\">\n\t\t\t<h1 class=\"ld-fh-element d-inline-block pos-rel  elementor-heading-title lqd-highlight-classic lqd-highlight-grow-left h1\"  > Liposuccion<\/h1>\t\t<\/div>\n\n\t\t\t\t<\/div>\n\t\t\t\t<\/div>\n\t\t\t\t<div class=\"elementor-element elementor-element-f9eb39a elementor-widget__width-auto elementor-widget elementor-widget-ld_breadcrumb\" data-id=\"f9eb39a\" data-element_type=\"widget\" data-widget_type=\"ld_breadcrumb.default\">\n\t\t\t\t<div class=\"elementor-widget-container\">\n\t\t\t<div class=\"lqd-breadcrumb-wrapper\"><div class=\"lqd-shop-topbar-breadcrumb\"><nav class=\"woocommerce-breadcrumb mb-4 mb-md-0\"><ul class=\"breadcrumb reset-ul inline-nav comma-sep-li\"><li>Anasayfa<\/li><\/ul><\/nav><\/div><\/div>\t\t<\/div>\n\t\t\t\t<\/div>\n\t\t\t\t\t<\/div>\n\t\t<\/div>\n\t\t\t\t\t\t\t<\/div>\n\t\t<\/section>\n\t\t\t\t\t<\/div>\n\t\t<\/div>\n\t\t\t\t\t\t\t<\/div>\n\t\t<\/section>\n\t\t\t\t<section class=\"elementor-section elementor-top-section elementor-element elementor-element-bf19241 elementor-section-boxed elementor-section-height-default elementor-section-height-default\" data-id=\"bf19241\" data-element_type=\"section\">\n\t\t\t\t\t\t<div class=\"elementor-container elementor-column-gap-default\">\n\t\t\t\t\t<div class=\"lqd-css-sticky-column elementor-column elementor-col-50 elementor-top-column elementor-element elementor-element-e7f3f98 elementor-hidden-mobile\" style=\"--lqd-sticky-offset:30px\" data-id=\"e7f3f98\" data-element_type=\"column\">\n\t\t\t<div class=\"elementor-widget-wrap elementor-element-populated\">\n\t\t\t\t\t\t\t\t<section class=\"elementor-section elementor-inner-section elementor-element elementor-element-39c0dc0 elementor-section-boxed elementor-section-height-default elementor-section-height-default\" data-id=\"39c0dc0\" data-element_type=\"section\" data-settings=\"{&quot;background_background&quot;:&quot;classic&quot;}\">\n\t\t\t\t\t\t<div class=\"elementor-container elementor-column-gap-default\">\n\t\t\t\t\t<div class=\"elementor-column elementor-col-100 elementor-inner-column elementor-element elementor-element-f3329e5\" data-id=\"f3329e5\" data-element_type=\"column\">\n\t\t\t<div class=\"elementor-widget-wrap elementor-element-populated\">\n\t\t\t\t\t\t\t\t<div class=\"elementor-element elementor-element-cc81a00 elementor-widget elementor-widget-hub_fancy_heading\" data-id=\"cc81a00\" data-element_type=\"widget\" data-widget_type=\"hub_fancy_heading.default\">\n\t\t\t\t<div class=\"elementor-widget-container\">\n\t\t\t\n\t\t<div id=\"ld-fancy-heading-69e3a5373f328\" class=\"ld-fancy-heading pos-rel\">\n\t\t\t<h6 class=\"ld-fh-element d-inline-block pos-rel  elementor-heading-title lqd-highlight-classic lqd-highlight-grow-left h6\"  > PEDIR UNA CITA<\/h6>\t\t<\/div>\n\n\t\t\t\t<\/div>\n\t\t\t\t<\/div>\n\t\t\t\t<div class=\"elementor-element elementor-element-81e5297 elementor-widget elementor-widget-ld_cf722\" data-id=\"81e5297\" data-element_type=\"widget\" data-widget_type=\"ld_cf722.default\">\n\t\t\t\t<div class=\"elementor-widget-container\">\n\t\t\t\n\t<div class=\"lqd-contact-form lqd-contact-form-inputs-underlined lqd-contact-form-button-block lqd-contact-form-button-circle lqd-contact-form-inputs-sm\" >\n\t\t<div role=\"form\" class=\"wpcf7\" id=\"wpcf7-f6-o1\" lang=\"tr-TR\" dir=\"ltr\">\n<div class=\"screen-reader-response\"><p role=\"status\" aria-live=\"polite\" aria-atomic=\"true\"><\/p> <ul><\/ul><\/div>\n<form action=\"\/es\/wp-json\/wp\/v2\/pages\/1087#wpcf7-f6-o1\" method=\"post\" class=\"wpcf7-form init\" novalidate=\"novalidate\" data-status=\"init\">\n<div style=\"display: none;\">\n<input type=\"hidden\" name=\"_wpcf7\" value=\"6\" \/>\n<input type=\"hidden\" name=\"_wpcf7_version\" value=\"5.6.3\" \/>\n<input type=\"hidden\" name=\"_wpcf7_locale\" value=\"tr_TR\" \/>\n<input type=\"hidden\" name=\"_wpcf7_unit_tag\" value=\"wpcf7-f6-o1\" \/>\n<input type=\"hidden\" name=\"_wpcf7_container_post\" value=\"0\" \/>\n<input type=\"hidden\" name=\"_wpcf7_posted_data_hash\" value=\"\" \/>\n<\/div>\n<p><span class=\"wpcf7-form-control-wrap\" data-name=\"adi\"><input type=\"text\" name=\"adi\" value=\"\" size=\"40\" class=\"wpcf7-form-control wpcf7-text wpcf7-validates-as-required\" aria-required=\"true\" aria-invalid=\"false\" placeholder=\"Nombre\" \/><\/span><br \/>\n<span class=\"wpcf7-form-control-wrap\" data-name=\"phone\"><input type=\"text\" name=\"phone\" value=\"\" size=\"40\" class=\"wpcf7-form-control wpcf7-text wpcf7-validates-as-required\" aria-required=\"true\" aria-invalid=\"false\" placeholder=\"N\u00famero de Tel\u00e9fono\" \/><\/span><br \/>\n<span class=\"wpcf7-form-control-wrap\" data-name=\"message\"><textarea name=\"message\" cols=\"40\" rows=\"2\" class=\"wpcf7-form-control wpcf7-textarea\" aria-invalid=\"false\" placeholder=\"Mensaje\"><\/textarea><\/span><br \/>\n<input type=\"submit\" value=\"Enviar Formulario\" class=\"wpcf7-form-control has-spinner wpcf7-submit\" \/><\/p>\n<div class=\"wpcf7-response-output\" aria-hidden=\"true\"><\/div><\/form><\/div>\t<\/div>\n\n\t\t\t<\/div>\n\t\t\t\t<\/div>\n\t\t\t\t\t<\/div>\n\t\t<\/div>\n\t\t\t\t\t\t\t<\/div>\n\t\t<\/section>\n\t\t\t\t<section class=\"elementor-section elementor-inner-section elementor-element elementor-element-8ba4fd8 elementor-section-boxed elementor-section-height-default elementor-section-height-default\" data-id=\"8ba4fd8\" data-element_type=\"section\">\n\t\t\t\t\t\t<div class=\"elementor-container elementor-column-gap-default\">\n\t\t\t\t\t<div class=\"elementor-column elementor-col-100 elementor-inner-column elementor-element elementor-element-192fa82\" data-id=\"192fa82\" data-element_type=\"column\">\n\t\t\t<div class=\"elementor-widget-wrap elementor-element-populated\">\n\t\t\t\t\t\t\t\t<div class=\"elementor-element elementor-element-aa99787 elementor-widget elementor-widget-hub_fancy_heading\" data-id=\"aa99787\" data-element_type=\"widget\" data-widget_type=\"hub_fancy_heading.default\">\n\t\t\t\t<div class=\"elementor-widget-container\">\n\t\t\t\n\t\t<div id=\"ld-fancy-heading-69e3a5374103e\" class=\"ld-fancy-heading pos-rel\">\n\t\t\t<h6 class=\"ld-fh-element d-inline-block pos-rel  elementor-heading-title lqd-highlight-classic lqd-highlight-grow-left h6\"  > EST\u00c9TICA CORPORAL<\/h6>\t\t<\/div>\n\n\t\t\t\t<\/div>\n\t\t\t\t<\/div>\n\t\t\t\t<div class=\"elementor-element elementor-element-a2c9122 elementor-widget elementor-widget-ld_custom_menu\" data-id=\"a2c9122\" data-element_type=\"widget\" data-widget_type=\"ld_custom_menu.default\">\n\t\t\t\t<div class=\"elementor-widget-container\">\n\t\t\t\n\t\t\t<div  \n\t\t\t\tclass=\"lqd-fancy-menu lqd-custom-menu pos-rel lqd-menu-td-none\"\n\t\t\t\t\t\t\t>\n\t\t\t\n\t\t\t\t\t\t\t<ul class=\"reset-ul\" id=\"a2c9122\"  data-localscroll=\"true\" data-localscroll-options=\"{&quot;itemsSelector&quot;:&quot;&gt; li &gt; a&quot;,&quot;trackWindowScroll&quot;:true,&quot;includeParentAsOffset&quot;:false,&quot;offsetElements&quot;:&quot;[data-sticky-header] .lqd-head-sec-wrap:not(.lqd-hide-onstuck), #wpadminbar, body.elementor-page .main-header[data-sticky-header] &gt; .elementor &gt; .elementor-section-wrap &gt; .elementor-section:not(.lqd-hide-onstuck):not(.lqd-stickybar-wrap), body.elementor-page .main-header[data-sticky-header] &gt; .elementor &gt; .elementor-section:not(.lqd-hide-onstuck):not(.lqd-stickybar-wrap)&quot;}\">\n\t\t\t\t\n\t\t\t\t\t\t<li>\n\t\t\t\t\t\t\t<a  href=\"https:\/\/drcaturkey.com\/es\/liposuccion\" target=\"_self\" > \n\n\t\t\t\t\t\t\t\t\t\t\t\t\t\t\t\t\t<span class=\"link-icon d-inline-flex hide-if-empty right-icon icon-next-to-label\"><i aria-hidden=\"true\" class=\"lqd-icn-ess icon-ion-ios-arrow-forward\"><\/i><\/span>\t\n\t\t\t\t\t\t\t\t\n\t\t\t\t\t\t\t\t\t\t\t\t\t\t\t\t\tLiposuccion  \n\t\t\t\t\t\t\t\t\t\t\t\t\t\t\t\t\t\t\t\t\t\t\t<\/a>\n\t\t\t\t\t\t\t\t\t\t\t\t\t<\/li>\n\n\t\t\t\t\t\t\n\t\t\t\t\t\t<li>\n\t\t\t\t\t\t\t<a  href=\"https:\/\/drcaturkey.com\/es\/abdominoplastia\" target=\"_self\" > \n\n\t\t\t\t\t\t\t\t\t\t\t\t\t\t\t\t\t<span class=\"link-icon d-inline-flex hide-if-empty right-icon icon-next-to-label\"><i aria-hidden=\"true\" class=\"lqd-icn-ess icon-ion-ios-arrow-forward\"><\/i><\/span>\t\n\t\t\t\t\t\t\t\t\n\t\t\t\t\t\t\t\t\t\t\t\t\t\t\t\t\tAbdominoplastia  \n\t\t\t\t\t\t\t\t\t\t\t\t\t\t\t\t\t\t\t\t\t\t\t<\/a>\n\t\t\t\t\t\t\t\t\t\t\t\t\t<\/li>\n\n\t\t\t\t\t\t\n\t\t\t\t\t\t<li>\n\t\t\t\t\t\t\t<a  href=\"https:\/\/drcaturkey.com\/es\/levantamiento-de-los-gluteos\" target=\"_self\" > \n\n\t\t\t\t\t\t\t\t\t\t\t\t\t\t\t\t\t<span class=\"link-icon d-inline-flex hide-if-empty right-icon icon-next-to-label\"><i aria-hidden=\"true\" class=\"lqd-icn-ess icon-ion-ios-arrow-forward\"><\/i><\/span>\t\n\t\t\t\t\t\t\t\t\n\t\t\t\t\t\t\t\t\t\t\t\t\t\t\t\t\tLevantamiento de los Gluteos  \n\t\t\t\t\t\t\t\t\t\t\t\t\t\t\t\t\t\t\t\t\t\t\t<\/a>\n\t\t\t\t\t\t\t\t\t\t\t\t\t<\/li>\n\n\t\t\t\t\t\t\n\t\t\t\t\t\t<li>\n\t\t\t\t\t\t\t<a  href=\"https:\/\/drcaturkey.com\/es\/levantamiento-de-los-brazos\" target=\"_self\" > \n\n\t\t\t\t\t\t\t\t\t\t\t\t\t\t\t\t\t<span class=\"link-icon d-inline-flex hide-if-empty right-icon icon-next-to-label\"><i aria-hidden=\"true\" class=\"lqd-icn-ess icon-ion-ios-arrow-forward\"><\/i><\/span>\t\n\t\t\t\t\t\t\t\t\n\t\t\t\t\t\t\t\t\t\t\t\t\t\t\t\t\tLevantamiento de Los Brazos  \n\t\t\t\t\t\t\t\t\t\t\t\t\t\t\t\t\t\t\t\t\t\t\t<\/a>\n\t\t\t\t\t\t\t\t\t\t\t\t\t<\/li>\n\n\t\t\t\t\t\t\n\t\t\t\t\t\t<li>\n\t\t\t\t\t\t\t<a  href=\"https:\/\/drcaturkey.com\/es\/levantamiento-de-las-piernas\" target=\"_self\" > \n\n\t\t\t\t\t\t\t\t\t\t\t\t\t\t\t\t\t<span class=\"link-icon d-inline-flex hide-if-empty right-icon icon-next-to-label\"><i aria-hidden=\"true\" class=\"lqd-icn-ess icon-ion-ios-arrow-forward\"><\/i><\/span>\t\n\t\t\t\t\t\t\t\t\n\t\t\t\t\t\t\t\t\t\t\t\t\t\t\t\t\tLevantamiento de las Piernas  \n\t\t\t\t\t\t\t\t\t\t\t\t\t\t\t\t\t\t\t\t\t\t\t<\/a>\n\t\t\t\t\t\t\t\t\t\t\t\t\t<\/li>\n\n\t\t\t\t\t\t\t\t\t\t<\/ul>\n\t\t\t\t\t\t\t\t\t<\/div>\n\t\t\t\t<\/div>\n\t\t\t\t<\/div>\n\t\t\t\t\t<\/div>\n\t\t<\/div>\n\t\t\t\t\t\t\t<\/div>\n\t\t<\/section>\n\t\t\t\t\t<\/div>\n\t\t<\/div>\n\t\t\t\t<div class=\"elementor-column elementor-col-50 elementor-top-column elementor-element elementor-element-4bf2765\" data-id=\"4bf2765\" data-element_type=\"column\">\n\t\t\t<div class=\"elementor-widget-wrap elementor-element-populated\">\n\t\t\t\t\t\t\t\t<section class=\"elementor-section elementor-inner-section elementor-element elementor-element-8941ee0 elementor-section-boxed elementor-section-height-default elementor-section-height-default\" data-id=\"8941ee0\" data-element_type=\"section\">\n\t\t\t\t\t\t<div class=\"elementor-container elementor-column-gap-default\">\n\t\t\t\t\t<div class=\"elementor-column elementor-col-100 elementor-inner-column elementor-element elementor-element-695c075\" data-id=\"695c075\" data-element_type=\"column\">\n\t\t\t<div class=\"elementor-widget-wrap elementor-element-populated\">\n\t\t\t\t\t\t\t\t<div class=\"elementor-element elementor-element-d9968c7 elementor-widget elementor-widget-hub_fancy_heading\" data-id=\"d9968c7\" data-element_type=\"widget\" data-widget_type=\"hub_fancy_heading.default\">\n\t\t\t\t<div class=\"elementor-widget-container\">\n\t\t\t\n\t\t<div id=\"ld-fancy-heading-69e3a5375104f\" class=\"ld-fancy-heading pos-rel\">\n\t\t\t<h6 class=\"ld-fh-element d-inline-block pos-rel  elementor-heading-title lqd-highlight-classic lqd-highlight-grow-left h6\"  > L\u0131posucc\u0131on<\/h6>\t\t<\/div>\n\n\t\t\t\t<\/div>\n\t\t\t\t<\/div>\n\t\t\t\t<div class=\"elementor-element elementor-element-36f19a1 elementor-widget elementor-widget-text-editor\" data-id=\"36f19a1\" data-element_type=\"widget\" data-widget_type=\"text-editor.default\">\n\t\t\t\t<div class=\"elementor-widget-container\">\n\t\t\t<style>\/*! elementor - v3.7.4 - 31-08-2022 *\/\n.elementor-widget-text-editor.elementor-drop-cap-view-stacked .elementor-drop-cap{background-color:#818a91;color:#fff}.elementor-widget-text-editor.elementor-drop-cap-view-framed .elementor-drop-cap{color:#818a91;border:3px solid;background-color:transparent}.elementor-widget-text-editor:not(.elementor-drop-cap-view-default) .elementor-drop-cap{margin-top:8px}.elementor-widget-text-editor:not(.elementor-drop-cap-view-default) .elementor-drop-cap-letter{width:1em;height:1em}.elementor-widget-text-editor .elementor-drop-cap{float:left;text-align:center;line-height:1;font-size:50px}.elementor-widget-text-editor .elementor-drop-cap-letter{display:inline-block}<\/style>\t\t\t\t<p>El m\u00e9todo de quitar el exceso de grasa debajo de la piel con la ayuda de c\u00e1nulas especiales, aspiradoras o inyectores especialmente preparados se llama liposucci\u00f3n. La liposucci\u00f3n es un procedimiento quir\u00fargico que ayuda a regular la distribuci\u00f3n desequilibrada de la grasa en nuestro organismo. El prop\u00f3sito de esta operaci\u00f3n no es perder peso, sino eliminar la grasa rebelde que no puede ser respondida a pesar de todas las dietas y ejercicios. Gracias a la liposucci\u00f3n, tu cuerpo tambi\u00e9n quedar\u00e1 moldeado.<\/p><p>La duraci\u00f3n de la operaci\u00f3n de liposucci\u00f3n var\u00eda entre 15-20 minutos y 1-2 horas, y este tiempo var\u00eda seg\u00fan el problema. La liposucci\u00f3n da los mejores resultados principalmente en personas con peso normal o ligeramente por encima del normal, pero que les molesta la mala apariencia de la grasa regional. Por razones hormonales y gen\u00e9ticas, la grasa se almacena en diferentes regiones en hombres y mujeres. Se ve alrededor del abdomen, las caderas y los muslos en las mujeres y alrededor del abdomen en los hombres.<\/p><p>Se cree que estas \u00e1reas se reducir\u00e1n con la p\u00e9rdida de peso mediante el ejercicio y la dieta. Sin embargo, no hay cambios significativos en estas regiones con la ayuda del ejercicio y la dieta. La \u00fanica forma de deshacerse de la grasa en estas \u00e1reas es la cirug\u00eda de liposucci\u00f3n. La liposucci\u00f3n se aplica no solo en el \u00e1rea del abdomen, la cintura y la cadera, sino tambi\u00e9n en la grasa alrededor del cuello, debajo del ment\u00f3n, los senos, los brazos, las piernas y las rodillas.<\/p><p><strong>\u00bfCualquiera puede hacerse una liposucci\u00f3n?<\/strong><\/p><p>Los mejores candidatos para la liposucci\u00f3n son personas que tienen expectativas realistas y pueden pensar de manera saludable y est\u00e1n felices con los resultados de la liposucci\u00f3n. Para la operaci\u00f3n de liposucci\u00f3n, las personas deben ser mayores de 18 a\u00f1os. La raz\u00f3n de esto es el l\u00edmite de edad por razones legales. Nuestros cirujanos le brindar\u00e1n la asistencia necesaria en este sentido. En resumen, cualquier persona que no pueda deshacerse de una nutrici\u00f3n saludable, una dieta y programas de ejercicio regulares y que no tenga problemas de salud puede someterse a una liposucci\u00f3n.<\/p><p><strong>\u00bfExiste alg\u00fan riesgo en la aplicaci\u00f3n de la liposucci\u00f3n?<\/strong><\/p><p>La liposucci\u00f3n es una operaci\u00f3n muy segura y no tiene riesgos ni complicaciones graves. Hay riesgos como da\u00f1o a los nervios, infecci\u00f3n, sangrado, ulceraciones en la piel que solo se pueden ver en todos los procedimientos quir\u00fargicos. Pero la probabilidad de que ocurran es muy baja.<\/p><p><strong>\u00bfSentir\u00e9 dolor despu\u00e9s de la operaci\u00f3n de liposucci\u00f3n?<\/strong><\/p><p>Los anest\u00e9sicos locales y la infiltraci\u00f3n se realizan antes de la operaci\u00f3n de liposucci\u00f3n. De esta forma, la probabilidad de sentir dolor es muy baja en comparaci\u00f3n con otras cirug\u00edas. Incluso si siente un ligero dolor despu\u00e9s de la cirug\u00eda, este dolor puede controlarse de inmediato con la ayuda de analg\u00e9sicos diarios.<\/p><p><strong>\u00bfCu\u00e1nta grasa puedo eliminar con la liposucci\u00f3n?<\/strong><\/p><p>La cantidad de grasa extra\u00edda con liposucci\u00f3n est\u00e1 determinada por la gravedad del problema, la edad y el estado de salud de la persona. A veces, incluso 300 a 500 gramos de grasa tomados con la liposucci\u00f3n dan resultados efectivos, mientras que algunas personas necesitan tomar hasta 12 litros.De media, el aceite a tomar debe estar entre 5 y 10 litros. Se pueden tomar 2-3 litros de grasa del abdomen, 4 litros de las caderas y 3 litros de la cintura. Este l\u00edquido, que la persona pierde durante la ingesta de grasas, debe administrarse por v\u00eda intravenosa.<\/p><p><strong>\u00bfCu\u00e1nto tiempo me recuperar\u00e9 despu\u00e9s de la liposucci\u00f3n?<\/strong><\/p><p>La cirug\u00eda de liposucci\u00f3n no es una operaci\u00f3n que afecte demasiado a su vida diaria. Despu\u00e9s de descansar en el hospital durante 1 d\u00eda, debe usar el cors\u00e9 que se le entreg\u00f3. Deber\u00e1 usar este cors\u00e9 regularmente durante aproximadamente un mes. Dado que usar\u00e1 el cors\u00e9 regularmente durante un mes, podemos decir que su per\u00edodo de recuperaci\u00f3n es de un mes. Despu\u00e9s de este proceso, puede continuar f\u00e1cilmente con su vida normal. Dado que se realizar\u00e1n incisiones muy peque\u00f1as en la operaci\u00f3n de liposucci\u00f3n, no sentir\u00e1 ning\u00fan dolor. Estas incisiones se curan por completo o aparecen como un punto d\u00e9bil, por lo que no queda cicatriz en su cuerpo despu\u00e9s de la operaci\u00f3n.<\/p>\t\t\t\t\t\t<\/div>\n\t\t\t\t<\/div>\n\t\t\t\t\t<\/div>\n\t\t<\/div>\n\t\t\t\t\t\t\t<\/div>\n\t\t<\/section>\n\t\t\t\t\t<\/div>\n\t\t<\/div>\n\t\t\t\t\t\t\t<\/div>\n\t\t<\/section>\n\t\t\t\t\t\t\t<\/div>\n\t\t","protected":false},"excerpt":{"rendered":"<p>Liposuccion Anasayfa PEDIR UNA CITA EST\u00c9TICA CORPORAL Liposuccion Abdominoplastia Levantamiento de los Gluteos Levantamiento de Los Brazos Levantamiento de las Piernas L\u0131posucc\u0131on El m\u00e9todo de quitar el exceso de grasa debajo de la piel con la ayuda de c\u00e1nulas especiales, aspiradoras o inyectores especialmente preparados se llama liposucci\u00f3n. La liposucci\u00f3n es un procedimiento quir\u00fargico que [&hellip;]<\/p>\n","protected":false},"author":1,"featured_media":0,"parent":0,"menu_order":0,"comment_status":"closed","ping_status":"closed","template":"","meta":{"footnotes":""},"class_list":["post-1087","page","type-page","status-publish","hentry"],"_links":{"self":[{"href":"https:\/\/drcaturkey.com\/es\/wp-json\/wp\/v2\/pages\/1087","targetHints":{"allow":["GET"]}}],"collection":[{"href":"https:\/\/drcaturkey.com\/es\/wp-json\/wp\/v2\/pages"}],"about":[{"href":"https:\/\/drcaturkey.com\/es\/wp-json\/wp\/v2\/types\/page"}],"author":[{"embeddable":true,"href":"https:\/\/drcaturkey.com\/es\/wp-json\/wp\/v2\/users\/1"}],"replies":[{"embeddable":true,"href":"https:\/\/drcaturkey.com\/es\/wp-json\/wp\/v2\/comments?post=1087"}],"version-history":[{"count":35,"href":"https:\/\/drcaturkey.com\/es\/wp-json\/wp\/v2\/pages\/1087\/revisions"}],"predecessor-version":[{"id":2723,"href":"https:\/\/drcaturkey.com\/es\/wp-json\/wp\/v2\/pages\/1087\/revisions\/2723"}],"wp:attachment":[{"href":"https:\/\/drcaturkey.com\/es\/wp-json\/wp\/v2\/media?parent=1087"}],"curies":[{"name":"wp","href":"https:\/\/api.w.org\/{rel}","templated":true}]}}