{"id":1094,"date":"2022-09-02T00:55:12","date_gmt":"2022-09-01T21:55:12","guid":{"rendered":"https:\/\/drcaturkey.com\/es\/?page_id=1094"},"modified":"2023-03-07T15:17:48","modified_gmt":"2023-03-07T12:17:48","slug":"transplante-capilar-con-sapphire","status":"publish","type":"page","link":"https:\/\/drcaturkey.com\/es\/transplante-capilar-con-sapphire","title":{"rendered":"Transplante Capilar con Sapphire"},"content":{"rendered":"\t\t<div data-elementor-type=\"wp-page\" data-elementor-id=\"1094\" class=\"elementor elementor-1094\">\n\t\t\t\t\t\t\t\t\t<section class=\"elementor-section elementor-top-section elementor-element elementor-element-e6add9c elementor-section-boxed elementor-section-height-default elementor-section-height-default\" data-id=\"e6add9c\" data-element_type=\"section\" data-settings=\"{&quot;background_background&quot;:&quot;classic&quot;}\">\n\t\t\t\t\t\t<div class=\"elementor-container elementor-column-gap-default\">\n\t\t\t\t\t<div class=\"elementor-column elementor-col-100 elementor-top-column elementor-element elementor-element-efc1cca\" data-id=\"efc1cca\" data-element_type=\"column\">\n\t\t\t<div class=\"elementor-widget-wrap elementor-element-populated\">\n\t\t\t\t\t\t\t\t<section class=\"elementor-section elementor-inner-section elementor-element elementor-element-85a71b1 elementor-section-boxed elementor-section-height-default elementor-section-height-default\" data-id=\"85a71b1\" data-element_type=\"section\">\n\t\t\t\t\t\t<div class=\"elementor-container elementor-column-gap-default\">\n\t\t\t\t\t<div class=\"elementor-column elementor-col-100 elementor-inner-column elementor-element elementor-element-f5de533\" data-id=\"f5de533\" data-element_type=\"column\">\n\t\t\t<div class=\"elementor-widget-wrap elementor-element-populated\">\n\t\t\t\t\t\t\t\t<div class=\"elementor-element elementor-element-016f08e elementor-widget elementor-widget-hub_fancy_heading\" data-id=\"016f08e\" data-element_type=\"widget\" data-widget_type=\"hub_fancy_heading.default\">\n\t\t\t\t<div class=\"elementor-widget-container\">\n\t\t\t\n\t\t<div id=\"ld-fancy-heading-69e8b6f4902be\" class=\"ld-fancy-heading pos-rel\">\n\t\t\t<h1 class=\"ld-fh-element d-inline-block pos-rel  elementor-heading-title lqd-highlight-classic lqd-highlight-grow-left h1\"  > Transplante Capilar con Sapphire<\/h1>\t\t<\/div>\n\n\t\t\t\t<\/div>\n\t\t\t\t<\/div>\n\t\t\t\t<div class=\"elementor-element elementor-element-a4be68a elementor-widget__width-auto elementor-widget elementor-widget-ld_breadcrumb\" data-id=\"a4be68a\" data-element_type=\"widget\" data-widget_type=\"ld_breadcrumb.default\">\n\t\t\t\t<div class=\"elementor-widget-container\">\n\t\t\t<div class=\"lqd-breadcrumb-wrapper\"><div class=\"lqd-shop-topbar-breadcrumb\"><nav class=\"woocommerce-breadcrumb mb-4 mb-md-0\"><ul class=\"breadcrumb reset-ul inline-nav comma-sep-li\"><li>Anasayfa<\/li><\/ul><\/nav><\/div><\/div>\t\t<\/div>\n\t\t\t\t<\/div>\n\t\t\t\t\t<\/div>\n\t\t<\/div>\n\t\t\t\t\t\t\t<\/div>\n\t\t<\/section>\n\t\t\t\t\t<\/div>\n\t\t<\/div>\n\t\t\t\t\t\t\t<\/div>\n\t\t<\/section>\n\t\t\t\t<section class=\"elementor-section elementor-top-section elementor-element elementor-element-bf19241 elementor-section-boxed elementor-section-height-default elementor-section-height-default\" data-id=\"bf19241\" data-element_type=\"section\">\n\t\t\t\t\t\t<div class=\"elementor-container elementor-column-gap-default\">\n\t\t\t\t\t<div class=\"lqd-css-sticky-column elementor-column elementor-col-50 elementor-top-column elementor-element elementor-element-b4663b7 elementor-hidden-mobile\" style=\"--lqd-sticky-offset:30px\" data-id=\"b4663b7\" data-element_type=\"column\">\n\t\t\t<div class=\"elementor-widget-wrap elementor-element-populated\">\n\t\t\t\t\t\t\t\t<section class=\"elementor-section elementor-inner-section elementor-element elementor-element-7a0bf3d elementor-section-boxed elementor-section-height-default elementor-section-height-default\" data-id=\"7a0bf3d\" data-element_type=\"section\" data-settings=\"{&quot;background_background&quot;:&quot;classic&quot;}\">\n\t\t\t\t\t\t<div class=\"elementor-container elementor-column-gap-default\">\n\t\t\t\t\t<div class=\"elementor-column elementor-col-100 elementor-inner-column elementor-element elementor-element-ea13e84\" data-id=\"ea13e84\" data-element_type=\"column\">\n\t\t\t<div class=\"elementor-widget-wrap elementor-element-populated\">\n\t\t\t\t\t\t\t\t<div class=\"elementor-element elementor-element-de6fae9 elementor-widget elementor-widget-hub_fancy_heading\" data-id=\"de6fae9\" data-element_type=\"widget\" data-widget_type=\"hub_fancy_heading.default\">\n\t\t\t\t<div class=\"elementor-widget-container\">\n\t\t\t\n\t\t<div id=\"ld-fancy-heading-69e8b6f49342c\" class=\"ld-fancy-heading pos-rel\">\n\t\t\t<h6 class=\"ld-fh-element d-inline-block pos-rel  elementor-heading-title lqd-highlight-classic lqd-highlight-grow-left h6\"  > PEDIR UNA CITA\n<\/h6>\t\t<\/div>\n\n\t\t\t\t<\/div>\n\t\t\t\t<\/div>\n\t\t\t\t<div class=\"elementor-element elementor-element-7da1249 elementor-widget elementor-widget-ld_cf722\" data-id=\"7da1249\" data-element_type=\"widget\" data-widget_type=\"ld_cf722.default\">\n\t\t\t\t<div class=\"elementor-widget-container\">\n\t\t\t\n\t<div class=\"lqd-contact-form lqd-contact-form-inputs-underlined lqd-contact-form-button-block lqd-contact-form-button-circle lqd-contact-form-inputs-sm\" >\n\t\t<div role=\"form\" class=\"wpcf7\" id=\"wpcf7-f6-o1\" lang=\"tr-TR\" dir=\"ltr\">\n<div class=\"screen-reader-response\"><p role=\"status\" aria-live=\"polite\" aria-atomic=\"true\"><\/p> <ul><\/ul><\/div>\n<form action=\"\/es\/wp-json\/wp\/v2\/pages\/1094#wpcf7-f6-o1\" method=\"post\" class=\"wpcf7-form init\" novalidate=\"novalidate\" data-status=\"init\">\n<div style=\"display: none;\">\n<input type=\"hidden\" name=\"_wpcf7\" value=\"6\" \/>\n<input type=\"hidden\" name=\"_wpcf7_version\" value=\"5.6.3\" \/>\n<input type=\"hidden\" name=\"_wpcf7_locale\" value=\"tr_TR\" \/>\n<input type=\"hidden\" name=\"_wpcf7_unit_tag\" value=\"wpcf7-f6-o1\" \/>\n<input type=\"hidden\" name=\"_wpcf7_container_post\" value=\"0\" \/>\n<input type=\"hidden\" name=\"_wpcf7_posted_data_hash\" value=\"\" \/>\n<\/div>\n<p><span class=\"wpcf7-form-control-wrap\" data-name=\"adi\"><input type=\"text\" name=\"adi\" value=\"\" size=\"40\" class=\"wpcf7-form-control wpcf7-text wpcf7-validates-as-required\" aria-required=\"true\" aria-invalid=\"false\" placeholder=\"Nombre\" \/><\/span><br \/>\n<span class=\"wpcf7-form-control-wrap\" data-name=\"phone\"><input type=\"text\" name=\"phone\" value=\"\" size=\"40\" class=\"wpcf7-form-control wpcf7-text wpcf7-validates-as-required\" aria-required=\"true\" aria-invalid=\"false\" placeholder=\"N\u00famero de Tel\u00e9fono\" \/><\/span><br \/>\n<span class=\"wpcf7-form-control-wrap\" data-name=\"message\"><textarea name=\"message\" cols=\"40\" rows=\"2\" class=\"wpcf7-form-control wpcf7-textarea\" aria-invalid=\"false\" placeholder=\"Mensaje\"><\/textarea><\/span><br \/>\n<input type=\"submit\" value=\"Enviar Formulario\" class=\"wpcf7-form-control has-spinner wpcf7-submit\" \/><\/p>\n<div class=\"wpcf7-response-output\" aria-hidden=\"true\"><\/div><\/form><\/div>\t<\/div>\n\n\t\t\t<\/div>\n\t\t\t\t<\/div>\n\t\t\t\t\t<\/div>\n\t\t<\/div>\n\t\t\t\t\t\t\t<\/div>\n\t\t<\/section>\n\t\t\t\t<section class=\"elementor-section elementor-inner-section elementor-element elementor-element-441507c elementor-section-boxed elementor-section-height-default elementor-section-height-default\" data-id=\"441507c\" data-element_type=\"section\">\n\t\t\t\t\t\t<div class=\"elementor-container elementor-column-gap-default\">\n\t\t\t\t\t<div class=\"elementor-column elementor-col-100 elementor-inner-column elementor-element elementor-element-57415ed\" data-id=\"57415ed\" data-element_type=\"column\">\n\t\t\t<div class=\"elementor-widget-wrap elementor-element-populated\">\n\t\t\t\t\t\t\t\t<div class=\"elementor-element elementor-element-a5fa2d6 elementor-widget elementor-widget-hub_fancy_heading\" data-id=\"a5fa2d6\" data-element_type=\"widget\" data-widget_type=\"hub_fancy_heading.default\">\n\t\t\t\t<div class=\"elementor-widget-container\">\n\t\t\t\n\t\t<div id=\"ld-fancy-heading-69e8b6f49683c\" class=\"ld-fancy-heading pos-rel\">\n\t\t\t<h6 class=\"ld-fh-element d-inline-block pos-rel  elementor-heading-title lqd-highlight-classic lqd-highlight-grow-left h6\"  > Trasplante capIlar<\/h6>\t\t<\/div>\n\n\t\t\t\t<\/div>\n\t\t\t\t<\/div>\n\t\t\t\t<div class=\"elementor-element elementor-element-8af062f elementor-widget elementor-widget-ld_custom_menu\" data-id=\"8af062f\" data-element_type=\"widget\" data-widget_type=\"ld_custom_menu.default\">\n\t\t\t\t<div class=\"elementor-widget-container\">\n\t\t\t\n\t\t\t<div  \n\t\t\t\tclass=\"lqd-fancy-menu lqd-custom-menu pos-rel lqd-menu-td-none\"\n\t\t\t\t\t\t\t>\n\t\t\t\n\t\t\t\t\t\t\t<ul class=\"reset-ul\" id=\"8af062f\"  data-localscroll=\"true\" data-localscroll-options=\"{&quot;itemsSelector&quot;:&quot;&gt; li &gt; a&quot;,&quot;trackWindowScroll&quot;:true,&quot;includeParentAsOffset&quot;:false,&quot;offsetElements&quot;:&quot;[data-sticky-header] .lqd-head-sec-wrap:not(.lqd-hide-onstuck), #wpadminbar, body.elementor-page .main-header[data-sticky-header] &gt; .elementor &gt; .elementor-section-wrap &gt; .elementor-section:not(.lqd-hide-onstuck):not(.lqd-stickybar-wrap), body.elementor-page .main-header[data-sticky-header] &gt; .elementor &gt; .elementor-section:not(.lqd-hide-onstuck):not(.lqd-stickybar-wrap)&quot;}\">\n\t\t\t\t\n\t\t\t\t\t\t<li>\n\t\t\t\t\t\t\t<a  href=\"https:\/\/drcaturkey.com\/es\/trasplante-capilar-fue\" target=\"_self\" > \n\n\t\t\t\t\t\t\t\t\t\t\t\t\t\t\t\t\t<span class=\"link-icon d-inline-flex hide-if-empty right-icon icon-next-to-label\"><i aria-hidden=\"true\" class=\"lqd-icn-ess icon-ion-ios-arrow-forward\"><\/i><\/span>\t\n\t\t\t\t\t\t\t\t\n\t\t\t\t\t\t\t\t\t\t\t\t\t\t\t\t\tTrasplante Capilar FUE  \n\t\t\t\t\t\t\t\t\t\t\t\t\t\t\t\t\t\t\t\t\t\t\t<\/a>\n\t\t\t\t\t\t\t\t\t\t\t\t\t<\/li>\n\n\t\t\t\t\t\t\n\t\t\t\t\t\t<li>\n\t\t\t\t\t\t\t<a  href=\"https:\/\/drcaturkey.com\/es\/transplante-capilar-dhi\" target=\"_self\" > \n\n\t\t\t\t\t\t\t\t\t\t\t\t\t\t\t\t\t<span class=\"link-icon d-inline-flex hide-if-empty right-icon icon-next-to-label\"><i aria-hidden=\"true\" class=\"lqd-icn-ess icon-ion-ios-arrow-forward\"><\/i><\/span>\t\n\t\t\t\t\t\t\t\t\n\t\t\t\t\t\t\t\t\t\t\t\t\t\t\t\t\tTransplante Capilar DHI  \n\t\t\t\t\t\t\t\t\t\t\t\t\t\t\t\t\t\t\t\t\t\t\t<\/a>\n\t\t\t\t\t\t\t\t\t\t\t\t\t<\/li>\n\n\t\t\t\t\t\t\n\t\t\t\t\t\t<li>\n\t\t\t\t\t\t\t<a  href=\"https:\/\/drcaturkey.com\/es\/transplante-capilar-con-sapphire\" target=\"_self\" > \n\n\t\t\t\t\t\t\t\t\t\t\t\t\t\t\t\t\t<span class=\"link-icon d-inline-flex hide-if-empty right-icon icon-next-to-label\"><i aria-hidden=\"true\" class=\"lqd-icn-ess icon-ion-ios-arrow-forward\"><\/i><\/span>\t\n\t\t\t\t\t\t\t\t\n\t\t\t\t\t\t\t\t\t\t\t\t\t\t\t\t\tTransplante Capilar con Sapphire  \n\t\t\t\t\t\t\t\t\t\t\t\t\t\t\t\t\t\t\t\t\t\t\t<\/a>\n\t\t\t\t\t\t\t\t\t\t\t\t\t<\/li>\n\n\t\t\t\t\t\t\n\t\t\t\t\t\t<li>\n\t\t\t\t\t\t\t<a  href=\"https:\/\/drcaturkey.com\/es\/transplante-capilar-sin-afeitarse\" target=\"_self\" > \n\n\t\t\t\t\t\t\t\t\t\t\t\t\t\t\t\t\t<span class=\"link-icon d-inline-flex hide-if-empty right-icon icon-next-to-label\"><i aria-hidden=\"true\" class=\"lqd-icn-ess icon-ion-ios-arrow-forward\"><\/i><\/span>\t\n\t\t\t\t\t\t\t\t\n\t\t\t\t\t\t\t\t\t\t\t\t\t\t\t\t\tTransplante Capilar sin Afeitarse  \n\t\t\t\t\t\t\t\t\t\t\t\t\t\t\t\t\t\t\t\t\t\t\t<\/a>\n\t\t\t\t\t\t\t\t\t\t\t\t\t<\/li>\n\n\t\t\t\t\t\t\n\t\t\t\t\t\t<li>\n\t\t\t\t\t\t\t<a  href=\"https:\/\/drcaturkey.com\/es\/trasplante-de-barba-y-bigote\" target=\"_self\" > \n\n\t\t\t\t\t\t\t\t\t\t\t\t\t\t\t\t\t<span class=\"link-icon d-inline-flex hide-if-empty right-icon icon-next-to-label\"><i aria-hidden=\"true\" class=\"lqd-icn-ess icon-ion-ios-arrow-forward\"><\/i><\/span>\t\n\t\t\t\t\t\t\t\t\n\t\t\t\t\t\t\t\t\t\t\t\t\t\t\t\t\tTrasplante de Barba y Bigote  \n\t\t\t\t\t\t\t\t\t\t\t\t\t\t\t\t\t\t\t\t\t\t\t<\/a>\n\t\t\t\t\t\t\t\t\t\t\t\t\t<\/li>\n\n\t\t\t\t\t\t\t\t\t\t<\/ul>\n\t\t\t\t\t\t\t\t\t<\/div>\n\t\t\t\t<\/div>\n\t\t\t\t<\/div>\n\t\t\t\t\t<\/div>\n\t\t<\/div>\n\t\t\t\t\t\t\t<\/div>\n\t\t<\/section>\n\t\t\t\t\t<\/div>\n\t\t<\/div>\n\t\t\t\t<div class=\"elementor-column elementor-col-50 elementor-top-column elementor-element elementor-element-7eb29c8\" data-id=\"7eb29c8\" data-element_type=\"column\">\n\t\t\t<div class=\"elementor-widget-wrap elementor-element-populated\">\n\t\t\t\t\t\t\t\t<section class=\"elementor-section elementor-inner-section elementor-element elementor-element-368dde6 elementor-section-boxed elementor-section-height-default elementor-section-height-default\" data-id=\"368dde6\" data-element_type=\"section\">\n\t\t\t\t\t\t<div class=\"elementor-container elementor-column-gap-default\">\n\t\t\t\t\t<div class=\"elementor-column elementor-col-100 elementor-inner-column elementor-element elementor-element-b3b81ff\" data-id=\"b3b81ff\" data-element_type=\"column\">\n\t\t\t<div class=\"elementor-widget-wrap elementor-element-populated\">\n\t\t\t\t\t\t\t\t<div class=\"elementor-element elementor-element-67d96dc elementor-widget elementor-widget-hub_fancy_heading\" data-id=\"67d96dc\" data-element_type=\"widget\" data-widget_type=\"hub_fancy_heading.default\">\n\t\t\t\t<div class=\"elementor-widget-container\">\n\t\t\t\n\t\t<div id=\"ld-fancy-heading-69e8b6f4a85df\" class=\"ld-fancy-heading pos-rel\">\n\t\t\t<h6 class=\"ld-fh-element d-inline-block pos-rel  elementor-heading-title lqd-highlight-classic lqd-highlight-grow-left h6\"  > Transplante CapIlar con SapphIre<\/h6>\t\t<\/div>\n\n\t\t\t\t<\/div>\n\t\t\t\t<\/div>\n\t\t\t\t<div class=\"elementor-element elementor-element-543b707 elementor-widget elementor-widget-text-editor\" data-id=\"543b707\" data-element_type=\"widget\" data-widget_type=\"text-editor.default\">\n\t\t\t\t<div class=\"elementor-widget-container\">\n\t\t\t<style>\/*! elementor - v3.7.4 - 31-08-2022 *\/\n.elementor-widget-text-editor.elementor-drop-cap-view-stacked .elementor-drop-cap{background-color:#818a91;color:#fff}.elementor-widget-text-editor.elementor-drop-cap-view-framed .elementor-drop-cap{color:#818a91;border:3px solid;background-color:transparent}.elementor-widget-text-editor:not(.elementor-drop-cap-view-default) .elementor-drop-cap{margin-top:8px}.elementor-widget-text-editor:not(.elementor-drop-cap-view-default) .elementor-drop-cap-letter{width:1em;height:1em}.elementor-widget-text-editor .elementor-drop-cap{float:left;text-align:center;line-height:1;font-size:50px}.elementor-widget-text-editor .elementor-drop-cap-letter{display:inline-block}<\/style>\t\t\t\t<p>La t\u00e9cnica de trasplante capilar m\u00e1s utilizada en el mundo es FUE (Follicular Unit Extraction). Esta t\u00e9cnica consiste en recolectar los fol\u00edculos pilosos, abrir los canales y plantar las ra\u00edces llamadas injertos en los canales abiertos. Se han desarrollado bol\u00edgrafos especiales con punta de zafiro como un m\u00e9todo que permite minimizar la deformaci\u00f3n del tejido durante la apertura del canal, que es una etapa de la t\u00e9cnica FUE, y la m\u00e1xima frecuencia de apertura del canal. Este modelo de siembra, denominado Sapphire FUE, es una operaci\u00f3n FUE en la que se utilizan bol\u00edgrafos con puntas de zafiro real. Se utiliza una herramienta de corte llamada hendidura al abrir el canal durante el trasplante de cabello. Sin embargo, dado que la destrucci\u00f3n de tejido es alta al sembrar con estas ranuras de acero, los tiempos de recuperaci\u00f3n son relativamente largos. Es posible realizar una plantaci\u00f3n densa y natural gracias a la posibilidad de abrir microcanales con bol\u00edgrafos con punta de zafiro. Dado que los canales se abren a nivel micro, el proceso de cicatrizaci\u00f3n es mucho m\u00e1s r\u00e1pido en comparaci\u00f3n con otras t\u00e9cnicas de trasplante capilar. Despu\u00e9s de la siembra, la formaci\u00f3n de costras es m\u00ednima y este es un resultado que aumenta la comodidad del paciente.<\/p><p><strong> \u00bfC\u00f3mo se aplica el trasplante capilar de zafiro?<\/strong><\/p><p>En la t\u00e9cnica de trasplante de cabello Sapphire FUE, los fol\u00edculos pilosos se recolectan utilizando la t\u00e9cnica FUE. Sin embargo, los canales en el \u00e1rea donde se realizar\u00e1 el trasplante de cabello no se abren con acero como en el m\u00e9todo FUE, sino con mineral de zafiro en forma de bol\u00edgrafo.Las puntas de zafiro permiten la apertura de microcanales mucho m\u00e1s peque\u00f1os, suaves y densos que el acero en la zona donde se realizar\u00e1 la plantaci\u00f3n. La microapertura de los canales minimiza la deformaci\u00f3n del tejido y reduce la formaci\u00f3n de costras. As\u00ed, tras la aplicaci\u00f3n, el cuero cabelludo cicatriza r\u00e1pidamente y no quedan cicatrices visibles. Estos microcanales abiertos con el trasplante de cabello Sapphire FUE tambi\u00e9n permiten que los fol\u00edculos pilosos se planten con frecuencia y de acuerdo con la direcci\u00f3n natural de salida. Gracias a esta t\u00e9cnica, quienes experimentan p\u00e9rdida de cabello tienen un cabello natural que no se puede distinguir de su propio cabello.<\/p><p>El trasplante de cabello Sapphire FUE se puede aplicar en combinaci\u00f3n con otros m\u00e9todos que aumentan la comodidad y la satisfacci\u00f3n del paciente, como el trasplante de cabello sedado y el trasplante de cabello sin afeitar. Ventajas del trasplante capilar de zafiro Las puntas de zafiro, que son los productos de \u00faltima tecnolog\u00eda utilizados en el trasplante capilar FUE de zafiro, brindan resultados m\u00e1s est\u00e9ticos y saludables que las puntas de acero. Dado que los canales abiertos con un bol\u00edgrafo de zafiro son mucho m\u00e1s peque\u00f1os y suaves, se experimenta menos da\u00f1o en los tejidos con este m\u00e9todo en comparaci\u00f3n con otras t\u00e9cnicas de trasplante de cabello.<\/p><p>As\u00ed, tras la aplicaci\u00f3n, los tejidos cicatrizan r\u00e1pidamente sin dejar cicatrices visibles. El bol\u00edgrafo con punta de zafiro muy fino permite abrir los canales de acuerdo con el tama\u00f1o y el \u00e1ngulo de los fol\u00edculos pilosos.Por lo tanto, los fol\u00edculos pilosos se pueden colocar dentro de los canales en un \u00e1ngulo natural. Esto permite que el cabello trasplantado se adhiera al cuero cabelludo con m\u00e1s fuerza y \u200b\u200bobtenga una apariencia muy natural. El bol\u00edgrafo con punta de zafiro utilizado en el m\u00e9todo Sapphire FUE permite la apertura de microcanales en el tama\u00f1o del fol\u00edculo piloso. Esto permite que los canales se abran a intervalos m\u00e1s frecuentes y que las ra\u00edces se planten m\u00e1s cerca unas de otras en el \u00e1rea donde se realizar\u00e1 el trasplante de cabello. En el m\u00e9todo Sapphire FUE, se obtiene una apariencia m\u00e1s natural y llena al plantar los fol\u00edculos pilosos con frecuencia en comparaci\u00f3n con otras t\u00e9cnicas.<\/p><p><strong>\u00bfQui\u00e9n es un candidato adecuado para el trasplante de cabello de zafiro?<\/strong><\/p><p>Todos los hombres y mujeres de 20 a 60 a\u00f1os que tengan suficiente cabello en el \u00e1rea donante pueden recuperar el cabello perdido con la t\u00e9cnica de trasplante de cabello Sapphire FUE. El trasplante de cabello Sapphire FUE es una soluci\u00f3n permanente contra la p\u00e9rdida de cabello t\u00edpica, como la apertura en las sienes, la ca\u00edda hacia atr\u00e1s en la l\u00ednea de la frente, la apertura del cabello desde la parte superior o el adelgazamiento homog\u00e9neo, ya que puede usarse en caso de p\u00e9rdida de cabello severa en un gran despu\u00e9s del trasplante de cabello Sapphire Despu\u00e9s de completar la operaci\u00f3n de trasplante de cabello, pasan al menos dos d\u00edas m\u00e1s en Turqu\u00eda hasta que se realiza el primer lavado.<\/p><p>Despu\u00e9s de la operaci\u00f3n, el paciente necesita descansar, pero al d\u00eda siguiente puede explorar una de las ciudades m\u00e1s bellas del mundo, Estambul.Una de las cosas m\u00e1s importantes que debe contarse entre las ventajas del trasplante de cabello en Estambul es este ambiente tur\u00edstico.<\/p>\t\t\t\t\t\t<\/div>\n\t\t\t\t<\/div>\n\t\t\t\t\t<\/div>\n\t\t<\/div>\n\t\t\t\t\t\t\t<\/div>\n\t\t<\/section>\n\t\t\t\t\t<\/div>\n\t\t<\/div>\n\t\t\t\t\t\t\t<\/div>\n\t\t<\/section>\n\t\t\t\t\t\t\t<\/div>\n\t\t","protected":false},"excerpt":{"rendered":"<p>Transplante Capilar con Sapphire Anasayfa PEDIR UNA CITA Trasplante capIlar Trasplante Capilar FUE Transplante Capilar DHI Transplante Capilar con Sapphire Transplante Capilar sin Afeitarse Trasplante de Barba y Bigote Transplante CapIlar con SapphIre La t\u00e9cnica de trasplante capilar m\u00e1s utilizada en el mundo es FUE (Follicular Unit Extraction). Esta t\u00e9cnica consiste en recolectar los fol\u00edculos [&hellip;]<\/p>\n","protected":false},"author":1,"featured_media":0,"parent":0,"menu_order":0,"comment_status":"closed","ping_status":"closed","template":"","meta":{"footnotes":""},"class_list":["post-1094","page","type-page","status-publish","hentry"],"_links":{"self":[{"href":"https:\/\/drcaturkey.com\/es\/wp-json\/wp\/v2\/pages\/1094","targetHints":{"allow":["GET"]}}],"collection":[{"href":"https:\/\/drcaturkey.com\/es\/wp-json\/wp\/v2\/pages"}],"about":[{"href":"https:\/\/drcaturkey.com\/es\/wp-json\/wp\/v2\/types\/page"}],"author":[{"embeddable":true,"href":"https:\/\/drcaturkey.com\/es\/wp-json\/wp\/v2\/users\/1"}],"replies":[{"embeddable":true,"href":"https:\/\/drcaturkey.com\/es\/wp-json\/wp\/v2\/comments?post=1094"}],"version-history":[{"count":29,"href":"https:\/\/drcaturkey.com\/es\/wp-json\/wp\/v2\/pages\/1094\/revisions"}],"predecessor-version":[{"id":2744,"href":"https:\/\/drcaturkey.com\/es\/wp-json\/wp\/v2\/pages\/1094\/revisions\/2744"}],"wp:attachment":[{"href":"https:\/\/drcaturkey.com\/es\/wp-json\/wp\/v2\/media?parent=1094"}],"curies":[{"name":"wp","href":"https:\/\/api.w.org\/{rel}","templated":true}]}}