{"id":1248,"date":"2022-09-02T01:40:01","date_gmt":"2022-09-01T22:40:01","guid":{"rendered":"https:\/\/drcaturkey.com\/es\/?page_id=1248"},"modified":"2023-03-02T01:49:21","modified_gmt":"2023-03-01T22:49:21","slug":"blog","status":"publish","type":"page","link":"https:\/\/drcaturkey.com\/es\/blog","title":{"rendered":"Blog"},"content":{"rendered":"\t\t<div data-elementor-type=\"wp-page\" data-elementor-id=\"1248\" class=\"elementor elementor-1248\">\n\t\t\t\t\t\t\t\t\t<section class=\"elementor-section elementor-top-section elementor-element elementor-element-3d21e96 elementor-section-boxed elementor-section-height-default elementor-section-height-default\" data-id=\"3d21e96\" data-element_type=\"section\" data-settings=\"{&quot;background_background&quot;:&quot;classic&quot;}\">\n\t\t\t\t\t\t<div class=\"elementor-container elementor-column-gap-default\">\n\t\t\t\t\t<div class=\"elementor-column elementor-col-100 elementor-top-column elementor-element elementor-element-bbb23f0\" data-id=\"bbb23f0\" data-element_type=\"column\">\n\t\t\t<div class=\"elementor-widget-wrap elementor-element-populated\">\n\t\t\t\t\t\t\t\t<section class=\"elementor-section elementor-inner-section elementor-element elementor-element-bfd6c87 elementor-section-boxed elementor-section-height-default elementor-section-height-default\" data-id=\"bfd6c87\" data-element_type=\"section\">\n\t\t\t\t\t\t<div class=\"elementor-container elementor-column-gap-default\">\n\t\t\t\t\t<div class=\"elementor-column elementor-col-100 elementor-inner-column elementor-element elementor-element-deab2bb\" data-id=\"deab2bb\" data-element_type=\"column\">\n\t\t\t<div class=\"elementor-widget-wrap elementor-element-populated\">\n\t\t\t\t\t\t\t\t<div class=\"elementor-element elementor-element-6265a60 elementor-widget elementor-widget-hub_fancy_heading\" data-id=\"6265a60\" data-element_type=\"widget\" data-widget_type=\"hub_fancy_heading.default\">\n\t\t\t\t<div class=\"elementor-widget-container\">\n\t\t\t\n\t\t<div id=\"ld-fancy-heading-69e38fc79f354\" class=\"ld-fancy-heading pos-rel\">\n\t\t\t<h1 class=\"ld-fh-element d-inline-block pos-rel  elementor-heading-title lqd-highlight-classic lqd-highlight-grow-left h1\"  > Blog<\/h1>\t\t<\/div>\n\n\t\t\t\t<\/div>\n\t\t\t\t<\/div>\n\t\t\t\t<div class=\"elementor-element elementor-element-7e43bf8 elementor-widget__width-auto elementor-widget elementor-widget-ld_breadcrumb\" data-id=\"7e43bf8\" data-element_type=\"widget\" data-widget_type=\"ld_breadcrumb.default\">\n\t\t\t\t<div class=\"elementor-widget-container\">\n\t\t\t<div class=\"lqd-breadcrumb-wrapper\"><div class=\"lqd-shop-topbar-breadcrumb\"><nav class=\"woocommerce-breadcrumb mb-4 mb-md-0\"><ul class=\"breadcrumb reset-ul inline-nav comma-sep-li\"><li>Anasayfa<\/li><\/ul><\/nav><\/div><\/div>\t\t<\/div>\n\t\t\t\t<\/div>\n\t\t\t\t\t<\/div>\n\t\t<\/div>\n\t\t\t\t\t\t\t<\/div>\n\t\t<\/section>\n\t\t\t\t\t<\/div>\n\t\t<\/div>\n\t\t\t\t\t\t\t<\/div>\n\t\t<\/section>\n\t\t\t\t<section class=\"elementor-section elementor-top-section elementor-element elementor-element-a7e733c elementor-section-boxed elementor-section-height-default elementor-section-height-default\" data-id=\"a7e733c\" data-element_type=\"section\" data-settings=\"{&quot;background_background&quot;:&quot;classic&quot;}\">\n\t\t\t\t\t\t<div class=\"elementor-container elementor-column-gap-default\">\n\t\t\t\t\t<div class=\"elementor-column elementor-col-100 elementor-top-column elementor-element elementor-element-b865c0e\" data-id=\"b865c0e\" data-element_type=\"column\">\n\t\t\t<div class=\"elementor-widget-wrap elementor-element-populated\">\n\t\t\t\t\t\t\t\t<div class=\"elementor-element elementor-element-e1a6fac elementor-widget elementor-widget-ld_blog\" data-id=\"e1a6fac\" data-element_type=\"widget\" data-widget_type=\"ld_blog.default\">\n\t\t\t\t<div class=\"elementor-widget-container\">\n\t\t\t<div class=\"lqd-lp-grid e1a6fac blog-id-236613548 \"><div class=\"lqd-lp-row row pos-rel d-flex flex-wrap\" ><div class=\"lqd-lp-column d-flex flex-column col-md-4 col-sm-6 blog\"><article id=\"post-1296\" class=\"lqd-lp pos-rel lqd-lp-style-10 lqd-lp-content-overlay lqd-lp-img-cover d-flex flex-wrap border-radius-4 overflow-hidden h-pt-80 lqd-lp-hover-img-zoom text-start post-1296 post type-post status-publish format-standard has-post-thumbnail hentry category-blog\">\n<div class=\"lqd-lp-img lqd-overlay\"><figure class=\"pos-rel w-100 h-100\"><img decoding=\"async\" width=\"1250\" height=\"700\" src=\"https:\/\/drcaturkey.com\/es\/wp-content\/uploads\/2022\/09\/liposuction-liposaksin-nedir-fiyatlari-1-1250x700.jpg\" class=\"w-100 h-100 objfit-cover objfit-center wp-post-image\" alt=\"\" itemprop=\"image\" \/><\/figure><\/div>\n<header class=\"lqd-lp-header lqd-overlay d-flex flex-column justify-content-between p-4\">\n\n\t<div class=\"lqd-lp-content-bg lqd-overlay\"><\/div>\n\t<div class=\"lqd-lp-header-top\">\n\t\t<div class=\"lqd-lp-meta text-uppercase ltr-sp-1 font-weight-bold pos-rel z-index-3\">\n\t\t\t\t\t<\/div>\n\t<\/div>\n\n\t<div class=\"lqd-lp-header-bottom pos-rel\">\n\n\t\t<time class=\"lqd-lp-date text-uppercase ltr-sp-1 font-weight-bold\" datetime=\"2022-09-02T02:06:03+03:00\">4 y\u0131l ago<\/time>\n\t\t\n\t\t\n\t\t<h2 class=\"entry-title lqd-lp-title mt-2 mb-0 h5\"><a  href=\"https:\/\/drcaturkey.com\/es\/que-es-la-liposuccion.html\" rel=\"bookmark\">\u00bfQu\u00e9 es la liposucci\u00f3n?<\/a><\/h2>\t\t\n\t<\/div>\n\n<\/header>\n\n<a  href=\"https:\/\/drcaturkey.com\/es\/que-es-la-liposuccion.html\" class=\"lqd-lp-overlay-link lqd-overlay z-index-2\"><\/a><\/article><\/div><div class=\"lqd-lp-column d-flex flex-column col-md-4 col-sm-6 blog\"><article id=\"post-1290\" class=\"lqd-lp pos-rel lqd-lp-style-10 lqd-lp-content-overlay lqd-lp-img-cover d-flex flex-wrap border-radius-4 overflow-hidden h-pt-80 lqd-lp-hover-img-zoom text-start post-1290 post type-post status-publish format-standard has-post-thumbnail hentry category-blog\">\n<div class=\"lqd-lp-img lqd-overlay\"><figure class=\"pos-rel w-100 h-100\"><img decoding=\"async\" width=\"1250\" height=\"700\" src=\"data:image\/svg+xml,%3Csvg xmlns=&#039;http:\/\/www.w3.org\/2000\/svg&#039; viewBox=&#039;0 0  &#039;%3E%3C\/svg%3E\" class=\"w-100 h-100 objfit-cover objfit-center ld-lazyload wp-post-image\" alt=\"\" itemprop=\"image\" data-src=\"https:\/\/drcaturkey.com\/es\/wp-content\/uploads\/2022\/09\/sac-ekimi-fue-sac-ekimi-nedir-1-1250x700.jpg\" data-aspect=\"\" \/><\/figure><\/div>\n<header class=\"lqd-lp-header lqd-overlay d-flex flex-column justify-content-between p-4\">\n\n\t<div class=\"lqd-lp-content-bg lqd-overlay\"><\/div>\n\t<div class=\"lqd-lp-header-top\">\n\t\t<div class=\"lqd-lp-meta text-uppercase ltr-sp-1 font-weight-bold pos-rel z-index-3\">\n\t\t\t\t\t<\/div>\n\t<\/div>\n\n\t<div class=\"lqd-lp-header-bottom pos-rel\">\n\n\t\t<time class=\"lqd-lp-date text-uppercase ltr-sp-1 font-weight-bold\" datetime=\"2022-09-02T02:01:07+03:00\">4 y\u0131l ago<\/time>\n\t\t\n\t\t\n\t\t<h2 class=\"entry-title lqd-lp-title mt-2 mb-0 h5\"><a  href=\"https:\/\/drcaturkey.com\/es\/que-es-el-trasplante-capilar-fue.html\" rel=\"bookmark\">\u00bfQu\u00e9 es el trasplante capilar FUE?<\/a><\/h2>\t\t\n\t<\/div>\n\n<\/header>\n\n<a  href=\"https:\/\/drcaturkey.com\/es\/que-es-el-trasplante-capilar-fue.html\" class=\"lqd-lp-overlay-link lqd-overlay z-index-2\"><\/a><\/article><\/div><div class=\"lqd-lp-column d-flex flex-column col-md-4 col-sm-6 blog\"><article id=\"post-433\" class=\"lqd-lp pos-rel lqd-lp-style-10 lqd-lp-content-overlay lqd-lp-img-cover d-flex flex-wrap border-radius-4 overflow-hidden h-pt-80 lqd-lp-hover-img-zoom text-start post-433 post type-post status-publish format-standard has-post-thumbnail hentry category-blog\">\n<div class=\"lqd-lp-img lqd-overlay\"><figure class=\"pos-rel w-100 h-100\"><img decoding=\"async\" width=\"1250\" height=\"700\" src=\"data:image\/svg+xml,%3Csvg xmlns=&#039;http:\/\/www.w3.org\/2000\/svg&#039; viewBox=&#039;0 0  &#039;%3E%3C\/svg%3E\" class=\"w-100 h-100 objfit-cover objfit-center ld-lazyload wp-post-image\" alt=\"\" itemprop=\"image\" data-src=\"https:\/\/drcaturkey.com\/es\/wp-content\/uploads\/2021\/09\/burun-estetigi-rinoplasti-nedir-burun-estetigi-fiyatlari-1-1250x700.jpg\" data-aspect=\"\" \/><\/figure><\/div>\n<header class=\"lqd-lp-header lqd-overlay d-flex flex-column justify-content-between p-4\">\n\n\t<div class=\"lqd-lp-content-bg lqd-overlay\"><\/div>\n\t<div class=\"lqd-lp-header-top\">\n\t\t<div class=\"lqd-lp-meta text-uppercase ltr-sp-1 font-weight-bold pos-rel z-index-3\">\n\t\t\t\t\t<\/div>\n\t<\/div>\n\n\t<div class=\"lqd-lp-header-bottom pos-rel\">\n\n\t\t<time class=\"lqd-lp-date text-uppercase ltr-sp-1 font-weight-bold\" datetime=\"2021-09-06T10:06:10+03:00\">5 y\u0131l ago<\/time>\n\t\t\n\t\t\n\t\t<h2 class=\"entry-title lqd-lp-title mt-2 mb-0 h5\"><a  href=\"https:\/\/drcaturkey.com\/es\/a-quien-se-aplica-la-estetica-nasal.html\" rel=\"bookmark\">\u00bfA qui\u00e9n se aplica la est\u00e9tica nasal?<\/a><\/h2>\t\t\n\t<\/div>\n\n<\/header>\n\n<a  href=\"https:\/\/drcaturkey.com\/es\/a-quien-se-aplica-la-estetica-nasal.html\" class=\"lqd-lp-overlay-link lqd-overlay z-index-2\"><\/a><\/article><\/div><\/div><!--\/ .row --><\/div><!--\/ .lqd-lp-grid -->\t\t<\/div>\n\t\t\t\t<\/div>\n\t\t\t\t\t<\/div>\n\t\t<\/div>\n\t\t\t\t\t\t\t<\/div>\n\t\t<\/section>\n\t\t\t\t\t\t\t<\/div>\n\t\t","protected":false},"excerpt":{"rendered":"<p>Blog Anasayfa 6 ay ago Liposuction (Liposak\u015f\u0131n) Nedir? 6 ay ago FUE Sa\u00e7 Ekimi Nedir? 1 sene ago Burun Esteti\u011fi Kimlere Yap\u0131l\u0131r?<\/p>\n","protected":false},"author":1,"featured_media":0,"parent":0,"menu_order":0,"comment_status":"closed","ping_status":"closed","template":"","meta":{"footnotes":""},"class_list":["post-1248","page","type-page","status-publish","hentry"],"_links":{"self":[{"href":"https:\/\/drcaturkey.com\/es\/wp-json\/wp\/v2\/pages\/1248","targetHints":{"allow":["GET"]}}],"collection":[{"href":"https:\/\/drcaturkey.com\/es\/wp-json\/wp\/v2\/pages"}],"about":[{"href":"https:\/\/drcaturkey.com\/es\/wp-json\/wp\/v2\/types\/page"}],"author":[{"embeddable":true,"href":"https:\/\/drcaturkey.com\/es\/wp-json\/wp\/v2\/users\/1"}],"replies":[{"embeddable":true,"href":"https:\/\/drcaturkey.com\/es\/wp-json\/wp\/v2\/comments?post=1248"}],"version-history":[{"count":16,"href":"https:\/\/drcaturkey.com\/es\/wp-json\/wp\/v2\/pages\/1248\/revisions"}],"predecessor-version":[{"id":2391,"href":"https:\/\/drcaturkey.com\/es\/wp-json\/wp\/v2\/pages\/1248\/revisions\/2391"}],"wp:attachment":[{"href":"https:\/\/drcaturkey.com\/es\/wp-json\/wp\/v2\/media?parent=1248"}],"curies":[{"name":"wp","href":"https:\/\/api.w.org\/{rel}","templated":true}]}}