{"id":188,"date":"2021-09-01T10:42:51","date_gmt":"2021-09-01T10:42:51","guid":{"rendered":"https:\/\/itbusiness.liquid-themes.com\/elementor\/?page_id=188"},"modified":"2023-03-07T14:26:28","modified_gmt":"2023-03-07T11:26:28","slug":"quienes-somos","status":"publish","type":"page","link":"https:\/\/drcaturkey.com\/es\/quienes-somos","title":{"rendered":"Qui\u00e9nes Somos"},"content":{"rendered":"\t\t<div data-elementor-type=\"wp-page\" data-elementor-id=\"188\" class=\"elementor elementor-188\">\n\t\t\t\t\t\t\t\t\t<section class=\"elementor-section elementor-top-section elementor-element elementor-element-f940d46 elementor-section-boxed elementor-section-height-default elementor-section-height-default\" data-id=\"f940d46\" data-element_type=\"section\" data-settings=\"{&quot;background_background&quot;:&quot;classic&quot;}\">\n\t\t\t\t\t\t<div class=\"elementor-container elementor-column-gap-default\">\n\t\t\t\t\t<div class=\"elementor-column elementor-col-100 elementor-top-column elementor-element elementor-element-9a75004\" data-id=\"9a75004\" data-element_type=\"column\">\n\t\t\t<div class=\"elementor-widget-wrap elementor-element-populated\">\n\t\t\t\t\t\t\t\t<section class=\"elementor-section elementor-inner-section elementor-element elementor-element-bed1c1b elementor-section-boxed elementor-section-height-default elementor-section-height-default\" data-id=\"bed1c1b\" data-element_type=\"section\">\n\t\t\t\t\t\t<div class=\"elementor-container elementor-column-gap-default\">\n\t\t\t\t\t<div class=\"elementor-column elementor-col-100 elementor-inner-column elementor-element elementor-element-63a2cc8\" data-id=\"63a2cc8\" data-element_type=\"column\">\n\t\t\t<div class=\"elementor-widget-wrap elementor-element-populated\">\n\t\t\t\t\t\t\t\t<div class=\"elementor-element elementor-element-dc5a240 elementor-widget elementor-widget-hub_fancy_heading\" data-id=\"dc5a240\" data-element_type=\"widget\" data-widget_type=\"hub_fancy_heading.default\">\n\t\t\t\t<div class=\"elementor-widget-container\">\n\t\t\t\n\t\t<div id=\"ld-fancy-heading-69e3a518b2a5e\" class=\"ld-fancy-heading pos-rel\">\n\t\t\t<h1 class=\"ld-fh-element d-inline-block pos-rel  elementor-heading-title lqd-highlight-classic lqd-highlight-grow-left h1\"  > Qui\u00e9nes Somos<\/h1>\t\t<\/div>\n\n\t\t\t\t<\/div>\n\t\t\t\t<\/div>\n\t\t\t\t<div class=\"elementor-element elementor-element-f4c53a9 elementor-widget__width-auto elementor-widget elementor-widget-ld_breadcrumb\" data-id=\"f4c53a9\" data-element_type=\"widget\" data-widget_type=\"ld_breadcrumb.default\">\n\t\t\t\t<div class=\"elementor-widget-container\">\n\t\t\t<div class=\"lqd-breadcrumb-wrapper\"><div class=\"lqd-shop-topbar-breadcrumb\"><nav class=\"woocommerce-breadcrumb mb-4 mb-md-0\"><ul class=\"breadcrumb reset-ul inline-nav comma-sep-li\"><li>Anasayfa<\/li><\/ul><\/nav><\/div><\/div>\t\t<\/div>\n\t\t\t\t<\/div>\n\t\t\t\t\t<\/div>\n\t\t<\/div>\n\t\t\t\t\t\t\t<\/div>\n\t\t<\/section>\n\t\t\t\t\t<\/div>\n\t\t<\/div>\n\t\t\t\t\t\t\t<\/div>\n\t\t<\/section>\n\t\t\t\t<section class=\"elementor-section elementor-top-section elementor-element elementor-element-a7e733c elementor-section-boxed elementor-section-height-default elementor-section-height-default\" data-id=\"a7e733c\" data-element_type=\"section\" data-settings=\"{&quot;background_background&quot;:&quot;classic&quot;}\">\n\t\t\t\t\t\t<div class=\"elementor-container elementor-column-gap-default\">\n\t\t\t\t\t<div class=\"elementor-column elementor-col-50 elementor-top-column elementor-element elementor-element-b865c0e\" data-id=\"b865c0e\" data-element_type=\"column\">\n\t\t\t<div class=\"elementor-widget-wrap elementor-element-populated\">\n\t\t\t\t\t\t\t\t<div class=\"elementor-element elementor-element-50b5368 elementor-widget elementor-widget-image\" data-id=\"50b5368\" data-element_type=\"widget\" data-widget_type=\"image.default\">\n\t\t\t\t<div class=\"elementor-widget-container\">\n\t\t\t<style>\/*! elementor - v3.7.4 - 31-08-2022 *\/\n.elementor-widget-image{text-align:center}.elementor-widget-image a{display:inline-block}.elementor-widget-image a img[src$=\".svg\"]{width:48px}.elementor-widget-image img{vertical-align:middle;display:inline-block}<\/style>\t\t\t\t\t\t\t\t\t\t\t\t<img decoding=\"async\" width=\"710\" height=\"850\" src=\"https:\/\/drcaturkey.com\/es\/wp-content\/uploads\/2022\/12\/hca-hakkimizda1.jpg\" class=\"attachment-full size-full\" alt=\"\" srcset=\"https:\/\/drcaturkey.com\/es\/wp-content\/uploads\/2022\/12\/hca-hakkimizda1.jpg 710w, https:\/\/drcaturkey.com\/es\/wp-content\/uploads\/2022\/12\/hca-hakkimizda1-251x300.jpg 251w, https:\/\/drcaturkey.com\/es\/wp-content\/uploads\/2022\/12\/hca-hakkimizda1-600x718.jpg 600w\" sizes=\"(max-width: 710px) 100vw, 710px\" \/>\t\t\t\t\t\t\t\t\t\t\t\t\t\t\t<\/div>\n\t\t\t\t<\/div>\n\t\t\t\t\t<\/div>\n\t\t<\/div>\n\t\t\t\t<div class=\"elementor-column elementor-col-50 elementor-top-column elementor-element elementor-element-15ab02f\" data-id=\"15ab02f\" data-element_type=\"column\">\n\t\t\t<div class=\"elementor-widget-wrap elementor-element-populated\">\n\t\t\t\t\t\t\t\t<div class=\"elementor-element elementor-element-16c53c1 elementor-widget elementor-widget-hub_fancy_heading\" data-id=\"16c53c1\" data-element_type=\"widget\" data-widget_type=\"hub_fancy_heading.default\">\n\t\t\t\t<div class=\"elementor-widget-container\">\n\t\t\t\n\t\t<div id=\"ld-fancy-heading-69e3a518b6075\" class=\"ld-fancy-heading pos-rel\">\n\t\t\t<h2 class=\"ld-fh-element d-inline-block pos-rel  elementor-heading-title lqd-highlight-classic lqd-highlight-grow-left h2\"  > Dr. CA Turkey<\/h2>\t\t<\/div>\n\n\t\t\t\t<\/div>\n\t\t\t\t<\/div>\n\t\t\t\t<div class=\"elementor-element elementor-element-5dec46f elementor-widget elementor-widget-spacer\" data-id=\"5dec46f\" data-element_type=\"widget\" data-widget_type=\"spacer.default\">\n\t\t\t\t<div class=\"elementor-widget-container\">\n\t\t\t<style>\/*! elementor - v3.7.4 - 31-08-2022 *\/\n.elementor-column .elementor-spacer-inner{height:var(--spacer-size)}.e-container{--container-widget-width:100%}.e-container>.elementor-widget-spacer{width:var(--container-widget-width,var(--spacer-size));-ms-flex-item-align:stretch;align-self:stretch;-ms-flex-negative:0;flex-shrink:0}.e-container>.elementor-widget-spacer>.elementor-widget-container,.e-container>.elementor-widget-spacer>.elementor-widget-container>.elementor-spacer{height:100%}.e-container>.elementor-widget-spacer>.elementor-widget-container>.elementor-spacer>.elementor-spacer-inner{height:var(--container-widget-height,var(--spacer-size))}<\/style>\t\t<div class=\"elementor-spacer\">\n\t\t\t<div class=\"elementor-spacer-inner\"><\/div>\n\t\t<\/div>\n\t\t\t\t<\/div>\n\t\t\t\t<\/div>\n\t\t\t\t<div class=\"elementor-element elementor-element-63da4fc elementor-widget elementor-widget-text-editor\" data-id=\"63da4fc\" data-element_type=\"widget\" data-widget_type=\"text-editor.default\">\n\t\t\t\t<div class=\"elementor-widget-container\">\n\t\t\t<style>\/*! elementor - v3.7.4 - 31-08-2022 *\/\n.elementor-widget-text-editor.elementor-drop-cap-view-stacked .elementor-drop-cap{background-color:#818a91;color:#fff}.elementor-widget-text-editor.elementor-drop-cap-view-framed .elementor-drop-cap{color:#818a91;border:3px solid;background-color:transparent}.elementor-widget-text-editor:not(.elementor-drop-cap-view-default) .elementor-drop-cap{margin-top:8px}.elementor-widget-text-editor:not(.elementor-drop-cap-view-default) .elementor-drop-cap-letter{width:1em;height:1em}.elementor-widget-text-editor .elementor-drop-cap{float:left;text-align:center;line-height:1;font-size:50px}.elementor-widget-text-editor .elementor-drop-cap-letter{display:inline-block}<\/style>\t\t\t\t<p>Seguimos haciendo sonre\u00edr a nuestros pacientes con nuestra ilusi\u00f3n del primer d\u00eda cada d\u00eda en este camino que emprendemos con nuestros experimentados m\u00e9dicos especializados en el \u00e1mbito del sector sanitario y nuestros equipos m\u00e9dicos de \u00faltima generaci\u00f3n.<\/p><p>En el centro de Estambul, una de las mayores metr\u00f3polis del mundo y de Turqu\u00eda, escuchamos todos los problemas de nuestros apreciados clientes, les proporcionamos an\u00e1lisis detallados y determinamos una hoja de ruta en consecuencia. Al ofrecer nuestros servicios, tambi\u00e9n tenemos en cuenta la comodidad y el confort de nuestros clientes en cada paso, desde el alojamiento, el traslado, los servicios sanitarios hasta las necesidades de viaje, estamos con ellos en cada paso y satisfacemos todas sus necesidades.<\/p><p>Con nuestro personal experto que siguen sirviendo sin olvidar que la salud humana es lo primero y m\u00e1s importante, estamos disponibles 24\/7 antes y despu\u00e9s de sus tratamientos acerca de los riesgos que puede encontrar durante todos los procesos de tratamiento, las posibles consecuencias que pueden surgir y los tratamientos que terminar\u00e1n con la salud, y estamos a su lado siempre que lo necesite.<\/p><p>Como Dr. CA Turqu\u00eda, estamos a su servicio en Estambul, el centro de salud del mundo, con nuestros hospitales concertados que ofrecen servicios sanitarios de primera clase, nuestros m\u00e9dicos especialistas, nuestro personal sanitario formado con a\u00f1os de conocimientos y experiencia, y nuestro personal operativo que puede ofrecerle formaci\u00f3n orientativa en varios idiomas para ayudarle en todas sus necesidades.<\/p>\t\t\t\t\t\t<\/div>\n\t\t\t\t<\/div>\n\t\t\t\t\t<\/div>\n\t\t<\/div>\n\t\t\t\t\t\t\t<\/div>\n\t\t<\/section>\n\t\t\t\t\t\t\t<\/div>\n\t\t","protected":false},"excerpt":{"rendered":"<p>Qui\u00e9nes Somos Anasayfa Dr. CA Turkey Seguimos haciendo sonre\u00edr a nuestros pacientes con nuestra ilusi\u00f3n del primer d\u00eda cada d\u00eda en este camino que emprendemos con nuestros experimentados m\u00e9dicos especializados en el \u00e1mbito del sector sanitario y nuestros equipos m\u00e9dicos de \u00faltima generaci\u00f3n. En el centro de Estambul, una de las mayores metr\u00f3polis del mundo [&hellip;]<\/p>\n","protected":false},"author":1,"featured_media":0,"parent":0,"menu_order":0,"comment_status":"closed","ping_status":"closed","template":"","meta":{"footnotes":""},"class_list":["post-188","page","type-page","status-publish","hentry"],"_links":{"self":[{"href":"https:\/\/drcaturkey.com\/es\/wp-json\/wp\/v2\/pages\/188","targetHints":{"allow":["GET"]}}],"collection":[{"href":"https:\/\/drcaturkey.com\/es\/wp-json\/wp\/v2\/pages"}],"about":[{"href":"https:\/\/drcaturkey.com\/es\/wp-json\/wp\/v2\/types\/page"}],"author":[{"embeddable":true,"href":"https:\/\/drcaturkey.com\/es\/wp-json\/wp\/v2\/users\/1"}],"replies":[{"embeddable":true,"href":"https:\/\/drcaturkey.com\/es\/wp-json\/wp\/v2\/comments?post=188"}],"version-history":[{"count":62,"href":"https:\/\/drcaturkey.com\/es\/wp-json\/wp\/v2\/pages\/188\/revisions"}],"predecessor-version":[{"id":2665,"href":"https:\/\/drcaturkey.com\/es\/wp-json\/wp\/v2\/pages\/188\/revisions\/2665"}],"wp:attachment":[{"href":"https:\/\/drcaturkey.com\/es\/wp-json\/wp\/v2\/media?parent=188"}],"curies":[{"name":"wp","href":"https:\/\/api.w.org\/{rel}","templated":true}]}}