{"id":1047,"date":"2022-09-02T00:31:55","date_gmt":"2022-09-01T21:31:55","guid":{"rendered":"https:\/\/drcaturkey.com\/fr\/?page_id=1047"},"modified":"2023-03-02T13:18:53","modified_gmt":"2023-03-02T10:18:53","slug":"lifting-du-visage","status":"publish","type":"page","link":"https:\/\/drcaturkey.com\/fr\/lifting-du-visage","title":{"rendered":"Lifting du Visage"},"content":{"rendered":"\t\t<div data-elementor-type=\"wp-page\" data-elementor-id=\"1047\" class=\"elementor elementor-1047\">\n\t\t\t\t\t\t\t\t\t<section class=\"elementor-section elementor-top-section elementor-element elementor-element-890e58c elementor-section-boxed elementor-section-height-default elementor-section-height-default\" data-id=\"890e58c\" data-element_type=\"section\" data-settings=\"{&quot;background_background&quot;:&quot;classic&quot;}\">\n\t\t\t\t\t\t<div class=\"elementor-container elementor-column-gap-default\">\n\t\t\t\t\t<div class=\"elementor-column elementor-col-100 elementor-top-column elementor-element elementor-element-7bcab53\" data-id=\"7bcab53\" data-element_type=\"column\">\n\t\t\t<div class=\"elementor-widget-wrap elementor-element-populated\">\n\t\t\t\t\t\t\t\t<section class=\"elementor-section elementor-inner-section elementor-element elementor-element-3d92bd9 elementor-section-boxed elementor-section-height-default elementor-section-height-default\" data-id=\"3d92bd9\" data-element_type=\"section\">\n\t\t\t\t\t\t<div class=\"elementor-container elementor-column-gap-default\">\n\t\t\t\t\t<div class=\"elementor-column elementor-col-100 elementor-inner-column elementor-element elementor-element-8bf6719\" data-id=\"8bf6719\" data-element_type=\"column\">\n\t\t\t<div class=\"elementor-widget-wrap elementor-element-populated\">\n\t\t\t\t\t\t\t\t<div class=\"elementor-element elementor-element-0eb06f7 elementor-widget elementor-widget-hub_fancy_heading\" data-id=\"0eb06f7\" data-element_type=\"widget\" data-widget_type=\"hub_fancy_heading.default\">\n\t\t\t\t<div class=\"elementor-widget-container\">\n\t\t\t\n\t\t<div id=\"ld-fancy-heading-69e3a569b8473\" class=\"ld-fancy-heading pos-rel\">\n\t\t\t<h1 class=\"ld-fh-element d-inline-block pos-rel  elementor-heading-title lqd-highlight-classic lqd-highlight-grow-left h1\"  > Lifting du Visage<\/h1>\t\t<\/div>\n\n\t\t\t\t<\/div>\n\t\t\t\t<\/div>\n\t\t\t\t<div class=\"elementor-element elementor-element-229e214 elementor-widget__width-auto elementor-widget elementor-widget-ld_breadcrumb\" data-id=\"229e214\" data-element_type=\"widget\" data-widget_type=\"ld_breadcrumb.default\">\n\t\t\t\t<div class=\"elementor-widget-container\">\n\t\t\t<div class=\"lqd-breadcrumb-wrapper\"><div class=\"lqd-shop-topbar-breadcrumb\"><nav class=\"woocommerce-breadcrumb mb-4 mb-md-0\"><ul class=\"breadcrumb reset-ul inline-nav comma-sep-li\"><li>Anasayfa<\/li><\/ul><\/nav><\/div><\/div>\t\t<\/div>\n\t\t\t\t<\/div>\n\t\t\t\t\t<\/div>\n\t\t<\/div>\n\t\t\t\t\t\t\t<\/div>\n\t\t<\/section>\n\t\t\t\t\t<\/div>\n\t\t<\/div>\n\t\t\t\t\t\t\t<\/div>\n\t\t<\/section>\n\t\t\t\t<section class=\"elementor-section elementor-top-section elementor-element elementor-element-bf19241 elementor-section-boxed elementor-section-height-default elementor-section-height-default\" data-id=\"bf19241\" data-element_type=\"section\">\n\t\t\t\t\t\t<div class=\"elementor-container elementor-column-gap-default\">\n\t\t\t\t\t<div class=\"lqd-css-sticky-column elementor-column elementor-col-50 elementor-top-column elementor-element elementor-element-7924333 elementor-hidden-mobile\" style=\"--lqd-sticky-offset:30px\" data-id=\"7924333\" data-element_type=\"column\">\n\t\t\t<div class=\"elementor-widget-wrap elementor-element-populated\">\n\t\t\t\t\t\t\t\t<section class=\"elementor-section elementor-inner-section elementor-element elementor-element-53498d9 elementor-section-boxed elementor-section-height-default elementor-section-height-default\" data-id=\"53498d9\" data-element_type=\"section\" data-settings=\"{&quot;background_background&quot;:&quot;classic&quot;}\">\n\t\t\t\t\t\t<div class=\"elementor-container elementor-column-gap-default\">\n\t\t\t\t\t<div class=\"elementor-column elementor-col-100 elementor-inner-column elementor-element elementor-element-3d8fc42\" data-id=\"3d8fc42\" data-element_type=\"column\">\n\t\t\t<div class=\"elementor-widget-wrap elementor-element-populated\">\n\t\t\t\t\t\t\t\t<div class=\"elementor-element elementor-element-4927124 elementor-widget elementor-widget-hub_fancy_heading\" data-id=\"4927124\" data-element_type=\"widget\" data-widget_type=\"hub_fancy_heading.default\">\n\t\t\t\t<div class=\"elementor-widget-container\">\n\t\t\t\n\t\t<div id=\"ld-fancy-heading-69e3a569ba34d\" class=\"ld-fancy-heading pos-rel\">\n\t\t\t<h6 class=\"ld-fh-element d-inline-block pos-rel  elementor-heading-title lqd-highlight-classic lqd-highlight-grow-left h6\"  > PRENDRE RENDEZ-VOUS<\/h6>\t\t<\/div>\n\n\t\t\t\t<\/div>\n\t\t\t\t<\/div>\n\t\t\t\t<div class=\"elementor-element elementor-element-1e8984d elementor-widget elementor-widget-ld_cf722\" data-id=\"1e8984d\" data-element_type=\"widget\" data-widget_type=\"ld_cf722.default\">\n\t\t\t\t<div class=\"elementor-widget-container\">\n\t\t\t\n\t<div class=\"lqd-contact-form lqd-contact-form-inputs-underlined lqd-contact-form-button-block lqd-contact-form-button-circle lqd-contact-form-inputs-sm\" >\n\t\t<div role=\"form\" class=\"wpcf7\" id=\"wpcf7-f6-o1\" lang=\"tr-TR\" dir=\"ltr\">\n<div class=\"screen-reader-response\"><p role=\"status\" aria-live=\"polite\" aria-atomic=\"true\"><\/p> <ul><\/ul><\/div>\n<form action=\"\/fr\/wp-json\/wp\/v2\/pages\/1047#wpcf7-f6-o1\" method=\"post\" class=\"wpcf7-form init\" novalidate=\"novalidate\" data-status=\"init\">\n<div style=\"display: none;\">\n<input type=\"hidden\" name=\"_wpcf7\" value=\"6\" \/>\n<input type=\"hidden\" name=\"_wpcf7_version\" value=\"5.6.3\" \/>\n<input type=\"hidden\" name=\"_wpcf7_locale\" value=\"tr_TR\" \/>\n<input type=\"hidden\" name=\"_wpcf7_unit_tag\" value=\"wpcf7-f6-o1\" \/>\n<input type=\"hidden\" name=\"_wpcf7_container_post\" value=\"0\" \/>\n<input type=\"hidden\" name=\"_wpcf7_posted_data_hash\" value=\"\" \/>\n<\/div>\n<p><span class=\"wpcf7-form-control-wrap\" data-name=\"adi\"><input type=\"text\" name=\"adi\" value=\"\" size=\"40\" class=\"wpcf7-form-control wpcf7-text wpcf7-validates-as-required\" aria-required=\"true\" aria-invalid=\"false\" placeholder=\"Votre Nom\" \/><\/span><br \/>\n<span class=\"wpcf7-form-control-wrap\" data-name=\"phone\"><input type=\"text\" name=\"phone\" value=\"\" size=\"40\" class=\"wpcf7-form-control wpcf7-text wpcf7-validates-as-required\" aria-required=\"true\" aria-invalid=\"false\" placeholder=\"Ton Num\u00e9ro de T\u00e9l\u00e9phone\" \/><\/span><br \/>\n<span class=\"wpcf7-form-control-wrap\" data-name=\"message\"><textarea name=\"message\" cols=\"40\" rows=\"2\" class=\"wpcf7-form-control wpcf7-textarea\" aria-invalid=\"false\" placeholder=\"Votre Message\"><\/textarea><\/span><br \/>\n<input type=\"submit\" value=\"Soumettre le Formulaire\" class=\"wpcf7-form-control has-spinner wpcf7-submit\" \/><\/p>\n<div class=\"wpcf7-response-output\" aria-hidden=\"true\"><\/div><\/form><\/div>\t<\/div>\n\n\t\t\t<\/div>\n\t\t\t\t<\/div>\n\t\t\t\t\t<\/div>\n\t\t<\/div>\n\t\t\t\t\t\t\t<\/div>\n\t\t<\/section>\n\t\t\t\t<section class=\"elementor-section elementor-inner-section elementor-element elementor-element-e04adb6 elementor-section-boxed elementor-section-height-default elementor-section-height-default\" data-id=\"e04adb6\" data-element_type=\"section\">\n\t\t\t\t\t\t<div class=\"elementor-container elementor-column-gap-default\">\n\t\t\t\t\t<div class=\"elementor-column elementor-col-100 elementor-inner-column elementor-element elementor-element-13470dd\" data-id=\"13470dd\" data-element_type=\"column\">\n\t\t\t<div class=\"elementor-widget-wrap elementor-element-populated\">\n\t\t\t\t\t\t\t\t<div class=\"elementor-element elementor-element-e3ddc82 elementor-widget elementor-widget-hub_fancy_heading\" data-id=\"e3ddc82\" data-element_type=\"widget\" data-widget_type=\"hub_fancy_heading.default\">\n\t\t\t\t<div class=\"elementor-widget-container\">\n\t\t\t\n\t\t<div id=\"ld-fancy-heading-69e3a569bc61d\" class=\"ld-fancy-heading pos-rel\">\n\t\t\t<h6 class=\"ld-fh-element d-inline-block pos-rel  elementor-heading-title lqd-highlight-classic lqd-highlight-grow-left h6\"  > Esthet\u0131que du v\u0131sage<\/h6>\t\t<\/div>\n\n\t\t\t\t<\/div>\n\t\t\t\t<\/div>\n\t\t\t\t<div class=\"elementor-element elementor-element-42176d6 elementor-widget elementor-widget-ld_custom_menu\" data-id=\"42176d6\" data-element_type=\"widget\" data-widget_type=\"ld_custom_menu.default\">\n\t\t\t\t<div class=\"elementor-widget-container\">\n\t\t\t\n\t\t\t<div  \n\t\t\t\tclass=\"lqd-fancy-menu lqd-custom-menu pos-rel lqd-menu-td-none\"\n\t\t\t\t\t\t\t>\n\t\t\t\n\t\t\t\t\t\t\t<ul class=\"reset-ul\" id=\"42176d6\"  data-localscroll=\"true\" data-localscroll-options=\"{&quot;itemsSelector&quot;:&quot;&gt; li &gt; a&quot;,&quot;trackWindowScroll&quot;:true,&quot;includeParentAsOffset&quot;:false,&quot;offsetElements&quot;:&quot;[data-sticky-header] .lqd-head-sec-wrap:not(.lqd-hide-onstuck), #wpadminbar, body.elementor-page .main-header[data-sticky-header] &gt; .elementor &gt; .elementor-section-wrap &gt; .elementor-section:not(.lqd-hide-onstuck):not(.lqd-stickybar-wrap), body.elementor-page .main-header[data-sticky-header] &gt; .elementor &gt; .elementor-section:not(.lqd-hide-onstuck):not(.lqd-stickybar-wrap)&quot;}\">\n\t\t\t\t\n\t\t\t\t\t\t<li>\n\t\t\t\t\t\t\t<a  href=\"https:\/\/drcaturkey.com\/fr\/esthetique-du-nez\" target=\"_self\" > \n\n\t\t\t\t\t\t\t\t\t\t\t\t\t\t\t\t\t<span class=\"link-icon d-inline-flex hide-if-empty right-icon icon-next-to-label\"><i aria-hidden=\"true\" class=\"lqd-icn-ess icon-ion-ios-arrow-forward\"><\/i><\/span>\t\n\t\t\t\t\t\t\t\t\n\t\t\t\t\t\t\t\t\t\t\t\t\t\t\t\t\tEsth\u00e9tique du Nez  \n\t\t\t\t\t\t\t\t\t\t\t\t\t\t\t\t\t\t\t\t\t\t\t<\/a>\n\t\t\t\t\t\t\t\t\t\t\t\t\t<\/li>\n\n\t\t\t\t\t\t\n\t\t\t\t\t\t<li>\n\t\t\t\t\t\t\t<a  href=\"https:\/\/drcaturkey.com\/fr\/lifting-du-visage\" target=\"_self\" > \n\n\t\t\t\t\t\t\t\t\t\t\t\t\t\t\t\t\t<span class=\"link-icon d-inline-flex hide-if-empty right-icon icon-next-to-label\"><i aria-hidden=\"true\" class=\"lqd-icn-ess icon-ion-ios-arrow-forward\"><\/i><\/span>\t\n\t\t\t\t\t\t\t\t\n\t\t\t\t\t\t\t\t\t\t\t\t\t\t\t\t\tLifting du Visage  \n\t\t\t\t\t\t\t\t\t\t\t\t\t\t\t\t\t\t\t\t\t\t\t<\/a>\n\t\t\t\t\t\t\t\t\t\t\t\t\t<\/li>\n\n\t\t\t\t\t\t\n\t\t\t\t\t\t<li>\n\t\t\t\t\t\t\t<a  href=\"https:\/\/drcaturkey.com\/fr\/lifting-des-sourcils\" target=\"_self\" > \n\n\t\t\t\t\t\t\t\t\t\t\t\t\t\t\t\t\t<span class=\"link-icon d-inline-flex hide-if-empty right-icon icon-next-to-label\"><i aria-hidden=\"true\" class=\"lqd-icn-ess icon-ion-ios-arrow-forward\"><\/i><\/span>\t\n\t\t\t\t\t\t\t\t\n\t\t\t\t\t\t\t\t\t\t\t\t\t\t\t\t\tLifting Des Sourcils  \n\t\t\t\t\t\t\t\t\t\t\t\t\t\t\t\t\t\t\t\t\t\t\t<\/a>\n\t\t\t\t\t\t\t\t\t\t\t\t\t<\/li>\n\n\t\t\t\t\t\t\n\t\t\t\t\t\t<li>\n\t\t\t\t\t\t\t<a  href=\"https:\/\/drcaturkey.com\/fr\/esthetique-des-paupieres\" target=\"_self\" > \n\n\t\t\t\t\t\t\t\t\t\t\t\t\t\t\t\t\t<span class=\"link-icon d-inline-flex hide-if-empty right-icon icon-next-to-label\"><i aria-hidden=\"true\" class=\"lqd-icn-ess icon-ion-ios-arrow-forward\"><\/i><\/span>\t\n\t\t\t\t\t\t\t\t\n\t\t\t\t\t\t\t\t\t\t\t\t\t\t\t\t\tEsth\u00e9tique Des Paupi\u00e8res  \n\t\t\t\t\t\t\t\t\t\t\t\t\t\t\t\t\t\t\t\t\t\t\t<\/a>\n\t\t\t\t\t\t\t\t\t\t\t\t\t<\/li>\n\n\t\t\t\t\t\t\n\t\t\t\t\t\t<li>\n\t\t\t\t\t\t\t<a  href=\"https:\/\/drcaturkey.com\/fr\/esthetique-de-loreille\" target=\"_self\" > \n\n\t\t\t\t\t\t\t\t\t\t\t\t\t\t\t\t\t<span class=\"link-icon d-inline-flex hide-if-empty right-icon icon-next-to-label\"><i aria-hidden=\"true\" class=\"lqd-icn-ess icon-ion-ios-arrow-forward\"><\/i><\/span>\t\n\t\t\t\t\t\t\t\t\n\t\t\t\t\t\t\t\t\t\t\t\t\t\t\t\t\tEsth\u00e9tique de L'oreille  \n\t\t\t\t\t\t\t\t\t\t\t\t\t\t\t\t\t\t\t\t\t\t\t<\/a>\n\t\t\t\t\t\t\t\t\t\t\t\t\t<\/li>\n\n\t\t\t\t\t\t\t\t\t\t<\/ul>\n\t\t\t\t\t\t\t\t\t<\/div>\n\t\t\t\t<\/div>\n\t\t\t\t<\/div>\n\t\t\t\t\t<\/div>\n\t\t<\/div>\n\t\t\t\t\t\t\t<\/div>\n\t\t<\/section>\n\t\t\t\t\t<\/div>\n\t\t<\/div>\n\t\t\t\t<div class=\"elementor-column elementor-col-50 elementor-top-column elementor-element elementor-element-9c66731\" data-id=\"9c66731\" data-element_type=\"column\">\n\t\t\t<div class=\"elementor-widget-wrap elementor-element-populated\">\n\t\t\t\t\t\t\t\t<section class=\"elementor-section elementor-inner-section elementor-element elementor-element-068e5d5 elementor-section-boxed elementor-section-height-default elementor-section-height-default\" data-id=\"068e5d5\" data-element_type=\"section\">\n\t\t\t\t\t\t<div class=\"elementor-container elementor-column-gap-default\">\n\t\t\t\t\t<div class=\"elementor-column elementor-col-100 elementor-inner-column elementor-element elementor-element-c8cb3ea\" data-id=\"c8cb3ea\" data-element_type=\"column\">\n\t\t\t<div class=\"elementor-widget-wrap elementor-element-populated\">\n\t\t\t\t\t\t\t\t<div class=\"elementor-element elementor-element-c4bd6c1 elementor-widget elementor-widget-hub_fancy_heading\" data-id=\"c4bd6c1\" data-element_type=\"widget\" data-widget_type=\"hub_fancy_heading.default\">\n\t\t\t\t<div class=\"elementor-widget-container\">\n\t\t\t\n\t\t<div id=\"ld-fancy-heading-69e3a569cc400\" class=\"ld-fancy-heading pos-rel\">\n\t\t\t<h6 class=\"ld-fh-element d-inline-block pos-rel  elementor-heading-title lqd-highlight-classic lqd-highlight-grow-left h6\"  > L\u0131ft\u0131ng du V\u0131sage<\/h6>\t\t<\/div>\n\n\t\t\t\t<\/div>\n\t\t\t\t<\/div>\n\t\t\t\t<div class=\"elementor-element elementor-element-4012756 elementor-widget elementor-widget-text-editor\" data-id=\"4012756\" data-element_type=\"widget\" data-widget_type=\"text-editor.default\">\n\t\t\t\t<div class=\"elementor-widget-container\">\n\t\t\t<style>\/*! elementor - v3.7.4 - 31-08-2022 *\/\n.elementor-widget-text-editor.elementor-drop-cap-view-stacked .elementor-drop-cap{background-color:#818a91;color:#fff}.elementor-widget-text-editor.elementor-drop-cap-view-framed .elementor-drop-cap{color:#818a91;border:3px solid;background-color:transparent}.elementor-widget-text-editor:not(.elementor-drop-cap-view-default) .elementor-drop-cap{margin-top:8px}.elementor-widget-text-editor:not(.elementor-drop-cap-view-default) .elementor-drop-cap-letter{width:1em;height:1em}.elementor-widget-text-editor .elementor-drop-cap{float:left;text-align:center;line-height:1;font-size:50px}.elementor-widget-text-editor .elementor-drop-cap-letter{display:inline-block}<\/style>\t\t\t\t<p>La chirurgie de lifting est une m\u00e9thode qui aide \u00e0 \u00e9liminer le rel\u00e2chement cutan\u00e9 du visage et du cou et la graisse sous le menton. Gr\u00e2ce \u00e0 la chirurgie du lifting, la patiente se sentira mieux, vivante, belle et jeune. Gr\u00e2ce \u00e0 la chirurgie du lifting, l\u2019exc\u00e8s de peau est retir\u00e9 et le visage est raffermi. Si l\u2019\u00e9lasticit\u00e9 de la peau de la personne n\u2019est pas perdue, le r\u00e9sultat de la chirurgie de lifting sera beaucoup plus r\u00e9ussi. La chirurgie de lifting du visage peut \u00eatre r\u00e9alis\u00e9e seule ou en combinaison avec un lifting du front et une esth\u00e9tique des paupi\u00e8res. Les candidats les plus appropri\u00e9s pour la chirurgie de lifting sont les personnes \u00e2g\u00e9es de 40 \u00e0 65 ans qui ont un rel\u00e2chement et une lubrification de la peau du visage et du cou, mais qui ont une bonne \u00e9lasticit\u00e9 de la peau. La dur\u00e9e moyenne d\u2019une chirurgie de lifting varie entre 3 et 4 heures. Bien que l\u2019anesth\u00e9sie g\u00e9n\u00e9rale soit pr\u00e9f\u00e9r\u00e9e dans cette chirurgie, une anesth\u00e9sie locale peut \u00e9galement \u00eatre appliqu\u00e9e. L\u2019emplacement des incisions \u00e0 faire dans la chirurgie est ajust\u00e9 en fonction de la structure du visage et de la technique de la chirurgie.<\/p><p><strong>Y a-t-il une limite d\u2019\u00e2ge pour la chirurgie de lifting\u00a0?<\/strong><\/p><p>G\u00e9n\u00e9ralement, apr\u00e8s l\u2019\u00e2ge de 50 ans, de nombreuses personnes commencent \u00e0 remarquer un affaissement et une lubrification sur leur visage. Les irr\u00e9gularit\u00e9s de la peau au niveau de la m\u00e2choire et du cou et les plis devant les oreilles d\u00e9rangent le plus la personne. \u00c0 ce stade, la chirurgie de lifting doit \u00eatre appliqu\u00e9e et le rajeunissement doit \u00eatre assur\u00e9 avec le succ\u00e8s de la m\u00e9thode.<\/p><p><strong>Vais-je ressentir beaucoup de douleur apr\u00e8s une op\u00e9ration de lifting\u00a0?<\/strong><\/p><p>Comme on le voit apr\u00e8s toutes les interventions chirurgicales, une l\u00e9g\u00e8re douleur peut \u00eatre ressentie pendant quelques jours apr\u00e8s la proc\u00e9dure de lifting. Avec l\u2019aide de m\u00e9dicaments donn\u00e9s au patient apr\u00e8s la chirurgie, ces douleurs peuvent \u00eatre facilement \u00e9vit\u00e9es. Un gonflement et des ecchymoses seront visibles sur votre visage apr\u00e8s l\u2019op\u00e9ration, mais ceux-ci ne devraient pas vous causer de peur ou d\u2019anxi\u00e9t\u00e9. En 1 mois, vous remarquerez que vous \u00eates instantan\u00e9ment lib\u00e9r\u00e9 de ces situations. Vous pouvez reprendre votre vie normale et travailler deux semaines apr\u00e8s la chirurgie de lifting.<\/p><p><strong>Y aura-t-il des cicatrices sur mon visage apr\u00e8s une op\u00e9ration de lifting\u00a0?<\/strong><\/p><p>\u00c9tant donn\u00e9 que des sutures et des pansements sp\u00e9ciaux sont utilis\u00e9s dans la chirurgie de lifting, les cicatrices sur le visage seront minimes. \u00c9tant donn\u00e9 que les cicatrices \u00e0 former seront entre le cuir chevelu, il n\u2019y aura pas de visible \u00e9vident. Puisque la vergeture autour de l\u2019oreille sera \u00e0 la jonction de l\u2019oreille et du visage et m\u00eame sous le lobe de l\u2019oreille, elle ne sera pas \u00e9vidente ici non plus.<\/p><p><strong>Mon expression faciale change-t-elle apr\u00e8s une op\u00e9ration de lifting\u00a0?<\/strong><\/p><p>\u00c9tant donn\u00e9 que les personnes ont une condition anatomique unique, le chirurgien doit commencer la chirurgie de lifting en calculant et en tenant compte de celles-ci. L\u2019op\u00e9ration doit \u00eatre r\u00e9alis\u00e9e avec un chirurgien qui conna\u00eet l\u2019anatomie du vieillissement. De plus, si la chirurgie de lifting est effectu\u00e9e en pr\u00eatant attention aux expressions faciales et \u00e0 la structure anatomique du visage, aucun changement ne sera observ\u00e9 dans l\u2019expression faciale.<\/p><p><strong>Combien de temps vais-je r\u00e9cup\u00e9rer apr\u00e8s une op\u00e9ration de lifting\u00a0?<\/strong><\/p><p>Le temps de gu\u00e9rison des incisions faciales apr\u00e8s la chirurgie est compris entre 7 et 10 jours. L\u2019\u0153d\u00e8me postop\u00e9ratoire est l\u2019un des probl\u00e8mes qui dure 2 \u00e0 3 semaines mais qui se r\u00e9sout rapidement. Apr\u00e8s une op\u00e9ration de lifting, les patients peuvent reprendre leur vie professionnelle entre 2 et 3 semaines. Le lifting du visage peut \u00eatre effectu\u00e9 seul ou en combinaison avec d\u2019autres chirurgies telles que le lifting du front, les chirurgies des paupi\u00e8res et du nez. Il faut savoir que dans une chirurgie r\u00e9alis\u00e9e de cette mani\u00e8re, d\u2019autres proc\u00e9dures auront \u00e9galement leurs propres p\u00e9riodes de r\u00e9cup\u00e9ration.<\/p>\t\t\t\t\t\t<\/div>\n\t\t\t\t<\/div>\n\t\t\t\t\t<\/div>\n\t\t<\/div>\n\t\t\t\t\t\t\t<\/div>\n\t\t<\/section>\n\t\t\t\t\t<\/div>\n\t\t<\/div>\n\t\t\t\t\t\t\t<\/div>\n\t\t<\/section>\n\t\t\t\t\t\t\t<\/div>\n\t\t","protected":false},"excerpt":{"rendered":"<p>Lifting du Visage Anasayfa PRENDRE RENDEZ-VOUS Esthet\u0131que du v\u0131sage Esth\u00e9tique du Nez Lifting du Visage Lifting Des Sourcils Esth\u00e9tique Des Paupi\u00e8res Esth\u00e9tique de L&#8217;oreille L\u0131ft\u0131ng du V\u0131sage La chirurgie de lifting est une m\u00e9thode qui aide \u00e0 \u00e9liminer le rel\u00e2chement cutan\u00e9 du visage et du cou et la graisse sous le menton. Gr\u00e2ce \u00e0 la [&hellip;]<\/p>\n","protected":false},"author":1,"featured_media":0,"parent":0,"menu_order":0,"comment_status":"closed","ping_status":"closed","template":"","meta":{"footnotes":""},"class_list":["post-1047","page","type-page","status-publish","hentry"],"_links":{"self":[{"href":"https:\/\/drcaturkey.com\/fr\/wp-json\/wp\/v2\/pages\/1047","targetHints":{"allow":["GET"]}}],"collection":[{"href":"https:\/\/drcaturkey.com\/fr\/wp-json\/wp\/v2\/pages"}],"about":[{"href":"https:\/\/drcaturkey.com\/fr\/wp-json\/wp\/v2\/types\/page"}],"author":[{"embeddable":true,"href":"https:\/\/drcaturkey.com\/fr\/wp-json\/wp\/v2\/users\/1"}],"replies":[{"embeddable":true,"href":"https:\/\/drcaturkey.com\/fr\/wp-json\/wp\/v2\/comments?post=1047"}],"version-history":[{"count":41,"href":"https:\/\/drcaturkey.com\/fr\/wp-json\/wp\/v2\/pages\/1047\/revisions"}],"predecessor-version":[{"id":2856,"href":"https:\/\/drcaturkey.com\/fr\/wp-json\/wp\/v2\/pages\/1047\/revisions\/2856"}],"wp:attachment":[{"href":"https:\/\/drcaturkey.com\/fr\/wp-json\/wp\/v2\/media?parent=1047"}],"curies":[{"name":"wp","href":"https:\/\/api.w.org\/{rel}","templated":true}]}}