{"id":1083,"date":"2022-09-02T00:42:03","date_gmt":"2022-09-01T21:42:03","guid":{"rendered":"https:\/\/drcaturkey.com\/fr\/?page_id=1083"},"modified":"2023-03-02T13:41:07","modified_gmt":"2023-03-02T10:41:07","slug":"reduction-mammaire","status":"publish","type":"page","link":"https:\/\/drcaturkey.com\/fr\/reduction-mammaire","title":{"rendered":"R\u00e9duction Mammaire"},"content":{"rendered":"\t\t<div data-elementor-type=\"wp-page\" data-elementor-id=\"1083\" class=\"elementor elementor-1083\">\n\t\t\t\t\t\t\t\t\t<section class=\"elementor-section elementor-top-section elementor-element elementor-element-adb1e4b elementor-section-boxed elementor-section-height-default elementor-section-height-default\" data-id=\"adb1e4b\" data-element_type=\"section\" data-settings=\"{&quot;background_background&quot;:&quot;classic&quot;}\">\n\t\t\t\t\t\t<div class=\"elementor-container elementor-column-gap-default\">\n\t\t\t\t\t<div class=\"elementor-column elementor-col-100 elementor-top-column elementor-element elementor-element-e5b08b9\" data-id=\"e5b08b9\" data-element_type=\"column\">\n\t\t\t<div class=\"elementor-widget-wrap elementor-element-populated\">\n\t\t\t\t\t\t\t\t<section class=\"elementor-section elementor-inner-section elementor-element elementor-element-05b0de9 elementor-section-boxed elementor-section-height-default elementor-section-height-default\" data-id=\"05b0de9\" data-element_type=\"section\">\n\t\t\t\t\t\t<div class=\"elementor-container elementor-column-gap-default\">\n\t\t\t\t\t<div class=\"elementor-column elementor-col-100 elementor-inner-column elementor-element elementor-element-d9c1347\" data-id=\"d9c1347\" data-element_type=\"column\">\n\t\t\t<div class=\"elementor-widget-wrap elementor-element-populated\">\n\t\t\t\t\t\t\t\t<div class=\"elementor-element elementor-element-5cf9df0 elementor-widget elementor-widget-hub_fancy_heading\" data-id=\"5cf9df0\" data-element_type=\"widget\" data-widget_type=\"hub_fancy_heading.default\">\n\t\t\t\t<div class=\"elementor-widget-container\">\n\t\t\t\n\t\t<div id=\"ld-fancy-heading-69e3a536a2839\" class=\"ld-fancy-heading pos-rel\">\n\t\t\t<h1 class=\"ld-fh-element d-inline-block pos-rel  elementor-heading-title lqd-highlight-classic lqd-highlight-grow-left h1\"  > R\u00e9duction Mammaire\n<\/h1>\t\t<\/div>\n\n\t\t\t\t<\/div>\n\t\t\t\t<\/div>\n\t\t\t\t<div class=\"elementor-element elementor-element-fa67a6f elementor-widget__width-auto elementor-widget elementor-widget-ld_breadcrumb\" data-id=\"fa67a6f\" data-element_type=\"widget\" data-widget_type=\"ld_breadcrumb.default\">\n\t\t\t\t<div class=\"elementor-widget-container\">\n\t\t\t<div class=\"lqd-breadcrumb-wrapper\"><div class=\"lqd-shop-topbar-breadcrumb\"><nav class=\"woocommerce-breadcrumb mb-4 mb-md-0\"><ul class=\"breadcrumb reset-ul inline-nav comma-sep-li\"><li>Anasayfa<\/li><\/ul><\/nav><\/div><\/div>\t\t<\/div>\n\t\t\t\t<\/div>\n\t\t\t\t\t<\/div>\n\t\t<\/div>\n\t\t\t\t\t\t\t<\/div>\n\t\t<\/section>\n\t\t\t\t\t<\/div>\n\t\t<\/div>\n\t\t\t\t\t\t\t<\/div>\n\t\t<\/section>\n\t\t\t\t<section class=\"elementor-section elementor-top-section elementor-element elementor-element-bf19241 elementor-section-boxed elementor-section-height-default elementor-section-height-default\" data-id=\"bf19241\" data-element_type=\"section\">\n\t\t\t\t\t\t<div class=\"elementor-container elementor-column-gap-default\">\n\t\t\t\t\t<div class=\"lqd-css-sticky-column elementor-column elementor-col-50 elementor-top-column elementor-element elementor-element-dfd2d2e elementor-hidden-mobile\" style=\"--lqd-sticky-offset:30px\" data-id=\"dfd2d2e\" data-element_type=\"column\">\n\t\t\t<div class=\"elementor-widget-wrap elementor-element-populated\">\n\t\t\t\t\t\t\t\t<section class=\"elementor-section elementor-inner-section elementor-element elementor-element-e5530c3 elementor-section-boxed elementor-section-height-default elementor-section-height-default\" data-id=\"e5530c3\" data-element_type=\"section\" data-settings=\"{&quot;background_background&quot;:&quot;classic&quot;}\">\n\t\t\t\t\t\t<div class=\"elementor-container elementor-column-gap-default\">\n\t\t\t\t\t<div class=\"elementor-column elementor-col-100 elementor-inner-column elementor-element elementor-element-1198885\" data-id=\"1198885\" data-element_type=\"column\">\n\t\t\t<div class=\"elementor-widget-wrap elementor-element-populated\">\n\t\t\t\t\t\t\t\t<div class=\"elementor-element elementor-element-9104f0c elementor-widget elementor-widget-hub_fancy_heading\" data-id=\"9104f0c\" data-element_type=\"widget\" data-widget_type=\"hub_fancy_heading.default\">\n\t\t\t\t<div class=\"elementor-widget-container\">\n\t\t\t\n\t\t<div id=\"ld-fancy-heading-69e3a536b0197\" class=\"ld-fancy-heading pos-rel\">\n\t\t\t<h6 class=\"ld-fh-element d-inline-block pos-rel  elementor-heading-title lqd-highlight-classic lqd-highlight-grow-left h6\"  > PRENDRE RENDEZ-VOUS<\/h6>\t\t<\/div>\n\n\t\t\t\t<\/div>\n\t\t\t\t<\/div>\n\t\t\t\t<div class=\"elementor-element elementor-element-97cf1e2 elementor-widget elementor-widget-ld_cf722\" data-id=\"97cf1e2\" data-element_type=\"widget\" data-widget_type=\"ld_cf722.default\">\n\t\t\t\t<div class=\"elementor-widget-container\">\n\t\t\t\n\t<div class=\"lqd-contact-form lqd-contact-form-inputs-underlined lqd-contact-form-button-block lqd-contact-form-button-circle lqd-contact-form-inputs-sm\" >\n\t\t<div role=\"form\" class=\"wpcf7\" id=\"wpcf7-f6-o1\" lang=\"tr-TR\" dir=\"ltr\">\n<div class=\"screen-reader-response\"><p role=\"status\" aria-live=\"polite\" aria-atomic=\"true\"><\/p> <ul><\/ul><\/div>\n<form action=\"\/fr\/wp-json\/wp\/v2\/pages\/1083#wpcf7-f6-o1\" method=\"post\" class=\"wpcf7-form init\" novalidate=\"novalidate\" data-status=\"init\">\n<div style=\"display: none;\">\n<input type=\"hidden\" name=\"_wpcf7\" value=\"6\" \/>\n<input type=\"hidden\" name=\"_wpcf7_version\" value=\"5.6.3\" \/>\n<input type=\"hidden\" name=\"_wpcf7_locale\" value=\"tr_TR\" \/>\n<input type=\"hidden\" name=\"_wpcf7_unit_tag\" value=\"wpcf7-f6-o1\" \/>\n<input type=\"hidden\" name=\"_wpcf7_container_post\" value=\"0\" \/>\n<input type=\"hidden\" name=\"_wpcf7_posted_data_hash\" value=\"\" \/>\n<\/div>\n<p><span class=\"wpcf7-form-control-wrap\" data-name=\"adi\"><input type=\"text\" name=\"adi\" value=\"\" size=\"40\" class=\"wpcf7-form-control wpcf7-text wpcf7-validates-as-required\" aria-required=\"true\" aria-invalid=\"false\" placeholder=\"Votre Nom\" \/><\/span><br \/>\n<span class=\"wpcf7-form-control-wrap\" data-name=\"phone\"><input type=\"text\" name=\"phone\" value=\"\" size=\"40\" class=\"wpcf7-form-control wpcf7-text wpcf7-validates-as-required\" aria-required=\"true\" aria-invalid=\"false\" placeholder=\"Ton Num\u00e9ro de T\u00e9l\u00e9phone\" \/><\/span><br \/>\n<span class=\"wpcf7-form-control-wrap\" data-name=\"message\"><textarea name=\"message\" cols=\"40\" rows=\"2\" class=\"wpcf7-form-control wpcf7-textarea\" aria-invalid=\"false\" placeholder=\"Votre Message\"><\/textarea><\/span><br \/>\n<input type=\"submit\" value=\"Soumettre le Formulaire\" class=\"wpcf7-form-control has-spinner wpcf7-submit\" \/><\/p>\n<div class=\"wpcf7-response-output\" aria-hidden=\"true\"><\/div><\/form><\/div>\t<\/div>\n\n\t\t\t<\/div>\n\t\t\t\t<\/div>\n\t\t\t\t\t<\/div>\n\t\t<\/div>\n\t\t\t\t\t\t\t<\/div>\n\t\t<\/section>\n\t\t\t\t<section class=\"elementor-section elementor-inner-section elementor-element elementor-element-9b128f3 elementor-section-boxed elementor-section-height-default elementor-section-height-default\" data-id=\"9b128f3\" data-element_type=\"section\">\n\t\t\t\t\t\t<div class=\"elementor-container elementor-column-gap-default\">\n\t\t\t\t\t<div class=\"elementor-column elementor-col-100 elementor-inner-column elementor-element elementor-element-d177d5b\" data-id=\"d177d5b\" data-element_type=\"column\">\n\t\t\t<div class=\"elementor-widget-wrap elementor-element-populated\">\n\t\t\t\t\t\t\t\t<div class=\"elementor-element elementor-element-2e3c84c elementor-widget elementor-widget-hub_fancy_heading\" data-id=\"2e3c84c\" data-element_type=\"widget\" data-widget_type=\"hub_fancy_heading.default\">\n\t\t\t\t<div class=\"elementor-widget-container\">\n\t\t\t\n\t\t<div id=\"ld-fancy-heading-69e3a536b23ff\" class=\"ld-fancy-heading pos-rel\">\n\t\t\t<h6 class=\"ld-fh-element d-inline-block pos-rel  elementor-heading-title lqd-highlight-classic lqd-highlight-grow-left h6\"  > ESTH\u00c9TIQUE SEMINAIRE<\/h6>\t\t<\/div>\n\n\t\t\t\t<\/div>\n\t\t\t\t<\/div>\n\t\t\t\t<div class=\"elementor-element elementor-element-b6a4709 elementor-widget elementor-widget-ld_custom_menu\" data-id=\"b6a4709\" data-element_type=\"widget\" data-widget_type=\"ld_custom_menu.default\">\n\t\t\t\t<div class=\"elementor-widget-container\">\n\t\t\t\n\t\t\t<div  \n\t\t\t\tclass=\"lqd-fancy-menu lqd-custom-menu pos-rel lqd-menu-td-none\"\n\t\t\t\t\t\t\t>\n\t\t\t\n\t\t\t\t\t\t\t<ul class=\"reset-ul\" id=\"b6a4709\"  data-localscroll=\"true\" data-localscroll-options=\"{&quot;itemsSelector&quot;:&quot;&gt; li &gt; a&quot;,&quot;trackWindowScroll&quot;:true,&quot;includeParentAsOffset&quot;:false,&quot;offsetElements&quot;:&quot;[data-sticky-header] .lqd-head-sec-wrap:not(.lqd-hide-onstuck), #wpadminbar, body.elementor-page .main-header[data-sticky-header] &gt; .elementor &gt; .elementor-section-wrap &gt; .elementor-section:not(.lqd-hide-onstuck):not(.lqd-stickybar-wrap), body.elementor-page .main-header[data-sticky-header] &gt; .elementor &gt; .elementor-section:not(.lqd-hide-onstuck):not(.lqd-stickybar-wrap)&quot;}\">\n\t\t\t\t\n\t\t\t\t\t\t<li>\n\t\t\t\t\t\t\t<a  href=\"https:\/\/drcaturkey.com\/fr\/augmentation-mammaire\" target=\"_self\" > \n\n\t\t\t\t\t\t\t\t\t\t\t\t\t\t\t\t\t<span class=\"link-icon d-inline-flex hide-if-empty right-icon icon-next-to-label\"><i aria-hidden=\"true\" class=\"lqd-icn-ess icon-ion-ios-arrow-forward\"><\/i><\/span>\t\n\t\t\t\t\t\t\t\t\n\t\t\t\t\t\t\t\t\t\t\t\t\t\t\t\t\tAugmentation Mammaire  \n\t\t\t\t\t\t\t\t\t\t\t\t\t\t\t\t\t\t\t\t\t\t\t<\/a>\n\t\t\t\t\t\t\t\t\t\t\t\t\t<\/li>\n\n\t\t\t\t\t\t\n\t\t\t\t\t\t<li>\n\t\t\t\t\t\t\t<a  href=\"https:\/\/drcaturkey.com\/fr\/reduction-mammaire\" target=\"_self\" > \n\n\t\t\t\t\t\t\t\t\t\t\t\t\t\t\t\t\t<span class=\"link-icon d-inline-flex hide-if-empty right-icon icon-next-to-label\"><i aria-hidden=\"true\" class=\"lqd-icn-ess icon-ion-ios-arrow-forward\"><\/i><\/span>\t\n\t\t\t\t\t\t\t\t\n\t\t\t\t\t\t\t\t\t\t\t\t\t\t\t\t\tR\u00e9duction Mammaire  \n\t\t\t\t\t\t\t\t\t\t\t\t\t\t\t\t\t\t\t\t\t\t\t<\/a>\n\t\t\t\t\t\t\t\t\t\t\t\t\t<\/li>\n\n\t\t\t\t\t\t\n\t\t\t\t\t\t<li>\n\t\t\t\t\t\t\t<a  href=\"https:\/\/drcaturkey.com\/fr\/lifting-des-seins\" target=\"_self\" > \n\n\t\t\t\t\t\t\t\t\t\t\t\t\t\t\t\t\t<span class=\"link-icon d-inline-flex hide-if-empty right-icon icon-next-to-label\"><i aria-hidden=\"true\" class=\"lqd-icn-ess icon-ion-ios-arrow-forward\"><\/i><\/span>\t\n\t\t\t\t\t\t\t\t\n\t\t\t\t\t\t\t\t\t\t\t\t\t\t\t\t\tLifting Des Seins  \n\t\t\t\t\t\t\t\t\t\t\t\t\t\t\t\t\t\t\t\t\t\t\t<\/a>\n\t\t\t\t\t\t\t\t\t\t\t\t\t<\/li>\n\n\t\t\t\t\t\t\n\t\t\t\t\t\t<li>\n\t\t\t\t\t\t\t<a  href=\"https:\/\/drcaturkey.com\/fr\/reconstruction-mammaire\" target=\"_self\" > \n\n\t\t\t\t\t\t\t\t\t\t\t\t\t\t\t\t\t<span class=\"link-icon d-inline-flex hide-if-empty right-icon icon-next-to-label\"><i aria-hidden=\"true\" class=\"lqd-icn-ess icon-ion-ios-arrow-forward\"><\/i><\/span>\t\n\t\t\t\t\t\t\t\t\n\t\t\t\t\t\t\t\t\t\t\t\t\t\t\t\t\tReconstruction Mammaire  \n\t\t\t\t\t\t\t\t\t\t\t\t\t\t\t\t\t\t\t\t\t\t\t<\/a>\n\t\t\t\t\t\t\t\t\t\t\t\t\t<\/li>\n\n\t\t\t\t\t\t\n\t\t\t\t\t\t<li>\n\t\t\t\t\t\t\t<a  href=\"https:\/\/drcaturkey.com\/fr\/gynecomastie\" target=\"_self\" > \n\n\t\t\t\t\t\t\t\t\t\t\t\t\t\t\t\t\t<span class=\"link-icon d-inline-flex hide-if-empty right-icon icon-next-to-label\"><i aria-hidden=\"true\" class=\"lqd-icn-ess icon-ion-ios-arrow-forward\"><\/i><\/span>\t\n\t\t\t\t\t\t\t\t\n\t\t\t\t\t\t\t\t\t\t\t\t\t\t\t\t\tGyn\u00e9comastie  \n\t\t\t\t\t\t\t\t\t\t\t\t\t\t\t\t\t\t\t\t\t\t\t<\/a>\n\t\t\t\t\t\t\t\t\t\t\t\t\t<\/li>\n\n\t\t\t\t\t\t\t\t\t\t<\/ul>\n\t\t\t\t\t\t\t\t\t<\/div>\n\t\t\t\t<\/div>\n\t\t\t\t<\/div>\n\t\t\t\t\t<\/div>\n\t\t<\/div>\n\t\t\t\t\t\t\t<\/div>\n\t\t<\/section>\n\t\t\t\t\t<\/div>\n\t\t<\/div>\n\t\t\t\t<div class=\"elementor-column elementor-col-50 elementor-top-column elementor-element elementor-element-0e5847e\" data-id=\"0e5847e\" data-element_type=\"column\">\n\t\t\t<div class=\"elementor-widget-wrap elementor-element-populated\">\n\t\t\t\t\t\t\t\t<section class=\"elementor-section elementor-inner-section elementor-element elementor-element-cdf9400 elementor-section-boxed elementor-section-height-default elementor-section-height-default\" data-id=\"cdf9400\" data-element_type=\"section\">\n\t\t\t\t\t\t<div class=\"elementor-container elementor-column-gap-default\">\n\t\t\t\t\t<div class=\"elementor-column elementor-col-100 elementor-inner-column elementor-element elementor-element-d7db3e2\" data-id=\"d7db3e2\" data-element_type=\"column\">\n\t\t\t<div class=\"elementor-widget-wrap elementor-element-populated\">\n\t\t\t\t\t\t\t\t<div class=\"elementor-element elementor-element-6028aaf elementor-widget elementor-widget-hub_fancy_heading\" data-id=\"6028aaf\" data-element_type=\"widget\" data-widget_type=\"hub_fancy_heading.default\">\n\t\t\t\t<div class=\"elementor-widget-container\">\n\t\t\t\n\t\t<div id=\"ld-fancy-heading-69e3a536b7077\" class=\"ld-fancy-heading pos-rel\">\n\t\t\t<h6 class=\"ld-fh-element d-inline-block pos-rel  elementor-heading-title lqd-highlight-classic lqd-highlight-grow-left h6\"  > REductIon MammaIre\n<\/h6>\t\t<\/div>\n\n\t\t\t\t<\/div>\n\t\t\t\t<\/div>\n\t\t\t\t<div class=\"elementor-element elementor-element-476742e elementor-widget elementor-widget-text-editor\" data-id=\"476742e\" data-element_type=\"widget\" data-widget_type=\"text-editor.default\">\n\t\t\t\t<div class=\"elementor-widget-container\">\n\t\t\t<style>\/*! elementor - v3.7.4 - 31-08-2022 *\/\n.elementor-widget-text-editor.elementor-drop-cap-view-stacked .elementor-drop-cap{background-color:#818a91;color:#fff}.elementor-widget-text-editor.elementor-drop-cap-view-framed .elementor-drop-cap{color:#818a91;border:3px solid;background-color:transparent}.elementor-widget-text-editor:not(.elementor-drop-cap-view-default) .elementor-drop-cap{margin-top:8px}.elementor-widget-text-editor:not(.elementor-drop-cap-view-default) .elementor-drop-cap-letter{width:1em;height:1em}.elementor-widget-text-editor .elementor-drop-cap{float:left;text-align:center;line-height:1;font-size:50px}.elementor-widget-text-editor .elementor-drop-cap-letter{display:inline-block}<\/style>\t\t\t\t<p>La chirurgie de r\u00e9duction mammaire est n\u00e9cessaire pendant la grossesse, lorsque les seins sont plus gros que la normale, dans les cas li\u00e9s \u00e0 l\u2019exc\u00e8s de poids et \u00e0 l\u2019allaitement. La taille des seins n\u2019est pas seulement une chirurgie esth\u00e9tique, mais aussi un grave probl\u00e8me de sant\u00e9. Parce que les gros seins causent des probl\u00e8mes tels que des maux de dos, des douleurs au cou, des \u00e9paules, une limitation des activit\u00e9s physiques, des cicatrices sous la poitrine, ne pas pouvoir porter les v\u00eatements souhait\u00e9s et des bretelles de soutien-gorge coupant les \u00e9paules. Afin d\u2019\u00e9liminer ces inconforts des personnes qui sont d\u00e9rang\u00e9es par cette situation, une partie des tissus, de la graisse et de la peau qui donnent du volume aux seins sont retir\u00e9s. Ensuite, la proportion des seins avec le corps est fournie. Vos deux seins ne sont peut-\u00eatre pas de la m\u00eame taille. Afin d\u2019assurer la sym\u00e9trie des chirurgies de r\u00e9duction mammaire, diff\u00e9rentes techniques op\u00e9ratoires peuvent \u00eatre appliqu\u00e9es aux deux seins. Avant de commencer la chirurgie de r\u00e9duction mammaire, la taille et le poids des seins de la patiente sont calcul\u00e9s et de nouveaux seins sont dessin\u00e9s en cons\u00e9quence. Ensuite, le tissu mammaire et l\u2019exc\u00e8s de peau sont retir\u00e9s en appliquant une anesth\u00e9sie g\u00e9n\u00e9rale au patient. La chirurgie de r\u00e9duction mammaire dure environ deux \u00e0 quatre heures. M\u00eame s\u2019il y a une l\u00e9g\u00e8re douleur dans les mouvements du bras pendant les premiers jours apr\u00e8s la chirurgie, ces douleurs sont des douleurs passag\u00e8res. Deux semaines apr\u00e8s l\u2019op\u00e9ration, les points de suture du patient sont retir\u00e9s et \u00e0 la fin de cette p\u00e9riode, les patients pourront reprendre leur travail facilement.<\/p><p><strong>\u00c0 quoi dois-je faire attention avant de subir une chirurgie de r\u00e9duction mammaire\u00a0?<\/strong><\/p><p>La premi\u00e8re chose que vous devez faire avant une chirurgie de r\u00e9duction mammaire est certainement une \u00e9chographie mammaire. Ensuite, deux semaines avant la chirurgie, vous devez arr\u00eater d\u2019utiliser l\u2019aspirine, les anticoagulants et certains analg\u00e9siques. Il est important de ne pas utiliser d\u2019anticoagulants tels que la vitamine E, le th\u00e9 vert, le ginseng, les extraits de plantes et les graines de lin. Il est \u00e9galement recommand\u00e9 d\u2019arr\u00eater de fumer une semaine avant la chirurgie. Sinon, les blessures mettront du temps \u00e0 gu\u00e9rir.<\/p><p><strong>Y aura-t-il des cicatrices sur mon corps apr\u00e8s une op\u00e9ration de r\u00e9duction mammaire\u00a0?<\/strong><\/p><p>Comme dans de nombreuses chirurgies plastiques, de petites cicatrices resteront dans la chirurgie de r\u00e9duction mammaire. En chirurgie de r\u00e9duction mammaire, il reste une cicatrice en forme de T invers\u00e9. \u00c9tant donn\u00e9 que cette cicatrice reste autour de l\u2019anneau du mamelon, elle ne sera pas \u00e9vidente car elle co\u00efncide avec la zone de d\u00e9coloration. Les cicatrices sous la poitrine se transformeront en lignes fines et indistinctes avec le temps.<\/p><p><strong>J\u2019envisage de subir une chirurgie de r\u00e9duction mammaire. Cela m\u2019emp\u00eachera-t-il d\u2019allaiter\u00a0?<\/strong><\/p><p>La possibilit\u00e9 pour une femme qui allaite d\u2019allaiter \u00e0 nouveau apr\u00e8s une chirurgie de r\u00e9duction mammaire a encore augment\u00e9 avec les techniques d\u2019aujourd\u2019hui. Dans la chirurgie de r\u00e9duction mammaire, certaines des glandes mammaires des femmes, en particulier celles qui ont de gros seins, sont retir\u00e9es. Cependant, l\u2019ablation de certaines glandes mammaires n\u2019entra\u00eene aucun changement dans les fonctions de lactation. Si vous envisagez une chirurgie de r\u00e9duction mammaire pour la p\u00e9riode post-partum, vous pouvez facilement envisager de subir une intervention chirurgicale au moins 6 mois apr\u00e8s la fin de votre p\u00e9riode d\u2019allaitement.<\/p><p><strong>Que vais-je vivre dans la p\u00e9riode suivant la chirurgie de r\u00e9duction mammaire\u00a0?<\/strong><\/p><p>La chirurgie de r\u00e9duction mammaire ne sera pas une op\u00e9ration o\u00f9 vous ressentirez beaucoup de douleur. La patiente peut rentrer chez elle le lendemain apr\u00e8s avoir s\u00e9journ\u00e9 une nuit \u00e0 l\u2019h\u00f4pital \u00e0 des fins de contr\u00f4le apr\u00e8s une chirurgie de r\u00e9duction mammaire. \u00c9tant donn\u00e9 que la patiente ne ressentira aucune douleur apr\u00e8s la chirurgie de r\u00e9duction mammaire, ce processus sera extr\u00eamement confortable. Comme dans toutes les chirurgies mammaires, les drains sont utilis\u00e9s dans la r\u00e9duction mammaire et les drains sont retir\u00e9s apr\u00e8s 24 heures. Bien que le patient puisse \u00eatre \u00e9quip\u00e9 d\u2019un bandeau apr\u00e8s la chirurgie, il peut \u00e9galement \u00eatre demand\u00e9 de porter un soutien-gorge de sport, g\u00e9n\u00e9ralement pendant un mois. \u00c9tant donn\u00e9 que les sutures de l\u2019op\u00e9ration seront sous la peau et se dissoudront d\u2019elles-m\u00eames, il ne sera pas n\u00e9cessaire de retirer les sutures. Les patients peuvent facilement retourner au travail apr\u00e8s s\u2019\u00eatre repos\u00e9s pendant une semaine. Apr\u00e8s la chirurgie, il faut faire attention aux mouvements des bras pendant un certain temps et il est recommand\u00e9 de ne pas soulever de choses trop lourdes.<\/p><p><strong>Les r\u00e9sultats apr\u00e8s la chirurgie de r\u00e9duction mammaire seront-ils permanents\u00a0?<\/strong><\/p><p>Apr\u00e8s une chirurgie de r\u00e9duction mammaire, les r\u00e9sultats dureront toute une vie. Cette nouvelle image proportionn\u00e9e au corps augmentera \u00e9galement votre confiance en vous. Vous vous d\u00e9barrasserez \u00e9galement de votre \u00e9tat douloureux avant la chirurgie. Cependant, il sera efficace tant que vous faites attention \u00e0 votre tabagisme, \u00e0 la qualit\u00e9 de votre peau, aux facteurs g\u00e9n\u00e9tiques, \u00e0 l\u2019exercice, \u00e0 la consommation d\u2019eau et \u00e0 la consommation d\u2019alcool apr\u00e8s la chirurgie.<\/p>\t\t\t\t\t\t<\/div>\n\t\t\t\t<\/div>\n\t\t\t\t\t<\/div>\n\t\t<\/div>\n\t\t\t\t\t\t\t<\/div>\n\t\t<\/section>\n\t\t\t\t\t<\/div>\n\t\t<\/div>\n\t\t\t\t\t\t\t<\/div>\n\t\t<\/section>\n\t\t\t\t\t\t\t<\/div>\n\t\t","protected":false},"excerpt":{"rendered":"<p>R\u00e9duction Mammaire Anasayfa PRENDRE RENDEZ-VOUS ESTH\u00c9TIQUE SEMINAIRE Augmentation Mammaire R\u00e9duction Mammaire Lifting Des Seins Reconstruction Mammaire Gyn\u00e9comastie REductIon MammaIre La chirurgie de r\u00e9duction mammaire est n\u00e9cessaire pendant la grossesse, lorsque les seins sont plus gros que la normale, dans les cas li\u00e9s \u00e0 l\u2019exc\u00e8s de poids et \u00e0 l\u2019allaitement. La taille des seins n\u2019est pas [&hellip;]<\/p>\n","protected":false},"author":1,"featured_media":0,"parent":0,"menu_order":0,"comment_status":"closed","ping_status":"closed","template":"","meta":{"footnotes":""},"class_list":["post-1083","page","type-page","status-publish","hentry"],"_links":{"self":[{"href":"https:\/\/drcaturkey.com\/fr\/wp-json\/wp\/v2\/pages\/1083","targetHints":{"allow":["GET"]}}],"collection":[{"href":"https:\/\/drcaturkey.com\/fr\/wp-json\/wp\/v2\/pages"}],"about":[{"href":"https:\/\/drcaturkey.com\/fr\/wp-json\/wp\/v2\/types\/page"}],"author":[{"embeddable":true,"href":"https:\/\/drcaturkey.com\/fr\/wp-json\/wp\/v2\/users\/1"}],"replies":[{"embeddable":true,"href":"https:\/\/drcaturkey.com\/fr\/wp-json\/wp\/v2\/comments?post=1083"}],"version-history":[{"count":41,"href":"https:\/\/drcaturkey.com\/fr\/wp-json\/wp\/v2\/pages\/1083\/revisions"}],"predecessor-version":[{"id":2878,"href":"https:\/\/drcaturkey.com\/fr\/wp-json\/wp\/v2\/pages\/1083\/revisions\/2878"}],"wp:attachment":[{"href":"https:\/\/drcaturkey.com\/fr\/wp-json\/wp\/v2\/media?parent=1083"}],"curies":[{"name":"wp","href":"https:\/\/api.w.org\/{rel}","templated":true}]}}