{"id":1084,"date":"2022-09-02T00:42:03","date_gmt":"2022-09-01T21:42:03","guid":{"rendered":"https:\/\/drcaturkey.com\/fr\/?page_id=1084"},"modified":"2023-03-02T13:42:55","modified_gmt":"2023-03-02T10:42:55","slug":"lifting-des-seins","status":"publish","type":"page","link":"https:\/\/drcaturkey.com\/fr\/lifting-des-seins","title":{"rendered":"Lifting Des Seins"},"content":{"rendered":"\t\t<div data-elementor-type=\"wp-page\" data-elementor-id=\"1084\" class=\"elementor elementor-1084\">\n\t\t\t\t\t\t\t\t\t<section class=\"elementor-section elementor-top-section elementor-element elementor-element-de34b25 elementor-section-boxed elementor-section-height-default elementor-section-height-default\" data-id=\"de34b25\" data-element_type=\"section\" data-settings=\"{&quot;background_background&quot;:&quot;classic&quot;}\">\n\t\t\t\t\t\t<div class=\"elementor-container elementor-column-gap-default\">\n\t\t\t\t\t<div class=\"elementor-column elementor-col-100 elementor-top-column elementor-element elementor-element-a1de406\" data-id=\"a1de406\" data-element_type=\"column\">\n\t\t\t<div class=\"elementor-widget-wrap elementor-element-populated\">\n\t\t\t\t\t\t\t\t<section class=\"elementor-section elementor-inner-section elementor-element elementor-element-3ac4488 elementor-section-boxed elementor-section-height-default elementor-section-height-default\" data-id=\"3ac4488\" data-element_type=\"section\">\n\t\t\t\t\t\t<div class=\"elementor-container elementor-column-gap-default\">\n\t\t\t\t\t<div class=\"elementor-column elementor-col-100 elementor-inner-column elementor-element elementor-element-3934014\" data-id=\"3934014\" data-element_type=\"column\">\n\t\t\t<div class=\"elementor-widget-wrap elementor-element-populated\">\n\t\t\t\t\t\t\t\t<div class=\"elementor-element elementor-element-a09e874 elementor-widget elementor-widget-hub_fancy_heading\" data-id=\"a09e874\" data-element_type=\"widget\" data-widget_type=\"hub_fancy_heading.default\">\n\t\t\t\t<div class=\"elementor-widget-container\">\n\t\t\t\n\t\t<div id=\"ld-fancy-heading-69e89ed8ada8e\" class=\"ld-fancy-heading pos-rel\">\n\t\t\t<h1 class=\"ld-fh-element d-inline-block pos-rel  elementor-heading-title lqd-highlight-classic lqd-highlight-grow-left h1\"  > Lifting Des Seins<\/h1>\t\t<\/div>\n\n\t\t\t\t<\/div>\n\t\t\t\t<\/div>\n\t\t\t\t<div class=\"elementor-element elementor-element-c3dcaeb elementor-widget__width-auto elementor-widget elementor-widget-ld_breadcrumb\" data-id=\"c3dcaeb\" data-element_type=\"widget\" data-widget_type=\"ld_breadcrumb.default\">\n\t\t\t\t<div class=\"elementor-widget-container\">\n\t\t\t<div class=\"lqd-breadcrumb-wrapper\"><div class=\"lqd-shop-topbar-breadcrumb\"><nav class=\"woocommerce-breadcrumb mb-4 mb-md-0\"><ul class=\"breadcrumb reset-ul inline-nav comma-sep-li\"><li>Anasayfa<\/li><\/ul><\/nav><\/div><\/div>\t\t<\/div>\n\t\t\t\t<\/div>\n\t\t\t\t\t<\/div>\n\t\t<\/div>\n\t\t\t\t\t\t\t<\/div>\n\t\t<\/section>\n\t\t\t\t\t<\/div>\n\t\t<\/div>\n\t\t\t\t\t\t\t<\/div>\n\t\t<\/section>\n\t\t\t\t<section class=\"elementor-section elementor-top-section elementor-element elementor-element-bf19241 elementor-section-boxed elementor-section-height-default elementor-section-height-default\" data-id=\"bf19241\" data-element_type=\"section\">\n\t\t\t\t\t\t<div class=\"elementor-container elementor-column-gap-default\">\n\t\t\t\t\t<div class=\"lqd-css-sticky-column elementor-column elementor-col-50 elementor-top-column elementor-element elementor-element-d32db76 elementor-hidden-mobile\" style=\"--lqd-sticky-offset:30px\" data-id=\"d32db76\" data-element_type=\"column\">\n\t\t\t<div class=\"elementor-widget-wrap elementor-element-populated\">\n\t\t\t\t\t\t\t\t<section class=\"elementor-section elementor-inner-section elementor-element elementor-element-0ba63a7 elementor-section-boxed elementor-section-height-default elementor-section-height-default\" data-id=\"0ba63a7\" data-element_type=\"section\" data-settings=\"{&quot;background_background&quot;:&quot;classic&quot;}\">\n\t\t\t\t\t\t<div class=\"elementor-container elementor-column-gap-default\">\n\t\t\t\t\t<div class=\"elementor-column elementor-col-100 elementor-inner-column elementor-element elementor-element-d5fd4e1\" data-id=\"d5fd4e1\" data-element_type=\"column\">\n\t\t\t<div class=\"elementor-widget-wrap elementor-element-populated\">\n\t\t\t\t\t\t\t\t<div class=\"elementor-element elementor-element-e80dac6 elementor-widget elementor-widget-hub_fancy_heading\" data-id=\"e80dac6\" data-element_type=\"widget\" data-widget_type=\"hub_fancy_heading.default\">\n\t\t\t\t<div class=\"elementor-widget-container\">\n\t\t\t\n\t\t<div id=\"ld-fancy-heading-69e89ed8b0a27\" class=\"ld-fancy-heading pos-rel\">\n\t\t\t<h6 class=\"ld-fh-element d-inline-block pos-rel  elementor-heading-title lqd-highlight-classic lqd-highlight-grow-left h6\"  > PRENDRE RENDEZ-VOUS<\/h6>\t\t<\/div>\n\n\t\t\t\t<\/div>\n\t\t\t\t<\/div>\n\t\t\t\t<div class=\"elementor-element elementor-element-0f853c6 elementor-widget elementor-widget-ld_cf722\" data-id=\"0f853c6\" data-element_type=\"widget\" data-widget_type=\"ld_cf722.default\">\n\t\t\t\t<div class=\"elementor-widget-container\">\n\t\t\t\n\t<div class=\"lqd-contact-form lqd-contact-form-inputs-underlined lqd-contact-form-button-block lqd-contact-form-button-circle lqd-contact-form-inputs-sm\" >\n\t\t<div role=\"form\" class=\"wpcf7\" id=\"wpcf7-f6-o1\" lang=\"tr-TR\" dir=\"ltr\">\n<div class=\"screen-reader-response\"><p role=\"status\" aria-live=\"polite\" aria-atomic=\"true\"><\/p> <ul><\/ul><\/div>\n<form action=\"\/fr\/wp-json\/wp\/v2\/pages\/1084#wpcf7-f6-o1\" method=\"post\" class=\"wpcf7-form init\" novalidate=\"novalidate\" data-status=\"init\">\n<div style=\"display: none;\">\n<input type=\"hidden\" name=\"_wpcf7\" value=\"6\" \/>\n<input type=\"hidden\" name=\"_wpcf7_version\" value=\"5.6.3\" \/>\n<input type=\"hidden\" name=\"_wpcf7_locale\" value=\"tr_TR\" \/>\n<input type=\"hidden\" name=\"_wpcf7_unit_tag\" value=\"wpcf7-f6-o1\" \/>\n<input type=\"hidden\" name=\"_wpcf7_container_post\" value=\"0\" \/>\n<input type=\"hidden\" name=\"_wpcf7_posted_data_hash\" value=\"\" \/>\n<\/div>\n<p><span class=\"wpcf7-form-control-wrap\" data-name=\"adi\"><input type=\"text\" name=\"adi\" value=\"\" size=\"40\" class=\"wpcf7-form-control wpcf7-text wpcf7-validates-as-required\" aria-required=\"true\" aria-invalid=\"false\" placeholder=\"Votre Nom\" \/><\/span><br \/>\n<span class=\"wpcf7-form-control-wrap\" data-name=\"phone\"><input type=\"text\" name=\"phone\" value=\"\" size=\"40\" class=\"wpcf7-form-control wpcf7-text wpcf7-validates-as-required\" aria-required=\"true\" aria-invalid=\"false\" placeholder=\"Ton Num\u00e9ro de T\u00e9l\u00e9phone\" \/><\/span><br \/>\n<span class=\"wpcf7-form-control-wrap\" data-name=\"message\"><textarea name=\"message\" cols=\"40\" rows=\"2\" class=\"wpcf7-form-control wpcf7-textarea\" aria-invalid=\"false\" placeholder=\"Votre Message\"><\/textarea><\/span><br \/>\n<input type=\"submit\" value=\"Soumettre le Formulaire\" class=\"wpcf7-form-control has-spinner wpcf7-submit\" \/><\/p>\n<div class=\"wpcf7-response-output\" aria-hidden=\"true\"><\/div><\/form><\/div>\t<\/div>\n\n\t\t\t<\/div>\n\t\t\t\t<\/div>\n\t\t\t\t\t<\/div>\n\t\t<\/div>\n\t\t\t\t\t\t\t<\/div>\n\t\t<\/section>\n\t\t\t\t<section class=\"elementor-section elementor-inner-section elementor-element elementor-element-dee7807 elementor-section-boxed elementor-section-height-default elementor-section-height-default\" data-id=\"dee7807\" data-element_type=\"section\">\n\t\t\t\t\t\t<div class=\"elementor-container elementor-column-gap-default\">\n\t\t\t\t\t<div class=\"elementor-column elementor-col-100 elementor-inner-column elementor-element elementor-element-340ea3c\" data-id=\"340ea3c\" data-element_type=\"column\">\n\t\t\t<div class=\"elementor-widget-wrap elementor-element-populated\">\n\t\t\t\t\t\t\t\t<div class=\"elementor-element elementor-element-f0d4e63 elementor-widget elementor-widget-hub_fancy_heading\" data-id=\"f0d4e63\" data-element_type=\"widget\" data-widget_type=\"hub_fancy_heading.default\">\n\t\t\t\t<div class=\"elementor-widget-container\">\n\t\t\t\n\t\t<div id=\"ld-fancy-heading-69e89ed8befcd\" class=\"ld-fancy-heading pos-rel\">\n\t\t\t<h6 class=\"ld-fh-element d-inline-block pos-rel  elementor-heading-title lqd-highlight-classic lqd-highlight-grow-left h6\"  > ESTH\u00c9TIQUE SEMINAIRE<\/h6>\t\t<\/div>\n\n\t\t\t\t<\/div>\n\t\t\t\t<\/div>\n\t\t\t\t<div class=\"elementor-element elementor-element-5706d72 elementor-widget elementor-widget-ld_custom_menu\" data-id=\"5706d72\" data-element_type=\"widget\" data-widget_type=\"ld_custom_menu.default\">\n\t\t\t\t<div class=\"elementor-widget-container\">\n\t\t\t\n\t\t\t<div  \n\t\t\t\tclass=\"lqd-fancy-menu lqd-custom-menu pos-rel lqd-menu-td-none\"\n\t\t\t\t\t\t\t>\n\t\t\t\n\t\t\t\t\t\t\t<ul class=\"reset-ul\" id=\"5706d72\"  data-localscroll=\"true\" data-localscroll-options=\"{&quot;itemsSelector&quot;:&quot;&gt; li &gt; a&quot;,&quot;trackWindowScroll&quot;:true,&quot;includeParentAsOffset&quot;:false,&quot;offsetElements&quot;:&quot;[data-sticky-header] .lqd-head-sec-wrap:not(.lqd-hide-onstuck), #wpadminbar, body.elementor-page .main-header[data-sticky-header] &gt; .elementor &gt; .elementor-section-wrap &gt; .elementor-section:not(.lqd-hide-onstuck):not(.lqd-stickybar-wrap), body.elementor-page .main-header[data-sticky-header] &gt; .elementor &gt; .elementor-section:not(.lqd-hide-onstuck):not(.lqd-stickybar-wrap)&quot;}\">\n\t\t\t\t\n\t\t\t\t\t\t<li>\n\t\t\t\t\t\t\t<a  href=\"https:\/\/drcaturkey.com\/fr\/augmentation-mammaire\" target=\"_self\" > \n\n\t\t\t\t\t\t\t\t\t\t\t\t\t\t\t\t\t<span class=\"link-icon d-inline-flex hide-if-empty right-icon icon-next-to-label\"><i aria-hidden=\"true\" class=\"lqd-icn-ess icon-ion-ios-arrow-forward\"><\/i><\/span>\t\n\t\t\t\t\t\t\t\t\n\t\t\t\t\t\t\t\t\t\t\t\t\t\t\t\t\tAugmentation Mammaire  \n\t\t\t\t\t\t\t\t\t\t\t\t\t\t\t\t\t\t\t\t\t\t\t<\/a>\n\t\t\t\t\t\t\t\t\t\t\t\t\t<\/li>\n\n\t\t\t\t\t\t\n\t\t\t\t\t\t<li>\n\t\t\t\t\t\t\t<a  href=\"https:\/\/drcaturkey.com\/fr\/reduction-mammaire\" target=\"_self\" > \n\n\t\t\t\t\t\t\t\t\t\t\t\t\t\t\t\t\t<span class=\"link-icon d-inline-flex hide-if-empty right-icon icon-next-to-label\"><i aria-hidden=\"true\" class=\"lqd-icn-ess icon-ion-ios-arrow-forward\"><\/i><\/span>\t\n\t\t\t\t\t\t\t\t\n\t\t\t\t\t\t\t\t\t\t\t\t\t\t\t\t\tR\u00e9duction Mammaire  \n\t\t\t\t\t\t\t\t\t\t\t\t\t\t\t\t\t\t\t\t\t\t\t<\/a>\n\t\t\t\t\t\t\t\t\t\t\t\t\t<\/li>\n\n\t\t\t\t\t\t\n\t\t\t\t\t\t<li>\n\t\t\t\t\t\t\t<a  href=\"https:\/\/drcaturkey.com\/fr\/lifting-des-seins\" target=\"_self\" > \n\n\t\t\t\t\t\t\t\t\t\t\t\t\t\t\t\t\t<span class=\"link-icon d-inline-flex hide-if-empty right-icon icon-next-to-label\"><i aria-hidden=\"true\" class=\"lqd-icn-ess icon-ion-ios-arrow-forward\"><\/i><\/span>\t\n\t\t\t\t\t\t\t\t\n\t\t\t\t\t\t\t\t\t\t\t\t\t\t\t\t\tLifting Des Seins  \n\t\t\t\t\t\t\t\t\t\t\t\t\t\t\t\t\t\t\t\t\t\t\t<\/a>\n\t\t\t\t\t\t\t\t\t\t\t\t\t<\/li>\n\n\t\t\t\t\t\t\n\t\t\t\t\t\t<li>\n\t\t\t\t\t\t\t<a  href=\"https:\/\/drcaturkey.com\/fr\/reconstruction-mammaire\" target=\"_self\" > \n\n\t\t\t\t\t\t\t\t\t\t\t\t\t\t\t\t\t<span class=\"link-icon d-inline-flex hide-if-empty right-icon icon-next-to-label\"><i aria-hidden=\"true\" class=\"lqd-icn-ess icon-ion-ios-arrow-forward\"><\/i><\/span>\t\n\t\t\t\t\t\t\t\t\n\t\t\t\t\t\t\t\t\t\t\t\t\t\t\t\t\tReconstruction Mammaire  \n\t\t\t\t\t\t\t\t\t\t\t\t\t\t\t\t\t\t\t\t\t\t\t<\/a>\n\t\t\t\t\t\t\t\t\t\t\t\t\t<\/li>\n\n\t\t\t\t\t\t\n\t\t\t\t\t\t<li>\n\t\t\t\t\t\t\t<a  href=\"https:\/\/drcaturkey.com\/fr\/gynecomastie\" target=\"_self\" > \n\n\t\t\t\t\t\t\t\t\t\t\t\t\t\t\t\t\t<span class=\"link-icon d-inline-flex hide-if-empty right-icon icon-next-to-label\"><i aria-hidden=\"true\" class=\"lqd-icn-ess icon-ion-ios-arrow-forward\"><\/i><\/span>\t\n\t\t\t\t\t\t\t\t\n\t\t\t\t\t\t\t\t\t\t\t\t\t\t\t\t\tGyn\u00e9comastie  \n\t\t\t\t\t\t\t\t\t\t\t\t\t\t\t\t\t\t\t\t\t\t\t<\/a>\n\t\t\t\t\t\t\t\t\t\t\t\t\t<\/li>\n\n\t\t\t\t\t\t\t\t\t\t<\/ul>\n\t\t\t\t\t\t\t\t\t<\/div>\n\t\t\t\t<\/div>\n\t\t\t\t<\/div>\n\t\t\t\t\t<\/div>\n\t\t<\/div>\n\t\t\t\t\t\t\t<\/div>\n\t\t<\/section>\n\t\t\t\t\t<\/div>\n\t\t<\/div>\n\t\t\t\t<div class=\"elementor-column elementor-col-50 elementor-top-column elementor-element elementor-element-77100c0\" data-id=\"77100c0\" data-element_type=\"column\">\n\t\t\t<div class=\"elementor-widget-wrap elementor-element-populated\">\n\t\t\t\t\t\t\t\t<section class=\"elementor-section elementor-inner-section elementor-element elementor-element-e9ca1c7 elementor-section-boxed elementor-section-height-default elementor-section-height-default\" data-id=\"e9ca1c7\" data-element_type=\"section\">\n\t\t\t\t\t\t<div class=\"elementor-container elementor-column-gap-default\">\n\t\t\t\t\t<div class=\"elementor-column elementor-col-100 elementor-inner-column elementor-element elementor-element-d9fa2c8\" data-id=\"d9fa2c8\" data-element_type=\"column\">\n\t\t\t<div class=\"elementor-widget-wrap elementor-element-populated\">\n\t\t\t\t\t\t\t\t<div class=\"elementor-element elementor-element-3a7a061 elementor-widget elementor-widget-hub_fancy_heading\" data-id=\"3a7a061\" data-element_type=\"widget\" data-widget_type=\"hub_fancy_heading.default\">\n\t\t\t\t<div class=\"elementor-widget-container\">\n\t\t\t\n\t\t<div id=\"ld-fancy-heading-69e89ed8c4391\" class=\"ld-fancy-heading pos-rel\">\n\t\t\t<h6 class=\"ld-fh-element d-inline-block pos-rel  elementor-heading-title lqd-highlight-classic lqd-highlight-grow-left h6\"  > LIftIng Des SeIns\n<\/h6>\t\t<\/div>\n\n\t\t\t\t<\/div>\n\t\t\t\t<\/div>\n\t\t\t\t<div class=\"elementor-element elementor-element-9b1b7ac elementor-widget elementor-widget-text-editor\" data-id=\"9b1b7ac\" data-element_type=\"widget\" data-widget_type=\"text-editor.default\">\n\t\t\t\t<div class=\"elementor-widget-container\">\n\t\t\t<style>\/*! elementor - v3.7.4 - 31-08-2022 *\/\n.elementor-widget-text-editor.elementor-drop-cap-view-stacked .elementor-drop-cap{background-color:#818a91;color:#fff}.elementor-widget-text-editor.elementor-drop-cap-view-framed .elementor-drop-cap{color:#818a91;border:3px solid;background-color:transparent}.elementor-widget-text-editor:not(.elementor-drop-cap-view-default) .elementor-drop-cap{margin-top:8px}.elementor-widget-text-editor:not(.elementor-drop-cap-view-default) .elementor-drop-cap-letter{width:1em;height:1em}.elementor-widget-text-editor .elementor-drop-cap{float:left;text-align:center;line-height:1;font-size:50px}.elementor-widget-text-editor .elementor-drop-cap-letter{display:inline-block}<\/style>\t\t\t\t<p>Esth\u00e9tique du lifting des seins, nomm\u00e9ment mastopexie; Elle est r\u00e9alis\u00e9e dans le but de remonter les seins affaiss\u00e9s et de leur donner un aspect esth\u00e9tique, d\u2019atteindre l\u2019harmonie avec les tailles du corps, d\u2019obtenir des seins naturels et sym\u00e9triques. Les op\u00e9rations de lifting des seins sont des op\u00e9rations qui peuvent \u00eatre appliqu\u00e9es \u00e0 toutes les femmes ayant des seins tombants, qu\u2019elles aient accouch\u00e9 ou non. Les causes de l\u2019affaissement des seins peuvent \u00eatre observ\u00e9es structurellement, ainsi qu\u2019en cas de prise et de perte de poids, dans la p\u00e9riode suivant l\u2019accouchement et en raison de l\u2019\u00e2ge, en raison de l\u2019effet de la gravit\u00e9. Afin de comprendre l\u2019\u00e9tat d\u2019affaissement de votre sein, vous devez d\u2019abord aller devant le miroir, puis vous pouvez comprendre s\u2019il y a un affaissement en \u00e9valuant votre mamelon et la ligne sous-seinaire. L\u2019affaissement du sein, appel\u00e9 ptose mammaire, est principalement class\u00e9 en 4 groupes. Ces 4 groupes ; l\u00e9ger, mod\u00e9r\u00e9, s\u00e9v\u00e8re et pseudoptose. Si le mamelon est au niveau de la ligne sous-mammaire ou \u00e0 moins de 1 cm, il est l\u00e9ger. Si le mamelon est \u00e0 1-3 cm sous la ligne sous-mammaire, il est moyen. Si le mamelon est situ\u00e9 \u00e0 moins de 3 cm en dessous, il s\u2019agit d\u2019une ptose s\u00e9v\u00e8re. Si le mamelon est situ\u00e9 au-dessus de la ligne normale sous la poitrine mais que la base du sein est consid\u00e9r\u00e9e comme affaiss\u00e9e, il s\u2019agit \u00e9galement d\u2019un pseudoptosis.<\/p><p><strong>Quand devrais-je choisir la chirurgie de lifting des seins\u00a0?<\/strong><\/p><p>Si vos seins s\u2019affaissent pour des raisons telles que la grossesse, l\u2019allaitement, un changement de poids soudain et le vieillissement, si vous voyez un affaissement sur votre mamelon ou les tissus entourant la pointe, et si votre m\u00e9decin pense qu\u2019il ne sera pas possible de donner la forme souhait\u00e9e au sein en utilisant uniquement une proth\u00e8se, vous pouvez opter pour une op\u00e9ration de redrapage mammaire.<\/p><p><strong>Comment se d\u00e9roule la chirurgie de lifting des seins\u00a0?<\/strong><\/p><p>La chirurgie mammaire peut \u00eatre r\u00e9alis\u00e9e avec de nombreuses techniques diff\u00e9rentes. Dans notre premi\u00e8re technique, une incision en \u00ab T invers\u00e9 \u00bb est pratiqu\u00e9e autour du mamelon. Cette incision descend verticalement du mamelon au pli mammaire et continue horizontalement le long du pli. Cette technique est g\u00e9n\u00e9ralement utilis\u00e9e chez les patientes pr\u00e9sentant un affaissement avanc\u00e9 des seins. Dans notre deuxi\u00e8me technique, une incision \u201cLollipop\u201d est pratiqu\u00e9e et l\u2019incision se poursuit verticalement du mamelon au pli inf\u00e9rieur du sein. Cette technique est g\u00e9n\u00e9ralement utilis\u00e9e pour remonter les seins avec un affaissement mod\u00e9r\u00e9. Une incision est pratiqu\u00e9e uniquement autour du mamelon chez nos patientes pr\u00e9sentant un l\u00e9ger affaissement. Dans toutes les techniques, les tissus autour du mamelon sont d\u2019abord lib\u00e9r\u00e9s. Ensuite, l\u2019exc\u00e8s de tissu dans le tissu mammaire environnant est retir\u00e9 et le sein prend une nouvelle forme. Apr\u00e8s la mise en forme, le mamelon peut \u00eatre cousu \u00e0 sa place id\u00e9ale.<\/p><p><strong>Combien de temps puis-je r\u00e9cup\u00e9rer apr\u00e8s une op\u00e9ration de lifting des seins\u00a0?<\/strong><\/p><p>Apr\u00e8s l\u2019op\u00e9ration de lifting des seins, lorsque les bandages sur le corps sont retir\u00e9s, un gonflement peut \u00eatre observ\u00e9 dans les seins. Aux endroits o\u00f9 il y a une incision sous le sein, on peut voir un nid-de-poule ou une d\u00e9formation. Ces effets de la chirurgie passent en un mois. Vous n\u2019aurez pas beaucoup de douleur apr\u00e8s l\u2019op\u00e9ration. Cependant, parfois, un gonflement et des ecchymoses peuvent survenir dans les seins. Ce sont des maux qui passent en peu de temps. Il est recommand\u00e9 d\u2019utiliser le bandage sur votre poitrine pendant 3 jours apr\u00e8s l\u2019op\u00e9ration. \u00c0 la fin de cette p\u00e9riode, vous pouvez utiliser des soutiens-gorge de sport en forme de demi-athl\u00e8te. Apr\u00e8s la chirurgie, vous pouvez commencer des exercices qui font travailler votre bras et des activit\u00e9s de natation un mois plus tard. \u00c9tant donn\u00e9 que les sutures dissolvantes sont utilis\u00e9es dans les chirurgies de lifting des seins, il n\u2019y aura pas besoin de proc\u00e9dures telles que le retrait des sutures apr\u00e8s la chirurgie. Apr\u00e8s l\u2019op\u00e9ration de redrapage mammaire, il faut 6 mois \u00e0 1 an pour que tous les effets s\u2019am\u00e9liorent, se pr\u00e9cisent et am\u00e9liorent la perte de sensation.<\/p><p><strong>Puis-je tomber enceinte et allaiter mon enfant apr\u00e8s une op\u00e9ration de lifting des seins\u00a0?<\/strong><\/p><p>Lors de l\u2019op\u00e9ration de lifting des seins, les glandes galactophores et les canaux galactophores sont prot\u00e9g\u00e9s. Conform\u00e9ment aux proc\u00e9dures techniques, votre capacit\u00e9 \u00e0 traire et vos sens sont extr\u00eamement bien prot\u00e9g\u00e9s.<\/p><p><strong>Combien de temps apr\u00e8s la naissance puis-je subir une op\u00e9ration de lifting des seins\u00a0?<\/strong><\/p><p>Vous pouvez subir une chirurgie de lifting des seins \u00e0 la fin de la p\u00e9riode d\u2019allaitement, soit environ 6 mois apr\u00e8s l\u2019arr\u00eat de votre lait. Si vous n\u2019attendez pas cette p\u00e9riode, sinon une inflammation peut se produire et vos points de suture peuvent s\u2019ouvrir. Dans ce cas, cela provoquera des cicatrices sur vos seins.<\/p>\t\t\t\t\t\t<\/div>\n\t\t\t\t<\/div>\n\t\t\t\t\t<\/div>\n\t\t<\/div>\n\t\t\t\t\t\t\t<\/div>\n\t\t<\/section>\n\t\t\t\t\t<\/div>\n\t\t<\/div>\n\t\t\t\t\t\t\t<\/div>\n\t\t<\/section>\n\t\t\t\t\t\t\t<\/div>\n\t\t","protected":false},"excerpt":{"rendered":"<p>Lifting Des Seins Anasayfa PRENDRE RENDEZ-VOUS ESTH\u00c9TIQUE SEMINAIRE Augmentation Mammaire R\u00e9duction Mammaire Lifting Des Seins Reconstruction Mammaire Gyn\u00e9comastie LIftIng Des SeIns Esth\u00e9tique du lifting des seins, nomm\u00e9ment mastopexie; Elle est r\u00e9alis\u00e9e dans le but de remonter les seins affaiss\u00e9s et de leur donner un aspect esth\u00e9tique, d\u2019atteindre l\u2019harmonie avec les tailles du corps, d\u2019obtenir des [&hellip;]<\/p>\n","protected":false},"author":1,"featured_media":0,"parent":0,"menu_order":0,"comment_status":"closed","ping_status":"closed","template":"","meta":{"footnotes":""},"class_list":["post-1084","page","type-page","status-publish","hentry"],"_links":{"self":[{"href":"https:\/\/drcaturkey.com\/fr\/wp-json\/wp\/v2\/pages\/1084","targetHints":{"allow":["GET"]}}],"collection":[{"href":"https:\/\/drcaturkey.com\/fr\/wp-json\/wp\/v2\/pages"}],"about":[{"href":"https:\/\/drcaturkey.com\/fr\/wp-json\/wp\/v2\/types\/page"}],"author":[{"embeddable":true,"href":"https:\/\/drcaturkey.com\/fr\/wp-json\/wp\/v2\/users\/1"}],"replies":[{"embeddable":true,"href":"https:\/\/drcaturkey.com\/fr\/wp-json\/wp\/v2\/comments?post=1084"}],"version-history":[{"count":41,"href":"https:\/\/drcaturkey.com\/fr\/wp-json\/wp\/v2\/pages\/1084\/revisions"}],"predecessor-version":[{"id":2887,"href":"https:\/\/drcaturkey.com\/fr\/wp-json\/wp\/v2\/pages\/1084\/revisions\/2887"}],"wp:attachment":[{"href":"https:\/\/drcaturkey.com\/fr\/wp-json\/wp\/v2\/media?parent=1084"}],"curies":[{"name":"wp","href":"https:\/\/api.w.org\/{rel}","templated":true}]}}