{"id":1086,"date":"2022-09-02T00:42:21","date_gmt":"2022-09-01T21:42:21","guid":{"rendered":"https:\/\/drcaturkey.com\/fr\/?page_id=1086"},"modified":"2023-03-02T13:41:55","modified_gmt":"2023-03-02T10:41:55","slug":"gynecomastie","status":"publish","type":"page","link":"https:\/\/drcaturkey.com\/fr\/gynecomastie","title":{"rendered":"Gyn\u00e9comastie"},"content":{"rendered":"\t\t<div data-elementor-type=\"wp-page\" data-elementor-id=\"1086\" class=\"elementor elementor-1086\">\n\t\t\t\t\t\t\t\t\t<section class=\"elementor-section elementor-top-section elementor-element elementor-element-2155748 elementor-section-boxed elementor-section-height-default elementor-section-height-default\" data-id=\"2155748\" data-element_type=\"section\" data-settings=\"{&quot;background_background&quot;:&quot;classic&quot;}\">\n\t\t\t\t\t\t<div class=\"elementor-container elementor-column-gap-default\">\n\t\t\t\t\t<div class=\"elementor-column elementor-col-100 elementor-top-column elementor-element elementor-element-86ee596\" data-id=\"86ee596\" data-element_type=\"column\">\n\t\t\t<div class=\"elementor-widget-wrap elementor-element-populated\">\n\t\t\t\t\t\t\t\t<section class=\"elementor-section elementor-inner-section elementor-element elementor-element-8f9d7a5 elementor-section-boxed elementor-section-height-default elementor-section-height-default\" data-id=\"8f9d7a5\" data-element_type=\"section\">\n\t\t\t\t\t\t<div class=\"elementor-container elementor-column-gap-default\">\n\t\t\t\t\t<div class=\"elementor-column elementor-col-100 elementor-inner-column elementor-element elementor-element-749a86f\" data-id=\"749a86f\" data-element_type=\"column\">\n\t\t\t<div class=\"elementor-widget-wrap elementor-element-populated\">\n\t\t\t\t\t\t\t\t<div class=\"elementor-element elementor-element-2fc139a elementor-widget elementor-widget-hub_fancy_heading\" data-id=\"2fc139a\" data-element_type=\"widget\" data-widget_type=\"hub_fancy_heading.default\">\n\t\t\t\t<div class=\"elementor-widget-container\">\n\t\t\t\n\t\t<div id=\"ld-fancy-heading-69e3a54a9999b\" class=\"ld-fancy-heading pos-rel\">\n\t\t\t<h1 class=\"ld-fh-element d-inline-block pos-rel  elementor-heading-title lqd-highlight-classic lqd-highlight-grow-left h1\"  > Gyn\u00e9comastie\n<\/h1>\t\t<\/div>\n\n\t\t\t\t<\/div>\n\t\t\t\t<\/div>\n\t\t\t\t<div class=\"elementor-element elementor-element-d291511 elementor-widget__width-auto elementor-widget elementor-widget-ld_breadcrumb\" data-id=\"d291511\" data-element_type=\"widget\" data-widget_type=\"ld_breadcrumb.default\">\n\t\t\t\t<div class=\"elementor-widget-container\">\n\t\t\t<div class=\"lqd-breadcrumb-wrapper\"><div class=\"lqd-shop-topbar-breadcrumb\"><nav class=\"woocommerce-breadcrumb mb-4 mb-md-0\"><ul class=\"breadcrumb reset-ul inline-nav comma-sep-li\"><li>Anasayfa<\/li><\/ul><\/nav><\/div><\/div>\t\t<\/div>\n\t\t\t\t<\/div>\n\t\t\t\t\t<\/div>\n\t\t<\/div>\n\t\t\t\t\t\t\t<\/div>\n\t\t<\/section>\n\t\t\t\t\t<\/div>\n\t\t<\/div>\n\t\t\t\t\t\t\t<\/div>\n\t\t<\/section>\n\t\t\t\t<section class=\"elementor-section elementor-top-section elementor-element elementor-element-bf19241 elementor-section-boxed elementor-section-height-default elementor-section-height-default\" data-id=\"bf19241\" data-element_type=\"section\">\n\t\t\t\t\t\t<div class=\"elementor-container elementor-column-gap-default\">\n\t\t\t\t\t<div class=\"lqd-css-sticky-column elementor-column elementor-col-50 elementor-top-column elementor-element elementor-element-c681d84 elementor-hidden-mobile\" style=\"--lqd-sticky-offset:30px\" data-id=\"c681d84\" data-element_type=\"column\">\n\t\t\t<div class=\"elementor-widget-wrap elementor-element-populated\">\n\t\t\t\t\t\t\t\t<section class=\"elementor-section elementor-inner-section elementor-element elementor-element-1d0d47c elementor-section-boxed elementor-section-height-default elementor-section-height-default\" data-id=\"1d0d47c\" data-element_type=\"section\" data-settings=\"{&quot;background_background&quot;:&quot;classic&quot;}\">\n\t\t\t\t\t\t<div class=\"elementor-container elementor-column-gap-default\">\n\t\t\t\t\t<div class=\"elementor-column elementor-col-100 elementor-inner-column elementor-element elementor-element-0555bbb\" data-id=\"0555bbb\" data-element_type=\"column\">\n\t\t\t<div class=\"elementor-widget-wrap elementor-element-populated\">\n\t\t\t\t\t\t\t\t<div class=\"elementor-element elementor-element-70e3cad elementor-widget elementor-widget-hub_fancy_heading\" data-id=\"70e3cad\" data-element_type=\"widget\" data-widget_type=\"hub_fancy_heading.default\">\n\t\t\t\t<div class=\"elementor-widget-container\">\n\t\t\t\n\t\t<div id=\"ld-fancy-heading-69e3a54a9c7cb\" class=\"ld-fancy-heading pos-rel\">\n\t\t\t<h6 class=\"ld-fh-element d-inline-block pos-rel  elementor-heading-title lqd-highlight-classic lqd-highlight-grow-left h6\"  > PRENDRE RENDEZ-VOUS<\/h6>\t\t<\/div>\n\n\t\t\t\t<\/div>\n\t\t\t\t<\/div>\n\t\t\t\t<div class=\"elementor-element elementor-element-cd3fab7 elementor-widget elementor-widget-ld_cf722\" data-id=\"cd3fab7\" data-element_type=\"widget\" data-widget_type=\"ld_cf722.default\">\n\t\t\t\t<div class=\"elementor-widget-container\">\n\t\t\t\n\t<div class=\"lqd-contact-form lqd-contact-form-inputs-underlined lqd-contact-form-button-block lqd-contact-form-button-circle lqd-contact-form-inputs-sm\" >\n\t\t<div role=\"form\" class=\"wpcf7\" id=\"wpcf7-f6-o1\" lang=\"tr-TR\" dir=\"ltr\">\n<div class=\"screen-reader-response\"><p role=\"status\" aria-live=\"polite\" aria-atomic=\"true\"><\/p> <ul><\/ul><\/div>\n<form action=\"\/fr\/wp-json\/wp\/v2\/pages\/1086#wpcf7-f6-o1\" method=\"post\" class=\"wpcf7-form init\" novalidate=\"novalidate\" data-status=\"init\">\n<div style=\"display: none;\">\n<input type=\"hidden\" name=\"_wpcf7\" value=\"6\" \/>\n<input type=\"hidden\" name=\"_wpcf7_version\" value=\"5.6.3\" \/>\n<input type=\"hidden\" name=\"_wpcf7_locale\" value=\"tr_TR\" \/>\n<input type=\"hidden\" name=\"_wpcf7_unit_tag\" value=\"wpcf7-f6-o1\" \/>\n<input type=\"hidden\" name=\"_wpcf7_container_post\" value=\"0\" \/>\n<input type=\"hidden\" name=\"_wpcf7_posted_data_hash\" value=\"\" \/>\n<\/div>\n<p><span class=\"wpcf7-form-control-wrap\" data-name=\"adi\"><input type=\"text\" name=\"adi\" value=\"\" size=\"40\" class=\"wpcf7-form-control wpcf7-text wpcf7-validates-as-required\" aria-required=\"true\" aria-invalid=\"false\" placeholder=\"Votre Nom\" \/><\/span><br \/>\n<span class=\"wpcf7-form-control-wrap\" data-name=\"phone\"><input type=\"text\" name=\"phone\" value=\"\" size=\"40\" class=\"wpcf7-form-control wpcf7-text wpcf7-validates-as-required\" aria-required=\"true\" aria-invalid=\"false\" placeholder=\"Ton Num\u00e9ro de T\u00e9l\u00e9phone\" \/><\/span><br \/>\n<span class=\"wpcf7-form-control-wrap\" data-name=\"message\"><textarea name=\"message\" cols=\"40\" rows=\"2\" class=\"wpcf7-form-control wpcf7-textarea\" aria-invalid=\"false\" placeholder=\"Votre Message\"><\/textarea><\/span><br \/>\n<input type=\"submit\" value=\"Soumettre le Formulaire\" class=\"wpcf7-form-control has-spinner wpcf7-submit\" \/><\/p>\n<div class=\"wpcf7-response-output\" aria-hidden=\"true\"><\/div><\/form><\/div>\t<\/div>\n\n\t\t\t<\/div>\n\t\t\t\t<\/div>\n\t\t\t\t\t<\/div>\n\t\t<\/div>\n\t\t\t\t\t\t\t<\/div>\n\t\t<\/section>\n\t\t\t\t<section class=\"elementor-section elementor-inner-section elementor-element elementor-element-3b84cf0 elementor-section-boxed elementor-section-height-default elementor-section-height-default\" data-id=\"3b84cf0\" data-element_type=\"section\">\n\t\t\t\t\t\t<div class=\"elementor-container elementor-column-gap-default\">\n\t\t\t\t\t<div class=\"elementor-column elementor-col-100 elementor-inner-column elementor-element elementor-element-1d21ddd\" data-id=\"1d21ddd\" data-element_type=\"column\">\n\t\t\t<div class=\"elementor-widget-wrap elementor-element-populated\">\n\t\t\t\t\t\t\t\t<div class=\"elementor-element elementor-element-b1542b2 elementor-widget elementor-widget-hub_fancy_heading\" data-id=\"b1542b2\" data-element_type=\"widget\" data-widget_type=\"hub_fancy_heading.default\">\n\t\t\t\t<div class=\"elementor-widget-container\">\n\t\t\t\n\t\t<div id=\"ld-fancy-heading-69e3a54ab10be\" class=\"ld-fancy-heading pos-rel\">\n\t\t\t<h6 class=\"ld-fh-element d-inline-block pos-rel  elementor-heading-title lqd-highlight-classic lqd-highlight-grow-left h6\"  > ESTH\u00c9TIQUE SEMINAIRE<\/h6>\t\t<\/div>\n\n\t\t\t\t<\/div>\n\t\t\t\t<\/div>\n\t\t\t\t<div class=\"elementor-element elementor-element-8fdcb64 elementor-widget elementor-widget-ld_custom_menu\" data-id=\"8fdcb64\" data-element_type=\"widget\" data-widget_type=\"ld_custom_menu.default\">\n\t\t\t\t<div class=\"elementor-widget-container\">\n\t\t\t\n\t\t\t<div  \n\t\t\t\tclass=\"lqd-fancy-menu lqd-custom-menu pos-rel lqd-menu-td-none\"\n\t\t\t\t\t\t\t>\n\t\t\t\n\t\t\t\t\t\t\t<ul class=\"reset-ul\" id=\"8fdcb64\"  data-localscroll=\"true\" data-localscroll-options=\"{&quot;itemsSelector&quot;:&quot;&gt; li &gt; a&quot;,&quot;trackWindowScroll&quot;:true,&quot;includeParentAsOffset&quot;:false,&quot;offsetElements&quot;:&quot;[data-sticky-header] .lqd-head-sec-wrap:not(.lqd-hide-onstuck), #wpadminbar, body.elementor-page .main-header[data-sticky-header] &gt; .elementor &gt; .elementor-section-wrap &gt; .elementor-section:not(.lqd-hide-onstuck):not(.lqd-stickybar-wrap), body.elementor-page .main-header[data-sticky-header] &gt; .elementor &gt; .elementor-section:not(.lqd-hide-onstuck):not(.lqd-stickybar-wrap)&quot;}\">\n\t\t\t\t\n\t\t\t\t\t\t<li>\n\t\t\t\t\t\t\t<a  href=\"https:\/\/drcaturkey.com\/fr\/augmentation-mammaire\" target=\"_self\" > \n\n\t\t\t\t\t\t\t\t\t\t\t\t\t\t\t\t\t<span class=\"link-icon d-inline-flex hide-if-empty right-icon icon-next-to-label\"><i aria-hidden=\"true\" class=\"lqd-icn-ess icon-ion-ios-arrow-forward\"><\/i><\/span>\t\n\t\t\t\t\t\t\t\t\n\t\t\t\t\t\t\t\t\t\t\t\t\t\t\t\t\tAugmentation Mammaire  \n\t\t\t\t\t\t\t\t\t\t\t\t\t\t\t\t\t\t\t\t\t\t\t<\/a>\n\t\t\t\t\t\t\t\t\t\t\t\t\t<\/li>\n\n\t\t\t\t\t\t\n\t\t\t\t\t\t<li>\n\t\t\t\t\t\t\t<a  href=\"https:\/\/drcaturkey.com\/fr\/reduction-mammaire\" target=\"_self\" > \n\n\t\t\t\t\t\t\t\t\t\t\t\t\t\t\t\t\t<span class=\"link-icon d-inline-flex hide-if-empty right-icon icon-next-to-label\"><i aria-hidden=\"true\" class=\"lqd-icn-ess icon-ion-ios-arrow-forward\"><\/i><\/span>\t\n\t\t\t\t\t\t\t\t\n\t\t\t\t\t\t\t\t\t\t\t\t\t\t\t\t\tR\u00e9duction Mammaire  \n\t\t\t\t\t\t\t\t\t\t\t\t\t\t\t\t\t\t\t\t\t\t\t<\/a>\n\t\t\t\t\t\t\t\t\t\t\t\t\t<\/li>\n\n\t\t\t\t\t\t\n\t\t\t\t\t\t<li>\n\t\t\t\t\t\t\t<a  href=\"https:\/\/drcaturkey.com\/fr\/lifting-des-seins\" target=\"_self\" > \n\n\t\t\t\t\t\t\t\t\t\t\t\t\t\t\t\t\t<span class=\"link-icon d-inline-flex hide-if-empty right-icon icon-next-to-label\"><i aria-hidden=\"true\" class=\"lqd-icn-ess icon-ion-ios-arrow-forward\"><\/i><\/span>\t\n\t\t\t\t\t\t\t\t\n\t\t\t\t\t\t\t\t\t\t\t\t\t\t\t\t\tLifting Des Seins  \n\t\t\t\t\t\t\t\t\t\t\t\t\t\t\t\t\t\t\t\t\t\t\t<\/a>\n\t\t\t\t\t\t\t\t\t\t\t\t\t<\/li>\n\n\t\t\t\t\t\t\n\t\t\t\t\t\t<li>\n\t\t\t\t\t\t\t<a  href=\"https:\/\/drcaturkey.com\/fr\/reconstruction-mammaire\" target=\"_self\" > \n\n\t\t\t\t\t\t\t\t\t\t\t\t\t\t\t\t\t<span class=\"link-icon d-inline-flex hide-if-empty right-icon icon-next-to-label\"><i aria-hidden=\"true\" class=\"lqd-icn-ess icon-ion-ios-arrow-forward\"><\/i><\/span>\t\n\t\t\t\t\t\t\t\t\n\t\t\t\t\t\t\t\t\t\t\t\t\t\t\t\t\tReconstruction Mammaire  \n\t\t\t\t\t\t\t\t\t\t\t\t\t\t\t\t\t\t\t\t\t\t\t<\/a>\n\t\t\t\t\t\t\t\t\t\t\t\t\t<\/li>\n\n\t\t\t\t\t\t\n\t\t\t\t\t\t<li>\n\t\t\t\t\t\t\t<a  href=\"https:\/\/drcaturkey.com\/fr\/gynecomastie\" target=\"_self\" > \n\n\t\t\t\t\t\t\t\t\t\t\t\t\t\t\t\t\t<span class=\"link-icon d-inline-flex hide-if-empty right-icon icon-next-to-label\"><i aria-hidden=\"true\" class=\"lqd-icn-ess icon-ion-ios-arrow-forward\"><\/i><\/span>\t\n\t\t\t\t\t\t\t\t\n\t\t\t\t\t\t\t\t\t\t\t\t\t\t\t\t\tGyn\u00e9comastie  \n\t\t\t\t\t\t\t\t\t\t\t\t\t\t\t\t\t\t\t\t\t\t\t<\/a>\n\t\t\t\t\t\t\t\t\t\t\t\t\t<\/li>\n\n\t\t\t\t\t\t\t\t\t\t<\/ul>\n\t\t\t\t\t\t\t\t\t<\/div>\n\t\t\t\t<\/div>\n\t\t\t\t<\/div>\n\t\t\t\t\t<\/div>\n\t\t<\/div>\n\t\t\t\t\t\t\t<\/div>\n\t\t<\/section>\n\t\t\t\t\t<\/div>\n\t\t<\/div>\n\t\t\t\t<div class=\"elementor-column elementor-col-50 elementor-top-column elementor-element elementor-element-f977fbc\" data-id=\"f977fbc\" data-element_type=\"column\">\n\t\t\t<div class=\"elementor-widget-wrap elementor-element-populated\">\n\t\t\t\t\t\t\t\t<section class=\"elementor-section elementor-inner-section elementor-element elementor-element-fb9ff1e elementor-section-boxed elementor-section-height-default elementor-section-height-default\" data-id=\"fb9ff1e\" data-element_type=\"section\">\n\t\t\t\t\t\t<div class=\"elementor-container elementor-column-gap-default\">\n\t\t\t\t\t<div class=\"elementor-column elementor-col-100 elementor-inner-column elementor-element elementor-element-97022f2\" data-id=\"97022f2\" data-element_type=\"column\">\n\t\t\t<div class=\"elementor-widget-wrap elementor-element-populated\">\n\t\t\t\t\t\t\t\t<div class=\"elementor-element elementor-element-9968a3e elementor-widget elementor-widget-hub_fancy_heading\" data-id=\"9968a3e\" data-element_type=\"widget\" data-widget_type=\"hub_fancy_heading.default\">\n\t\t\t\t<div class=\"elementor-widget-container\">\n\t\t\t\n\t\t<div id=\"ld-fancy-heading-69e3a54ab4cd4\" class=\"ld-fancy-heading pos-rel\">\n\t\t\t<h6 class=\"ld-fh-element d-inline-block pos-rel  elementor-heading-title lqd-highlight-classic lqd-highlight-grow-left h6\"  > GynEcomastIe\n<\/h6>\t\t<\/div>\n\n\t\t\t\t<\/div>\n\t\t\t\t<\/div>\n\t\t\t\t<div class=\"elementor-element elementor-element-9f81795 elementor-widget elementor-widget-text-editor\" data-id=\"9f81795\" data-element_type=\"widget\" data-widget_type=\"text-editor.default\">\n\t\t\t\t<div class=\"elementor-widget-container\">\n\t\t\t<style>\/*! elementor - v3.7.4 - 31-08-2022 *\/\n.elementor-widget-text-editor.elementor-drop-cap-view-stacked .elementor-drop-cap{background-color:#818a91;color:#fff}.elementor-widget-text-editor.elementor-drop-cap-view-framed .elementor-drop-cap{color:#818a91;border:3px solid;background-color:transparent}.elementor-widget-text-editor:not(.elementor-drop-cap-view-default) .elementor-drop-cap{margin-top:8px}.elementor-widget-text-editor:not(.elementor-drop-cap-view-default) .elementor-drop-cap-letter{width:1em;height:1em}.elementor-widget-text-editor .elementor-drop-cap{float:left;text-align:center;line-height:1;font-size:50px}.elementor-widget-text-editor .elementor-drop-cap-letter{display:inline-block}<\/style>\t\t\t\t<p>La gyn\u00e9comastie est appel\u00e9e hypertrophie mammaire chez les hommes. C\u2019est en fait une situation tr\u00e8s courante. Causes de l\u2019\u00e9largissement du sein\u00a0; probl\u00e8mes hormonaux, pubert\u00e9, maladies thyro\u00efdiennes, troubles h\u00e9patiques, vieillesse, consommation excessive d\u2019alcool et certains m\u00e9dicaments utilis\u00e9s. Le tissu mammaire masculin n\u2019est pas diff\u00e9rent du sein f\u00e9minin. Il contient des glandes, des canaux et du tissu adipeux synth\u00e9tisant le lait. La gyn\u00e9comastie, c\u2019est-\u00e0-dire l\u2019hypertrophie mammaire observ\u00e9e chez les hommes, se produit de diff\u00e9rentes mani\u00e8res. Il se manifeste uniquement en relation avec l\u2019augmentation du tissu mammaire, uniquement en relation avec l\u2019augmentation du tissu adipeux, ou en relation avec l\u2019augmentation \u00e0 la fois du sein et du tissu adipeux. L\u2019hypertrophie mammaire survient chez la plupart des patientes atteintes de gyn\u00e9comastie sans raison. L\u2019\u00e9largissement du sein n\u2019a aucun mal en termes de sant\u00e9. Il existe une condition sociale et psychologique qui ne se produit que chez les hommes. Surtout si la personne est adolescente, ce probl\u00e8me lui causera encore plus de probl\u00e8mes. Pour cette raison, une intervention imm\u00e9diate doit \u00eatre faite et la psychologie de la personne doit \u00eatre prise sous contr\u00f4le.<\/p><p><strong>La chirurgie est-elle n\u00e9cessaire pour l\u2019augmentation mammaire\u00a0?<\/strong><\/p><p>Si la chirurgie de la gyn\u00e9comastie n\u2019est caus\u00e9e par aucune maladie et que vous n\u2019\u00eates pas adolescent, une intervention chirurgicale sera n\u00e9cessaire. La gyn\u00e9comastie cr\u00e9e g\u00e9n\u00e9ralement une g\u00eane esth\u00e9tique et des probl\u00e8mes psychologiques. Pour cette raison, si le patient n\u2019a pas la condition pour subir cette chirurgie, il est recommand\u00e9 d\u2019utiliser des athl\u00e8tes de gyn\u00e9comastie. Les athl\u00e8tes de gyn\u00e9comastie cachent l\u2019exc\u00e8s dans votre poitrine tout comme les corsets utilis\u00e9s par les femmes.<\/p><p><strong>Y a-t-il une limite d\u2019\u00e2ge pour la chirurgie de la gyn\u00e9comastie\u00a0?<\/strong><\/p><p>Bien qu\u2019il n\u2019y ait pas de limite d\u2019\u00e2ge sp\u00e9cifique pour les chirurgies de gyn\u00e9comastie, nous recommandons au patient d\u2019attendre d\u2019abord s\u2019il est adolescent. Car il a \u00e9t\u00e9 observ\u00e9 que la croissance mammaire vue \u00e0 l\u2019adolescence passe spontan\u00e9ment apr\u00e8s cette p\u00e9riode. Cette chirurgie peut \u00eatre facilement r\u00e9alis\u00e9e apr\u00e8s la fin de la p\u00e9riode d\u2019adolescence. La personne doit d\u2019abord faire les analyses n\u00e9cessaires puis la gyn\u00e9comastie doit se faire sans perdre de temps. De cette fa\u00e7on, l\u2019\u00e9largissement du sein sera \u00e9vit\u00e9 avant que des probl\u00e8mes psychologiques ne surviennent.<\/p><p><strong>Y aura-t-il des cicatrices sur mon corps apr\u00e8s une op\u00e9ration de gyn\u00e9comastie\u00a0?<\/strong><\/p><p>Si la raison de l\u2019\u00e9largissement du sein est l\u2019augmentation de la graisse dans la r\u00e9gion, ce probl\u00e8me peut \u00eatre r\u00e9solu avec une liposuccion. \u00c9tant donn\u00e9 que la proc\u00e9dure de liposuccion est r\u00e9alis\u00e9e en ouvrant de petits trous, il n\u2019y aura pas de cicatrice chirurgicale. Cependant, si la raison de l\u2019hypertrophie mammaire est due \u00e0 la croissance du tissu glandulaire dans les seins, l\u2019exc\u00e8s de tissu doit \u00eatre retir\u00e9 avec une incision pratiqu\u00e9e sous le mamelon. Dans cette r\u00e9gion, les traces n\u2019attireront pas l\u2019attention et s\u2019estomperont avec le temps, car la partie de couleur sombre s\u2019ouvrira en dessous.<\/p><p><strong>Combien de temps dure une op\u00e9ration de gyn\u00e9comastie\u00a0? Vais-je ressentir beaucoup de douleur apr\u00e8s l\u2019op\u00e9ration\u00a0?<\/strong><\/p><p>La gyn\u00e9comastie, c\u2019est-\u00e0-dire la chirurgie de r\u00e9duction mammaire, est r\u00e9alis\u00e9e sous anesth\u00e9sie par s\u00e9dation ou anesth\u00e9sie g\u00e9n\u00e9rale. Apr\u00e8s la chirurgie, qui est principalement r\u00e9alis\u00e9e sous anesth\u00e9sie par s\u00e9dation, le patient peut rentrer chez lui le jour m\u00eame. La dur\u00e9e des chirurgies de gyn\u00e9comastie varie entre une demi-heure et une heure, selon la taille du sein et la m\u00e9thode utilis\u00e9e. Apr\u00e8s l\u2019op\u00e9ration, vous ne ressentirez aucune douleur \u00e0 l\u2019aide d\u2019anesth\u00e9siques administr\u00e9s sous les tissus. Mais apr\u00e8s un jour ou deux, vous pouvez ressentir une l\u00e9g\u00e8re douleur. C\u2019est une situation extr\u00eamement normale. G\u00e9n\u00e9ralement, il est recommand\u00e9 par les m\u00e9decins de porter un corset pendant un mois apr\u00e8s une op\u00e9ration de gyn\u00e9comastie. La raison en est que le tissu mammaire adh\u00e8re mieux \u00e0 sa nouvelle place et que cette zone est resserr\u00e9e.<\/p><p><strong>Le r\u00e9sultat apr\u00e8s une op\u00e9ration de gyn\u00e9comastie est-il permanent\u00a0? Le sein repoussera-t-il\u00a0?<\/strong><\/p><p>Pour que le r\u00e9sultat de la chirurgie de r\u00e9duction mammaire chez l\u2019homme soit permanent, la prise de poids doit \u00eatre maintenue. Si aucune prise de poids n\u2019est constat\u00e9e, il n\u2019y aura pas de repousse puisque les tissus adipeux seront compl\u00e8tement \u00e9limin\u00e9s de cette zone. En bref, vous serez compl\u00e8tement lib\u00e9r\u00e9 de l\u2019augmentation mammaire apr\u00e8s une chirurgie de la gyn\u00e9comastie.<\/p>\t\t\t\t\t\t<\/div>\n\t\t\t\t<\/div>\n\t\t\t\t\t<\/div>\n\t\t<\/div>\n\t\t\t\t\t\t\t<\/div>\n\t\t<\/section>\n\t\t\t\t\t<\/div>\n\t\t<\/div>\n\t\t\t\t\t\t\t<\/div>\n\t\t<\/section>\n\t\t\t\t\t\t\t<\/div>\n\t\t","protected":false},"excerpt":{"rendered":"<p>Gyn\u00e9comastie Anasayfa PRENDRE RENDEZ-VOUS ESTH\u00c9TIQUE SEMINAIRE Augmentation Mammaire R\u00e9duction Mammaire Lifting Des Seins Reconstruction Mammaire Gyn\u00e9comastie GynEcomastIe La gyn\u00e9comastie est appel\u00e9e hypertrophie mammaire chez les hommes. C\u2019est en fait une situation tr\u00e8s courante. Causes de l\u2019\u00e9largissement du sein\u00a0; probl\u00e8mes hormonaux, pubert\u00e9, maladies thyro\u00efdiennes, troubles h\u00e9patiques, vieillesse, consommation excessive d\u2019alcool et certains m\u00e9dicaments utilis\u00e9s. Le tissu [&hellip;]<\/p>\n","protected":false},"author":1,"featured_media":0,"parent":0,"menu_order":0,"comment_status":"closed","ping_status":"closed","template":"","meta":{"footnotes":""},"class_list":["post-1086","page","type-page","status-publish","hentry"],"_links":{"self":[{"href":"https:\/\/drcaturkey.com\/fr\/wp-json\/wp\/v2\/pages\/1086","targetHints":{"allow":["GET"]}}],"collection":[{"href":"https:\/\/drcaturkey.com\/fr\/wp-json\/wp\/v2\/pages"}],"about":[{"href":"https:\/\/drcaturkey.com\/fr\/wp-json\/wp\/v2\/types\/page"}],"author":[{"embeddable":true,"href":"https:\/\/drcaturkey.com\/fr\/wp-json\/wp\/v2\/users\/1"}],"replies":[{"embeddable":true,"href":"https:\/\/drcaturkey.com\/fr\/wp-json\/wp\/v2\/comments?post=1086"}],"version-history":[{"count":35,"href":"https:\/\/drcaturkey.com\/fr\/wp-json\/wp\/v2\/pages\/1086\/revisions"}],"predecessor-version":[{"id":2884,"href":"https:\/\/drcaturkey.com\/fr\/wp-json\/wp\/v2\/pages\/1086\/revisions\/2884"}],"wp:attachment":[{"href":"https:\/\/drcaturkey.com\/fr\/wp-json\/wp\/v2\/media?parent=1086"}],"curies":[{"name":"wp","href":"https:\/\/api.w.org\/{rel}","templated":true}]}}