{"id":1087,"date":"2022-09-02T00:46:44","date_gmt":"2022-09-01T21:46:44","guid":{"rendered":"https:\/\/drcaturkey.com\/fr\/?page_id=1087"},"modified":"2023-03-02T13:45:52","modified_gmt":"2023-03-02T10:45:52","slug":"liposuccion","status":"publish","type":"page","link":"https:\/\/drcaturkey.com\/fr\/liposuccion","title":{"rendered":"Liposuccion"},"content":{"rendered":"\t\t<div data-elementor-type=\"wp-page\" data-elementor-id=\"1087\" class=\"elementor elementor-1087\">\n\t\t\t\t\t\t\t\t\t<section class=\"elementor-section elementor-top-section elementor-element elementor-element-c2a2b59 elementor-section-boxed elementor-section-height-default elementor-section-height-default\" data-id=\"c2a2b59\" data-element_type=\"section\" data-settings=\"{&quot;background_background&quot;:&quot;classic&quot;}\">\n\t\t\t\t\t\t<div class=\"elementor-container elementor-column-gap-default\">\n\t\t\t\t\t<div class=\"elementor-column elementor-col-100 elementor-top-column elementor-element elementor-element-39f2e13\" data-id=\"39f2e13\" data-element_type=\"column\">\n\t\t\t<div class=\"elementor-widget-wrap elementor-element-populated\">\n\t\t\t\t\t\t\t\t<section class=\"elementor-section elementor-inner-section elementor-element elementor-element-149a27d elementor-section-boxed elementor-section-height-default elementor-section-height-default\" data-id=\"149a27d\" data-element_type=\"section\">\n\t\t\t\t\t\t<div class=\"elementor-container elementor-column-gap-default\">\n\t\t\t\t\t<div class=\"elementor-column elementor-col-100 elementor-inner-column elementor-element elementor-element-514f5cf\" data-id=\"514f5cf\" data-element_type=\"column\">\n\t\t\t<div class=\"elementor-widget-wrap elementor-element-populated\">\n\t\t\t\t\t\t\t\t<div class=\"elementor-element elementor-element-7a57067 elementor-widget elementor-widget-hub_fancy_heading\" data-id=\"7a57067\" data-element_type=\"widget\" data-widget_type=\"hub_fancy_heading.default\">\n\t\t\t\t<div class=\"elementor-widget-container\">\n\t\t\t\n\t\t<div id=\"ld-fancy-heading-69e3a54ab440b\" class=\"ld-fancy-heading pos-rel\">\n\t\t\t<h1 class=\"ld-fh-element d-inline-block pos-rel  elementor-heading-title lqd-highlight-classic lqd-highlight-grow-left h1\"  > Liposuccion\n<\/h1>\t\t<\/div>\n\n\t\t\t\t<\/div>\n\t\t\t\t<\/div>\n\t\t\t\t<div class=\"elementor-element elementor-element-f9eb39a elementor-widget__width-auto elementor-widget elementor-widget-ld_breadcrumb\" data-id=\"f9eb39a\" data-element_type=\"widget\" data-widget_type=\"ld_breadcrumb.default\">\n\t\t\t\t<div class=\"elementor-widget-container\">\n\t\t\t<div class=\"lqd-breadcrumb-wrapper\"><div class=\"lqd-shop-topbar-breadcrumb\"><nav class=\"woocommerce-breadcrumb mb-4 mb-md-0\"><ul class=\"breadcrumb reset-ul inline-nav comma-sep-li\"><li>Anasayfa<\/li><\/ul><\/nav><\/div><\/div>\t\t<\/div>\n\t\t\t\t<\/div>\n\t\t\t\t\t<\/div>\n\t\t<\/div>\n\t\t\t\t\t\t\t<\/div>\n\t\t<\/section>\n\t\t\t\t\t<\/div>\n\t\t<\/div>\n\t\t\t\t\t\t\t<\/div>\n\t\t<\/section>\n\t\t\t\t<section class=\"elementor-section elementor-top-section elementor-element elementor-element-bf19241 elementor-section-boxed elementor-section-height-default elementor-section-height-default\" data-id=\"bf19241\" data-element_type=\"section\">\n\t\t\t\t\t\t<div class=\"elementor-container elementor-column-gap-default\">\n\t\t\t\t\t<div class=\"lqd-css-sticky-column elementor-column elementor-col-50 elementor-top-column elementor-element elementor-element-e7f3f98 elementor-hidden-mobile\" style=\"--lqd-sticky-offset:30px\" data-id=\"e7f3f98\" data-element_type=\"column\">\n\t\t\t<div class=\"elementor-widget-wrap elementor-element-populated\">\n\t\t\t\t\t\t\t\t<section class=\"elementor-section elementor-inner-section elementor-element elementor-element-39c0dc0 elementor-section-boxed elementor-section-height-default elementor-section-height-default\" data-id=\"39c0dc0\" data-element_type=\"section\" data-settings=\"{&quot;background_background&quot;:&quot;classic&quot;}\">\n\t\t\t\t\t\t<div class=\"elementor-container elementor-column-gap-default\">\n\t\t\t\t\t<div class=\"elementor-column elementor-col-100 elementor-inner-column elementor-element elementor-element-f3329e5\" data-id=\"f3329e5\" data-element_type=\"column\">\n\t\t\t<div class=\"elementor-widget-wrap elementor-element-populated\">\n\t\t\t\t\t\t\t\t<div class=\"elementor-element elementor-element-cc81a00 elementor-widget elementor-widget-hub_fancy_heading\" data-id=\"cc81a00\" data-element_type=\"widget\" data-widget_type=\"hub_fancy_heading.default\">\n\t\t\t\t<div class=\"elementor-widget-container\">\n\t\t\t\n\t\t<div id=\"ld-fancy-heading-69e3a54ac902b\" class=\"ld-fancy-heading pos-rel\">\n\t\t\t<h6 class=\"ld-fh-element d-inline-block pos-rel  elementor-heading-title lqd-highlight-classic lqd-highlight-grow-left h6\"  > PRENDRE RENDEZ-VOUS<\/h6>\t\t<\/div>\n\n\t\t\t\t<\/div>\n\t\t\t\t<\/div>\n\t\t\t\t<div class=\"elementor-element elementor-element-81e5297 elementor-widget elementor-widget-ld_cf722\" data-id=\"81e5297\" data-element_type=\"widget\" data-widget_type=\"ld_cf722.default\">\n\t\t\t\t<div class=\"elementor-widget-container\">\n\t\t\t\n\t<div class=\"lqd-contact-form lqd-contact-form-inputs-underlined lqd-contact-form-button-block lqd-contact-form-button-circle lqd-contact-form-inputs-sm\" >\n\t\t<div role=\"form\" class=\"wpcf7\" id=\"wpcf7-f6-o1\" lang=\"tr-TR\" dir=\"ltr\">\n<div class=\"screen-reader-response\"><p role=\"status\" aria-live=\"polite\" aria-atomic=\"true\"><\/p> <ul><\/ul><\/div>\n<form action=\"\/fr\/wp-json\/wp\/v2\/pages\/1087#wpcf7-f6-o1\" method=\"post\" class=\"wpcf7-form init\" novalidate=\"novalidate\" data-status=\"init\">\n<div style=\"display: none;\">\n<input type=\"hidden\" name=\"_wpcf7\" value=\"6\" \/>\n<input type=\"hidden\" name=\"_wpcf7_version\" value=\"5.6.3\" \/>\n<input type=\"hidden\" name=\"_wpcf7_locale\" value=\"tr_TR\" \/>\n<input type=\"hidden\" name=\"_wpcf7_unit_tag\" value=\"wpcf7-f6-o1\" \/>\n<input type=\"hidden\" name=\"_wpcf7_container_post\" value=\"0\" \/>\n<input type=\"hidden\" name=\"_wpcf7_posted_data_hash\" value=\"\" \/>\n<\/div>\n<p><span class=\"wpcf7-form-control-wrap\" data-name=\"adi\"><input type=\"text\" name=\"adi\" value=\"\" size=\"40\" class=\"wpcf7-form-control wpcf7-text wpcf7-validates-as-required\" aria-required=\"true\" aria-invalid=\"false\" placeholder=\"Votre Nom\" \/><\/span><br \/>\n<span class=\"wpcf7-form-control-wrap\" data-name=\"phone\"><input type=\"text\" name=\"phone\" value=\"\" size=\"40\" class=\"wpcf7-form-control wpcf7-text wpcf7-validates-as-required\" aria-required=\"true\" aria-invalid=\"false\" placeholder=\"Ton Num\u00e9ro de T\u00e9l\u00e9phone\" \/><\/span><br \/>\n<span class=\"wpcf7-form-control-wrap\" data-name=\"message\"><textarea name=\"message\" cols=\"40\" rows=\"2\" class=\"wpcf7-form-control wpcf7-textarea\" aria-invalid=\"false\" placeholder=\"Votre Message\"><\/textarea><\/span><br \/>\n<input type=\"submit\" value=\"Soumettre le Formulaire\" class=\"wpcf7-form-control has-spinner wpcf7-submit\" \/><\/p>\n<div class=\"wpcf7-response-output\" aria-hidden=\"true\"><\/div><\/form><\/div>\t<\/div>\n\n\t\t\t<\/div>\n\t\t\t\t<\/div>\n\t\t\t\t\t<\/div>\n\t\t<\/div>\n\t\t\t\t\t\t\t<\/div>\n\t\t<\/section>\n\t\t\t\t<section class=\"elementor-section elementor-inner-section elementor-element elementor-element-8ba4fd8 elementor-section-boxed elementor-section-height-default elementor-section-height-default\" data-id=\"8ba4fd8\" data-element_type=\"section\">\n\t\t\t\t\t\t<div class=\"elementor-container elementor-column-gap-default\">\n\t\t\t\t\t<div class=\"elementor-column elementor-col-100 elementor-inner-column elementor-element elementor-element-192fa82\" data-id=\"192fa82\" data-element_type=\"column\">\n\t\t\t<div class=\"elementor-widget-wrap elementor-element-populated\">\n\t\t\t\t\t\t\t\t<div class=\"elementor-element elementor-element-aa99787 elementor-widget elementor-widget-hub_fancy_heading\" data-id=\"aa99787\" data-element_type=\"widget\" data-widget_type=\"hub_fancy_heading.default\">\n\t\t\t\t<div class=\"elementor-widget-container\">\n\t\t\t\n\t\t<div id=\"ld-fancy-heading-69e3a54acb740\" class=\"ld-fancy-heading pos-rel\">\n\t\t\t<h6 class=\"ld-fh-element d-inline-block pos-rel  elementor-heading-title lqd-highlight-classic lqd-highlight-grow-left h6\"  > ESTH\u00c9TIQUE DU CORPS<\/h6>\t\t<\/div>\n\n\t\t\t\t<\/div>\n\t\t\t\t<\/div>\n\t\t\t\t<div class=\"elementor-element elementor-element-a2c9122 elementor-widget elementor-widget-ld_custom_menu\" data-id=\"a2c9122\" data-element_type=\"widget\" data-widget_type=\"ld_custom_menu.default\">\n\t\t\t\t<div class=\"elementor-widget-container\">\n\t\t\t\n\t\t\t<div  \n\t\t\t\tclass=\"lqd-fancy-menu lqd-custom-menu pos-rel lqd-menu-td-none\"\n\t\t\t\t\t\t\t>\n\t\t\t\n\t\t\t\t\t\t\t<ul class=\"reset-ul\" id=\"a2c9122\"  data-localscroll=\"true\" data-localscroll-options=\"{&quot;itemsSelector&quot;:&quot;&gt; li &gt; a&quot;,&quot;trackWindowScroll&quot;:true,&quot;includeParentAsOffset&quot;:false,&quot;offsetElements&quot;:&quot;[data-sticky-header] .lqd-head-sec-wrap:not(.lqd-hide-onstuck), #wpadminbar, body.elementor-page .main-header[data-sticky-header] &gt; .elementor &gt; .elementor-section-wrap &gt; .elementor-section:not(.lqd-hide-onstuck):not(.lqd-stickybar-wrap), body.elementor-page .main-header[data-sticky-header] &gt; .elementor &gt; .elementor-section:not(.lqd-hide-onstuck):not(.lqd-stickybar-wrap)&quot;}\">\n\t\t\t\t\n\t\t\t\t\t\t<li>\n\t\t\t\t\t\t\t<a  href=\"https:\/\/drcaturkey.com\/fr\/liposuccion\" target=\"_self\" > \n\n\t\t\t\t\t\t\t\t\t\t\t\t\t\t\t\t\t<span class=\"link-icon d-inline-flex hide-if-empty right-icon icon-next-to-label\"><i aria-hidden=\"true\" class=\"lqd-icn-ess icon-ion-ios-arrow-forward\"><\/i><\/span>\t\n\t\t\t\t\t\t\t\t\n\t\t\t\t\t\t\t\t\t\t\t\t\t\t\t\t\tLiposuccion  \n\t\t\t\t\t\t\t\t\t\t\t\t\t\t\t\t\t\t\t\t\t\t\t<\/a>\n\t\t\t\t\t\t\t\t\t\t\t\t\t<\/li>\n\n\t\t\t\t\t\t\n\t\t\t\t\t\t<li>\n\t\t\t\t\t\t\t<a  href=\"https:\/\/drcaturkey.com\/fr\/abdominoplastie\" target=\"_self\" > \n\n\t\t\t\t\t\t\t\t\t\t\t\t\t\t\t\t\t<span class=\"link-icon d-inline-flex hide-if-empty right-icon icon-next-to-label\"><i aria-hidden=\"true\" class=\"lqd-icn-ess icon-ion-ios-arrow-forward\"><\/i><\/span>\t\n\t\t\t\t\t\t\t\t\n\t\t\t\t\t\t\t\t\t\t\t\t\t\t\t\t\tAbdominoplastie  \n\t\t\t\t\t\t\t\t\t\t\t\t\t\t\t\t\t\t\t\t\t\t\t<\/a>\n\t\t\t\t\t\t\t\t\t\t\t\t\t<\/li>\n\n\t\t\t\t\t\t\n\t\t\t\t\t\t<li>\n\t\t\t\t\t\t\t<a  href=\"https:\/\/drcaturkey.com\/fr\/lifting-des-fesses-bbl\" target=\"_self\" > \n\n\t\t\t\t\t\t\t\t\t\t\t\t\t\t\t\t\t<span class=\"link-icon d-inline-flex hide-if-empty right-icon icon-next-to-label\"><i aria-hidden=\"true\" class=\"lqd-icn-ess icon-ion-ios-arrow-forward\"><\/i><\/span>\t\n\t\t\t\t\t\t\t\t\n\t\t\t\t\t\t\t\t\t\t\t\t\t\t\t\t\tLifting Des Fesses (BBL)  \n\t\t\t\t\t\t\t\t\t\t\t\t\t\t\t\t\t\t\t\t\t\t\t<\/a>\n\t\t\t\t\t\t\t\t\t\t\t\t\t<\/li>\n\n\t\t\t\t\t\t\n\t\t\t\t\t\t<li>\n\t\t\t\t\t\t\t<a  href=\"https:\/\/drcaturkey.com\/fr\/lifting-des-bras\" target=\"_self\" > \n\n\t\t\t\t\t\t\t\t\t\t\t\t\t\t\t\t\t<span class=\"link-icon d-inline-flex hide-if-empty right-icon icon-next-to-label\"><i aria-hidden=\"true\" class=\"lqd-icn-ess icon-ion-ios-arrow-forward\"><\/i><\/span>\t\n\t\t\t\t\t\t\t\t\n\t\t\t\t\t\t\t\t\t\t\t\t\t\t\t\t\tLifting Des Bras  \n\t\t\t\t\t\t\t\t\t\t\t\t\t\t\t\t\t\t\t\t\t\t\t<\/a>\n\t\t\t\t\t\t\t\t\t\t\t\t\t<\/li>\n\n\t\t\t\t\t\t\n\t\t\t\t\t\t<li>\n\t\t\t\t\t\t\t<a  href=\"https:\/\/drcaturkey.com\/fr\/lifting-des-jambes\" target=\"_self\" > \n\n\t\t\t\t\t\t\t\t\t\t\t\t\t\t\t\t\t<span class=\"link-icon d-inline-flex hide-if-empty right-icon icon-next-to-label\"><i aria-hidden=\"true\" class=\"lqd-icn-ess icon-ion-ios-arrow-forward\"><\/i><\/span>\t\n\t\t\t\t\t\t\t\t\n\t\t\t\t\t\t\t\t\t\t\t\t\t\t\t\t\tLifting Des Jambes  \n\t\t\t\t\t\t\t\t\t\t\t\t\t\t\t\t\t\t\t\t\t\t\t<\/a>\n\t\t\t\t\t\t\t\t\t\t\t\t\t<\/li>\n\n\t\t\t\t\t\t\t\t\t\t<\/ul>\n\t\t\t\t\t\t\t\t\t<\/div>\n\t\t\t\t<\/div>\n\t\t\t\t<\/div>\n\t\t\t\t\t<\/div>\n\t\t<\/div>\n\t\t\t\t\t\t\t<\/div>\n\t\t<\/section>\n\t\t\t\t\t<\/div>\n\t\t<\/div>\n\t\t\t\t<div class=\"elementor-column elementor-col-50 elementor-top-column elementor-element elementor-element-4bf2765\" data-id=\"4bf2765\" data-element_type=\"column\">\n\t\t\t<div class=\"elementor-widget-wrap elementor-element-populated\">\n\t\t\t\t\t\t\t\t<section class=\"elementor-section elementor-inner-section elementor-element elementor-element-8941ee0 elementor-section-boxed elementor-section-height-default elementor-section-height-default\" data-id=\"8941ee0\" data-element_type=\"section\">\n\t\t\t\t\t\t<div class=\"elementor-container elementor-column-gap-default\">\n\t\t\t\t\t<div class=\"elementor-column elementor-col-100 elementor-inner-column elementor-element elementor-element-695c075\" data-id=\"695c075\" data-element_type=\"column\">\n\t\t\t<div class=\"elementor-widget-wrap elementor-element-populated\">\n\t\t\t\t\t\t\t\t<div class=\"elementor-element elementor-element-d9968c7 elementor-widget elementor-widget-hub_fancy_heading\" data-id=\"d9968c7\" data-element_type=\"widget\" data-widget_type=\"hub_fancy_heading.default\">\n\t\t\t\t<div class=\"elementor-widget-container\">\n\t\t\t\n\t\t<div id=\"ld-fancy-heading-69e3a54acf3d8\" class=\"ld-fancy-heading pos-rel\">\n\t\t\t<h6 class=\"ld-fh-element d-inline-block pos-rel  elementor-heading-title lqd-highlight-classic lqd-highlight-grow-left h6\"  > LIposuccIon\n<\/h6>\t\t<\/div>\n\n\t\t\t\t<\/div>\n\t\t\t\t<\/div>\n\t\t\t\t<div class=\"elementor-element elementor-element-36f19a1 elementor-widget elementor-widget-text-editor\" data-id=\"36f19a1\" data-element_type=\"widget\" data-widget_type=\"text-editor.default\">\n\t\t\t\t<div class=\"elementor-widget-container\">\n\t\t\t<style>\/*! elementor - v3.7.4 - 31-08-2022 *\/\n.elementor-widget-text-editor.elementor-drop-cap-view-stacked .elementor-drop-cap{background-color:#818a91;color:#fff}.elementor-widget-text-editor.elementor-drop-cap-view-framed .elementor-drop-cap{color:#818a91;border:3px solid;background-color:transparent}.elementor-widget-text-editor:not(.elementor-drop-cap-view-default) .elementor-drop-cap{margin-top:8px}.elementor-widget-text-editor:not(.elementor-drop-cap-view-default) .elementor-drop-cap-letter{width:1em;height:1em}.elementor-widget-text-editor .elementor-drop-cap{float:left;text-align:center;line-height:1;font-size:50px}.elementor-widget-text-editor .elementor-drop-cap-letter{display:inline-block}<\/style>\t\t\t\t<p>La m\u00e9thode d\u2019absorption de l\u2019exc\u00e8s de graisse sous la peau \u00e0 l\u2019aide de canules sp\u00e9ciales, d\u2019un aspirateur ou d\u2019injecteurs sp\u00e9cialement pr\u00e9par\u00e9s est appel\u00e9e liposuccion. La liposuccion est une intervention chirurgicale qui aide \u00e0 r\u00e9guler la r\u00e9partition d\u00e9s\u00e9quilibr\u00e9e des graisses dans notre corps. Le but de cette op\u00e9ration n\u2019est pas de perdre du poids, mais d\u2019\u00e9liminer les graisses tenaces auxquelles on ne peut pas r\u00e9pondre malgr\u00e9 tous les r\u00e9gimes et exercices. Gr\u00e2ce \u00e0 la liposuccion, votre corps sera \u00e9galement galb\u00e9. La dur\u00e9e de l\u2019op\u00e9ration de liposuccion varie entre 15-20 minutes et 1-2 heures, et ce temps varie en fonction du probl\u00e8me. La liposuccion donne surtout les meilleurs r\u00e9sultats chez les personnes ayant un poids normal ou l\u00e9g\u00e8rement sup\u00e9rieur \u00e0 la normale, mais qui sont g\u00ean\u00e9es par la mauvaise apparition de la graisse r\u00e9gionale. Pour des raisons hormonales et g\u00e9n\u00e9tiques, la graisse est stock\u00e9e dans diff\u00e9rentes r\u00e9gions chez les hommes et les femmes. On le voit autour de l\u2019abdomen, des hanches et des cuisses chez les femmes et autour de l\u2019abdomen chez les hommes. On pense que ces zones seront r\u00e9duites par la perte de poids en faisant de l\u2019exercice et en suivant un r\u00e9gime. Cependant, il n\u2019y a pas de changement significatif dans ces r\u00e9gions avec l\u2019aide de l\u2019exercice et de l\u2019alimentation. La seule fa\u00e7on de se d\u00e9barrasser de la graisse dans ces zones est la chirurgie de liposuccion. La liposuccion s\u2019applique non seulement \u00e0 l\u2019abdomen, \u00e0 la taille et aux hanches, mais \u00e9galement \u00e0 la graisse autour du cou, du menton, des seins, des bras, des jambes et des genoux.<\/p><p><strong>Tout le monde peut-il subir une liposuccion\u00a0?<\/strong><\/p><p>Les meilleurs candidats pour la liposuccion sont les personnes qui ont des attentes r\u00e9alistes, qui peuvent penser sainement et qui sont satisfaites des r\u00e9sultats de la liposuccion. Pour une op\u00e9ration de liposuccion, les personnes doivent \u00eatre \u00e2g\u00e9es de plus de 18 ans. La raison en est la limite d\u2019\u00e2ge pour des raisons l\u00e9gales. Nos chirurgiens vous fourniront l\u2019assistance n\u00e9cessaire \u00e0 cet \u00e9gard. En bref, toute personne qui ne peut pas se d\u00e9barrasser r\u00e9guli\u00e8rement d\u2019une alimentation saine, d\u2019un r\u00e9gime alimentaire et de programmes d\u2019exercice et qui n\u2019a pas de probl\u00e8mes de sant\u00e9 peut subir une liposuccion.<\/p><p><strong>Y a-t-il un risque dans la liposuccion\u00a0?<\/strong><\/p><p>La liposuccion est une op\u00e9ration tr\u00e8s s\u00fbre et ne pr\u00e9sente aucun risque ni complication grave. Il existe des risques tels que des l\u00e9sions nerveuses, des infections, des saignements, des ulc\u00e9rations cutan\u00e9es qui ne peuvent \u00eatre observ\u00e9s que lors de chaque intervention chirurgicale. Mais la probabilit\u00e9 de leur apparition est tr\u00e8s faible.<\/p><p><strong>Vais-je ressentir de la douleur apr\u00e8s la liposuccion\u00a0?<\/strong><\/p><p>Une anesth\u00e9sie locale et une infiltration sont r\u00e9alis\u00e9es avant l\u2019op\u00e9ration de liposuccion. De cette fa\u00e7on, la probabilit\u00e9 de ressentir de la douleur est tr\u00e8s faible par rapport aux autres chirurgies. M\u00eame si vous ressentez une l\u00e9g\u00e8re douleur apr\u00e8s la chirurgie, cette douleur peut \u00eatre contr\u00f4l\u00e9e imm\u00e9diatement \u00e0 l\u2019aide d\u2019analg\u00e9siques quotidiens.<\/p><p><strong>Combien de graisse puis-je \u00e9liminer avec la liposuccion\u00a0?<\/strong><\/p><p>La quantit\u00e9 d\u2019\u00e9limination des graisses par liposuccion est d\u00e9termin\u00e9e par la gravit\u00e9 du probl\u00e8me, l\u2019\u00e2ge et l\u2019\u00e9tat de sant\u00e9 de la personne. Parfois, m\u00eame 300 \u00e0 500 grammes de graisse pris avec la liposuccion donnent des r\u00e9sultats efficaces, alors que certaines personnes doivent prendre jusqu\u2019\u00e0 12 litres. En moyenne, l\u2019huile \u00e0 pr\u00e9lever doit \u00eatre comprise entre 5 et 10 litres. 2 \u00e0 3 litres de graisse peuvent \u00eatre pr\u00e9lev\u00e9s sur l\u2019abdomen, 4 litres sur les hanches et 3 litres sur la taille. Ce liquide, que la personne perd lors de la prise de graisse, doit \u00eatre administr\u00e9 par voie intraveineuse.<\/p><p><strong>Combien de temps vais-je r\u00e9cup\u00e9rer de la liposuccion\u00a0?<\/strong><\/p><p>La chirurgie de liposuccion n\u2019est pas une op\u00e9ration qui affecte trop votre vie quotidienne. Apr\u00e8s 1 jour de repos \u00e0 l\u2019h\u00f4pital, vous devez porter le corset qui vous a \u00e9t\u00e9 remis. Vous devrez utiliser ce corset r\u00e9guli\u00e8rement pendant environ un mois. Puisque vous utiliserez le corset r\u00e9guli\u00e8rement pendant un mois, on peut dire que votre p\u00e9riode de r\u00e9cup\u00e9ration est d\u2019un mois. Apr\u00e8s ce processus, vous pouvez facilement continuer votre vie normale. \u00c9tant donn\u00e9 que de tr\u00e8s petites incisions seront pratiqu\u00e9es lors de l\u2019op\u00e9ration de liposuccion, vous ne ressentirez aucune douleur. Ces incisions gu\u00e9rissent compl\u00e8tement ou apparaissent comme un point faible, il n\u2019y a donc pas de cicatrice sur votre corps apr\u00e8s l\u2019op\u00e9ration.<\/p>\t\t\t\t\t\t<\/div>\n\t\t\t\t<\/div>\n\t\t\t\t\t<\/div>\n\t\t<\/div>\n\t\t\t\t\t\t\t<\/div>\n\t\t<\/section>\n\t\t\t\t\t<\/div>\n\t\t<\/div>\n\t\t\t\t\t\t\t<\/div>\n\t\t<\/section>\n\t\t\t\t\t\t\t<\/div>\n\t\t","protected":false},"excerpt":{"rendered":"<p>Liposuccion Anasayfa PRENDRE RENDEZ-VOUS ESTH\u00c9TIQUE DU CORPS Liposuccion Abdominoplastie Lifting Des Fesses (BBL) Lifting Des Bras Lifting Des Jambes LIposuccIon La m\u00e9thode d\u2019absorption de l\u2019exc\u00e8s de graisse sous la peau \u00e0 l\u2019aide de canules sp\u00e9ciales, d\u2019un aspirateur ou d\u2019injecteurs sp\u00e9cialement pr\u00e9par\u00e9s est appel\u00e9e liposuccion. La liposuccion est une intervention chirurgicale qui aide \u00e0 r\u00e9guler la [&hellip;]<\/p>\n","protected":false},"author":1,"featured_media":0,"parent":0,"menu_order":0,"comment_status":"closed","ping_status":"closed","template":"","meta":{"footnotes":""},"class_list":["post-1087","page","type-page","status-publish","hentry"],"_links":{"self":[{"href":"https:\/\/drcaturkey.com\/fr\/wp-json\/wp\/v2\/pages\/1087","targetHints":{"allow":["GET"]}}],"collection":[{"href":"https:\/\/drcaturkey.com\/fr\/wp-json\/wp\/v2\/pages"}],"about":[{"href":"https:\/\/drcaturkey.com\/fr\/wp-json\/wp\/v2\/types\/page"}],"author":[{"embeddable":true,"href":"https:\/\/drcaturkey.com\/fr\/wp-json\/wp\/v2\/users\/1"}],"replies":[{"embeddable":true,"href":"https:\/\/drcaturkey.com\/fr\/wp-json\/wp\/v2\/comments?post=1087"}],"version-history":[{"count":38,"href":"https:\/\/drcaturkey.com\/fr\/wp-json\/wp\/v2\/pages\/1087\/revisions"}],"predecessor-version":[{"id":2890,"href":"https:\/\/drcaturkey.com\/fr\/wp-json\/wp\/v2\/pages\/1087\/revisions\/2890"}],"wp:attachment":[{"href":"https:\/\/drcaturkey.com\/fr\/wp-json\/wp\/v2\/media?parent=1087"}],"curies":[{"name":"wp","href":"https:\/\/api.w.org\/{rel}","templated":true}]}}