{"id":1090,"date":"2022-09-02T00:47:12","date_gmt":"2022-09-01T21:47:12","guid":{"rendered":"https:\/\/drcaturkey.com\/fr\/?page_id=1090"},"modified":"2023-03-02T13:47:34","modified_gmt":"2023-03-02T10:47:34","slug":"lifting-des-bras","status":"publish","type":"page","link":"https:\/\/drcaturkey.com\/fr\/lifting-des-bras","title":{"rendered":"Lifting Des Bras"},"content":{"rendered":"\t\t<div data-elementor-type=\"wp-page\" data-elementor-id=\"1090\" class=\"elementor elementor-1090\">\n\t\t\t\t\t\t\t\t\t<section class=\"elementor-section elementor-top-section elementor-element elementor-element-7783bae elementor-section-boxed elementor-section-height-default elementor-section-height-default\" data-id=\"7783bae\" data-element_type=\"section\" data-settings=\"{&quot;background_background&quot;:&quot;classic&quot;}\">\n\t\t\t\t\t\t<div class=\"elementor-container elementor-column-gap-default\">\n\t\t\t\t\t<div class=\"elementor-column elementor-col-100 elementor-top-column elementor-element elementor-element-0e21a65\" data-id=\"0e21a65\" data-element_type=\"column\">\n\t\t\t<div class=\"elementor-widget-wrap elementor-element-populated\">\n\t\t\t\t\t\t\t\t<section class=\"elementor-section elementor-inner-section elementor-element elementor-element-7161821 elementor-section-boxed elementor-section-height-default elementor-section-height-default\" data-id=\"7161821\" data-element_type=\"section\">\n\t\t\t\t\t\t<div class=\"elementor-container elementor-column-gap-default\">\n\t\t\t\t\t<div class=\"elementor-column elementor-col-100 elementor-inner-column elementor-element elementor-element-929e83d\" data-id=\"929e83d\" data-element_type=\"column\">\n\t\t\t<div class=\"elementor-widget-wrap elementor-element-populated\">\n\t\t\t\t\t\t\t\t<div class=\"elementor-element elementor-element-dcd8de7 elementor-widget elementor-widget-hub_fancy_heading\" data-id=\"dcd8de7\" data-element_type=\"widget\" data-widget_type=\"hub_fancy_heading.default\">\n\t\t\t\t<div class=\"elementor-widget-container\">\n\t\t\t\n\t\t<div id=\"ld-fancy-heading-69e390001f485\" class=\"ld-fancy-heading pos-rel\">\n\t\t\t<h1 class=\"ld-fh-element d-inline-block pos-rel  elementor-heading-title lqd-highlight-classic lqd-highlight-grow-left h1\"  > Lifting Des Bras\n<\/h1>\t\t<\/div>\n\n\t\t\t\t<\/div>\n\t\t\t\t<\/div>\n\t\t\t\t<div class=\"elementor-element elementor-element-ec33bb4 elementor-widget__width-auto elementor-widget elementor-widget-ld_breadcrumb\" data-id=\"ec33bb4\" data-element_type=\"widget\" data-widget_type=\"ld_breadcrumb.default\">\n\t\t\t\t<div class=\"elementor-widget-container\">\n\t\t\t<div class=\"lqd-breadcrumb-wrapper\"><div class=\"lqd-shop-topbar-breadcrumb\"><nav class=\"woocommerce-breadcrumb mb-4 mb-md-0\"><ul class=\"breadcrumb reset-ul inline-nav comma-sep-li\"><li>Anasayfa<\/li><\/ul><\/nav><\/div><\/div>\t\t<\/div>\n\t\t\t\t<\/div>\n\t\t\t\t\t<\/div>\n\t\t<\/div>\n\t\t\t\t\t\t\t<\/div>\n\t\t<\/section>\n\t\t\t\t\t<\/div>\n\t\t<\/div>\n\t\t\t\t\t\t\t<\/div>\n\t\t<\/section>\n\t\t\t\t<section class=\"elementor-section elementor-top-section elementor-element elementor-element-bf19241 elementor-section-boxed elementor-section-height-default elementor-section-height-default\" data-id=\"bf19241\" data-element_type=\"section\">\n\t\t\t\t\t\t<div class=\"elementor-container elementor-column-gap-default\">\n\t\t\t\t\t<div class=\"lqd-css-sticky-column elementor-column elementor-col-50 elementor-top-column elementor-element elementor-element-8f469f8 elementor-hidden-mobile\" style=\"--lqd-sticky-offset:30px\" data-id=\"8f469f8\" data-element_type=\"column\">\n\t\t\t<div class=\"elementor-widget-wrap elementor-element-populated\">\n\t\t\t\t\t\t\t\t<section class=\"elementor-section elementor-inner-section elementor-element elementor-element-e7702dd elementor-section-boxed elementor-section-height-default elementor-section-height-default\" data-id=\"e7702dd\" data-element_type=\"section\" data-settings=\"{&quot;background_background&quot;:&quot;classic&quot;}\">\n\t\t\t\t\t\t<div class=\"elementor-container elementor-column-gap-default\">\n\t\t\t\t\t<div class=\"elementor-column elementor-col-100 elementor-inner-column elementor-element elementor-element-6d40ec0\" data-id=\"6d40ec0\" data-element_type=\"column\">\n\t\t\t<div class=\"elementor-widget-wrap elementor-element-populated\">\n\t\t\t\t\t\t\t\t<div class=\"elementor-element elementor-element-1c90492 elementor-widget elementor-widget-hub_fancy_heading\" data-id=\"1c90492\" data-element_type=\"widget\" data-widget_type=\"hub_fancy_heading.default\">\n\t\t\t\t<div class=\"elementor-widget-container\">\n\t\t\t\n\t\t<div id=\"ld-fancy-heading-69e3900021de2\" class=\"ld-fancy-heading pos-rel\">\n\t\t\t<h6 class=\"ld-fh-element d-inline-block pos-rel  elementor-heading-title lqd-highlight-classic lqd-highlight-grow-left h6\"  > PRENDRE RENDEZ-VOUS<\/h6>\t\t<\/div>\n\n\t\t\t\t<\/div>\n\t\t\t\t<\/div>\n\t\t\t\t<div class=\"elementor-element elementor-element-d9bc015 elementor-widget elementor-widget-ld_cf722\" data-id=\"d9bc015\" data-element_type=\"widget\" data-widget_type=\"ld_cf722.default\">\n\t\t\t\t<div class=\"elementor-widget-container\">\n\t\t\t\n\t<div class=\"lqd-contact-form lqd-contact-form-inputs-underlined lqd-contact-form-button-block lqd-contact-form-button-circle lqd-contact-form-inputs-sm\" >\n\t\t<div role=\"form\" class=\"wpcf7\" id=\"wpcf7-f6-o1\" lang=\"tr-TR\" dir=\"ltr\">\n<div class=\"screen-reader-response\"><p role=\"status\" aria-live=\"polite\" aria-atomic=\"true\"><\/p> <ul><\/ul><\/div>\n<form action=\"\/fr\/wp-json\/wp\/v2\/pages\/1090#wpcf7-f6-o1\" method=\"post\" class=\"wpcf7-form init\" novalidate=\"novalidate\" data-status=\"init\">\n<div style=\"display: none;\">\n<input type=\"hidden\" name=\"_wpcf7\" value=\"6\" \/>\n<input type=\"hidden\" name=\"_wpcf7_version\" value=\"5.6.3\" \/>\n<input type=\"hidden\" name=\"_wpcf7_locale\" value=\"tr_TR\" \/>\n<input type=\"hidden\" name=\"_wpcf7_unit_tag\" value=\"wpcf7-f6-o1\" \/>\n<input type=\"hidden\" name=\"_wpcf7_container_post\" value=\"0\" \/>\n<input type=\"hidden\" name=\"_wpcf7_posted_data_hash\" value=\"\" \/>\n<\/div>\n<p><span class=\"wpcf7-form-control-wrap\" data-name=\"adi\"><input type=\"text\" name=\"adi\" value=\"\" size=\"40\" class=\"wpcf7-form-control wpcf7-text wpcf7-validates-as-required\" aria-required=\"true\" aria-invalid=\"false\" placeholder=\"Votre Nom\" \/><\/span><br \/>\n<span class=\"wpcf7-form-control-wrap\" data-name=\"phone\"><input type=\"text\" name=\"phone\" value=\"\" size=\"40\" class=\"wpcf7-form-control wpcf7-text wpcf7-validates-as-required\" aria-required=\"true\" aria-invalid=\"false\" placeholder=\"Ton Num\u00e9ro de T\u00e9l\u00e9phone\" \/><\/span><br \/>\n<span class=\"wpcf7-form-control-wrap\" data-name=\"message\"><textarea name=\"message\" cols=\"40\" rows=\"2\" class=\"wpcf7-form-control wpcf7-textarea\" aria-invalid=\"false\" placeholder=\"Votre Message\"><\/textarea><\/span><br \/>\n<input type=\"submit\" value=\"Soumettre le Formulaire\" class=\"wpcf7-form-control has-spinner wpcf7-submit\" \/><\/p>\n<div class=\"wpcf7-response-output\" aria-hidden=\"true\"><\/div><\/form><\/div>\t<\/div>\n\n\t\t\t<\/div>\n\t\t\t\t<\/div>\n\t\t\t\t\t<\/div>\n\t\t<\/div>\n\t\t\t\t\t\t\t<\/div>\n\t\t<\/section>\n\t\t\t\t<section class=\"elementor-section elementor-inner-section elementor-element elementor-element-b1564ce elementor-section-boxed elementor-section-height-default elementor-section-height-default\" data-id=\"b1564ce\" data-element_type=\"section\">\n\t\t\t\t\t\t<div class=\"elementor-container elementor-column-gap-default\">\n\t\t\t\t\t<div class=\"elementor-column elementor-col-100 elementor-inner-column elementor-element elementor-element-28d1f28\" data-id=\"28d1f28\" data-element_type=\"column\">\n\t\t\t<div class=\"elementor-widget-wrap elementor-element-populated\">\n\t\t\t\t\t\t\t\t<div class=\"elementor-element elementor-element-62ebc9f elementor-widget elementor-widget-hub_fancy_heading\" data-id=\"62ebc9f\" data-element_type=\"widget\" data-widget_type=\"hub_fancy_heading.default\">\n\t\t\t\t<div class=\"elementor-widget-container\">\n\t\t\t\n\t\t<div id=\"ld-fancy-heading-69e39000242e4\" class=\"ld-fancy-heading pos-rel\">\n\t\t\t<h6 class=\"ld-fh-element d-inline-block pos-rel  elementor-heading-title lqd-highlight-classic lqd-highlight-grow-left h6\"  > ESTH\u00c9TIQUE DU CORPS<\/h6>\t\t<\/div>\n\n\t\t\t\t<\/div>\n\t\t\t\t<\/div>\n\t\t\t\t<div class=\"elementor-element elementor-element-94dd0bb elementor-widget elementor-widget-ld_custom_menu\" data-id=\"94dd0bb\" data-element_type=\"widget\" data-widget_type=\"ld_custom_menu.default\">\n\t\t\t\t<div class=\"elementor-widget-container\">\n\t\t\t\n\t\t\t<div  \n\t\t\t\tclass=\"lqd-fancy-menu lqd-custom-menu pos-rel lqd-menu-td-none\"\n\t\t\t\t\t\t\t>\n\t\t\t\n\t\t\t\t\t\t\t<ul class=\"reset-ul\" id=\"94dd0bb\"  data-localscroll=\"true\" data-localscroll-options=\"{&quot;itemsSelector&quot;:&quot;&gt; li &gt; a&quot;,&quot;trackWindowScroll&quot;:true,&quot;includeParentAsOffset&quot;:false,&quot;offsetElements&quot;:&quot;[data-sticky-header] .lqd-head-sec-wrap:not(.lqd-hide-onstuck), #wpadminbar, body.elementor-page .main-header[data-sticky-header] &gt; .elementor &gt; .elementor-section-wrap &gt; .elementor-section:not(.lqd-hide-onstuck):not(.lqd-stickybar-wrap), body.elementor-page .main-header[data-sticky-header] &gt; .elementor &gt; .elementor-section:not(.lqd-hide-onstuck):not(.lqd-stickybar-wrap)&quot;}\">\n\t\t\t\t\n\t\t\t\t\t\t<li>\n\t\t\t\t\t\t\t<a  href=\"https:\/\/drcaturkey.com\/fr\/liposuccion\" target=\"_self\" > \n\n\t\t\t\t\t\t\t\t\t\t\t\t\t\t\t\t\t<span class=\"link-icon d-inline-flex hide-if-empty right-icon icon-next-to-label\"><i aria-hidden=\"true\" class=\"lqd-icn-ess icon-ion-ios-arrow-forward\"><\/i><\/span>\t\n\t\t\t\t\t\t\t\t\n\t\t\t\t\t\t\t\t\t\t\t\t\t\t\t\t\tLiposuccion  \n\t\t\t\t\t\t\t\t\t\t\t\t\t\t\t\t\t\t\t\t\t\t\t<\/a>\n\t\t\t\t\t\t\t\t\t\t\t\t\t<\/li>\n\n\t\t\t\t\t\t\n\t\t\t\t\t\t<li>\n\t\t\t\t\t\t\t<a  href=\"https:\/\/drcaturkey.com\/fr\/abdominoplastie\" target=\"_self\" > \n\n\t\t\t\t\t\t\t\t\t\t\t\t\t\t\t\t\t<span class=\"link-icon d-inline-flex hide-if-empty right-icon icon-next-to-label\"><i aria-hidden=\"true\" class=\"lqd-icn-ess icon-ion-ios-arrow-forward\"><\/i><\/span>\t\n\t\t\t\t\t\t\t\t\n\t\t\t\t\t\t\t\t\t\t\t\t\t\t\t\t\tAbdominoplastie  \n\t\t\t\t\t\t\t\t\t\t\t\t\t\t\t\t\t\t\t\t\t\t\t<\/a>\n\t\t\t\t\t\t\t\t\t\t\t\t\t<\/li>\n\n\t\t\t\t\t\t\n\t\t\t\t\t\t<li>\n\t\t\t\t\t\t\t<a  href=\"https:\/\/drcaturkey.com\/fr\/lifting-des-fesses-bbl\" target=\"_self\" > \n\n\t\t\t\t\t\t\t\t\t\t\t\t\t\t\t\t\t<span class=\"link-icon d-inline-flex hide-if-empty right-icon icon-next-to-label\"><i aria-hidden=\"true\" class=\"lqd-icn-ess icon-ion-ios-arrow-forward\"><\/i><\/span>\t\n\t\t\t\t\t\t\t\t\n\t\t\t\t\t\t\t\t\t\t\t\t\t\t\t\t\tLifting Des Fesses (BBL)  \n\t\t\t\t\t\t\t\t\t\t\t\t\t\t\t\t\t\t\t\t\t\t\t<\/a>\n\t\t\t\t\t\t\t\t\t\t\t\t\t<\/li>\n\n\t\t\t\t\t\t\n\t\t\t\t\t\t<li>\n\t\t\t\t\t\t\t<a  href=\"https:\/\/drcaturkey.com\/fr\/lifting-des-bras\" target=\"_self\" > \n\n\t\t\t\t\t\t\t\t\t\t\t\t\t\t\t\t\t<span class=\"link-icon d-inline-flex hide-if-empty right-icon icon-next-to-label\"><i aria-hidden=\"true\" class=\"lqd-icn-ess icon-ion-ios-arrow-forward\"><\/i><\/span>\t\n\t\t\t\t\t\t\t\t\n\t\t\t\t\t\t\t\t\t\t\t\t\t\t\t\t\tLifting Des Bras  \n\t\t\t\t\t\t\t\t\t\t\t\t\t\t\t\t\t\t\t\t\t\t\t<\/a>\n\t\t\t\t\t\t\t\t\t\t\t\t\t<\/li>\n\n\t\t\t\t\t\t\n\t\t\t\t\t\t<li>\n\t\t\t\t\t\t\t<a  href=\"https:\/\/drcaturkey.com\/fr\/lifting-des-jambes\" target=\"_self\" > \n\n\t\t\t\t\t\t\t\t\t\t\t\t\t\t\t\t\t<span class=\"link-icon d-inline-flex hide-if-empty right-icon icon-next-to-label\"><i aria-hidden=\"true\" class=\"lqd-icn-ess icon-ion-ios-arrow-forward\"><\/i><\/span>\t\n\t\t\t\t\t\t\t\t\n\t\t\t\t\t\t\t\t\t\t\t\t\t\t\t\t\tLifting Des Jambes  \n\t\t\t\t\t\t\t\t\t\t\t\t\t\t\t\t\t\t\t\t\t\t\t<\/a>\n\t\t\t\t\t\t\t\t\t\t\t\t\t<\/li>\n\n\t\t\t\t\t\t\t\t\t\t<\/ul>\n\t\t\t\t\t\t\t\t\t<\/div>\n\t\t\t\t<\/div>\n\t\t\t\t<\/div>\n\t\t\t\t\t<\/div>\n\t\t<\/div>\n\t\t\t\t\t\t\t<\/div>\n\t\t<\/section>\n\t\t\t\t\t<\/div>\n\t\t<\/div>\n\t\t\t\t<div class=\"elementor-column elementor-col-50 elementor-top-column elementor-element elementor-element-e9254d1\" data-id=\"e9254d1\" data-element_type=\"column\">\n\t\t\t<div class=\"elementor-widget-wrap elementor-element-populated\">\n\t\t\t\t\t\t\t\t<section class=\"elementor-section elementor-inner-section elementor-element elementor-element-4c5132c elementor-section-boxed elementor-section-height-default elementor-section-height-default\" data-id=\"4c5132c\" data-element_type=\"section\">\n\t\t\t\t\t\t<div class=\"elementor-container elementor-column-gap-default\">\n\t\t\t\t\t<div class=\"elementor-column elementor-col-100 elementor-inner-column elementor-element elementor-element-0ad9b35\" data-id=\"0ad9b35\" data-element_type=\"column\">\n\t\t\t<div class=\"elementor-widget-wrap elementor-element-populated\">\n\t\t\t\t\t\t\t\t<div class=\"elementor-element elementor-element-b8ceebf elementor-widget elementor-widget-hub_fancy_heading\" data-id=\"b8ceebf\" data-element_type=\"widget\" data-widget_type=\"hub_fancy_heading.default\">\n\t\t\t\t<div class=\"elementor-widget-container\">\n\t\t\t\n\t\t<div id=\"ld-fancy-heading-69e3900027f93\" class=\"ld-fancy-heading pos-rel\">\n\t\t\t<h6 class=\"ld-fh-element d-inline-block pos-rel  elementor-heading-title lqd-highlight-classic lqd-highlight-grow-left h6\"  > LIftIng Des Bras\n<\/h6>\t\t<\/div>\n\n\t\t\t\t<\/div>\n\t\t\t\t<\/div>\n\t\t\t\t<div class=\"elementor-element elementor-element-50e0866 elementor-widget elementor-widget-text-editor\" data-id=\"50e0866\" data-element_type=\"widget\" data-widget_type=\"text-editor.default\">\n\t\t\t\t<div class=\"elementor-widget-container\">\n\t\t\t<style>\/*! elementor - v3.7.4 - 31-08-2022 *\/\n.elementor-widget-text-editor.elementor-drop-cap-view-stacked .elementor-drop-cap{background-color:#818a91;color:#fff}.elementor-widget-text-editor.elementor-drop-cap-view-framed .elementor-drop-cap{color:#818a91;border:3px solid;background-color:transparent}.elementor-widget-text-editor:not(.elementor-drop-cap-view-default) .elementor-drop-cap{margin-top:8px}.elementor-widget-text-editor:not(.elementor-drop-cap-view-default) .elementor-drop-cap-letter{width:1em;height:1em}.elementor-widget-text-editor .elementor-drop-cap{float:left;text-align:center;line-height:1;font-size:50px}.elementor-widget-text-editor .elementor-drop-cap-letter{display:inline-block}<\/style>\t\t\t\t<p>La pr\u00e9sence d\u2019affaissement sur les parties sup\u00e9rieure, arri\u00e8re et interne du bras se produit souvent avec des d\u00e9p\u00f4ts de graisse et un affaissement de la peau. Une autre raison de l\u2019affaissement est li\u00e9e \u00e0 la vieillesse, \u00e0 la gravit\u00e9 et \u00e0 la perte de poids intermittente. Parce que la peau et les tissus sous-cutan\u00e9s sont plus l\u00e2ches dans ces zones. Le taux d\u2019accumulation de tissu adipeux avec l\u2019affaissement varie d\u2019une personne \u00e0 l\u2019autre. Pour cette raison, chaque patient qui subira une esth\u00e9tique de lifting des bras doit \u00eatre \u00e9valu\u00e9 individuellement. Les chirurgies de lifting des bras peuvent \u00eatre effectu\u00e9es seules ou en combinaison avec une r\u00e9duction mammaire, un lifting des seins, une abdominoplastie, un \u00e9tirement des jambes et une liposuccion. La chirurgie de lifting des bras doit d\u2019abord \u00eatre effectu\u00e9e dans un h\u00f4pital disposant d\u2019un \u00e9quipement ad\u00e9quat. La chirurgie est r\u00e9alis\u00e9e sous anesth\u00e9sie g\u00e9n\u00e9rale et dure environ 1 \u00e0 3 heures. Il suffira de rester sous observation \u00e0 l\u2019h\u00f4pital pendant un jour apr\u00e8s l\u2019op\u00e9ration. Parce qu\u2019il n\u2019y aura pas de douleur inconfortable.<\/p><p><strong>Qu\u2019est-ce que la chirurgie de lifting des bras et pour qui\u00a0?<\/strong><\/p><p>La proc\u00e9dure dans laquelle l\u2019exc\u00e8s de graisse et l\u2019exc\u00e8s de peau dans la zone des bras de la personne sont retir\u00e9s et des bras minces et d\u2019apparence serr\u00e9e sont obtenus est appel\u00e9e chirurgie de lifting des bras. Les chirurgies de lifting des bras sont g\u00e9n\u00e9ralement pratiqu\u00e9es sur des femmes \u00e2g\u00e9es de 40 ans et plus. L\u2019esth\u00e9tique du lifting des bras peut \u00eatre appliqu\u00e9e \u00e0 toute personne qui a un exc\u00e8s de graisse et de peau dans la zone des bras et qui est mal \u00e0 l\u2019aise avec cette apparence.<\/p><p><strong>Que faut-il consid\u00e9rer avant une chirurgie de lifting des bras\u00a0?<\/strong><\/p><p>Comme dans toutes les chirurgies, vous devez arr\u00eater de fumer, d\u2019aspirine, d\u2019anticoagulants et de substances similaires environ deux \u00e0 trois semaines avant la chirurgie dans les chirurgies esth\u00e9tiques de lifting des bras. Juste avant l\u2019op\u00e9ration, vous devrez informer votre m\u00e9decin de votre \u00e9tat de sant\u00e9 g\u00e9n\u00e9ral et des m\u00e9dicaments que vous utilisez. Vous ne devez pas utiliser d\u2019analg\u00e9siques tels que les apranaks, la vermidone et le voltaren, les pilules multivitamin\u00e9es, le th\u00e9 vert, les graines de tomates, les tiges de cerise, les graines de lin et tous les produits amaigrissants.<\/p><p><strong>Comment se d\u00e9roulent les chirurgies de lifting des bras\u00a0?<\/strong><\/p><p>La chirurgie de lifting des bras commence par une incision en forme de \u201cL\u201d en partant de l\u2019aisselle vers le coude. Habituellement, seul l\u2019exc\u00e8s de peau est retir\u00e9 du patient et la tension du bras est augment\u00e9e. Cependant, chez les patients aux bras tr\u00e8s \u00e9pais, la m\u00e9thode de liposuccion est \u00e9galement ajout\u00e9e au processus d\u2019\u00e9tirement des bras. Si cette m\u00e9thode est ajout\u00e9e, l\u2019op\u00e9ration sera plus r\u00e9ussie. Bien que l\u2019op\u00e9ration se d\u00e9roule sous anesth\u00e9sie g\u00e9n\u00e9rale, la dur\u00e9e de l\u2019op\u00e9ration varie entre une demi-heure et trois heures.<\/p><p><strong>Que vais-je vivre apr\u00e8s une op\u00e9ration de lifting des bras\u00a0?<\/strong><\/p><p>Apr\u00e8s la chirurgie de lifting des bras, les patients peuvent rentrer chez eux. Il y a un bandage protecteur sur les points de suture pendant deux jours apr\u00e8s la chirurgie. \u00c9tant donn\u00e9 que tous ces points de suture sont sous la peau, les points de suture n\u2019ont pas besoin d\u2019\u00eatre retir\u00e9s. Au bout de deux jours, les patients peuvent facilement prendre un bain. Au cours des trois premi\u00e8res semaines apr\u00e8s la chirurgie, les patients doivent \u00e9viter les mouvements excessifs des bras. Le plus gros probl\u00e8me rencontr\u00e9 apr\u00e8s une chirurgie de lifting des bras est les cicatrices laiss\u00e9es sur les bras. Ces cicatrices ne sont pas celles que l\u2019on voit de face. \u00c9tant donn\u00e9 que les cicatrices resteront \u00e0 l\u2019int\u00e9rieur des bras du patient, seul le patient les verra. Si ces cicatrices gu\u00e9rissent sans probl\u00e8me, elles s\u2019estomperont au bout de six mois. Vous devrez utiliser un corset en continu pendant 4 semaines apr\u00e8s la chirurgie de lifting des bras. Le premier pansement apr\u00e8s l\u2019op\u00e9ration se fera au 5\u00e8me jour apr\u00e8s l\u2019op\u00e9ration. Dans ce processus, vous pouvez avoir un l\u00e9ger engourdissement, des ecchymoses et un \u0153d\u00e8me, mais ceux-ci passeront rapidement. Vous pouvez facilement reprendre votre vie professionnelle dans la semaine qui suit l\u2019op\u00e9ration.<\/p><p><strong>Le r\u00e9sultat de la chirurgie de lifting des bras est-il permanent\u00a0?<\/strong><\/p><p>\u00c9tant donn\u00e9 que le processus de vieillissement se poursuivra apr\u00e8s la chirurgie de lifting des bras, il peut y avoir un certain rel\u00e2chement. Ensuite, cela acc\u00e9l\u00e9rera ce processus de prise et de perte de poids. Mais vos bras ne redeviendront jamais comme ils \u00e9taient avant. Les patients doivent faire attention \u00e0 leur poids et faire du sport r\u00e9guli\u00e8rement afin de maintenir le r\u00e9sultat apr\u00e8s la chirurgie.<\/p>\t\t\t\t\t\t<\/div>\n\t\t\t\t<\/div>\n\t\t\t\t\t<\/div>\n\t\t<\/div>\n\t\t\t\t\t\t\t<\/div>\n\t\t<\/section>\n\t\t\t\t\t<\/div>\n\t\t<\/div>\n\t\t\t\t\t\t\t<\/div>\n\t\t<\/section>\n\t\t\t\t\t\t\t<\/div>\n\t\t","protected":false},"excerpt":{"rendered":"<p>Lifting Des Bras Anasayfa PRENDRE RENDEZ-VOUS ESTH\u00c9TIQUE DU CORPS Liposuccion Abdominoplastie Lifting Des Fesses (BBL) Lifting Des Bras Lifting Des Jambes LIftIng Des Bras La pr\u00e9sence d\u2019affaissement sur les parties sup\u00e9rieure, arri\u00e8re et interne du bras se produit souvent avec des d\u00e9p\u00f4ts de graisse et un affaissement de la peau. Une autre raison de l\u2019affaissement [&hellip;]<\/p>\n","protected":false},"author":1,"featured_media":0,"parent":0,"menu_order":0,"comment_status":"closed","ping_status":"closed","template":"","meta":{"footnotes":""},"class_list":["post-1090","page","type-page","status-publish","hentry"],"_links":{"self":[{"href":"https:\/\/drcaturkey.com\/fr\/wp-json\/wp\/v2\/pages\/1090","targetHints":{"allow":["GET"]}}],"collection":[{"href":"https:\/\/drcaturkey.com\/fr\/wp-json\/wp\/v2\/pages"}],"about":[{"href":"https:\/\/drcaturkey.com\/fr\/wp-json\/wp\/v2\/types\/page"}],"author":[{"embeddable":true,"href":"https:\/\/drcaturkey.com\/fr\/wp-json\/wp\/v2\/users\/1"}],"replies":[{"embeddable":true,"href":"https:\/\/drcaturkey.com\/fr\/wp-json\/wp\/v2\/comments?post=1090"}],"version-history":[{"count":35,"href":"https:\/\/drcaturkey.com\/fr\/wp-json\/wp\/v2\/pages\/1090\/revisions"}],"predecessor-version":[{"id":2899,"href":"https:\/\/drcaturkey.com\/fr\/wp-json\/wp\/v2\/pages\/1090\/revisions\/2899"}],"wp:attachment":[{"href":"https:\/\/drcaturkey.com\/fr\/wp-json\/wp\/v2\/media?parent=1090"}],"curies":[{"name":"wp","href":"https:\/\/api.w.org\/{rel}","templated":true}]}}