{"id":1092,"date":"2022-09-02T00:54:47","date_gmt":"2022-09-01T21:54:47","guid":{"rendered":"https:\/\/drcaturkey.com\/fr\/?page_id=1092"},"modified":"2023-03-02T13:54:21","modified_gmt":"2023-03-02T10:54:21","slug":"greffe-de-cheveux-fue","status":"publish","type":"page","link":"https:\/\/drcaturkey.com\/fr\/greffe-de-cheveux-fue","title":{"rendered":"Greffe de Cheveux FUE"},"content":{"rendered":"\t\t<div data-elementor-type=\"wp-page\" data-elementor-id=\"1092\" class=\"elementor elementor-1092\">\n\t\t\t\t\t\t\t\t\t<section class=\"elementor-section elementor-top-section elementor-element elementor-element-9571ab3 elementor-section-boxed elementor-section-height-default elementor-section-height-default\" data-id=\"9571ab3\" data-element_type=\"section\" data-settings=\"{&quot;background_background&quot;:&quot;classic&quot;}\">\n\t\t\t\t\t\t<div class=\"elementor-container elementor-column-gap-default\">\n\t\t\t\t\t<div class=\"elementor-column elementor-col-100 elementor-top-column elementor-element elementor-element-b63ee87\" data-id=\"b63ee87\" data-element_type=\"column\">\n\t\t\t<div class=\"elementor-widget-wrap elementor-element-populated\">\n\t\t\t\t\t\t\t\t<section class=\"elementor-section elementor-inner-section elementor-element elementor-element-730d72a elementor-section-boxed elementor-section-height-default elementor-section-height-default\" data-id=\"730d72a\" data-element_type=\"section\">\n\t\t\t\t\t\t<div class=\"elementor-container elementor-column-gap-default\">\n\t\t\t\t\t<div class=\"elementor-column elementor-col-100 elementor-inner-column elementor-element elementor-element-d423482\" data-id=\"d423482\" data-element_type=\"column\">\n\t\t\t<div class=\"elementor-widget-wrap elementor-element-populated\">\n\t\t\t\t\t\t\t\t<div class=\"elementor-element elementor-element-ad9a581 elementor-widget elementor-widget-hub_fancy_heading\" data-id=\"ad9a581\" data-element_type=\"widget\" data-widget_type=\"hub_fancy_heading.default\">\n\t\t\t\t<div class=\"elementor-widget-container\">\n\t\t\t\n\t\t<div id=\"ld-fancy-heading-69e8b714b05ed\" class=\"ld-fancy-heading pos-rel\">\n\t\t\t<h1 class=\"ld-fh-element d-inline-block pos-rel  elementor-heading-title lqd-highlight-classic lqd-highlight-grow-left h1\"  > Greffe de Cheveux FUE\n<\/h1>\t\t<\/div>\n\n\t\t\t\t<\/div>\n\t\t\t\t<\/div>\n\t\t\t\t<div class=\"elementor-element elementor-element-2cc4d6a elementor-widget__width-auto elementor-widget elementor-widget-ld_breadcrumb\" data-id=\"2cc4d6a\" data-element_type=\"widget\" data-widget_type=\"ld_breadcrumb.default\">\n\t\t\t\t<div class=\"elementor-widget-container\">\n\t\t\t<div class=\"lqd-breadcrumb-wrapper\"><div class=\"lqd-shop-topbar-breadcrumb\"><nav class=\"woocommerce-breadcrumb mb-4 mb-md-0\"><ul class=\"breadcrumb reset-ul inline-nav comma-sep-li\"><li>Anasayfa<\/li><\/ul><\/nav><\/div><\/div>\t\t<\/div>\n\t\t\t\t<\/div>\n\t\t\t\t\t<\/div>\n\t\t<\/div>\n\t\t\t\t\t\t\t<\/div>\n\t\t<\/section>\n\t\t\t\t\t<\/div>\n\t\t<\/div>\n\t\t\t\t\t\t\t<\/div>\n\t\t<\/section>\n\t\t\t\t<section class=\"elementor-section elementor-top-section elementor-element elementor-element-bf19241 elementor-section-boxed elementor-section-height-default elementor-section-height-default\" data-id=\"bf19241\" data-element_type=\"section\">\n\t\t\t\t\t\t<div class=\"elementor-container elementor-column-gap-default\">\n\t\t\t\t\t<div class=\"lqd-css-sticky-column elementor-column elementor-col-50 elementor-top-column elementor-element elementor-element-e23a91f elementor-hidden-mobile\" style=\"--lqd-sticky-offset:30px\" data-id=\"e23a91f\" data-element_type=\"column\">\n\t\t\t<div class=\"elementor-widget-wrap elementor-element-populated\">\n\t\t\t\t\t\t\t\t<section class=\"elementor-section elementor-inner-section elementor-element elementor-element-2a0eb5f elementor-section-boxed elementor-section-height-default elementor-section-height-default\" data-id=\"2a0eb5f\" data-element_type=\"section\" data-settings=\"{&quot;background_background&quot;:&quot;classic&quot;}\">\n\t\t\t\t\t\t<div class=\"elementor-container elementor-column-gap-default\">\n\t\t\t\t\t<div class=\"elementor-column elementor-col-100 elementor-inner-column elementor-element elementor-element-36a555f\" data-id=\"36a555f\" data-element_type=\"column\">\n\t\t\t<div class=\"elementor-widget-wrap elementor-element-populated\">\n\t\t\t\t\t\t\t\t<div class=\"elementor-element elementor-element-1e0d100 elementor-widget elementor-widget-hub_fancy_heading\" data-id=\"1e0d100\" data-element_type=\"widget\" data-widget_type=\"hub_fancy_heading.default\">\n\t\t\t\t<div class=\"elementor-widget-container\">\n\t\t\t\n\t\t<div id=\"ld-fancy-heading-69e8b714b2bf5\" class=\"ld-fancy-heading pos-rel\">\n\t\t\t<h6 class=\"ld-fh-element d-inline-block pos-rel  elementor-heading-title lqd-highlight-classic lqd-highlight-grow-left h6\"  > PRENDRE RENDEZ-VOUS<\/h6>\t\t<\/div>\n\n\t\t\t\t<\/div>\n\t\t\t\t<\/div>\n\t\t\t\t<div class=\"elementor-element elementor-element-5ccff2e elementor-widget elementor-widget-ld_cf722\" data-id=\"5ccff2e\" data-element_type=\"widget\" data-widget_type=\"ld_cf722.default\">\n\t\t\t\t<div class=\"elementor-widget-container\">\n\t\t\t\n\t<div class=\"lqd-contact-form lqd-contact-form-inputs-underlined lqd-contact-form-button-block lqd-contact-form-button-circle lqd-contact-form-inputs-sm\" >\n\t\t<div role=\"form\" class=\"wpcf7\" id=\"wpcf7-f6-o1\" lang=\"tr-TR\" dir=\"ltr\">\n<div class=\"screen-reader-response\"><p role=\"status\" aria-live=\"polite\" aria-atomic=\"true\"><\/p> <ul><\/ul><\/div>\n<form action=\"\/fr\/wp-json\/wp\/v2\/pages\/1092#wpcf7-f6-o1\" method=\"post\" class=\"wpcf7-form init\" novalidate=\"novalidate\" data-status=\"init\">\n<div style=\"display: none;\">\n<input type=\"hidden\" name=\"_wpcf7\" value=\"6\" \/>\n<input type=\"hidden\" name=\"_wpcf7_version\" value=\"5.6.3\" \/>\n<input type=\"hidden\" name=\"_wpcf7_locale\" value=\"tr_TR\" \/>\n<input type=\"hidden\" name=\"_wpcf7_unit_tag\" value=\"wpcf7-f6-o1\" \/>\n<input type=\"hidden\" name=\"_wpcf7_container_post\" value=\"0\" \/>\n<input type=\"hidden\" name=\"_wpcf7_posted_data_hash\" value=\"\" \/>\n<\/div>\n<p><span class=\"wpcf7-form-control-wrap\" data-name=\"adi\"><input type=\"text\" name=\"adi\" value=\"\" size=\"40\" class=\"wpcf7-form-control wpcf7-text wpcf7-validates-as-required\" aria-required=\"true\" aria-invalid=\"false\" placeholder=\"Votre Nom\" \/><\/span><br \/>\n<span class=\"wpcf7-form-control-wrap\" data-name=\"phone\"><input type=\"text\" name=\"phone\" value=\"\" size=\"40\" class=\"wpcf7-form-control wpcf7-text wpcf7-validates-as-required\" aria-required=\"true\" aria-invalid=\"false\" placeholder=\"Ton Num\u00e9ro de T\u00e9l\u00e9phone\" \/><\/span><br \/>\n<span class=\"wpcf7-form-control-wrap\" data-name=\"message\"><textarea name=\"message\" cols=\"40\" rows=\"2\" class=\"wpcf7-form-control wpcf7-textarea\" aria-invalid=\"false\" placeholder=\"Votre Message\"><\/textarea><\/span><br \/>\n<input type=\"submit\" value=\"Soumettre le Formulaire\" class=\"wpcf7-form-control has-spinner wpcf7-submit\" \/><\/p>\n<div class=\"wpcf7-response-output\" aria-hidden=\"true\"><\/div><\/form><\/div>\t<\/div>\n\n\t\t\t<\/div>\n\t\t\t\t<\/div>\n\t\t\t\t\t<\/div>\n\t\t<\/div>\n\t\t\t\t\t\t\t<\/div>\n\t\t<\/section>\n\t\t\t\t<section class=\"elementor-section elementor-inner-section elementor-element elementor-element-5361c62 elementor-section-boxed elementor-section-height-default elementor-section-height-default\" data-id=\"5361c62\" data-element_type=\"section\">\n\t\t\t\t\t\t<div class=\"elementor-container elementor-column-gap-default\">\n\t\t\t\t\t<div class=\"elementor-column elementor-col-100 elementor-inner-column elementor-element elementor-element-9d67ef2\" data-id=\"9d67ef2\" data-element_type=\"column\">\n\t\t\t<div class=\"elementor-widget-wrap elementor-element-populated\">\n\t\t\t\t\t\t\t\t<div class=\"elementor-element elementor-element-b2c722f elementor-widget elementor-widget-hub_fancy_heading\" data-id=\"b2c722f\" data-element_type=\"widget\" data-widget_type=\"hub_fancy_heading.default\">\n\t\t\t\t<div class=\"elementor-widget-container\">\n\t\t\t\n\t\t<div id=\"ld-fancy-heading-69e8b714c13e9\" class=\"ld-fancy-heading pos-rel\">\n\t\t\t<h6 class=\"ld-fh-element d-inline-block pos-rel  elementor-heading-title lqd-highlight-classic lqd-highlight-grow-left h6\"  > greffe de cheveux<\/h6>\t\t<\/div>\n\n\t\t\t\t<\/div>\n\t\t\t\t<\/div>\n\t\t\t\t<div class=\"elementor-element elementor-element-729046b elementor-widget elementor-widget-ld_custom_menu\" data-id=\"729046b\" data-element_type=\"widget\" data-widget_type=\"ld_custom_menu.default\">\n\t\t\t\t<div class=\"elementor-widget-container\">\n\t\t\t\n\t\t\t<div  \n\t\t\t\tclass=\"lqd-fancy-menu lqd-custom-menu pos-rel lqd-menu-td-none\"\n\t\t\t\t\t\t\t>\n\t\t\t\n\t\t\t\t\t\t\t<ul class=\"reset-ul\" id=\"729046b\"  data-localscroll=\"true\" data-localscroll-options=\"{&quot;itemsSelector&quot;:&quot;&gt; li &gt; a&quot;,&quot;trackWindowScroll&quot;:true,&quot;includeParentAsOffset&quot;:false,&quot;offsetElements&quot;:&quot;[data-sticky-header] .lqd-head-sec-wrap:not(.lqd-hide-onstuck), #wpadminbar, body.elementor-page .main-header[data-sticky-header] &gt; .elementor &gt; .elementor-section-wrap &gt; .elementor-section:not(.lqd-hide-onstuck):not(.lqd-stickybar-wrap), body.elementor-page .main-header[data-sticky-header] &gt; .elementor &gt; .elementor-section:not(.lqd-hide-onstuck):not(.lqd-stickybar-wrap)&quot;}\">\n\t\t\t\t\n\t\t\t\t\t\t<li>\n\t\t\t\t\t\t\t<a  href=\"https:\/\/drcaturkey.com\/fr\/greffe-de-cheveux-fue\" target=\"_self\" > \n\n\t\t\t\t\t\t\t\t\t\t\t\t\t\t\t\t\t<span class=\"link-icon d-inline-flex hide-if-empty right-icon icon-next-to-label\"><i aria-hidden=\"true\" class=\"lqd-icn-ess icon-ion-ios-arrow-forward\"><\/i><\/span>\t\n\t\t\t\t\t\t\t\t\n\t\t\t\t\t\t\t\t\t\t\t\t\t\t\t\t\tGreffe de Cheveux FUE  \n\t\t\t\t\t\t\t\t\t\t\t\t\t\t\t\t\t\t\t\t\t\t\t<\/a>\n\t\t\t\t\t\t\t\t\t\t\t\t\t<\/li>\n\n\t\t\t\t\t\t\n\t\t\t\t\t\t<li>\n\t\t\t\t\t\t\t<a  href=\"https:\/\/drcaturkey.com\/fr\/greffe-de-cheveux-dhi\" target=\"_self\" > \n\n\t\t\t\t\t\t\t\t\t\t\t\t\t\t\t\t\t<span class=\"link-icon d-inline-flex hide-if-empty right-icon icon-next-to-label\"><i aria-hidden=\"true\" class=\"lqd-icn-ess icon-ion-ios-arrow-forward\"><\/i><\/span>\t\n\t\t\t\t\t\t\t\t\n\t\t\t\t\t\t\t\t\t\t\t\t\t\t\t\t\tGreffe de Cheveux DHI  \n\t\t\t\t\t\t\t\t\t\t\t\t\t\t\t\t\t\t\t\t\t\t\t<\/a>\n\t\t\t\t\t\t\t\t\t\t\t\t\t<\/li>\n\n\t\t\t\t\t\t\n\t\t\t\t\t\t<li>\n\t\t\t\t\t\t\t<a  href=\"https:\/\/drcaturkey.com\/fr\/greffe-de-cheveux-saphir\" target=\"_self\" > \n\n\t\t\t\t\t\t\t\t\t\t\t\t\t\t\t\t\t<span class=\"link-icon d-inline-flex hide-if-empty right-icon icon-next-to-label\"><i aria-hidden=\"true\" class=\"lqd-icn-ess icon-ion-ios-arrow-forward\"><\/i><\/span>\t\n\t\t\t\t\t\t\t\t\n\t\t\t\t\t\t\t\t\t\t\t\t\t\t\t\t\tGreffe de Cheveux Saphir  \n\t\t\t\t\t\t\t\t\t\t\t\t\t\t\t\t\t\t\t\t\t\t\t<\/a>\n\t\t\t\t\t\t\t\t\t\t\t\t\t<\/li>\n\n\t\t\t\t\t\t\n\t\t\t\t\t\t<li>\n\t\t\t\t\t\t\t<a  href=\"https:\/\/drcaturkey.com\/fr\/greffe-de-cheveux-non-rases\" target=\"_self\" > \n\n\t\t\t\t\t\t\t\t\t\t\t\t\t\t\t\t\t<span class=\"link-icon d-inline-flex hide-if-empty right-icon icon-next-to-label\"><i aria-hidden=\"true\" class=\"lqd-icn-ess icon-ion-ios-arrow-forward\"><\/i><\/span>\t\n\t\t\t\t\t\t\t\t\n\t\t\t\t\t\t\t\t\t\t\t\t\t\t\t\t\tGreffe de Cheveux Non Ras\u00e9s  \n\t\t\t\t\t\t\t\t\t\t\t\t\t\t\t\t\t\t\t\t\t\t\t<\/a>\n\t\t\t\t\t\t\t\t\t\t\t\t\t<\/li>\n\n\t\t\t\t\t\t\n\t\t\t\t\t\t<li>\n\t\t\t\t\t\t\t<a  href=\"https:\/\/drcaturkey.com\/fr\/greffe-de-barbe-moustache\" target=\"_self\" > \n\n\t\t\t\t\t\t\t\t\t\t\t\t\t\t\t\t\t<span class=\"link-icon d-inline-flex hide-if-empty right-icon icon-next-to-label\"><i aria-hidden=\"true\" class=\"lqd-icn-ess icon-ion-ios-arrow-forward\"><\/i><\/span>\t\n\t\t\t\t\t\t\t\t\n\t\t\t\t\t\t\t\t\t\t\t\t\t\t\t\t\tGreffe de Barbe & Moustache  \n\t\t\t\t\t\t\t\t\t\t\t\t\t\t\t\t\t\t\t\t\t\t\t<\/a>\n\t\t\t\t\t\t\t\t\t\t\t\t\t<\/li>\n\n\t\t\t\t\t\t\t\t\t\t<\/ul>\n\t\t\t\t\t\t\t\t\t<\/div>\n\t\t\t\t<\/div>\n\t\t\t\t<\/div>\n\t\t\t\t\t<\/div>\n\t\t<\/div>\n\t\t\t\t\t\t\t<\/div>\n\t\t<\/section>\n\t\t\t\t\t<\/div>\n\t\t<\/div>\n\t\t\t\t<div class=\"elementor-column elementor-col-50 elementor-top-column elementor-element elementor-element-5f66800\" data-id=\"5f66800\" data-element_type=\"column\">\n\t\t\t<div class=\"elementor-widget-wrap elementor-element-populated\">\n\t\t\t\t\t\t\t\t<section class=\"elementor-section elementor-inner-section elementor-element elementor-element-f162870 elementor-section-boxed elementor-section-height-default elementor-section-height-default\" data-id=\"f162870\" data-element_type=\"section\">\n\t\t\t\t\t\t<div class=\"elementor-container elementor-column-gap-default\">\n\t\t\t\t\t<div class=\"elementor-column elementor-col-100 elementor-inner-column elementor-element elementor-element-592859e\" data-id=\"592859e\" data-element_type=\"column\">\n\t\t\t<div class=\"elementor-widget-wrap elementor-element-populated\">\n\t\t\t\t\t\t\t\t<div class=\"elementor-element elementor-element-27e3611 elementor-widget elementor-widget-hub_fancy_heading\" data-id=\"27e3611\" data-element_type=\"widget\" data-widget_type=\"hub_fancy_heading.default\">\n\t\t\t\t<div class=\"elementor-widget-container\">\n\t\t\t\n\t\t<div id=\"ld-fancy-heading-69e8b714c6841\" class=\"ld-fancy-heading pos-rel\">\n\t\t\t<h6 class=\"ld-fh-element d-inline-block pos-rel  elementor-heading-title lqd-highlight-classic lqd-highlight-grow-left h6\"  > Greffe de Cheveux FUE\n<\/h6>\t\t<\/div>\n\n\t\t\t\t<\/div>\n\t\t\t\t<\/div>\n\t\t\t\t<div class=\"elementor-element elementor-element-653eed8 elementor-widget elementor-widget-text-editor\" data-id=\"653eed8\" data-element_type=\"widget\" data-widget_type=\"text-editor.default\">\n\t\t\t\t<div class=\"elementor-widget-container\">\n\t\t\t<style>\/*! elementor - v3.7.4 - 31-08-2022 *\/\n.elementor-widget-text-editor.elementor-drop-cap-view-stacked .elementor-drop-cap{background-color:#818a91;color:#fff}.elementor-widget-text-editor.elementor-drop-cap-view-framed .elementor-drop-cap{color:#818a91;border:3px solid;background-color:transparent}.elementor-widget-text-editor:not(.elementor-drop-cap-view-default) .elementor-drop-cap{margin-top:8px}.elementor-widget-text-editor:not(.elementor-drop-cap-view-default) .elementor-drop-cap-letter{width:1em;height:1em}.elementor-widget-text-editor .elementor-drop-cap{float:left;text-align:center;line-height:1;font-size:50px}.elementor-widget-text-editor .elementor-drop-cap-letter{display:inline-block}<\/style>\t\t\t\t<p>La FUE (Follicular Unit Extraction) est l\u2019une des premi\u00e8res m\u00e9thodes qui vient \u00e0 l\u2019esprit en mati\u00e8re de greffe de cheveux. La particularit\u00e9 de la m\u00e9thode FUE est qu\u2019aucune incision n\u2019est pratiqu\u00e9e sur le cuir chevelu ; Cela offre un avantage \u00e0 la fois pendant l\u2019op\u00e9ration et pendant le processus de gu\u00e9rison. De plus, le fait qu\u2019il n\u2019y aura pas de cicatrices et d\u2019incisions apr\u00e8s l\u2019op\u00e9ration augmente la pr\u00e9f\u00e9rence des patients.<\/p>\n<p><strong>Quelles sont les \u00e9tapes de la m\u00e9thode FUE\u00a0?<\/strong><\/p>\n<p>La proc\u00e9dure est r\u00e9alis\u00e9e sous anesth\u00e9sie locale. Une fois que la zone o\u00f9 les cheveux \u00e0 greffer seront pr\u00e9lev\u00e9s est pr\u00e9par\u00e9e pour la proc\u00e9dure, les follicules pileux en bon \u00e9tat sont collect\u00e9s un par un. La collecte des racines est effectu\u00e9e avec des pointes d\u2019incision inf\u00e9rieures \u00e0 1 mm (entre 0,6 mm et 0,8 mm) via le moteur FUE. Les follicules re\u00e7us (greffe) contiennent 2-3 cheveux. Il est tr\u00e8s important que les racines ne soient pas endommag\u00e9es \u00e0 ce moment. \u00c9tant donn\u00e9 que des milliers de racines seront retir\u00e9es de la zone donneuse lors de la greffe de cheveux, la petitesse de la pointe \u00e0 utiliser affecte le processus de gu\u00e9rison de la zone.<\/p>\n<p>Une fois toutes les racines des cheveux collect\u00e9es, la plantation commence apr\u00e8s la s\u00e9paration. Les canaux doivent \u00eatre ouverts tr\u00e8s soigneusement pour le processus de semis. L\u2019ouverture du canal radiculaire est un processus qui n\u00e9cessite autant de pr\u00e9cision et d\u2019exp\u00e9rience que le pr\u00e9l\u00e8vement des racines.<\/p>\n<p>La m\u00e9thode de la fente lat\u00e9rale, qui a r\u00e9cemment commenc\u00e9 \u00e0 \u00eatre pr\u00e9f\u00e9r\u00e9e au syst\u00e8me de perforation lors de l\u2019ouverture du canal, rend les incisions adapt\u00e9es \u00e0 la structure du cheveu et permet une ouverture des canaux adapt\u00e9e \u00e0 la taille et \u00e0 la longueur du follicule pileux du patient. . Les canaux ouverts \u00e0 la bonne taille et \u00e0 la bonne profondeur affectent le taux de repousse des cheveux transplant\u00e9s lors de la greffe de cheveux.<\/p>\n<p>Un autre probl\u00e8me important est l\u2019angle du canal o\u00f9 le follicule pileux sera transplant\u00e9. Les angles, qui sont les facteurs les plus importants pour capturer la coiffure naturelle, doivent \u00eatre donn\u00e9s diff\u00e9remment dans chaque partie de la t\u00eate. Sinon, les cheveux ne prendront pas la forme souhait\u00e9e. Un autre facteur pour capturer le naturel est la d\u00e9termination correcte de la racine des cheveux. La zone du front et la zone o\u00f9 les cheveux commencent doivent \u00eatre calcul\u00e9es avec les bonnes proportions.<\/p>\n<p><strong>Comment se fait la greffe de cheveux FUE\u00a0?<\/strong><\/p>\n<p>Les follicules pileux sont collect\u00e9s \u00e0 partir de la nuque, des canaux sont ouverts vers la zone receveuse et les follicules pileux sont transplant\u00e9s dans ces canaux. La greffe de cheveux FUE se fait simplement de cette mani\u00e8re.<\/p>\n<p>Cependant, la planification de la greffe de cheveux est cr\u00e9\u00e9e individuellement. Selon le type de mue, la largeur de la zone \u00e0 transplanter et la zone de la t\u00eate varient. C\u2019est le facteur le plus important qui d\u00e9termine la planification de la greffe de cheveux.<\/p>\n<p>greffe de cheveux FUE; Cela se fait avec un plan de greffe de cheveux sp\u00e9cialement cr\u00e9\u00e9 en fonction de nombreux param\u00e8tres tels que le type et la raison de la chute, l\u2019\u00e2ge, le type de cheveux, le type de peau.<\/p>\n<p>En fonction du nombre de greffons \u00e0 pr\u00e9lever dans la zone donneuse et du nombre de canaux \u00e0 ouvrir vers la zone receveuse, certains d\u00e9tails peuvent changer au cours des \u00e9tapes d\u2019application de la greffe de cheveux FUE. Par exemple, la tendance g\u00e9n\u00e9rale est principalement de pr\u00e9lever des greffons dans la zone donneuse, mais une approche telle que l\u2019ouverture pr\u00e9alable des canaux peut \u00eatre pr\u00e9f\u00e9r\u00e9e afin de raccourcir le temps que les follicules pileux passent \u00e0 l\u2019ext\u00e9rieur.<\/p>\n<p>Dans la technique FUE, les greffons pr\u00e9lev\u00e9s dans la zone donneuse sont regroup\u00e9s en fonction de leur \u00e9paisseur et du nombre de racines avant la plantation. Cette \u00e9tape est l\u2019\u00e9tape la plus importante et la plus sensible de la technique FUE. Le temps pendant lequel chaque greffon reste \u00e0 l\u2019ext\u00e9rieur est surveill\u00e9 afin que les follicules pileux ne meurent pas. Il existe certaines sensibilit\u00e9s telles que la transplantation du premier follicule pileux en premier.<\/p>\n<p><strong>Suis-je un bon candidat pour la greffe de cheveux FUE\u00a0?<\/strong><\/p>\n<p>Si les cheveux et les follicules pileux de la zone donneuse sont faibles, il n\u2019est peut-\u00eatre pas possible d\u2019avoir des cheveux aussi \u00e9pais que pr\u00e9vu, bien que vous soyez un candidat appropri\u00e9 pour la greffe de cheveux FUE. \u00c9tant donn\u00e9 que la perte de cheveux due au stress et aux changements hormonaux commence tr\u00e8s t\u00f4t, l\u2019\u00e2ge de la greffe de cheveux se situe entre 20 et 60 ans, et les effets psychologiques n\u00e9gatifs de la perte de cheveux augmentent souvent la gravit\u00e9 de la perte de cheveux. Le moyen le plus court pour sortir de ce cercle vicieux est de s\u2019adresser \u00e0 des experts dans ce domaine et d\u2019obtenir les bonnes informations sur la greffe de cheveux, sans attendre d\u2019\u00eatre compl\u00e8tement chauve. La greffe de cheveux FUE est la technique la plus r\u00e9ussie en mati\u00e8re de greffe de cheveux, adapt\u00e9e aux femmes et aux hommes de tous \u00e2ges.<\/p>\n<p><strong>Apr\u00e8s la greffe de cheveux FUE<\/strong><\/p>\n<p>La greffe de cheveux FUE est une longue op\u00e9ration qui prend 6 \u00e0 8 heures. Apr\u00e8s une anesth\u00e9sie locale, le patient vit un processus chirurgical extr\u00eamement confortable. Mais rester assis longtemps vous fatiguera.<\/p>\t\t\t\t\t\t<\/div>\n\t\t\t\t<\/div>\n\t\t\t\t\t<\/div>\n\t\t<\/div>\n\t\t\t\t\t\t\t<\/div>\n\t\t<\/section>\n\t\t\t\t\t<\/div>\n\t\t<\/div>\n\t\t\t\t\t\t\t<\/div>\n\t\t<\/section>\n\t\t\t\t\t\t\t<\/div>\n\t\t","protected":false},"excerpt":{"rendered":"<p>Greffe de Cheveux FUE Anasayfa PRENDRE RENDEZ-VOUS greffe de cheveux Greffe de Cheveux FUE Greffe de Cheveux DHI Greffe de Cheveux Saphir Greffe de Cheveux Non Ras\u00e9s Greffe de Barbe &#038; Moustache Greffe de Cheveux FUE La FUE (Follicular Unit Extraction) est l\u2019une des premi\u00e8res m\u00e9thodes qui vient \u00e0 l\u2019esprit en mati\u00e8re de greffe de [&hellip;]<\/p>\n","protected":false},"author":1,"featured_media":0,"parent":0,"menu_order":0,"comment_status":"closed","ping_status":"closed","template":"","meta":{"footnotes":""},"class_list":["post-1092","page","type-page","status-publish","hentry"],"_links":{"self":[{"href":"https:\/\/drcaturkey.com\/fr\/wp-json\/wp\/v2\/pages\/1092","targetHints":{"allow":["GET"]}}],"collection":[{"href":"https:\/\/drcaturkey.com\/fr\/wp-json\/wp\/v2\/pages"}],"about":[{"href":"https:\/\/drcaturkey.com\/fr\/wp-json\/wp\/v2\/types\/page"}],"author":[{"embeddable":true,"href":"https:\/\/drcaturkey.com\/fr\/wp-json\/wp\/v2\/users\/1"}],"replies":[{"embeddable":true,"href":"https:\/\/drcaturkey.com\/fr\/wp-json\/wp\/v2\/comments?post=1092"}],"version-history":[{"count":38,"href":"https:\/\/drcaturkey.com\/fr\/wp-json\/wp\/v2\/pages\/1092\/revisions"}],"predecessor-version":[{"id":2905,"href":"https:\/\/drcaturkey.com\/fr\/wp-json\/wp\/v2\/pages\/1092\/revisions\/2905"}],"wp:attachment":[{"href":"https:\/\/drcaturkey.com\/fr\/wp-json\/wp\/v2\/media?parent=1092"}],"curies":[{"name":"wp","href":"https:\/\/api.w.org\/{rel}","templated":true}]}}