{"id":1093,"date":"2022-09-02T00:55:07","date_gmt":"2022-09-01T21:55:07","guid":{"rendered":"https:\/\/drcaturkey.com\/fr\/?page_id=1093"},"modified":"2023-03-02T13:57:15","modified_gmt":"2023-03-02T10:57:15","slug":"greffe-de-cheveux-dhi","status":"publish","type":"page","link":"https:\/\/drcaturkey.com\/fr\/greffe-de-cheveux-dhi","title":{"rendered":"Greffe de Cheveux DHI"},"content":{"rendered":"\t\t<div data-elementor-type=\"wp-page\" data-elementor-id=\"1093\" class=\"elementor elementor-1093\">\n\t\t\t\t\t\t\t\t\t<section class=\"elementor-section elementor-top-section elementor-element elementor-element-497898a elementor-section-boxed elementor-section-height-default elementor-section-height-default\" data-id=\"497898a\" data-element_type=\"section\" data-settings=\"{&quot;background_background&quot;:&quot;classic&quot;}\">\n\t\t\t\t\t\t<div class=\"elementor-container elementor-column-gap-default\">\n\t\t\t\t\t<div class=\"elementor-column elementor-col-100 elementor-top-column elementor-element elementor-element-af0b21c\" data-id=\"af0b21c\" data-element_type=\"column\">\n\t\t\t<div class=\"elementor-widget-wrap elementor-element-populated\">\n\t\t\t\t\t\t\t\t<section class=\"elementor-section elementor-inner-section elementor-element elementor-element-6788a10 elementor-section-boxed elementor-section-height-default elementor-section-height-default\" data-id=\"6788a10\" data-element_type=\"section\">\n\t\t\t\t\t\t<div class=\"elementor-container elementor-column-gap-default\">\n\t\t\t\t\t<div class=\"elementor-column elementor-col-100 elementor-inner-column elementor-element elementor-element-5c8dc72\" data-id=\"5c8dc72\" data-element_type=\"column\">\n\t\t\t<div class=\"elementor-widget-wrap elementor-element-populated\">\n\t\t\t\t\t\t\t\t<div class=\"elementor-element elementor-element-3bf2e40 elementor-widget elementor-widget-hub_fancy_heading\" data-id=\"3bf2e40\" data-element_type=\"widget\" data-widget_type=\"hub_fancy_heading.default\">\n\t\t\t\t<div class=\"elementor-widget-container\">\n\t\t\t\n\t\t<div id=\"ld-fancy-heading-69e8b539dd3b8\" class=\"ld-fancy-heading pos-rel\">\n\t\t\t<h1 class=\"ld-fh-element d-inline-block pos-rel  elementor-heading-title lqd-highlight-classic lqd-highlight-grow-left h1\"  > Greffe de Cheveux DHI\n<\/h1>\t\t<\/div>\n\n\t\t\t\t<\/div>\n\t\t\t\t<\/div>\n\t\t\t\t<div class=\"elementor-element elementor-element-7b00963 elementor-widget__width-auto elementor-widget elementor-widget-ld_breadcrumb\" data-id=\"7b00963\" data-element_type=\"widget\" data-widget_type=\"ld_breadcrumb.default\">\n\t\t\t\t<div class=\"elementor-widget-container\">\n\t\t\t<div class=\"lqd-breadcrumb-wrapper\"><div class=\"lqd-shop-topbar-breadcrumb\"><nav class=\"woocommerce-breadcrumb mb-4 mb-md-0\"><ul class=\"breadcrumb reset-ul inline-nav comma-sep-li\"><li>Anasayfa<\/li><\/ul><\/nav><\/div><\/div>\t\t<\/div>\n\t\t\t\t<\/div>\n\t\t\t\t\t<\/div>\n\t\t<\/div>\n\t\t\t\t\t\t\t<\/div>\n\t\t<\/section>\n\t\t\t\t\t<\/div>\n\t\t<\/div>\n\t\t\t\t\t\t\t<\/div>\n\t\t<\/section>\n\t\t\t\t<section class=\"elementor-section elementor-top-section elementor-element elementor-element-bf19241 elementor-section-boxed elementor-section-height-default elementor-section-height-default\" data-id=\"bf19241\" data-element_type=\"section\">\n\t\t\t\t\t\t<div class=\"elementor-container elementor-column-gap-default\">\n\t\t\t\t\t<div class=\"lqd-css-sticky-column elementor-column elementor-col-50 elementor-top-column elementor-element elementor-element-b3f665c elementor-hidden-mobile\" style=\"--lqd-sticky-offset:30px\" data-id=\"b3f665c\" data-element_type=\"column\">\n\t\t\t<div class=\"elementor-widget-wrap elementor-element-populated\">\n\t\t\t\t\t\t\t\t<section class=\"elementor-section elementor-inner-section elementor-element elementor-element-e2abc6d elementor-section-boxed elementor-section-height-default elementor-section-height-default\" data-id=\"e2abc6d\" data-element_type=\"section\" data-settings=\"{&quot;background_background&quot;:&quot;classic&quot;}\">\n\t\t\t\t\t\t<div class=\"elementor-container elementor-column-gap-default\">\n\t\t\t\t\t<div class=\"elementor-column elementor-col-100 elementor-inner-column elementor-element elementor-element-fd6bad5\" data-id=\"fd6bad5\" data-element_type=\"column\">\n\t\t\t<div class=\"elementor-widget-wrap elementor-element-populated\">\n\t\t\t\t\t\t\t\t<div class=\"elementor-element elementor-element-dbc9e78 elementor-widget elementor-widget-hub_fancy_heading\" data-id=\"dbc9e78\" data-element_type=\"widget\" data-widget_type=\"hub_fancy_heading.default\">\n\t\t\t\t<div class=\"elementor-widget-container\">\n\t\t\t\n\t\t<div id=\"ld-fancy-heading-69e8b539e01cf\" class=\"ld-fancy-heading pos-rel\">\n\t\t\t<h6 class=\"ld-fh-element d-inline-block pos-rel  elementor-heading-title lqd-highlight-classic lqd-highlight-grow-left h6\"  > PRENDRE RENDEZ-VOUS<\/h6>\t\t<\/div>\n\n\t\t\t\t<\/div>\n\t\t\t\t<\/div>\n\t\t\t\t<div class=\"elementor-element elementor-element-f292eda elementor-widget elementor-widget-ld_cf722\" data-id=\"f292eda\" data-element_type=\"widget\" data-widget_type=\"ld_cf722.default\">\n\t\t\t\t<div class=\"elementor-widget-container\">\n\t\t\t\n\t<div class=\"lqd-contact-form lqd-contact-form-inputs-underlined lqd-contact-form-button-block lqd-contact-form-button-circle lqd-contact-form-inputs-sm\" >\n\t\t<div role=\"form\" class=\"wpcf7\" id=\"wpcf7-f6-o1\" lang=\"tr-TR\" dir=\"ltr\">\n<div class=\"screen-reader-response\"><p role=\"status\" aria-live=\"polite\" aria-atomic=\"true\"><\/p> <ul><\/ul><\/div>\n<form action=\"\/fr\/wp-json\/wp\/v2\/pages\/1093#wpcf7-f6-o1\" method=\"post\" class=\"wpcf7-form init\" novalidate=\"novalidate\" data-status=\"init\">\n<div style=\"display: none;\">\n<input type=\"hidden\" name=\"_wpcf7\" value=\"6\" \/>\n<input type=\"hidden\" name=\"_wpcf7_version\" value=\"5.6.3\" \/>\n<input type=\"hidden\" name=\"_wpcf7_locale\" value=\"tr_TR\" \/>\n<input type=\"hidden\" name=\"_wpcf7_unit_tag\" value=\"wpcf7-f6-o1\" \/>\n<input type=\"hidden\" name=\"_wpcf7_container_post\" value=\"0\" \/>\n<input type=\"hidden\" name=\"_wpcf7_posted_data_hash\" value=\"\" \/>\n<\/div>\n<p><span class=\"wpcf7-form-control-wrap\" data-name=\"adi\"><input type=\"text\" name=\"adi\" value=\"\" size=\"40\" class=\"wpcf7-form-control wpcf7-text wpcf7-validates-as-required\" aria-required=\"true\" aria-invalid=\"false\" placeholder=\"Votre Nom\" \/><\/span><br \/>\n<span class=\"wpcf7-form-control-wrap\" data-name=\"phone\"><input type=\"text\" name=\"phone\" value=\"\" size=\"40\" class=\"wpcf7-form-control wpcf7-text wpcf7-validates-as-required\" aria-required=\"true\" aria-invalid=\"false\" placeholder=\"Ton Num\u00e9ro de T\u00e9l\u00e9phone\" \/><\/span><br \/>\n<span class=\"wpcf7-form-control-wrap\" data-name=\"message\"><textarea name=\"message\" cols=\"40\" rows=\"2\" class=\"wpcf7-form-control wpcf7-textarea\" aria-invalid=\"false\" placeholder=\"Votre Message\"><\/textarea><\/span><br \/>\n<input type=\"submit\" value=\"Soumettre le Formulaire\" class=\"wpcf7-form-control has-spinner wpcf7-submit\" \/><\/p>\n<div class=\"wpcf7-response-output\" aria-hidden=\"true\"><\/div><\/form><\/div>\t<\/div>\n\n\t\t\t<\/div>\n\t\t\t\t<\/div>\n\t\t\t\t\t<\/div>\n\t\t<\/div>\n\t\t\t\t\t\t\t<\/div>\n\t\t<\/section>\n\t\t\t\t<section class=\"elementor-section elementor-inner-section elementor-element elementor-element-6758989 elementor-section-boxed elementor-section-height-default elementor-section-height-default\" data-id=\"6758989\" data-element_type=\"section\">\n\t\t\t\t\t\t<div class=\"elementor-container elementor-column-gap-default\">\n\t\t\t\t\t<div class=\"elementor-column elementor-col-100 elementor-inner-column elementor-element elementor-element-f4e66cc\" data-id=\"f4e66cc\" data-element_type=\"column\">\n\t\t\t<div class=\"elementor-widget-wrap elementor-element-populated\">\n\t\t\t\t\t\t\t\t<div class=\"elementor-element elementor-element-954e4a0 elementor-widget elementor-widget-hub_fancy_heading\" data-id=\"954e4a0\" data-element_type=\"widget\" data-widget_type=\"hub_fancy_heading.default\">\n\t\t\t\t<div class=\"elementor-widget-container\">\n\t\t\t\n\t\t<div id=\"ld-fancy-heading-69e8b539e27e8\" class=\"ld-fancy-heading pos-rel\">\n\t\t\t<h6 class=\"ld-fh-element d-inline-block pos-rel  elementor-heading-title lqd-highlight-classic lqd-highlight-grow-left h6\"  > greffe de cheveux<\/h6>\t\t<\/div>\n\n\t\t\t\t<\/div>\n\t\t\t\t<\/div>\n\t\t\t\t<div class=\"elementor-element elementor-element-5fa9747 elementor-widget elementor-widget-ld_custom_menu\" data-id=\"5fa9747\" data-element_type=\"widget\" data-widget_type=\"ld_custom_menu.default\">\n\t\t\t\t<div class=\"elementor-widget-container\">\n\t\t\t\n\t\t\t<div  \n\t\t\t\tclass=\"lqd-fancy-menu lqd-custom-menu pos-rel lqd-menu-td-none\"\n\t\t\t\t\t\t\t>\n\t\t\t\n\t\t\t\t\t\t\t<ul class=\"reset-ul\" id=\"5fa9747\"  data-localscroll=\"true\" data-localscroll-options=\"{&quot;itemsSelector&quot;:&quot;&gt; li &gt; a&quot;,&quot;trackWindowScroll&quot;:true,&quot;includeParentAsOffset&quot;:false,&quot;offsetElements&quot;:&quot;[data-sticky-header] .lqd-head-sec-wrap:not(.lqd-hide-onstuck), #wpadminbar, body.elementor-page .main-header[data-sticky-header] &gt; .elementor &gt; .elementor-section-wrap &gt; .elementor-section:not(.lqd-hide-onstuck):not(.lqd-stickybar-wrap), body.elementor-page .main-header[data-sticky-header] &gt; .elementor &gt; .elementor-section:not(.lqd-hide-onstuck):not(.lqd-stickybar-wrap)&quot;}\">\n\t\t\t\t\n\t\t\t\t\t\t<li>\n\t\t\t\t\t\t\t<a  href=\"https:\/\/drcaturkey.com\/fr\/greffe-de-cheveux-fue\" target=\"_self\" > \n\n\t\t\t\t\t\t\t\t\t\t\t\t\t\t\t\t\t<span class=\"link-icon d-inline-flex hide-if-empty right-icon icon-next-to-label\"><i aria-hidden=\"true\" class=\"lqd-icn-ess icon-ion-ios-arrow-forward\"><\/i><\/span>\t\n\t\t\t\t\t\t\t\t\n\t\t\t\t\t\t\t\t\t\t\t\t\t\t\t\t\tGreffe de Cheveux FUE  \n\t\t\t\t\t\t\t\t\t\t\t\t\t\t\t\t\t\t\t\t\t\t\t<\/a>\n\t\t\t\t\t\t\t\t\t\t\t\t\t<\/li>\n\n\t\t\t\t\t\t\n\t\t\t\t\t\t<li>\n\t\t\t\t\t\t\t<a  href=\"https:\/\/drcaturkey.com\/fr\/greffe-de-cheveux-dhi\" target=\"_self\" > \n\n\t\t\t\t\t\t\t\t\t\t\t\t\t\t\t\t\t<span class=\"link-icon d-inline-flex hide-if-empty right-icon icon-next-to-label\"><i aria-hidden=\"true\" class=\"lqd-icn-ess icon-ion-ios-arrow-forward\"><\/i><\/span>\t\n\t\t\t\t\t\t\t\t\n\t\t\t\t\t\t\t\t\t\t\t\t\t\t\t\t\tGreffe de Cheveux DHI  \n\t\t\t\t\t\t\t\t\t\t\t\t\t\t\t\t\t\t\t\t\t\t\t<\/a>\n\t\t\t\t\t\t\t\t\t\t\t\t\t<\/li>\n\n\t\t\t\t\t\t\n\t\t\t\t\t\t<li>\n\t\t\t\t\t\t\t<a  href=\"https:\/\/drcaturkey.com\/fr\/greffe-de-cheveux-saphir\" target=\"_self\" > \n\n\t\t\t\t\t\t\t\t\t\t\t\t\t\t\t\t\t<span class=\"link-icon d-inline-flex hide-if-empty right-icon icon-next-to-label\"><i aria-hidden=\"true\" class=\"lqd-icn-ess icon-ion-ios-arrow-forward\"><\/i><\/span>\t\n\t\t\t\t\t\t\t\t\n\t\t\t\t\t\t\t\t\t\t\t\t\t\t\t\t\tGreffe de Cheveux Saphir  \n\t\t\t\t\t\t\t\t\t\t\t\t\t\t\t\t\t\t\t\t\t\t\t<\/a>\n\t\t\t\t\t\t\t\t\t\t\t\t\t<\/li>\n\n\t\t\t\t\t\t\n\t\t\t\t\t\t<li>\n\t\t\t\t\t\t\t<a  href=\"https:\/\/drcaturkey.com\/fr\/greffe-de-cheveux-non-rases\" target=\"_self\" > \n\n\t\t\t\t\t\t\t\t\t\t\t\t\t\t\t\t\t<span class=\"link-icon d-inline-flex hide-if-empty right-icon icon-next-to-label\"><i aria-hidden=\"true\" class=\"lqd-icn-ess icon-ion-ios-arrow-forward\"><\/i><\/span>\t\n\t\t\t\t\t\t\t\t\n\t\t\t\t\t\t\t\t\t\t\t\t\t\t\t\t\tGreffe de Cheveux Non Ras\u00e9s  \n\t\t\t\t\t\t\t\t\t\t\t\t\t\t\t\t\t\t\t\t\t\t\t<\/a>\n\t\t\t\t\t\t\t\t\t\t\t\t\t<\/li>\n\n\t\t\t\t\t\t\n\t\t\t\t\t\t<li>\n\t\t\t\t\t\t\t<a  href=\"https:\/\/drcaturkey.com\/fr\/greffe-de-barbe-moustache\" target=\"_self\" > \n\n\t\t\t\t\t\t\t\t\t\t\t\t\t\t\t\t\t<span class=\"link-icon d-inline-flex hide-if-empty right-icon icon-next-to-label\"><i aria-hidden=\"true\" class=\"lqd-icn-ess icon-ion-ios-arrow-forward\"><\/i><\/span>\t\n\t\t\t\t\t\t\t\t\n\t\t\t\t\t\t\t\t\t\t\t\t\t\t\t\t\tGreffe de Barbe & Moustache  \n\t\t\t\t\t\t\t\t\t\t\t\t\t\t\t\t\t\t\t\t\t\t\t<\/a>\n\t\t\t\t\t\t\t\t\t\t\t\t\t<\/li>\n\n\t\t\t\t\t\t\t\t\t\t<\/ul>\n\t\t\t\t\t\t\t\t\t<\/div>\n\t\t\t\t<\/div>\n\t\t\t\t<\/div>\n\t\t\t\t\t<\/div>\n\t\t<\/div>\n\t\t\t\t\t\t\t<\/div>\n\t\t<\/section>\n\t\t\t\t\t<\/div>\n\t\t<\/div>\n\t\t\t\t<div class=\"elementor-column elementor-col-50 elementor-top-column elementor-element elementor-element-f7e4c5c\" data-id=\"f7e4c5c\" data-element_type=\"column\">\n\t\t\t<div class=\"elementor-widget-wrap elementor-element-populated\">\n\t\t\t\t\t\t\t\t<section class=\"elementor-section elementor-inner-section elementor-element elementor-element-7cc26a6 elementor-section-boxed elementor-section-height-default elementor-section-height-default\" data-id=\"7cc26a6\" data-element_type=\"section\">\n\t\t\t\t\t\t<div class=\"elementor-container elementor-column-gap-default\">\n\t\t\t\t\t<div class=\"elementor-column elementor-col-100 elementor-inner-column elementor-element elementor-element-559a35b\" data-id=\"559a35b\" data-element_type=\"column\">\n\t\t\t<div class=\"elementor-widget-wrap elementor-element-populated\">\n\t\t\t\t\t\t\t\t<div class=\"elementor-element elementor-element-5cad54e elementor-widget elementor-widget-hub_fancy_heading\" data-id=\"5cad54e\" data-element_type=\"widget\" data-widget_type=\"hub_fancy_heading.default\">\n\t\t\t\t<div class=\"elementor-widget-container\">\n\t\t\t\n\t\t<div id=\"ld-fancy-heading-69e8b539f2a5e\" class=\"ld-fancy-heading pos-rel\">\n\t\t\t<h6 class=\"ld-fh-element d-inline-block pos-rel  elementor-heading-title lqd-highlight-classic lqd-highlight-grow-left h6\"  > Greffe de Cheveux DHI\n<\/h6>\t\t<\/div>\n\n\t\t\t\t<\/div>\n\t\t\t\t<\/div>\n\t\t\t\t<div class=\"elementor-element elementor-element-1b36992 elementor-widget elementor-widget-text-editor\" data-id=\"1b36992\" data-element_type=\"widget\" data-widget_type=\"text-editor.default\">\n\t\t\t\t<div class=\"elementor-widget-container\">\n\t\t\t<style>\/*! elementor - v3.7.4 - 31-08-2022 *\/\n.elementor-widget-text-editor.elementor-drop-cap-view-stacked .elementor-drop-cap{background-color:#818a91;color:#fff}.elementor-widget-text-editor.elementor-drop-cap-view-framed .elementor-drop-cap{color:#818a91;border:3px solid;background-color:transparent}.elementor-widget-text-editor:not(.elementor-drop-cap-view-default) .elementor-drop-cap{margin-top:8px}.elementor-widget-text-editor:not(.elementor-drop-cap-view-default) .elementor-drop-cap-letter{width:1em;height:1em}.elementor-widget-text-editor .elementor-drop-cap{float:left;text-align:center;line-height:1;font-size:50px}.elementor-widget-text-editor .elementor-drop-cap-letter{display:inline-block}<\/style>\t\t\t\t<p>La greffe de cheveux DHI (implantation directe de cheveux) signifie \u00abtransplantation directe de cheveux\u00bb. Dans cette m\u00e9thode, les greffons sont pr\u00e9lev\u00e9s \u00e0 l\u2019aide d\u2019un stylo m\u00e9dical appel\u00e9 choi, qui ne doit \u00eatre utilis\u00e9 que par des sp\u00e9cialistes, puis les cheveux pr\u00e9lev\u00e9s avec ce stylo sont plac\u00e9s directement sur la peau sans incision ni ouverture de canal. Dans les m\u00e9thodes connues de greffe de cheveux, ces deux op\u00e9rations sont effectu\u00e9es \u00e0 des moments s\u00e9par\u00e9s, gr\u00e2ce au stylo sp\u00e9cial utilis\u00e9, la proc\u00e9dure est r\u00e9duite \u00e0 une seule et le patient b\u00e9n\u00e9ficie d\u2019un confort et d\u2019une commodit\u00e9. En bref, alors que la technique de greffe de cheveux appel\u00e9e FUE est en trois \u00e9tapes, DHI est en deux \u00e9tapes. Le but de la demande; pour augmenter la qualit\u00e9 de la greffe de cheveux, pour fournir une image intense, pour pr\u00e9server l\u2019image poilue existante et pour garantir que la personne qui a la greffe de cheveux retourne rapidement \u00e0 sa vie quotidienne sans raccourcir les cheveux.<\/p>\n<p><strong>Comment se fait la greffe de cheveux avec la technique Dhi\u00a0?<\/strong><\/p>\n<p>Avec la technique de greffe de cheveux DHI, la greffe de cheveux peut \u00eatre r\u00e9alis\u00e9e sous anesth\u00e9sie locale, ras\u00e9e ou non. Les follicules pileux pr\u00e9lev\u00e9s dans la zone donneuse sont directement transplant\u00e9s dans la zone receveuse \u00e0 l\u2019aide du stylo Dhi.<\/p>\n<p>L\u2019unit\u00e9 folliculaire pr\u00e9lev\u00e9e dans la zone donneuse est plac\u00e9e \u00e0 l\u2019int\u00e9rieur de l\u2019aiguille de Choi. Des follicules pileux d\u2019\u00e9paisseur appropri\u00e9e, qui sont plac\u00e9s dans des aiguilles de diff\u00e9rents diam\u00e8tres \u00e0 un angle de 40 \u00e0 45 degr\u00e9s, sont plant\u00e9s un par un dans la zone \u00e0 coiffer conform\u00e9ment \u00e0 la planification pr\u00e9c\u00e9demment cr\u00e9\u00e9e. L\u2019aiguille Choi, tout en poussant le follicule pileux, place simultan\u00e9ment le follicule pileux dans le canal qu\u2019il a ouvert sur le cuir chevelu.<\/p>\n<p>Au moins 2 stylos Choi et une moyenne de 10 \u00e0 12 embouts Choi diff\u00e9rents sont utilis\u00e9s dans l\u2019op\u00e9ration de greffe de cheveux Dhi. Les pointes et les stylos de diam\u00e8tres variables sont s\u00e9lectionn\u00e9s individuellement en fonction de l\u2019\u00e9paisseur des cheveux avant l\u2019op\u00e9ration.<\/p>\n<p><strong>Quelles sont les \u00e9tapes\u00a0?<\/strong><\/p>\n<p>En appliquant une anesth\u00e9sie locale sur la zone donneuse, les follicules pileux sont d\u00e9tendus et les follicules pileux sont collect\u00e9s avec un stylo sp\u00e9cial. Ensuite, les follicules pileux collect\u00e9s sont plac\u00e9s sur le cuir chevelu gr\u00e2ce \u00e0 cet appareil sp\u00e9cial.<\/p>\n<p>Les follicules pileux sont plac\u00e9s sur le cuir chevelu gr\u00e2ce au stylo sp\u00e9cial choi. Ce stylo a une pointe tr\u00e8s fine et pointue, mais en raison de sa structure sp\u00e9ciale, des follicules pileux peuvent y \u00eatre ins\u00e9r\u00e9s. Ce stylo m\u00e9dical \u00e0 pointe fine, qui est plong\u00e9 dans le cuir chevelu \u00e0 un angle appropri\u00e9, place le follicule pileux sur le cuir chevelu lorsqu\u2019il est press\u00e9 sur la zone sp\u00e9ciale derri\u00e8re lui.<\/p>\n<p>Cette m\u00e9thode, qui s\u2019applique sans endommager les tissus sains, a l\u2019avantage de permettre des plantations plus fr\u00e9quentes.<\/p>\n<p>La raison pour laquelle cette m\u00e9thode est g\u00e9n\u00e9ralement pr\u00e9f\u00e9r\u00e9e\u00a0; Une fois les racines pr\u00e9lev\u00e9es, elles sont plac\u00e9es imm\u00e9diatement sans attendre. Ainsi, le taux de r\u00e9tention et la probabilit\u00e9 que les greffons restent sains augmentent. Bien qu\u2019il s\u2019agisse d\u2019une technique qui existe depuis longtemps, son \u00e9toile a r\u00e9cemment brill\u00e9.<\/p>\n<p>Il est extr\u00eamement important que le processus, qui prend environ 10 \u00e0 12 heures, soit effectu\u00e9 par des personnes exp\u00e9riment\u00e9es. Comme dans la chirurgie capillaire robotis\u00e9e et la m\u00e9thode Fue, le contr\u00f4le est effectu\u00e9 le premier jour apr\u00e8s la proc\u00e9dure. Le lavage commence le deuxi\u00e8me jour et se poursuit pendant huit jours.<\/p>\n<p><strong>Quels sont les avantages\u00a0?<\/strong><\/p>\n<ul>\n<li>Faire le rainurage et le placement de la racine des cheveux en m\u00eame temps permet de mettre en place les follicules pileux collect\u00e9s sans attendre longtemps.<\/li>\n<li>Il permet une plantation plus fr\u00e9quente et un aspect plus naturel.<\/li>\n<li>Gr\u00e2ce \u00e0 son outil sp\u00e9cial, le temps d\u2019attente des racines lors de la greffe de cheveux est r\u00e9duit. Ainsi, le risque de perte de racines est minimis\u00e9.<\/li>\n<li>Les cheveux existants ne sont pas endommag\u00e9s. C\u2019est une m\u00e9thode qui peut aussi s\u2019appliquer aux patients dont la chute des cheveux n\u2019est pas termin\u00e9e.<\/li>\n<li>Le patient conna\u00eet un processus de r\u00e9cup\u00e9ration rapide.<\/li>\n<\/ul>\n<p><strong>Suis-je un bon candidat pour la greffe de cheveux DHI\u00a0?<\/strong><\/p>\n<p>Avec la technique de greffe de cheveux Dhi, vous subissez un examen d\u00e9taill\u00e9 avant l\u2019op\u00e9ration de greffe de cheveux. Le protocole g\u00e9n\u00e9ral de chirurgie est appliqu\u00e9 \u00e0 ce stade afin de s\u2019assurer qu\u2019aucun probl\u00e8me de sant\u00e9 n\u2019emp\u00eachera la chirurgie. Tout en effectuant les tests n\u00e9cessaires et les analyses de sang, la zone donneuse est analys\u00e9e.<\/p>\n<p>Une consultation personnelle d\u00e9taill\u00e9e en fonction de l\u2019\u00e2ge du patient et du type de perte de cheveux est extr\u00eamement importante en termes de perte de cheveux prospective et de satisfaction du patient dans la greffe de cheveux.<\/p>\n<p><strong>Apr\u00e8s la greffe de cheveux DHI<\/strong><\/p>\n<p>Le soin des plaies et le premier lavage sont effectu\u00e9s un ou deux jours apr\u00e8s la greffe de cheveux Dhi. L\u2019\u00e9tat des follicules pileux est v\u00e9rifi\u00e9. Apr\u00e8s cette \u00e9tape, il se d\u00e9tend progressivement. Les premiers jours sont la p\u00e9riode la plus sensible de la greffe de cheveux Dhi. Apr\u00e8s le deuxi\u00e8me jour, le patient peut retourner dans son pays.<\/p>\t\t\t\t\t\t<\/div>\n\t\t\t\t<\/div>\n\t\t\t\t\t<\/div>\n\t\t<\/div>\n\t\t\t\t\t\t\t<\/div>\n\t\t<\/section>\n\t\t\t\t\t<\/div>\n\t\t<\/div>\n\t\t\t\t\t\t\t<\/div>\n\t\t<\/section>\n\t\t\t\t\t\t\t<\/div>\n\t\t","protected":false},"excerpt":{"rendered":"<p>Greffe de Cheveux DHI Anasayfa PRENDRE RENDEZ-VOUS greffe de cheveux Greffe de Cheveux FUE Greffe de Cheveux DHI Greffe de Cheveux Saphir Greffe de Cheveux Non Ras\u00e9s Greffe de Barbe &#038; Moustache Greffe de Cheveux DHI La greffe de cheveux DHI (implantation directe de cheveux) signifie \u00abtransplantation directe de cheveux\u00bb. Dans cette m\u00e9thode, les greffons [&hellip;]<\/p>\n","protected":false},"author":1,"featured_media":0,"parent":0,"menu_order":0,"comment_status":"closed","ping_status":"closed","template":"","meta":{"footnotes":""},"class_list":["post-1093","page","type-page","status-publish","hentry"],"_links":{"self":[{"href":"https:\/\/drcaturkey.com\/fr\/wp-json\/wp\/v2\/pages\/1093","targetHints":{"allow":["GET"]}}],"collection":[{"href":"https:\/\/drcaturkey.com\/fr\/wp-json\/wp\/v2\/pages"}],"about":[{"href":"https:\/\/drcaturkey.com\/fr\/wp-json\/wp\/v2\/types\/page"}],"author":[{"embeddable":true,"href":"https:\/\/drcaturkey.com\/fr\/wp-json\/wp\/v2\/users\/1"}],"replies":[{"embeddable":true,"href":"https:\/\/drcaturkey.com\/fr\/wp-json\/wp\/v2\/comments?post=1093"}],"version-history":[{"count":35,"href":"https:\/\/drcaturkey.com\/fr\/wp-json\/wp\/v2\/pages\/1093\/revisions"}],"predecessor-version":[{"id":2908,"href":"https:\/\/drcaturkey.com\/fr\/wp-json\/wp\/v2\/pages\/1093\/revisions\/2908"}],"wp:attachment":[{"href":"https:\/\/drcaturkey.com\/fr\/wp-json\/wp\/v2\/media?parent=1093"}],"curies":[{"name":"wp","href":"https:\/\/api.w.org\/{rel}","templated":true}]}}