{"id":1097,"date":"2022-09-02T01:11:06","date_gmt":"2022-09-01T22:11:06","guid":{"rendered":"https:\/\/drcaturkey.com\/fr\/?page_id=1097"},"modified":"2023-03-02T14:04:02","modified_gmt":"2023-03-02T11:04:02","slug":"traitement-implantaire","status":"publish","type":"page","link":"https:\/\/drcaturkey.com\/fr\/traitement-implantaire","title":{"rendered":"Traitement Implantaire"},"content":{"rendered":"\t\t<div data-elementor-type=\"wp-page\" data-elementor-id=\"1097\" class=\"elementor elementor-1097\">\n\t\t\t\t\t\t\t\t\t<section class=\"elementor-section elementor-top-section elementor-element elementor-element-4ec7caa elementor-section-boxed elementor-section-height-default elementor-section-height-default\" data-id=\"4ec7caa\" data-element_type=\"section\" data-settings=\"{&quot;background_background&quot;:&quot;classic&quot;}\">\n\t\t\t\t\t\t<div class=\"elementor-container elementor-column-gap-default\">\n\t\t\t\t\t<div class=\"elementor-column elementor-col-100 elementor-top-column elementor-element elementor-element-5423d4b\" data-id=\"5423d4b\" data-element_type=\"column\">\n\t\t\t<div class=\"elementor-widget-wrap elementor-element-populated\">\n\t\t\t\t\t\t\t\t<section class=\"elementor-section elementor-inner-section elementor-element elementor-element-7eec6ec elementor-section-boxed elementor-section-height-default elementor-section-height-default\" data-id=\"7eec6ec\" data-element_type=\"section\">\n\t\t\t\t\t\t<div class=\"elementor-container elementor-column-gap-default\">\n\t\t\t\t\t<div class=\"elementor-column elementor-col-100 elementor-inner-column elementor-element elementor-element-c324a7d\" data-id=\"c324a7d\" data-element_type=\"column\">\n\t\t\t<div class=\"elementor-widget-wrap elementor-element-populated\">\n\t\t\t\t\t\t\t\t<div class=\"elementor-element elementor-element-7af7858 elementor-widget elementor-widget-hub_fancy_heading\" data-id=\"7af7858\" data-element_type=\"widget\" data-widget_type=\"hub_fancy_heading.default\">\n\t\t\t\t<div class=\"elementor-widget-container\">\n\t\t\t\n\t\t<div id=\"ld-fancy-heading-69e38fc7cbdc0\" class=\"ld-fancy-heading pos-rel\">\n\t\t\t<h1 class=\"ld-fh-element d-inline-block pos-rel  elementor-heading-title lqd-highlight-classic lqd-highlight-grow-left h1\"  > Traitement Implantaire\n<\/h1>\t\t<\/div>\n\n\t\t\t\t<\/div>\n\t\t\t\t<\/div>\n\t\t\t\t<div class=\"elementor-element elementor-element-abad7e2 elementor-widget__width-auto elementor-widget elementor-widget-ld_breadcrumb\" data-id=\"abad7e2\" data-element_type=\"widget\" data-widget_type=\"ld_breadcrumb.default\">\n\t\t\t\t<div class=\"elementor-widget-container\">\n\t\t\t<div class=\"lqd-breadcrumb-wrapper\"><div class=\"lqd-shop-topbar-breadcrumb\"><nav class=\"woocommerce-breadcrumb mb-4 mb-md-0\"><ul class=\"breadcrumb reset-ul inline-nav comma-sep-li\"><li>Anasayfa<\/li><\/ul><\/nav><\/div><\/div>\t\t<\/div>\n\t\t\t\t<\/div>\n\t\t\t\t\t<\/div>\n\t\t<\/div>\n\t\t\t\t\t\t\t<\/div>\n\t\t<\/section>\n\t\t\t\t\t<\/div>\n\t\t<\/div>\n\t\t\t\t\t\t\t<\/div>\n\t\t<\/section>\n\t\t\t\t<section class=\"elementor-section elementor-top-section elementor-element elementor-element-bf19241 elementor-section-boxed elementor-section-height-default elementor-section-height-default\" data-id=\"bf19241\" data-element_type=\"section\">\n\t\t\t\t\t\t<div class=\"elementor-container elementor-column-gap-default\">\n\t\t\t\t\t<div class=\"lqd-css-sticky-column elementor-column elementor-col-50 elementor-top-column elementor-element elementor-element-78a1736 elementor-hidden-mobile\" style=\"--lqd-sticky-offset:30px\" data-id=\"78a1736\" data-element_type=\"column\">\n\t\t\t<div class=\"elementor-widget-wrap elementor-element-populated\">\n\t\t\t\t\t\t\t\t<section class=\"elementor-section elementor-inner-section elementor-element elementor-element-725958d elementor-section-boxed elementor-section-height-default elementor-section-height-default\" data-id=\"725958d\" data-element_type=\"section\" data-settings=\"{&quot;background_background&quot;:&quot;classic&quot;}\">\n\t\t\t\t\t\t<div class=\"elementor-container elementor-column-gap-default\">\n\t\t\t\t\t<div class=\"elementor-column elementor-col-100 elementor-inner-column elementor-element elementor-element-3d823e6\" data-id=\"3d823e6\" data-element_type=\"column\">\n\t\t\t<div class=\"elementor-widget-wrap elementor-element-populated\">\n\t\t\t\t\t\t\t\t<div class=\"elementor-element elementor-element-2c7482c elementor-widget elementor-widget-hub_fancy_heading\" data-id=\"2c7482c\" data-element_type=\"widget\" data-widget_type=\"hub_fancy_heading.default\">\n\t\t\t\t<div class=\"elementor-widget-container\">\n\t\t\t\n\t\t<div id=\"ld-fancy-heading-69e38fc7cf266\" class=\"ld-fancy-heading pos-rel\">\n\t\t\t<h6 class=\"ld-fh-element d-inline-block pos-rel  elementor-heading-title lqd-highlight-classic lqd-highlight-grow-left h6\"  > PRENDRE RENDEZ-VOUS<\/h6>\t\t<\/div>\n\n\t\t\t\t<\/div>\n\t\t\t\t<\/div>\n\t\t\t\t<div class=\"elementor-element elementor-element-bb4da15 elementor-widget elementor-widget-ld_cf722\" data-id=\"bb4da15\" data-element_type=\"widget\" data-widget_type=\"ld_cf722.default\">\n\t\t\t\t<div class=\"elementor-widget-container\">\n\t\t\t\n\t<div class=\"lqd-contact-form lqd-contact-form-inputs-underlined lqd-contact-form-button-block lqd-contact-form-button-circle lqd-contact-form-inputs-sm\" >\n\t\t<div role=\"form\" class=\"wpcf7\" id=\"wpcf7-f6-o1\" lang=\"tr-TR\" dir=\"ltr\">\n<div class=\"screen-reader-response\"><p role=\"status\" aria-live=\"polite\" aria-atomic=\"true\"><\/p> <ul><\/ul><\/div>\n<form action=\"\/fr\/wp-json\/wp\/v2\/pages\/1097#wpcf7-f6-o1\" method=\"post\" class=\"wpcf7-form init\" novalidate=\"novalidate\" data-status=\"init\">\n<div style=\"display: none;\">\n<input type=\"hidden\" name=\"_wpcf7\" value=\"6\" \/>\n<input type=\"hidden\" name=\"_wpcf7_version\" value=\"5.6.3\" \/>\n<input type=\"hidden\" name=\"_wpcf7_locale\" value=\"tr_TR\" \/>\n<input type=\"hidden\" name=\"_wpcf7_unit_tag\" value=\"wpcf7-f6-o1\" \/>\n<input type=\"hidden\" name=\"_wpcf7_container_post\" value=\"0\" \/>\n<input type=\"hidden\" name=\"_wpcf7_posted_data_hash\" value=\"\" \/>\n<\/div>\n<p><span class=\"wpcf7-form-control-wrap\" data-name=\"adi\"><input type=\"text\" name=\"adi\" value=\"\" size=\"40\" class=\"wpcf7-form-control wpcf7-text wpcf7-validates-as-required\" aria-required=\"true\" aria-invalid=\"false\" placeholder=\"Votre Nom\" \/><\/span><br \/>\n<span class=\"wpcf7-form-control-wrap\" data-name=\"phone\"><input type=\"text\" name=\"phone\" value=\"\" size=\"40\" class=\"wpcf7-form-control wpcf7-text wpcf7-validates-as-required\" aria-required=\"true\" aria-invalid=\"false\" placeholder=\"Ton Num\u00e9ro de T\u00e9l\u00e9phone\" \/><\/span><br \/>\n<span class=\"wpcf7-form-control-wrap\" data-name=\"message\"><textarea name=\"message\" cols=\"40\" rows=\"2\" class=\"wpcf7-form-control wpcf7-textarea\" aria-invalid=\"false\" placeholder=\"Votre Message\"><\/textarea><\/span><br \/>\n<input type=\"submit\" value=\"Soumettre le Formulaire\" class=\"wpcf7-form-control has-spinner wpcf7-submit\" \/><\/p>\n<div class=\"wpcf7-response-output\" aria-hidden=\"true\"><\/div><\/form><\/div>\t<\/div>\n\n\t\t\t<\/div>\n\t\t\t\t<\/div>\n\t\t\t\t\t<\/div>\n\t\t<\/div>\n\t\t\t\t\t\t\t<\/div>\n\t\t<\/section>\n\t\t\t\t<section class=\"elementor-section elementor-inner-section elementor-element elementor-element-d4bd828 elementor-section-boxed elementor-section-height-default elementor-section-height-default\" data-id=\"d4bd828\" data-element_type=\"section\">\n\t\t\t\t\t\t<div class=\"elementor-container elementor-column-gap-default\">\n\t\t\t\t\t<div class=\"elementor-column elementor-col-100 elementor-inner-column elementor-element elementor-element-76911c3\" data-id=\"76911c3\" data-element_type=\"column\">\n\t\t\t<div class=\"elementor-widget-wrap elementor-element-populated\">\n\t\t\t\t\t\t\t\t<div class=\"elementor-element elementor-element-3a60a13 elementor-widget elementor-widget-hub_fancy_heading\" data-id=\"3a60a13\" data-element_type=\"widget\" data-widget_type=\"hub_fancy_heading.default\">\n\t\t\t\t<div class=\"elementor-widget-container\">\n\t\t\t\n\t\t<div id=\"ld-fancy-heading-69e38fc7d1f78\" class=\"ld-fancy-heading pos-rel\">\n\t\t\t<h6 class=\"ld-fh-element d-inline-block pos-rel  elementor-heading-title lqd-highlight-classic lqd-highlight-grow-left h6\"  > dentaIre<\/h6>\t\t<\/div>\n\n\t\t\t\t<\/div>\n\t\t\t\t<\/div>\n\t\t\t\t<div class=\"elementor-element elementor-element-359074f elementor-widget elementor-widget-ld_custom_menu\" data-id=\"359074f\" data-element_type=\"widget\" data-widget_type=\"ld_custom_menu.default\">\n\t\t\t\t<div class=\"elementor-widget-container\">\n\t\t\t\n\t\t\t<div  \n\t\t\t\tclass=\"lqd-fancy-menu lqd-custom-menu pos-rel lqd-menu-td-none\"\n\t\t\t\t\t\t\t>\n\t\t\t\n\t\t\t\t\t\t\t<ul class=\"reset-ul\" id=\"359074f\"  data-localscroll=\"true\" data-localscroll-options=\"{&quot;itemsSelector&quot;:&quot;&gt; li &gt; a&quot;,&quot;trackWindowScroll&quot;:true,&quot;includeParentAsOffset&quot;:false,&quot;offsetElements&quot;:&quot;[data-sticky-header] .lqd-head-sec-wrap:not(.lqd-hide-onstuck), #wpadminbar, body.elementor-page .main-header[data-sticky-header] &gt; .elementor &gt; .elementor-section-wrap &gt; .elementor-section:not(.lqd-hide-onstuck):not(.lqd-stickybar-wrap), body.elementor-page .main-header[data-sticky-header] &gt; .elementor &gt; .elementor-section:not(.lqd-hide-onstuck):not(.lqd-stickybar-wrap)&quot;}\">\n\t\t\t\t\n\t\t\t\t\t\t<li>\n\t\t\t\t\t\t\t<a  href=\"https:\/\/drcaturkey.com\/fr\/traitement-implantaire\" target=\"_self\" > \n\n\t\t\t\t\t\t\t\t\t\t\t\t\t\t\t\t\t<span class=\"link-icon d-inline-flex hide-if-empty right-icon icon-next-to-label\"><i aria-hidden=\"true\" class=\"lqd-icn-ess icon-ion-ios-arrow-forward\"><\/i><\/span>\t\n\t\t\t\t\t\t\t\t\n\t\t\t\t\t\t\t\t\t\t\t\t\t\t\t\t\tTraitement Implantaire  \n\t\t\t\t\t\t\t\t\t\t\t\t\t\t\t\t\t\t\t\t\t\t\t<\/a>\n\t\t\t\t\t\t\t\t\t\t\t\t\t<\/li>\n\n\t\t\t\t\t\t\n\t\t\t\t\t\t<li>\n\t\t\t\t\t\t\t<a  href=\"https:\/\/drcaturkey.com\/fr\/revetement-de-zirconium\" target=\"_self\" > \n\n\t\t\t\t\t\t\t\t\t\t\t\t\t\t\t\t\t<span class=\"link-icon d-inline-flex hide-if-empty right-icon icon-next-to-label\"><i aria-hidden=\"true\" class=\"lqd-icn-ess icon-ion-ios-arrow-forward\"><\/i><\/span>\t\n\t\t\t\t\t\t\t\t\n\t\t\t\t\t\t\t\t\t\t\t\t\t\t\t\t\tRev\u00eatement de Zirconium  \n\t\t\t\t\t\t\t\t\t\t\t\t\t\t\t\t\t\t\t\t\t\t\t<\/a>\n\t\t\t\t\t\t\t\t\t\t\t\t\t<\/li>\n\n\t\t\t\t\t\t\n\t\t\t\t\t\t<li>\n\t\t\t\t\t\t\t<a  href=\"https:\/\/drcaturkey.com\/fr\/conception-de-sourire\" target=\"_self\" > \n\n\t\t\t\t\t\t\t\t\t\t\t\t\t\t\t\t\t<span class=\"link-icon d-inline-flex hide-if-empty right-icon icon-next-to-label\"><i aria-hidden=\"true\" class=\"lqd-icn-ess icon-ion-ios-arrow-forward\"><\/i><\/span>\t\n\t\t\t\t\t\t\t\t\n\t\t\t\t\t\t\t\t\t\t\t\t\t\t\t\t\tConception de Sourire  \n\t\t\t\t\t\t\t\t\t\t\t\t\t\t\t\t\t\t\t\t\t\t\t<\/a>\n\t\t\t\t\t\t\t\t\t\t\t\t\t<\/li>\n\n\t\t\t\t\t\t\n\t\t\t\t\t\t<li>\n\t\t\t\t\t\t\t<a  href=\"https:\/\/drcaturkey.com\/fr\/blanchissement-dentaire\" target=\"_self\" > \n\n\t\t\t\t\t\t\t\t\t\t\t\t\t\t\t\t\t<span class=\"link-icon d-inline-flex hide-if-empty right-icon icon-next-to-label\"><i aria-hidden=\"true\" class=\"lqd-icn-ess icon-ion-ios-arrow-forward\"><\/i><\/span>\t\n\t\t\t\t\t\t\t\t\n\t\t\t\t\t\t\t\t\t\t\t\t\t\t\t\t\tBlanchissement Dentaire  \n\t\t\t\t\t\t\t\t\t\t\t\t\t\t\t\t\t\t\t\t\t\t\t<\/a>\n\t\t\t\t\t\t\t\t\t\t\t\t\t<\/li>\n\n\t\t\t\t\t\t\t\t\t\t<\/ul>\n\t\t\t\t\t\t\t\t\t<\/div>\n\t\t\t\t<\/div>\n\t\t\t\t<\/div>\n\t\t\t\t\t<\/div>\n\t\t<\/div>\n\t\t\t\t\t\t\t<\/div>\n\t\t<\/section>\n\t\t\t\t\t<\/div>\n\t\t<\/div>\n\t\t\t\t<div class=\"elementor-column elementor-col-50 elementor-top-column elementor-element elementor-element-5e8b80b\" data-id=\"5e8b80b\" data-element_type=\"column\">\n\t\t\t<div class=\"elementor-widget-wrap elementor-element-populated\">\n\t\t\t\t\t\t\t\t<section class=\"elementor-section elementor-inner-section elementor-element elementor-element-133326f elementor-section-boxed elementor-section-height-default elementor-section-height-default\" data-id=\"133326f\" data-element_type=\"section\">\n\t\t\t\t\t\t<div class=\"elementor-container elementor-column-gap-default\">\n\t\t\t\t\t<div class=\"elementor-column elementor-col-100 elementor-inner-column elementor-element elementor-element-1bc226a\" data-id=\"1bc226a\" data-element_type=\"column\">\n\t\t\t<div class=\"elementor-widget-wrap elementor-element-populated\">\n\t\t\t\t\t\t\t\t<div class=\"elementor-element elementor-element-e4eb6dd elementor-widget elementor-widget-hub_fancy_heading\" data-id=\"e4eb6dd\" data-element_type=\"widget\" data-widget_type=\"hub_fancy_heading.default\">\n\t\t\t\t<div class=\"elementor-widget-container\">\n\t\t\t\n\t\t<div id=\"ld-fancy-heading-69e38fc7e1e5e\" class=\"ld-fancy-heading pos-rel\">\n\t\t\t<h6 class=\"ld-fh-element d-inline-block pos-rel  elementor-heading-title lqd-highlight-classic lqd-highlight-grow-left h6\"  > Tra\u0131tement Implanta\u0131re\n<\/h6>\t\t<\/div>\n\n\t\t\t\t<\/div>\n\t\t\t\t<\/div>\n\t\t\t\t<div class=\"elementor-element elementor-element-e8c5e16 elementor-widget elementor-widget-text-editor\" data-id=\"e8c5e16\" data-element_type=\"widget\" data-widget_type=\"text-editor.default\">\n\t\t\t\t<div class=\"elementor-widget-container\">\n\t\t\t<style>\/*! elementor - v3.7.4 - 31-08-2022 *\/\n.elementor-widget-text-editor.elementor-drop-cap-view-stacked .elementor-drop-cap{background-color:#818a91;color:#fff}.elementor-widget-text-editor.elementor-drop-cap-view-framed .elementor-drop-cap{color:#818a91;border:3px solid;background-color:transparent}.elementor-widget-text-editor:not(.elementor-drop-cap-view-default) .elementor-drop-cap{margin-top:8px}.elementor-widget-text-editor:not(.elementor-drop-cap-view-default) .elementor-drop-cap-letter{width:1em;height:1em}.elementor-widget-text-editor .elementor-drop-cap{float:left;text-align:center;line-height:1;font-size:50px}.elementor-widget-text-editor .elementor-drop-cap-letter{display:inline-block}<\/style>\t\t\t\t<p>La perte des dents, qui fait partie de l\u2019esth\u00e9tique faciale, entra\u00eene des probl\u00e8mes psychologiques et sociaux. De plus, il provoque des troubles de la parole, de la nutrition, des probl\u00e8mes digestifs et le d\u00e9placement des dents. Pour cette raison, la place des dents extraites doit \u00eatre remplie d\u00e8s que possible. Le comblement est \u00e9galement possible avec un traitement implantaire dentaire. Pour l\u2019application de proth\u00e8ses de pont, les dents \u00e0 c\u00f4t\u00e9 de la zone dentaire manquante doivent \u00eatre coup\u00e9es. Dans la technologie d\u2019aujourd\u2019hui, de nouvelles racines dentaires artificielles sont plac\u00e9es sans qu\u2019il soit n\u00e9cessaire de couper des dents saines. Le traitement implantaire est un traitement r\u00e9alis\u00e9 en appliquant des structures en porcelaine qui imitent la fonction et l\u2019esth\u00e9tique de la dent sur les racines dentaires artificielles et les racines en titane. Le traitement implantaire est une m\u00e9thode tr\u00e8s pr\u00e9f\u00e9r\u00e9e et appliqu\u00e9e aujourd\u2019hui. Divers types d\u2019implants ont \u00e9t\u00e9 produits, mais le type le plus utilis\u00e9 est celui des implants en forme de vis. Gr\u00e2ce au traitement implantaire, les gens ont de nouvelles dents artificielles avec le m\u00eame confort \u00e0 la place de leurs dents naturelles qu\u2019ils ont perdues au fil du temps et retrouvent le m\u00eame confort.<\/p><p><strong>Quels sont les avantages du traitement implantaire\u00a0?<\/strong><\/p><ul><li>Protection des dents adjacentes \u00e0 c\u00f4t\u00e9 des cavit\u00e9s sans couper<\/li><li>Pr\u00e9vention de la fonte de la m\u00e2choire dans la cavit\u00e9 dentaire<\/li><li>Pratiques d\u2019hygi\u00e8ne bucco-dentaire simplifi\u00e9es<\/li><li>Cela peut \u00eatre fait un par un comme dans la s\u00e9quence naturelle des dents, augmentant ainsi l\u2019hygi\u00e8ne<\/li><li>Meilleure mastication<\/li><li>Mangez ce que vous voulez<\/li><li>Une apparence plus esth\u00e9tique<\/li><li>Une vie sociale plus heureuse<\/li><li>Le fait de pouvoir manger de tout pr\u00e9sente des avantages tels qu\u2019une alimentation plus saine.<\/li><\/ul><p><strong>Chaque patient peut-il \u00eatre trait\u00e9 avec des implants\u00a0?<\/strong><\/p><p>Les vis d\u2019implant ont une certaine \u00e9paisseur et largeur. Pour cette raison, la m\u00e2choire de la zone o\u00f9 l\u2019implant doit \u00eatre plac\u00e9 doit \u00eatre \u00e0 une hauteur, une largeur et une qualit\u00e9 pour accepter la vis. Avant le traitement implantaire et pendant le s\u00e9jour de l\u2019implant dans la bouche, les gencives doivent \u00eatre saines. Avant l\u2019implantation, si l\u2019\u00e9tat de sant\u00e9 g\u00e9n\u00e9ral du patient est bon et qu\u2019aucune condition n\u2019emp\u00eache l\u2019application, le traitement implantaire peut \u00eatre appliqu\u00e9 avec succ\u00e8s.<\/p><p><strong>Vais-je ressentir de la douleur pendant le traitement implantaire\u00a0?<\/strong><\/p><p>Vous ne ressentirez aucune douleur ou douleur lorsque la m\u00e9thode d\u2019anesth\u00e9sie appropri\u00e9e est appliqu\u00e9e pendant le traitement implantaire. La m\u00e9thode d\u2019anesth\u00e9sie g\u00e9n\u00e9rale ou locale est utilis\u00e9e selon la pr\u00e9f\u00e9rence du patient au cours de la proc\u00e9dure. La douleur qui peut \u00eatre ressentie le soir apr\u00e8s la pose de l\u2019implant peut \u00eatre pr\u00e9venue avec de simples antalgiques. Une fois le traitement termin\u00e9, vous ne sentirez m\u00eame pas la pr\u00e9sence des implants et vous ne remarquerez aucune diff\u00e9rence par rapport \u00e0 vos dents existantes.<\/p><p><strong>Est-ce que j\u2019aurai beaucoup de douleur apr\u00e8s le traitement implantaire\u00a0?<\/strong><\/p><p>La douleur \u00e0 long terme apr\u00e8s un traitement implantaire est une affection rare. Apr\u00e8s un traitement implantaire r\u00e9ussi et appropri\u00e9, il n\u2019y a pas de douleur \u00e0 long terme. Il est normal de ressentir une l\u00e9g\u00e8re douleur.<\/p><p><strong>Combien de temps puis-je utiliser mes implants\u00a0?<\/strong><\/p><p>Les implants ont une dur\u00e9e de vie tr\u00e8s longue. Il semble rester dans votre bouche pendant plus de trente ans sans aucun probl\u00e8me. La dur\u00e9e de vie des implants varie en fonction de nombreux facteurs. Certains d\u2019entre eux sont la sant\u00e9 du patient et le bon entretien des implants dentaires. Si ces facteurs sont pris en consid\u00e9ration, les implants peuvent \u00eatre utilis\u00e9s \u00e0 vie.<\/p>\t\t\t\t\t\t<\/div>\n\t\t\t\t<\/div>\n\t\t\t\t\t<\/div>\n\t\t<\/div>\n\t\t\t\t\t\t\t<\/div>\n\t\t<\/section>\n\t\t\t\t\t<\/div>\n\t\t<\/div>\n\t\t\t\t\t\t\t<\/div>\n\t\t<\/section>\n\t\t\t\t\t\t\t<\/div>\n\t\t","protected":false},"excerpt":{"rendered":"<p>Traitement Implantaire Anasayfa PRENDRE RENDEZ-VOUS dentaIre Traitement Implantaire Rev\u00eatement de Zirconium Conception de Sourire Blanchissement Dentaire Tra\u0131tement Implanta\u0131re La perte des dents, qui fait partie de l\u2019esth\u00e9tique faciale, entra\u00eene des probl\u00e8mes psychologiques et sociaux. De plus, il provoque des troubles de la parole, de la nutrition, des probl\u00e8mes digestifs et le d\u00e9placement des dents. Pour [&hellip;]<\/p>\n","protected":false},"author":1,"featured_media":0,"parent":0,"menu_order":0,"comment_status":"closed","ping_status":"closed","template":"","meta":{"footnotes":""},"class_list":["post-1097","page","type-page","status-publish","hentry"],"_links":{"self":[{"href":"https:\/\/drcaturkey.com\/fr\/wp-json\/wp\/v2\/pages\/1097","targetHints":{"allow":["GET"]}}],"collection":[{"href":"https:\/\/drcaturkey.com\/fr\/wp-json\/wp\/v2\/pages"}],"about":[{"href":"https:\/\/drcaturkey.com\/fr\/wp-json\/wp\/v2\/types\/page"}],"author":[{"embeddable":true,"href":"https:\/\/drcaturkey.com\/fr\/wp-json\/wp\/v2\/users\/1"}],"replies":[{"embeddable":true,"href":"https:\/\/drcaturkey.com\/fr\/wp-json\/wp\/v2\/comments?post=1097"}],"version-history":[{"count":35,"href":"https:\/\/drcaturkey.com\/fr\/wp-json\/wp\/v2\/pages\/1097\/revisions"}],"predecessor-version":[{"id":2920,"href":"https:\/\/drcaturkey.com\/fr\/wp-json\/wp\/v2\/pages\/1097\/revisions\/2920"}],"wp:attachment":[{"href":"https:\/\/drcaturkey.com\/fr\/wp-json\/wp\/v2\/media?parent=1097"}],"curies":[{"name":"wp","href":"https:\/\/api.w.org\/{rel}","templated":true}]}}