{"id":1099,"date":"2022-09-02T01:11:10","date_gmt":"2022-09-01T22:11:10","guid":{"rendered":"https:\/\/drcaturkey.com\/fr\/?page_id=1099"},"modified":"2023-03-02T14:06:07","modified_gmt":"2023-03-02T11:06:07","slug":"conception-de-sourire","status":"publish","type":"page","link":"https:\/\/drcaturkey.com\/fr\/conception-de-sourire","title":{"rendered":"Conception de Sourire"},"content":{"rendered":"\t\t<div data-elementor-type=\"wp-page\" data-elementor-id=\"1099\" class=\"elementor elementor-1099\">\n\t\t\t\t\t\t\t\t\t<section class=\"elementor-section elementor-top-section elementor-element elementor-element-75fbb92 elementor-section-boxed elementor-section-height-default elementor-section-height-default\" data-id=\"75fbb92\" data-element_type=\"section\" data-settings=\"{&quot;background_background&quot;:&quot;classic&quot;}\">\n\t\t\t\t\t\t<div class=\"elementor-container elementor-column-gap-default\">\n\t\t\t\t\t<div class=\"elementor-column elementor-col-100 elementor-top-column elementor-element elementor-element-46bdbb9\" data-id=\"46bdbb9\" data-element_type=\"column\">\n\t\t\t<div class=\"elementor-widget-wrap elementor-element-populated\">\n\t\t\t\t\t\t\t\t<section class=\"elementor-section elementor-inner-section elementor-element elementor-element-0fa1367 elementor-section-boxed elementor-section-height-default elementor-section-height-default\" data-id=\"0fa1367\" data-element_type=\"section\">\n\t\t\t\t\t\t<div class=\"elementor-container elementor-column-gap-default\">\n\t\t\t\t\t<div class=\"elementor-column elementor-col-100 elementor-inner-column elementor-element elementor-element-68e8504\" data-id=\"68e8504\" data-element_type=\"column\">\n\t\t\t<div class=\"elementor-widget-wrap elementor-element-populated\">\n\t\t\t\t\t\t\t\t<div class=\"elementor-element elementor-element-1ea6aaf elementor-widget elementor-widget-hub_fancy_heading\" data-id=\"1ea6aaf\" data-element_type=\"widget\" data-widget_type=\"hub_fancy_heading.default\">\n\t\t\t\t<div class=\"elementor-widget-container\">\n\t\t\t\n\t\t<div id=\"ld-fancy-heading-69e3a54b9e445\" class=\"ld-fancy-heading pos-rel\">\n\t\t\t<h1 class=\"ld-fh-element d-inline-block pos-rel  elementor-heading-title lqd-highlight-classic lqd-highlight-grow-left h1\"  > Conception de Sourire\n<\/h1>\t\t<\/div>\n\n\t\t\t\t<\/div>\n\t\t\t\t<\/div>\n\t\t\t\t<div class=\"elementor-element elementor-element-2242f6a elementor-widget__width-auto elementor-widget elementor-widget-ld_breadcrumb\" data-id=\"2242f6a\" data-element_type=\"widget\" data-widget_type=\"ld_breadcrumb.default\">\n\t\t\t\t<div class=\"elementor-widget-container\">\n\t\t\t<div class=\"lqd-breadcrumb-wrapper\"><div class=\"lqd-shop-topbar-breadcrumb\"><nav class=\"woocommerce-breadcrumb mb-4 mb-md-0\"><ul class=\"breadcrumb reset-ul inline-nav comma-sep-li\"><li>Anasayfa<\/li><\/ul><\/nav><\/div><\/div>\t\t<\/div>\n\t\t\t\t<\/div>\n\t\t\t\t\t<\/div>\n\t\t<\/div>\n\t\t\t\t\t\t\t<\/div>\n\t\t<\/section>\n\t\t\t\t\t<\/div>\n\t\t<\/div>\n\t\t\t\t\t\t\t<\/div>\n\t\t<\/section>\n\t\t\t\t<section class=\"elementor-section elementor-top-section elementor-element elementor-element-bf19241 elementor-section-boxed elementor-section-height-default elementor-section-height-default\" data-id=\"bf19241\" data-element_type=\"section\">\n\t\t\t\t\t\t<div class=\"elementor-container elementor-column-gap-default\">\n\t\t\t\t\t<div class=\"lqd-css-sticky-column elementor-column elementor-col-50 elementor-top-column elementor-element elementor-element-6cd76e4 elementor-hidden-mobile\" style=\"--lqd-sticky-offset:30px\" data-id=\"6cd76e4\" data-element_type=\"column\">\n\t\t\t<div class=\"elementor-widget-wrap elementor-element-populated\">\n\t\t\t\t\t\t\t\t<section class=\"elementor-section elementor-inner-section elementor-element elementor-element-59159e9 elementor-section-boxed elementor-section-height-default elementor-section-height-default\" data-id=\"59159e9\" data-element_type=\"section\" data-settings=\"{&quot;background_background&quot;:&quot;classic&quot;}\">\n\t\t\t\t\t\t<div class=\"elementor-container elementor-column-gap-default\">\n\t\t\t\t\t<div class=\"elementor-column elementor-col-100 elementor-inner-column elementor-element elementor-element-2d58943\" data-id=\"2d58943\" data-element_type=\"column\">\n\t\t\t<div class=\"elementor-widget-wrap elementor-element-populated\">\n\t\t\t\t\t\t\t\t<div class=\"elementor-element elementor-element-ac0685b elementor-widget elementor-widget-hub_fancy_heading\" data-id=\"ac0685b\" data-element_type=\"widget\" data-widget_type=\"hub_fancy_heading.default\">\n\t\t\t\t<div class=\"elementor-widget-container\">\n\t\t\t\n\t\t<div id=\"ld-fancy-heading-69e3a54ba0418\" class=\"ld-fancy-heading pos-rel\">\n\t\t\t<h6 class=\"ld-fh-element d-inline-block pos-rel  elementor-heading-title lqd-highlight-classic lqd-highlight-grow-left h6\"  > PRENDRE RENDEZ-VOUS<\/h6>\t\t<\/div>\n\n\t\t\t\t<\/div>\n\t\t\t\t<\/div>\n\t\t\t\t<div class=\"elementor-element elementor-element-7d350bf elementor-widget elementor-widget-ld_cf722\" data-id=\"7d350bf\" data-element_type=\"widget\" data-widget_type=\"ld_cf722.default\">\n\t\t\t\t<div class=\"elementor-widget-container\">\n\t\t\t\n\t<div class=\"lqd-contact-form lqd-contact-form-inputs-underlined lqd-contact-form-button-block lqd-contact-form-button-circle lqd-contact-form-inputs-sm\" >\n\t\t<div role=\"form\" class=\"wpcf7\" id=\"wpcf7-f6-o1\" lang=\"tr-TR\" dir=\"ltr\">\n<div class=\"screen-reader-response\"><p role=\"status\" aria-live=\"polite\" aria-atomic=\"true\"><\/p> <ul><\/ul><\/div>\n<form action=\"\/fr\/wp-json\/wp\/v2\/pages\/1099#wpcf7-f6-o1\" method=\"post\" class=\"wpcf7-form init\" novalidate=\"novalidate\" data-status=\"init\">\n<div style=\"display: none;\">\n<input type=\"hidden\" name=\"_wpcf7\" value=\"6\" \/>\n<input type=\"hidden\" name=\"_wpcf7_version\" value=\"5.6.3\" \/>\n<input type=\"hidden\" name=\"_wpcf7_locale\" value=\"tr_TR\" \/>\n<input type=\"hidden\" name=\"_wpcf7_unit_tag\" value=\"wpcf7-f6-o1\" \/>\n<input type=\"hidden\" name=\"_wpcf7_container_post\" value=\"0\" \/>\n<input type=\"hidden\" name=\"_wpcf7_posted_data_hash\" value=\"\" \/>\n<\/div>\n<p><span class=\"wpcf7-form-control-wrap\" data-name=\"adi\"><input type=\"text\" name=\"adi\" value=\"\" size=\"40\" class=\"wpcf7-form-control wpcf7-text wpcf7-validates-as-required\" aria-required=\"true\" aria-invalid=\"false\" placeholder=\"Votre Nom\" \/><\/span><br \/>\n<span class=\"wpcf7-form-control-wrap\" data-name=\"phone\"><input type=\"text\" name=\"phone\" value=\"\" size=\"40\" class=\"wpcf7-form-control wpcf7-text wpcf7-validates-as-required\" aria-required=\"true\" aria-invalid=\"false\" placeholder=\"Ton Num\u00e9ro de T\u00e9l\u00e9phone\" \/><\/span><br \/>\n<span class=\"wpcf7-form-control-wrap\" data-name=\"message\"><textarea name=\"message\" cols=\"40\" rows=\"2\" class=\"wpcf7-form-control wpcf7-textarea\" aria-invalid=\"false\" placeholder=\"Votre Message\"><\/textarea><\/span><br \/>\n<input type=\"submit\" value=\"Soumettre le Formulaire\" class=\"wpcf7-form-control has-spinner wpcf7-submit\" \/><\/p>\n<div class=\"wpcf7-response-output\" aria-hidden=\"true\"><\/div><\/form><\/div>\t<\/div>\n\n\t\t\t<\/div>\n\t\t\t\t<\/div>\n\t\t\t\t\t<\/div>\n\t\t<\/div>\n\t\t\t\t\t\t\t<\/div>\n\t\t<\/section>\n\t\t\t\t<section class=\"elementor-section elementor-inner-section elementor-element elementor-element-33f7dbc elementor-section-boxed elementor-section-height-default elementor-section-height-default\" data-id=\"33f7dbc\" data-element_type=\"section\">\n\t\t\t\t\t\t<div class=\"elementor-container elementor-column-gap-default\">\n\t\t\t\t\t<div class=\"elementor-column elementor-col-100 elementor-inner-column elementor-element elementor-element-baf1ffe\" data-id=\"baf1ffe\" data-element_type=\"column\">\n\t\t\t<div class=\"elementor-widget-wrap elementor-element-populated\">\n\t\t\t\t\t\t\t\t<div class=\"elementor-element elementor-element-e21f0ad elementor-widget elementor-widget-hub_fancy_heading\" data-id=\"e21f0ad\" data-element_type=\"widget\" data-widget_type=\"hub_fancy_heading.default\">\n\t\t\t\t<div class=\"elementor-widget-container\">\n\t\t\t\n\t\t<div id=\"ld-fancy-heading-69e3a54ba26d3\" class=\"ld-fancy-heading pos-rel\">\n\t\t\t<h6 class=\"ld-fh-element d-inline-block pos-rel  elementor-heading-title lqd-highlight-classic lqd-highlight-grow-left h6\"  > dentaIre<\/h6>\t\t<\/div>\n\n\t\t\t\t<\/div>\n\t\t\t\t<\/div>\n\t\t\t\t<div class=\"elementor-element elementor-element-0dd2c6a elementor-widget elementor-widget-ld_custom_menu\" data-id=\"0dd2c6a\" data-element_type=\"widget\" data-widget_type=\"ld_custom_menu.default\">\n\t\t\t\t<div class=\"elementor-widget-container\">\n\t\t\t\n\t\t\t<div  \n\t\t\t\tclass=\"lqd-fancy-menu lqd-custom-menu pos-rel lqd-menu-td-none\"\n\t\t\t\t\t\t\t>\n\t\t\t\n\t\t\t\t\t\t\t<ul class=\"reset-ul\" id=\"0dd2c6a\"  data-localscroll=\"true\" data-localscroll-options=\"{&quot;itemsSelector&quot;:&quot;&gt; li &gt; a&quot;,&quot;trackWindowScroll&quot;:true,&quot;includeParentAsOffset&quot;:false,&quot;offsetElements&quot;:&quot;[data-sticky-header] .lqd-head-sec-wrap:not(.lqd-hide-onstuck), #wpadminbar, body.elementor-page .main-header[data-sticky-header] &gt; .elementor &gt; .elementor-section-wrap &gt; .elementor-section:not(.lqd-hide-onstuck):not(.lqd-stickybar-wrap), body.elementor-page .main-header[data-sticky-header] &gt; .elementor &gt; .elementor-section:not(.lqd-hide-onstuck):not(.lqd-stickybar-wrap)&quot;}\">\n\t\t\t\t\n\t\t\t\t\t\t<li>\n\t\t\t\t\t\t\t<a  href=\"https:\/\/drcaturkey.com\/fr\/traitement-implantaire\" target=\"_self\" > \n\n\t\t\t\t\t\t\t\t\t\t\t\t\t\t\t\t\t<span class=\"link-icon d-inline-flex hide-if-empty right-icon icon-next-to-label\"><i aria-hidden=\"true\" class=\"lqd-icn-ess icon-ion-ios-arrow-forward\"><\/i><\/span>\t\n\t\t\t\t\t\t\t\t\n\t\t\t\t\t\t\t\t\t\t\t\t\t\t\t\t\tTraitement Implantaire  \n\t\t\t\t\t\t\t\t\t\t\t\t\t\t\t\t\t\t\t\t\t\t\t<\/a>\n\t\t\t\t\t\t\t\t\t\t\t\t\t<\/li>\n\n\t\t\t\t\t\t\n\t\t\t\t\t\t<li>\n\t\t\t\t\t\t\t<a  href=\"https:\/\/drcaturkey.com\/fr\/revetement-de-zirconium\" target=\"_self\" > \n\n\t\t\t\t\t\t\t\t\t\t\t\t\t\t\t\t\t<span class=\"link-icon d-inline-flex hide-if-empty right-icon icon-next-to-label\"><i aria-hidden=\"true\" class=\"lqd-icn-ess icon-ion-ios-arrow-forward\"><\/i><\/span>\t\n\t\t\t\t\t\t\t\t\n\t\t\t\t\t\t\t\t\t\t\t\t\t\t\t\t\tRev\u00eatement de Zirconium  \n\t\t\t\t\t\t\t\t\t\t\t\t\t\t\t\t\t\t\t\t\t\t\t<\/a>\n\t\t\t\t\t\t\t\t\t\t\t\t\t<\/li>\n\n\t\t\t\t\t\t\n\t\t\t\t\t\t<li>\n\t\t\t\t\t\t\t<a  href=\"https:\/\/drcaturkey.com\/fr\/conception-de-sourire\" target=\"_self\" > \n\n\t\t\t\t\t\t\t\t\t\t\t\t\t\t\t\t\t<span class=\"link-icon d-inline-flex hide-if-empty right-icon icon-next-to-label\"><i aria-hidden=\"true\" class=\"lqd-icn-ess icon-ion-ios-arrow-forward\"><\/i><\/span>\t\n\t\t\t\t\t\t\t\t\n\t\t\t\t\t\t\t\t\t\t\t\t\t\t\t\t\tConception de Sourire  \n\t\t\t\t\t\t\t\t\t\t\t\t\t\t\t\t\t\t\t\t\t\t\t<\/a>\n\t\t\t\t\t\t\t\t\t\t\t\t\t<\/li>\n\n\t\t\t\t\t\t\n\t\t\t\t\t\t<li>\n\t\t\t\t\t\t\t<a  href=\"https:\/\/drcaturkey.com\/fr\/blanchissement-dentaire\" target=\"_self\" > \n\n\t\t\t\t\t\t\t\t\t\t\t\t\t\t\t\t\t<span class=\"link-icon d-inline-flex hide-if-empty right-icon icon-next-to-label\"><i aria-hidden=\"true\" class=\"lqd-icn-ess icon-ion-ios-arrow-forward\"><\/i><\/span>\t\n\t\t\t\t\t\t\t\t\n\t\t\t\t\t\t\t\t\t\t\t\t\t\t\t\t\tBlanchissement Dentaire  \n\t\t\t\t\t\t\t\t\t\t\t\t\t\t\t\t\t\t\t\t\t\t\t<\/a>\n\t\t\t\t\t\t\t\t\t\t\t\t\t<\/li>\n\n\t\t\t\t\t\t\t\t\t\t<\/ul>\n\t\t\t\t\t\t\t\t\t<\/div>\n\t\t\t\t<\/div>\n\t\t\t\t<\/div>\n\t\t\t\t\t<\/div>\n\t\t<\/div>\n\t\t\t\t\t\t\t<\/div>\n\t\t<\/section>\n\t\t\t\t\t<\/div>\n\t\t<\/div>\n\t\t\t\t<div class=\"elementor-column elementor-col-50 elementor-top-column elementor-element elementor-element-e0f8636\" data-id=\"e0f8636\" data-element_type=\"column\">\n\t\t\t<div class=\"elementor-widget-wrap elementor-element-populated\">\n\t\t\t\t\t\t\t\t<section class=\"elementor-section elementor-inner-section elementor-element elementor-element-e814c68 elementor-section-boxed elementor-section-height-default elementor-section-height-default\" data-id=\"e814c68\" data-element_type=\"section\">\n\t\t\t\t\t\t<div class=\"elementor-container elementor-column-gap-default\">\n\t\t\t\t\t<div class=\"elementor-column elementor-col-100 elementor-inner-column elementor-element elementor-element-79f174e\" data-id=\"79f174e\" data-element_type=\"column\">\n\t\t\t<div class=\"elementor-widget-wrap elementor-element-populated\">\n\t\t\t\t\t\t\t\t<div class=\"elementor-element elementor-element-625315e elementor-widget elementor-widget-hub_fancy_heading\" data-id=\"625315e\" data-element_type=\"widget\" data-widget_type=\"hub_fancy_heading.default\">\n\t\t\t\t<div class=\"elementor-widget-container\">\n\t\t\t\n\t\t<div id=\"ld-fancy-heading-69e3a54bb2028\" class=\"ld-fancy-heading pos-rel\">\n\t\t\t<h6 class=\"ld-fh-element d-inline-block pos-rel  elementor-heading-title lqd-highlight-classic lqd-highlight-grow-left h6\"  > Concept\u0131on de Sour\u0131re\n<\/h6>\t\t<\/div>\n\n\t\t\t\t<\/div>\n\t\t\t\t<\/div>\n\t\t\t\t<div class=\"elementor-element elementor-element-c675480 elementor-widget elementor-widget-text-editor\" data-id=\"c675480\" data-element_type=\"widget\" data-widget_type=\"text-editor.default\">\n\t\t\t\t<div class=\"elementor-widget-container\">\n\t\t\t<style>\/*! elementor - v3.7.4 - 31-08-2022 *\/\n.elementor-widget-text-editor.elementor-drop-cap-view-stacked .elementor-drop-cap{background-color:#818a91;color:#fff}.elementor-widget-text-editor.elementor-drop-cap-view-framed .elementor-drop-cap{color:#818a91;border:3px solid;background-color:transparent}.elementor-widget-text-editor:not(.elementor-drop-cap-view-default) .elementor-drop-cap{margin-top:8px}.elementor-widget-text-editor:not(.elementor-drop-cap-view-default) .elementor-drop-cap-letter{width:1em;height:1em}.elementor-widget-text-editor .elementor-drop-cap{float:left;text-align:center;line-height:1;font-size:50px}.elementor-widget-text-editor .elementor-drop-cap-letter{display:inline-block}<\/style>\t\t\t\t<p>La conception du sourire est l\u2019application de la dentisterie et de l\u2019art ensemble pour fournir un sourire unique au visage. Tout d\u2019abord, un plan de sourire sain est \u00e9tabli avec vos souhaits personnels et les recommandations de votre m\u00e9decin. Conception de sourire; Elle est planifi\u00e9e en fonction de votre \u00e2ge, sexe, forme de visage, profession et caract\u00e8re. Le point le plus important de la conception du sourire est que votre sourire est restructur\u00e9 en pr\u00e9servant votre sant\u00e9 et votre naturel. Lors du d\u00e9marrage de la conception du sourire, tout d\u2019abord, il est d\u00e9termin\u00e9 \u00e0 quelle forme g\u00e9om\u00e9trique correspond votre ligne de visage. Parce que les lignes sur le visage de la personne donnent les mots de passe de la forme que devrait avoir la dent. L\u2019anatomie masculine et f\u00e9minine sont compl\u00e8tement diff\u00e9rentes les unes des autres. Alors que les transitions sont plus douces chez les femmes, les arcs du nez et des sourcils sont \u00e9galement plus faibles. Chez les hommes, les traits du visage sont plus nets et plus prononc\u00e9s. La proportion du front, du nez et de la pointe du menton diff\u00e8re selon les visages des femmes. Chez les femelles, les coins des dents sont plus mous et les deux dents du milieu sont plus longues que les dents lat\u00e9rales. Il y a aussi de minuscules espaces entre les coins des dents voisines. De plus, la ligne de rire montre \u00e9galement une courbe ascendante. Chez les hommes, les lignes des dents sont plus prononc\u00e9es et les dents adjacentes semblent plus droites. De plus, la ligne de rire est plus droite chez les hommes que chez les femmes. Gr\u00e2ce \u00e0 la conception du sourire, vous pouvez avoir des dents plus saines \u00e0 tous \u00e9gards.<\/p><p><strong>Combien de types d\u2019expressions de sourire existe-t-il\u00a0?<\/strong><\/p><p>En g\u00e9n\u00e9ral, les expressions de sourire sont divis\u00e9es en trois. Le premier d\u2019entre eux est le sourire attrayant, le second est le sourire intellectuel et le troisi\u00e8me est le sourire sportif. Pour un sourire attrayant, les dents de devant doivent \u00eatre sensiblement plus longues que les dents lat\u00e9rales. Concevoir vos dents de devant de cette mani\u00e8re vous donne un sourire jeune, dynamique et attrayant. Les dents align\u00e9es sur une ligne droite sont n\u00e9cessaires pour un sourire intellectuel. Ce sourire donne \u00e0 votre visage une expression mature et bien inform\u00e9e. Dans un sourire sportif, vos incisives centrales doivent \u00eatre l\u00e9g\u00e8rement plus longues que les incisives lat\u00e9rales. Ce sourire vous donnera une expression sinc\u00e8re, extraordinaire et chaleureuse.<\/p><p><strong>Quel est l\u2019objectif du smile design\u00a0?<\/strong><\/p><p>D\u00e9coloration des dents avec conception de sourire, une ou plusieurs dents \u00e9tant dans un alignement ou une position diff\u00e9rente les unes des autres, \u00e9liminant les espaces caus\u00e9s par les dents manquantes, l\u2019alignement gingival, \u00e9liminant la disproportion de la quantit\u00e9 de dents visibles et de gencive, emp\u00eachant les longueurs de dents incompatibles sur les l\u00e8vres , affaissement du visage et des l\u00e8vres Il vise \u00e0 pr\u00e9venir l\u2019aspect vieillissant caus\u00e9 par les dents manquantes. \u00c9tant donn\u00e9 que tous ces probl\u00e8mes entra\u00eeneront une d\u00e9t\u00e9rioration de l\u2019apparence esth\u00e9tique du patient, l\u2019objectif est de tous les \u00e9liminer avec la conception du sourire.<\/p><p><strong>Quels traitements sont utilis\u00e9s dans la conception du sourire\u00a0?<\/strong><\/p><p>La conception du sourire est d\u00e9termin\u00e9e par la position et l\u2019\u00e9tat de la dent. Des traitements tels que l\u2019allongement des dents, le raccourcissement des dents, la correction de la forme de la dent, l\u2019amincissement et l\u2019\u00e9paississement en fonction de la position de la dent, la correction des cavit\u00e9s gingivales, l\u2019aplatissement de la couche superficielle de la dent et la conception des coins, \u00e0 savoir l\u2019\u00e9querrage, l\u2019aff\u00fbtage, l\u2019arrondissement, le limage sont effectu\u00e9.<\/p><p><strong>Quels sont les facteurs affectant la conception du sourire\u00a0?<\/strong><\/p><p>L\u2019\u00e2ge, le sexe, les l\u00e8vres, les traits du visage, la couleur de la peau, l\u2019alignement des dents et des gencives font partie des facteurs affectant ce processus lors de la d\u00e9termination d\u2019un design de sourire personnalis\u00e9.<\/p><p><strong>Combien de s\u00e9ances la conception du sourire prend-elle\u00a0?<\/strong><\/p><p>Apr\u00e8s avoir d\u00e9termin\u00e9 le traitement \u00e0 effectuer en tenant compte de l\u2019\u00e9tat dentaire actuel et de la sant\u00e9 bucco-dentaire de la personne, le nombre de s\u00e9ances sera d\u00e9termin\u00e9 en cons\u00e9quence. Si le traitement peut \u00eatre conclu en 1 s\u00e9ance, il peut \u00e9galement \u00eatre conclu en quelques semaines.<\/p>\t\t\t\t\t\t<\/div>\n\t\t\t\t<\/div>\n\t\t\t\t\t<\/div>\n\t\t<\/div>\n\t\t\t\t\t\t\t<\/div>\n\t\t<\/section>\n\t\t\t\t\t<\/div>\n\t\t<\/div>\n\t\t\t\t\t\t\t<\/div>\n\t\t<\/section>\n\t\t\t\t\t\t\t<\/div>\n\t\t","protected":false},"excerpt":{"rendered":"<p>Conception de Sourire Anasayfa PRENDRE RENDEZ-VOUS dentaIre Traitement Implantaire Rev\u00eatement de Zirconium Conception de Sourire Blanchissement Dentaire Concept\u0131on de Sour\u0131re La conception du sourire est l\u2019application de la dentisterie et de l\u2019art ensemble pour fournir un sourire unique au visage. Tout d\u2019abord, un plan de sourire sain est \u00e9tabli avec vos souhaits personnels et les [&hellip;]<\/p>\n","protected":false},"author":1,"featured_media":0,"parent":0,"menu_order":0,"comment_status":"closed","ping_status":"closed","template":"","meta":{"footnotes":""},"class_list":["post-1099","page","type-page","status-publish","hentry"],"_links":{"self":[{"href":"https:\/\/drcaturkey.com\/fr\/wp-json\/wp\/v2\/pages\/1099","targetHints":{"allow":["GET"]}}],"collection":[{"href":"https:\/\/drcaturkey.com\/fr\/wp-json\/wp\/v2\/pages"}],"about":[{"href":"https:\/\/drcaturkey.com\/fr\/wp-json\/wp\/v2\/types\/page"}],"author":[{"embeddable":true,"href":"https:\/\/drcaturkey.com\/fr\/wp-json\/wp\/v2\/users\/1"}],"replies":[{"embeddable":true,"href":"https:\/\/drcaturkey.com\/fr\/wp-json\/wp\/v2\/comments?post=1099"}],"version-history":[{"count":35,"href":"https:\/\/drcaturkey.com\/fr\/wp-json\/wp\/v2\/pages\/1099\/revisions"}],"predecessor-version":[{"id":2926,"href":"https:\/\/drcaturkey.com\/fr\/wp-json\/wp\/v2\/pages\/1099\/revisions\/2926"}],"wp:attachment":[{"href":"https:\/\/drcaturkey.com\/fr\/wp-json\/wp\/v2\/media?parent=1099"}],"curies":[{"name":"wp","href":"https:\/\/api.w.org\/{rel}","templated":true}]}}