{"id":1048,"date":"2022-09-02T00:32:02","date_gmt":"2022-09-01T21:32:02","guid":{"rendered":"https:\/\/drcaturkey.com\/tr\/?page_id=1048"},"modified":"2023-03-02T15:11:25","modified_gmt":"2023-03-02T12:11:25","slug":"kas-kaldirma","status":"publish","type":"page","link":"https:\/\/drcaturkey.com\/tr\/kas-kaldirma","title":{"rendered":"Ka\u015f Kald\u0131rma"},"content":{"rendered":"\t\t<div data-elementor-type=\"wp-page\" data-elementor-id=\"1048\" class=\"elementor elementor-1048\">\n\t\t\t\t\t\t\t\t\t<section class=\"elementor-section elementor-top-section elementor-element elementor-element-2dafd59 elementor-section-boxed elementor-section-height-default elementor-section-height-default\" data-id=\"2dafd59\" data-element_type=\"section\" data-settings=\"{&quot;background_background&quot;:&quot;classic&quot;}\">\n\t\t\t\t\t\t<div class=\"elementor-container elementor-column-gap-default\">\n\t\t\t\t\t<div class=\"elementor-column elementor-col-100 elementor-top-column elementor-element elementor-element-eb1f0e5\" data-id=\"eb1f0e5\" data-element_type=\"column\">\n\t\t\t<div class=\"elementor-widget-wrap elementor-element-populated\">\n\t\t\t\t\t\t\t\t<section class=\"elementor-section elementor-inner-section elementor-element elementor-element-431fb30 elementor-section-boxed elementor-section-height-default elementor-section-height-default\" data-id=\"431fb30\" data-element_type=\"section\">\n\t\t\t\t\t\t<div class=\"elementor-container elementor-column-gap-default\">\n\t\t\t\t\t<div class=\"elementor-column elementor-col-100 elementor-inner-column elementor-element elementor-element-17d3957\" data-id=\"17d3957\" data-element_type=\"column\">\n\t\t\t<div class=\"elementor-widget-wrap elementor-element-populated\">\n\t\t\t\t\t\t\t\t<div class=\"elementor-element elementor-element-27398ce elementor-widget elementor-widget-hub_fancy_heading\" data-id=\"27398ce\" data-element_type=\"widget\" data-widget_type=\"hub_fancy_heading.default\">\n\t\t\t\t<div class=\"elementor-widget-container\">\n\t\t\t\n\t\t<div id=\"ld-fancy-heading-69e3a6376f3f9\" class=\"ld-fancy-heading pos-rel\">\n\t\t\t<h1 class=\"ld-fh-element d-inline-block pos-rel  elementor-heading-title lqd-highlight-classic lqd-highlight-grow-left h1\"  > Ka\u015f Kald\u0131rma<\/h1>\t\t<\/div>\n\n\t\t\t\t<\/div>\n\t\t\t\t<\/div>\n\t\t\t\t<div class=\"elementor-element elementor-element-f996359 elementor-widget__width-auto elementor-widget elementor-widget-ld_breadcrumb\" data-id=\"f996359\" data-element_type=\"widget\" data-widget_type=\"ld_breadcrumb.default\">\n\t\t\t\t<div class=\"elementor-widget-container\">\n\t\t\t<div class=\"lqd-breadcrumb-wrapper\"><div class=\"lqd-shop-topbar-breadcrumb\"><nav class=\"woocommerce-breadcrumb mb-4 mb-md-0\"><ul class=\"breadcrumb reset-ul inline-nav comma-sep-li\"><li>Anasayfa<\/li><\/ul><\/nav><\/div><\/div>\t\t<\/div>\n\t\t\t\t<\/div>\n\t\t\t\t\t<\/div>\n\t\t<\/div>\n\t\t\t\t\t\t\t<\/div>\n\t\t<\/section>\n\t\t\t\t\t<\/div>\n\t\t<\/div>\n\t\t\t\t\t\t\t<\/div>\n\t\t<\/section>\n\t\t\t\t<section class=\"elementor-section elementor-top-section elementor-element elementor-element-bf19241 elementor-section-boxed elementor-section-height-default elementor-section-height-default\" data-id=\"bf19241\" data-element_type=\"section\">\n\t\t\t\t\t\t<div class=\"elementor-container elementor-column-gap-default\">\n\t\t\t\t\t<div class=\"lqd-css-sticky-column elementor-column elementor-col-50 elementor-top-column elementor-element elementor-element-0e40d26 elementor-hidden-mobile\" style=\"--lqd-sticky-offset:30px\" data-id=\"0e40d26\" data-element_type=\"column\">\n\t\t\t<div class=\"elementor-widget-wrap elementor-element-populated\">\n\t\t\t\t\t\t\t\t<section class=\"elementor-section elementor-inner-section elementor-element elementor-element-079b903 elementor-section-boxed elementor-section-height-default elementor-section-height-default\" data-id=\"079b903\" data-element_type=\"section\" data-settings=\"{&quot;background_background&quot;:&quot;classic&quot;}\">\n\t\t\t\t\t\t<div class=\"elementor-container elementor-column-gap-default\">\n\t\t\t\t\t<div class=\"elementor-column elementor-col-100 elementor-inner-column elementor-element elementor-element-9da9a52\" data-id=\"9da9a52\" data-element_type=\"column\">\n\t\t\t<div class=\"elementor-widget-wrap elementor-element-populated\">\n\t\t\t\t\t\t\t\t<div class=\"elementor-element elementor-element-53aacf9 elementor-widget elementor-widget-hub_fancy_heading\" data-id=\"53aacf9\" data-element_type=\"widget\" data-widget_type=\"hub_fancy_heading.default\">\n\t\t\t\t<div class=\"elementor-widget-container\">\n\t\t\t\n\t\t<div id=\"ld-fancy-heading-69e3a63770ffb\" class=\"ld-fancy-heading pos-rel\">\n\t\t\t<h6 class=\"ld-fh-element d-inline-block pos-rel  elementor-heading-title lqd-highlight-classic lqd-highlight-grow-left h6\"  > RANDEVU TALEP ET<\/h6>\t\t<\/div>\n\n\t\t\t\t<\/div>\n\t\t\t\t<\/div>\n\t\t\t\t<div class=\"elementor-element elementor-element-24ddabd elementor-widget elementor-widget-ld_cf722\" data-id=\"24ddabd\" data-element_type=\"widget\" data-widget_type=\"ld_cf722.default\">\n\t\t\t\t<div class=\"elementor-widget-container\">\n\t\t\t\n\t<div class=\"lqd-contact-form lqd-contact-form-inputs-underlined lqd-contact-form-button-block lqd-contact-form-button-circle lqd-contact-form-inputs-sm\" >\n\t\t<div role=\"form\" class=\"wpcf7\" id=\"wpcf7-f6-o1\" lang=\"tr-TR\" dir=\"ltr\">\n<div class=\"screen-reader-response\"><p role=\"status\" aria-live=\"polite\" aria-atomic=\"true\"><\/p> <ul><\/ul><\/div>\n<form action=\"\/tr\/wp-json\/wp\/v2\/pages\/1048#wpcf7-f6-o1\" method=\"post\" class=\"wpcf7-form init\" novalidate=\"novalidate\" data-status=\"init\">\n<div style=\"display: none;\">\n<input type=\"hidden\" name=\"_wpcf7\" value=\"6\" \/>\n<input type=\"hidden\" name=\"_wpcf7_version\" value=\"5.6.3\" \/>\n<input type=\"hidden\" name=\"_wpcf7_locale\" value=\"tr_TR\" \/>\n<input type=\"hidden\" name=\"_wpcf7_unit_tag\" value=\"wpcf7-f6-o1\" \/>\n<input type=\"hidden\" name=\"_wpcf7_container_post\" value=\"0\" \/>\n<input type=\"hidden\" name=\"_wpcf7_posted_data_hash\" value=\"\" \/>\n<\/div>\n<p><span class=\"wpcf7-form-control-wrap\" data-name=\"adi\"><input type=\"text\" name=\"adi\" value=\"\" size=\"40\" class=\"wpcf7-form-control wpcf7-text wpcf7-validates-as-required\" aria-required=\"true\" aria-invalid=\"false\" placeholder=\"Ad\u0131n\u0131z\" \/><\/span><br \/>\n<span class=\"wpcf7-form-control-wrap\" data-name=\"phone\"><input type=\"text\" name=\"phone\" value=\"\" size=\"40\" class=\"wpcf7-form-control wpcf7-text wpcf7-validates-as-required\" aria-required=\"true\" aria-invalid=\"false\" placeholder=\"Telefon Numaran\u0131z\" \/><\/span><br \/>\n<span class=\"wpcf7-form-control-wrap\" data-name=\"message\"><textarea name=\"message\" cols=\"40\" rows=\"2\" class=\"wpcf7-form-control wpcf7-textarea\" aria-invalid=\"false\" placeholder=\"Mesaj\u0131n\u0131z\"><\/textarea><\/span><br \/>\n<input type=\"submit\" value=\"Formu G\u00f6nder\" class=\"wpcf7-form-control has-spinner wpcf7-submit\" \/><\/p>\n<div class=\"wpcf7-response-output\" aria-hidden=\"true\"><\/div><\/form><\/div>\t<\/div>\n\n\t\t\t<\/div>\n\t\t\t\t<\/div>\n\t\t\t\t\t<\/div>\n\t\t<\/div>\n\t\t\t\t\t\t\t<\/div>\n\t\t<\/section>\n\t\t\t\t<section class=\"elementor-section elementor-inner-section elementor-element elementor-element-54ccc64 elementor-section-boxed elementor-section-height-default elementor-section-height-default\" data-id=\"54ccc64\" data-element_type=\"section\">\n\t\t\t\t\t\t<div class=\"elementor-container elementor-column-gap-default\">\n\t\t\t\t\t<div class=\"elementor-column elementor-col-100 elementor-inner-column elementor-element elementor-element-dd8dd15\" data-id=\"dd8dd15\" data-element_type=\"column\">\n\t\t\t<div class=\"elementor-widget-wrap elementor-element-populated\">\n\t\t\t\t\t\t\t\t<div class=\"elementor-element elementor-element-9a25562 elementor-widget elementor-widget-hub_fancy_heading\" data-id=\"9a25562\" data-element_type=\"widget\" data-widget_type=\"hub_fancy_heading.default\">\n\t\t\t\t<div class=\"elementor-widget-container\">\n\t\t\t\n\t\t<div id=\"ld-fancy-heading-69e3a63772c07\" class=\"ld-fancy-heading pos-rel\">\n\t\t\t<h6 class=\"ld-fh-element d-inline-block pos-rel  elementor-heading-title lqd-highlight-classic lqd-highlight-grow-left h6\"  > Y\u00dcZ ESTET\u0130\u011e\u0130<\/h6>\t\t<\/div>\n\n\t\t\t\t<\/div>\n\t\t\t\t<\/div>\n\t\t\t\t<div class=\"elementor-element elementor-element-3b802cf elementor-widget elementor-widget-ld_custom_menu\" data-id=\"3b802cf\" data-element_type=\"widget\" data-widget_type=\"ld_custom_menu.default\">\n\t\t\t\t<div class=\"elementor-widget-container\">\n\t\t\t\n\t\t\t<div  \n\t\t\t\tclass=\"lqd-fancy-menu lqd-custom-menu pos-rel lqd-menu-td-none\"\n\t\t\t\t\t\t\t>\n\t\t\t\n\t\t\t\t\t\t\t<ul class=\"reset-ul\" id=\"3b802cf\"  data-localscroll=\"true\" data-localscroll-options=\"{&quot;itemsSelector&quot;:&quot;&gt; li &gt; a&quot;,&quot;trackWindowScroll&quot;:true,&quot;includeParentAsOffset&quot;:false,&quot;offsetElements&quot;:&quot;[data-sticky-header] .lqd-head-sec-wrap:not(.lqd-hide-onstuck), #wpadminbar, body.elementor-page .main-header[data-sticky-header] &gt; .elementor &gt; .elementor-section-wrap &gt; .elementor-section:not(.lqd-hide-onstuck):not(.lqd-stickybar-wrap), body.elementor-page .main-header[data-sticky-header] &gt; .elementor &gt; .elementor-section:not(.lqd-hide-onstuck):not(.lqd-stickybar-wrap)&quot;}\">\n\t\t\t\t\n\t\t\t\t\t\t<li>\n\t\t\t\t\t\t\t<a  href=\"https:\/\/drcaturkey.com\/tr\/burun-estetigi\" target=\"_self\" > \n\n\t\t\t\t\t\t\t\t\t\t\t\t\t\t\t\t\t<span class=\"link-icon d-inline-flex hide-if-empty right-icon icon-next-to-label\"><i aria-hidden=\"true\" class=\"lqd-icn-ess icon-ion-ios-arrow-forward\"><\/i><\/span>\t\n\t\t\t\t\t\t\t\t\n\t\t\t\t\t\t\t\t\t\t\t\t\t\t\t\t\tBurun Esteti\u011fi  \n\t\t\t\t\t\t\t\t\t\t\t\t\t\t\t\t\t\t\t\t\t\t\t<\/a>\n\t\t\t\t\t\t\t\t\t\t\t\t\t<\/li>\n\n\t\t\t\t\t\t\n\t\t\t\t\t\t<li>\n\t\t\t\t\t\t\t<a  href=\"https:\/\/drcaturkey.com\/tr\/yuz-germe\" target=\"_self\" > \n\n\t\t\t\t\t\t\t\t\t\t\t\t\t\t\t\t\t<span class=\"link-icon d-inline-flex hide-if-empty right-icon icon-next-to-label\"><i aria-hidden=\"true\" class=\"lqd-icn-ess icon-ion-ios-arrow-forward\"><\/i><\/span>\t\n\t\t\t\t\t\t\t\t\n\t\t\t\t\t\t\t\t\t\t\t\t\t\t\t\t\tY\u00fcz Germe  \n\t\t\t\t\t\t\t\t\t\t\t\t\t\t\t\t\t\t\t\t\t\t\t<\/a>\n\t\t\t\t\t\t\t\t\t\t\t\t\t<\/li>\n\n\t\t\t\t\t\t\n\t\t\t\t\t\t<li>\n\t\t\t\t\t\t\t<a  href=\"https:\/\/drcaturkey.com\/tr\/kas-kaldirma\" target=\"_self\" > \n\n\t\t\t\t\t\t\t\t\t\t\t\t\t\t\t\t\t<span class=\"link-icon d-inline-flex hide-if-empty right-icon icon-next-to-label\"><i aria-hidden=\"true\" class=\"lqd-icn-ess icon-ion-ios-arrow-forward\"><\/i><\/span>\t\n\t\t\t\t\t\t\t\t\n\t\t\t\t\t\t\t\t\t\t\t\t\t\t\t\t\tKa\u015f Kald\u0131rma  \n\t\t\t\t\t\t\t\t\t\t\t\t\t\t\t\t\t\t\t\t\t\t\t<\/a>\n\t\t\t\t\t\t\t\t\t\t\t\t\t<\/li>\n\n\t\t\t\t\t\t\n\t\t\t\t\t\t<li>\n\t\t\t\t\t\t\t<a  href=\"https:\/\/drcaturkey.com\/tr\/goz-kapagi-estetigi\" target=\"_self\" > \n\n\t\t\t\t\t\t\t\t\t\t\t\t\t\t\t\t\t<span class=\"link-icon d-inline-flex hide-if-empty right-icon icon-next-to-label\"><i aria-hidden=\"true\" class=\"lqd-icn-ess icon-ion-ios-arrow-forward\"><\/i><\/span>\t\n\t\t\t\t\t\t\t\t\n\t\t\t\t\t\t\t\t\t\t\t\t\t\t\t\t\tG\u00f6z Kapa\u011f\u0131 Esteti\u011fi  \n\t\t\t\t\t\t\t\t\t\t\t\t\t\t\t\t\t\t\t\t\t\t\t<\/a>\n\t\t\t\t\t\t\t\t\t\t\t\t\t<\/li>\n\n\t\t\t\t\t\t\n\t\t\t\t\t\t<li>\n\t\t\t\t\t\t\t<a  href=\"https:\/\/drcaturkey.com\/tr\/kulak-estetigi\" target=\"_self\" > \n\n\t\t\t\t\t\t\t\t\t\t\t\t\t\t\t\t\t<span class=\"link-icon d-inline-flex hide-if-empty right-icon icon-next-to-label\"><i aria-hidden=\"true\" class=\"lqd-icn-ess icon-ion-ios-arrow-forward\"><\/i><\/span>\t\n\t\t\t\t\t\t\t\t\n\t\t\t\t\t\t\t\t\t\t\t\t\t\t\t\t\tKulak Esteti\u011fi  \n\t\t\t\t\t\t\t\t\t\t\t\t\t\t\t\t\t\t\t\t\t\t\t<\/a>\n\t\t\t\t\t\t\t\t\t\t\t\t\t<\/li>\n\n\t\t\t\t\t\t\t\t\t\t<\/ul>\n\t\t\t\t\t\t\t\t\t<\/div>\n\t\t\t\t<\/div>\n\t\t\t\t<\/div>\n\t\t\t\t\t<\/div>\n\t\t<\/div>\n\t\t\t\t\t\t\t<\/div>\n\t\t<\/section>\n\t\t\t\t\t<\/div>\n\t\t<\/div>\n\t\t\t\t<div class=\"elementor-column elementor-col-50 elementor-top-column elementor-element elementor-element-e6bdae3\" data-id=\"e6bdae3\" data-element_type=\"column\">\n\t\t\t<div class=\"elementor-widget-wrap elementor-element-populated\">\n\t\t\t\t\t\t\t\t<section class=\"elementor-section elementor-inner-section elementor-element elementor-element-3882a53 elementor-section-boxed elementor-section-height-default elementor-section-height-default\" data-id=\"3882a53\" data-element_type=\"section\">\n\t\t\t\t\t\t<div class=\"elementor-container elementor-column-gap-default\">\n\t\t\t\t\t<div class=\"elementor-column elementor-col-100 elementor-inner-column elementor-element elementor-element-bdcb6ec\" data-id=\"bdcb6ec\" data-element_type=\"column\">\n\t\t\t<div class=\"elementor-widget-wrap elementor-element-populated\">\n\t\t\t\t\t\t\t\t<div class=\"elementor-element elementor-element-6dd969d elementor-widget elementor-widget-hub_fancy_heading\" data-id=\"6dd969d\" data-element_type=\"widget\" data-widget_type=\"hub_fancy_heading.default\">\n\t\t\t\t<div class=\"elementor-widget-container\">\n\t\t\t\n\t\t<div id=\"ld-fancy-heading-69e3a63782dbb\" class=\"ld-fancy-heading pos-rel\">\n\t\t\t<h6 class=\"ld-fh-element d-inline-block pos-rel  elementor-heading-title lqd-highlight-classic lqd-highlight-grow-left h6\"  > ka\u015f kald\u0131rma<\/h6>\t\t<\/div>\n\n\t\t\t\t<\/div>\n\t\t\t\t<\/div>\n\t\t\t\t<div class=\"elementor-element elementor-element-752c754 elementor-widget elementor-widget-text-editor\" data-id=\"752c754\" data-element_type=\"widget\" data-widget_type=\"text-editor.default\">\n\t\t\t\t<div class=\"elementor-widget-container\">\n\t\t\t<style>\/*! elementor - v3.7.4 - 31-08-2022 *\/\n.elementor-widget-text-editor.elementor-drop-cap-view-stacked .elementor-drop-cap{background-color:#818a91;color:#fff}.elementor-widget-text-editor.elementor-drop-cap-view-framed .elementor-drop-cap{color:#818a91;border:3px solid;background-color:transparent}.elementor-widget-text-editor:not(.elementor-drop-cap-view-default) .elementor-drop-cap{margin-top:8px}.elementor-widget-text-editor:not(.elementor-drop-cap-view-default) .elementor-drop-cap-letter{width:1em;height:1em}.elementor-widget-text-editor .elementor-drop-cap{float:left;text-align:center;line-height:1;font-size:50px}.elementor-widget-text-editor .elementor-drop-cap-letter{display:inline-block}<\/style>\t\t\t\t<p>Ka\u015f kald\u0131rma esteti\u011fi y\u00fcz\u00fcn ifadesini de\u011fi\u015ftiren, formunu kaybeden, yorgun g\u00f6steren ka\u015flara yap\u0131lan bir operasyondur. Bu operasyon sayesinde y\u00fcz ve g\u00f6z g\u00fczelli\u011fini ortaya \u00e7\u0131kartan ka\u015flar dinlenmi\u015f, gen\u00e7, taze, ayd\u0131nl\u0131k ve a\u00e7\u0131k bir g\u00f6r\u00fcnt\u00fcye kavu\u015facakt\u0131r. Zamanla aln\u0131m\u0131zda olu\u015fan dikey ve yatay \u00e7izgiler zamanla derinle\u015ferek bizi oldu\u011fumuzdan daha ya\u015fl\u0131 g\u00f6stermektedir. Bu \u00e7izgiler mimik \u00e7izgileri olarak da bilinirler ve ya\u015f\u0131m\u0131z\u0131 g\u00f6stermenin yan\u0131nda y\u00fcz\u00fcm\u00fcze de yorgun ifade vermektedirler. Ka\u015flar\u0131m\u0131z\u0131n sarkmas\u0131n\u0131n bilinen durumlar d\u0131\u015f\u0131nda hastal\u0131klarla ilgili olarak da ya\u015fanabilece\u011fi bilinmektedir. Bu hastal\u0131klar\u0131n ba\u015f\u0131nda t\u00fcm\u00f6rler, y\u00fcz fel\u00e7leri ve ya\u015fanan ameliyatlar gelmektedir. Y\u00fcz g\u00f6r\u00fcnt\u00fcm\u00fczde en \u00f6nemli yere sahip olan hi\u00e7 \u015f\u00fcphesiz ki ka\u015flard\u0131r. \u00c7\u00fcnk\u00fc ka\u015flar bak\u0131\u015flar\u0131m\u0131z\u0131 ve mimiklerimizi ortaya \u00e7\u0131kmakta, y\u00fcz\u00fcm\u00fcze anlam katmaktad\u0131r. Ka\u015f kald\u0131rma esteti\u011finde ka\u015f\u0131n\u0131z y\u00fcz \u015feklinize g\u00f6re belirlenerek ona uygun operasyon yap\u0131lmal\u0131d\u0131r. Ka\u015f kald\u0131rma operasyonu sa\u00e7lar\u0131n\u0131z\u0131n aras\u0131ndan a\u00e7\u0131lacak k\u00fc\u00e7\u00fck kesi ile i\u00e7eri girilerek dokular\u0131n serbestle\u015ftirilmesi ve dokular\u0131n yukar\u0131ya do\u011fru as\u0131lmas\u0131yla yap\u0131lan bir i\u015flemdir. Operasyon sa\u00e7l\u0131 deriden yap\u0131ld\u0131\u011f\u0131 i\u00e7in izler d\u0131\u015far\u0131dan bak\u0131ld\u0131\u011f\u0131nda g\u00f6r\u00fcnmeyecektir. Ameliyattan sonra ciddi bir a\u011fr\u0131n\u0131z olmayaca\u011f\u0131 gibi g\u00fcnl\u00fck ya\u015fam\u0131n\u0131za da hemen d\u00f6nebilirsiniz.<\/p><p><strong>Ka\u015f kald\u0131rma ameliyat\u0131ndan \u00f6nce hangi i\u015flemler yap\u0131l\u0131r?<\/strong><\/p><p>Ka\u015f kald\u0131rma esteti\u011fi uygulamas\u0131 yap\u0131lacak ki\u015fi ilk olarak de\u011ferlendirmeye al\u0131n\u0131r. Ka\u015f\u0131n yerine ve hastada k\u0131r\u0131\u015f\u0131kl\u0131k olup olmad\u0131\u011f\u0131na bak\u0131l\u0131r. Ard\u0131ndan ka\u015f kald\u0131rma ameliyat\u0131n\u0131n planlanmas\u0131 i\u015flemine ge\u00e7ilir. Kad\u0131nlarda ve erkeklerde farkl\u0131 \u015fekilde yerle\u015ftirilen ka\u015f; kad\u0131nlarda kemi\u011fin \u00fcst\u00fcne do\u011fru, erkeklerde ise al\u0131n kemi\u011fi hizas\u0131nda planlan\u0131r.<\/p><p><strong>Ka\u015f kald\u0131rma esteti\u011fi hangi durumlarda tercih edilmelidir?<\/strong><\/p><p>Ka\u015f kald\u0131rma esteti\u011fi aln\u0131n\u0131zda olu\u015fan k\u0131r\u0131\u015f\u0131kl\u0131klar\u0131n giderilmesi, d\u00fc\u015f\u00fck ka\u015f, \u00e7at\u0131k ka\u015f ve g\u00f6z kapa\u011f\u0131n\u0131n verdi\u011fi ifadenin de\u011fi\u015ftirilmesi durumlar\u0131nda tercih edilmelidir. Ki\u015fi bu durumlardan \u015fikayet\u00e7i ise veya daha \u00f6nce ya\u015fam\u0131\u015f bir hastal\u0131\u011f\u0131ndan dolay\u0131 ka\u015flar\u0131nda ifade de\u011fi\u015fikli\u011fi olu\u015ftuysa bu ameliyat uygulanmas\u0131 gereken bir ameliyat olacakt\u0131r.<\/p><p><strong>Ka\u015f kald\u0131rma ameliyat\u0131 ne kadar s\u00fcrer?<\/strong><\/p><p>Ka\u015f kald\u0131rma esteti\u011fi uygulanacak i\u015fleme ba\u011fl\u0131 olarak yirmi dakika ile bir saat aras\u0131nda de\u011fi\u015fmektedir. Ka\u015f kald\u0131rma ameliyat\u0131 lokal anestezi ve genel anestezi yard\u0131m\u0131 ile yap\u0131labilmektedir. \u0130\u015flemin ard\u0131ndan hasta rahatl\u0131kla evine gidebilir ve i\u015f hayat\u0131na d\u00f6nebilir. Ka\u015f kald\u0131rma \u00e7ok iyi sonu\u00e7lar al\u0131nabilen bir ameliyatt\u0131r ve hastan\u0131n istedi\u011fi gibi bir ka\u015f \u015fekli \u00e7ok rahat bir \u015fekilde verilebilir.<\/p><p><strong>Ka\u015f kald\u0131rma esteti\u011fi ameliyat\u0131ndan sonra neler ya\u015far\u0131m?<\/strong><\/p><p>Ka\u015f kald\u0131rma esteti\u011fi i\u015flemleri \u00e7ok rahat bir \u015fekilde ger\u00e7ekle\u015ftirilebilen operasyonlard\u0131r. Ameliyat\u0131n ard\u0131ndan rahatl\u0131kla yemek yiyip, aya\u011fa kalkabilir ve ayn\u0131 g\u00fcn taburcu edilebilirsiniz. Ameliyattan sonra aln\u0131n\u0131zda elastik bir sarg\u0131 olacakt\u0131r ve bu sarg\u0131 ertesi g\u00fcn a\u00e7\u0131l\u0131r. Ard\u0131ndan rahatl\u0131kla banyonuzu yapabilir, i\u015finize d\u00f6nebilirsiniz. Ameliyattan belli s\u00fcreler sonra kontrole gelmeniz gerecektir. \u00c7\u00fcnk\u00fc bu kontrollerde ka\u015f\u0131n yeni g\u00f6r\u00fcn\u00fcm\u00fcne al\u0131\u015f\u0131p al\u0131\u015fmad\u0131\u011f\u0131na bak\u0131lacakt\u0131r. Ameliyattan sonra ka\u015f\u0131n\u0131z\u0131 \u00e7ok fazla yormaman\u0131z ve mimik yaparken dikkat etmeniz gerekecektir.<\/p><p><strong>Ka\u015f kald\u0131rma esteti\u011finden sonra sonu\u00e7ta bir de\u011fi\u015fiklik olur mu?<\/strong><\/p><p>Ka\u015f kald\u0131rma operasyonundan sonra ya\u015fl\u0131l\u0131k s\u00fcreciniz ve yer\u00e7ekiminin olumsuz etkileri g\u00f6z \u00f6n\u00fcne al\u0131nd\u0131\u011f\u0131nda ka\u015flar\u0131n\u0131zda bir miktar d\u00fc\u015f\u00fc\u015f g\u00f6zlenebilir. Ancak bu i\u015flem uzun s\u00fcre kal\u0131c\u0131l\u0131\u011f\u0131 olan i\u015flemlerdir ve bu sebeple uzun s\u00fcre kal\u0131c\u0131l\u0131\u011f\u0131 devam edecektir.<\/p>\t\t\t\t\t\t<\/div>\n\t\t\t\t<\/div>\n\t\t\t\t\t<\/div>\n\t\t<\/div>\n\t\t\t\t\t\t\t<\/div>\n\t\t<\/section>\n\t\t\t\t\t<\/div>\n\t\t<\/div>\n\t\t\t\t\t\t\t<\/div>\n\t\t<\/section>\n\t\t\t\t\t\t\t<\/div>\n\t\t","protected":false},"excerpt":{"rendered":"<p>Ka\u015f Kald\u0131rma Anasayfa RANDEVU TALEP ET Y\u00dcZ ESTET\u0130\u011e\u0130 Burun Esteti\u011fi Y\u00fcz Germe Ka\u015f Kald\u0131rma G\u00f6z Kapa\u011f\u0131 Esteti\u011fi Kulak Esteti\u011fi ka\u015f kald\u0131rma Ka\u015f kald\u0131rma esteti\u011fi y\u00fcz\u00fcn ifadesini de\u011fi\u015ftiren, formunu kaybeden, yorgun g\u00f6steren ka\u015flara yap\u0131lan bir operasyondur. Bu operasyon sayesinde y\u00fcz ve g\u00f6z g\u00fczelli\u011fini ortaya \u00e7\u0131kartan ka\u015flar dinlenmi\u015f, gen\u00e7, taze, ayd\u0131nl\u0131k ve a\u00e7\u0131k bir g\u00f6r\u00fcnt\u00fcye kavu\u015facakt\u0131r. Zamanla [&hellip;]<\/p>\n","protected":false},"author":1,"featured_media":0,"parent":0,"menu_order":0,"comment_status":"closed","ping_status":"closed","template":"","meta":{"footnotes":""},"class_list":["post-1048","page","type-page","status-publish","hentry"],"_links":{"self":[{"href":"https:\/\/drcaturkey.com\/tr\/wp-json\/wp\/v2\/pages\/1048","targetHints":{"allow":["GET"]}}],"collection":[{"href":"https:\/\/drcaturkey.com\/tr\/wp-json\/wp\/v2\/pages"}],"about":[{"href":"https:\/\/drcaturkey.com\/tr\/wp-json\/wp\/v2\/types\/page"}],"author":[{"embeddable":true,"href":"https:\/\/drcaturkey.com\/tr\/wp-json\/wp\/v2\/users\/1"}],"replies":[{"embeddable":true,"href":"https:\/\/drcaturkey.com\/tr\/wp-json\/wp\/v2\/comments?post=1048"}],"version-history":[{"count":25,"href":"https:\/\/drcaturkey.com\/tr\/wp-json\/wp\/v2\/pages\/1048\/revisions"}],"predecessor-version":[{"id":2446,"href":"https:\/\/drcaturkey.com\/tr\/wp-json\/wp\/v2\/pages\/1048\/revisions\/2446"}],"wp:attachment":[{"href":"https:\/\/drcaturkey.com\/tr\/wp-json\/wp\/v2\/media?parent=1048"}],"curies":[{"name":"wp","href":"https:\/\/api.w.org\/{rel}","templated":true}]}}