{"id":1049,"date":"2022-09-02T00:32:19","date_gmt":"2022-09-01T21:32:19","guid":{"rendered":"https:\/\/drcaturkey.com\/tr\/?page_id=1049"},"modified":"2023-03-02T15:12:03","modified_gmt":"2023-03-02T12:12:03","slug":"goz-kapagi-estetigi","status":"publish","type":"page","link":"https:\/\/drcaturkey.com\/tr\/goz-kapagi-estetigi","title":{"rendered":"G\u00f6z Kapa\u011f\u0131 Esteti\u011fi"},"content":{"rendered":"\t\t<div data-elementor-type=\"wp-page\" data-elementor-id=\"1049\" class=\"elementor elementor-1049\">\n\t\t\t\t\t\t\t\t\t<section class=\"elementor-section elementor-top-section elementor-element elementor-element-6359cad elementor-section-boxed elementor-section-height-default elementor-section-height-default\" data-id=\"6359cad\" data-element_type=\"section\" data-settings=\"{&quot;background_background&quot;:&quot;classic&quot;}\">\n\t\t\t\t\t\t<div class=\"elementor-container elementor-column-gap-default\">\n\t\t\t\t\t<div class=\"elementor-column elementor-col-100 elementor-top-column elementor-element elementor-element-0653431\" data-id=\"0653431\" data-element_type=\"column\">\n\t\t\t<div class=\"elementor-widget-wrap elementor-element-populated\">\n\t\t\t\t\t\t\t\t<section class=\"elementor-section elementor-inner-section elementor-element elementor-element-79f9883 elementor-section-boxed elementor-section-height-default elementor-section-height-default\" data-id=\"79f9883\" data-element_type=\"section\">\n\t\t\t\t\t\t<div class=\"elementor-container elementor-column-gap-default\">\n\t\t\t\t\t<div class=\"elementor-column elementor-col-100 elementor-inner-column elementor-element elementor-element-c585d17\" data-id=\"c585d17\" data-element_type=\"column\">\n\t\t\t<div class=\"elementor-widget-wrap elementor-element-populated\">\n\t\t\t\t\t\t\t\t<div class=\"elementor-element elementor-element-247fbb3 elementor-widget elementor-widget-hub_fancy_heading\" data-id=\"247fbb3\" data-element_type=\"widget\" data-widget_type=\"hub_fancy_heading.default\">\n\t\t\t\t<div class=\"elementor-widget-container\">\n\t\t\t\n\t\t<div id=\"ld-fancy-heading-69e8b6094a1e0\" class=\"ld-fancy-heading pos-rel\">\n\t\t\t<h1 class=\"ld-fh-element d-inline-block pos-rel  elementor-heading-title lqd-highlight-classic lqd-highlight-grow-left h1\"  > G\u00f6z Kapa\u011f\u0131 Esteti\u011fi<\/h1>\t\t<\/div>\n\n\t\t\t\t<\/div>\n\t\t\t\t<\/div>\n\t\t\t\t<div class=\"elementor-element elementor-element-f48b182 elementor-widget__width-auto elementor-widget elementor-widget-ld_breadcrumb\" data-id=\"f48b182\" data-element_type=\"widget\" data-widget_type=\"ld_breadcrumb.default\">\n\t\t\t\t<div class=\"elementor-widget-container\">\n\t\t\t<div class=\"lqd-breadcrumb-wrapper\"><div class=\"lqd-shop-topbar-breadcrumb\"><nav class=\"woocommerce-breadcrumb mb-4 mb-md-0\"><ul class=\"breadcrumb reset-ul inline-nav comma-sep-li\"><li>Anasayfa<\/li><\/ul><\/nav><\/div><\/div>\t\t<\/div>\n\t\t\t\t<\/div>\n\t\t\t\t\t<\/div>\n\t\t<\/div>\n\t\t\t\t\t\t\t<\/div>\n\t\t<\/section>\n\t\t\t\t\t<\/div>\n\t\t<\/div>\n\t\t\t\t\t\t\t<\/div>\n\t\t<\/section>\n\t\t\t\t<section class=\"elementor-section elementor-top-section elementor-element elementor-element-bf19241 elementor-section-boxed elementor-section-height-default elementor-section-height-default\" data-id=\"bf19241\" data-element_type=\"section\">\n\t\t\t\t\t\t<div class=\"elementor-container elementor-column-gap-default\">\n\t\t\t\t\t<div class=\"lqd-css-sticky-column elementor-column elementor-col-50 elementor-top-column elementor-element elementor-element-6dd7a18 elementor-hidden-mobile\" style=\"--lqd-sticky-offset:30px\" data-id=\"6dd7a18\" data-element_type=\"column\">\n\t\t\t<div class=\"elementor-widget-wrap elementor-element-populated\">\n\t\t\t\t\t\t\t\t<section class=\"elementor-section elementor-inner-section elementor-element elementor-element-00621db elementor-section-boxed elementor-section-height-default elementor-section-height-default\" data-id=\"00621db\" data-element_type=\"section\" data-settings=\"{&quot;background_background&quot;:&quot;classic&quot;}\">\n\t\t\t\t\t\t<div class=\"elementor-container elementor-column-gap-default\">\n\t\t\t\t\t<div class=\"elementor-column elementor-col-100 elementor-inner-column elementor-element elementor-element-ed1ee90\" data-id=\"ed1ee90\" data-element_type=\"column\">\n\t\t\t<div class=\"elementor-widget-wrap elementor-element-populated\">\n\t\t\t\t\t\t\t\t<div class=\"elementor-element elementor-element-0075c7d elementor-widget elementor-widget-hub_fancy_heading\" data-id=\"0075c7d\" data-element_type=\"widget\" data-widget_type=\"hub_fancy_heading.default\">\n\t\t\t\t<div class=\"elementor-widget-container\">\n\t\t\t\n\t\t<div id=\"ld-fancy-heading-69e8b6094db2d\" class=\"ld-fancy-heading pos-rel\">\n\t\t\t<h6 class=\"ld-fh-element d-inline-block pos-rel  elementor-heading-title lqd-highlight-classic lqd-highlight-grow-left h6\"  > RANDEVU TALEP ET<\/h6>\t\t<\/div>\n\n\t\t\t\t<\/div>\n\t\t\t\t<\/div>\n\t\t\t\t<div class=\"elementor-element elementor-element-79709d2 elementor-widget elementor-widget-ld_cf722\" data-id=\"79709d2\" data-element_type=\"widget\" data-widget_type=\"ld_cf722.default\">\n\t\t\t\t<div class=\"elementor-widget-container\">\n\t\t\t\n\t<div class=\"lqd-contact-form lqd-contact-form-inputs-underlined lqd-contact-form-button-block lqd-contact-form-button-circle lqd-contact-form-inputs-sm\" >\n\t\t<div role=\"form\" class=\"wpcf7\" id=\"wpcf7-f6-o1\" lang=\"tr-TR\" dir=\"ltr\">\n<div class=\"screen-reader-response\"><p role=\"status\" aria-live=\"polite\" aria-atomic=\"true\"><\/p> <ul><\/ul><\/div>\n<form action=\"\/tr\/wp-json\/wp\/v2\/pages\/1049#wpcf7-f6-o1\" method=\"post\" class=\"wpcf7-form init\" novalidate=\"novalidate\" data-status=\"init\">\n<div style=\"display: none;\">\n<input type=\"hidden\" name=\"_wpcf7\" value=\"6\" \/>\n<input type=\"hidden\" name=\"_wpcf7_version\" value=\"5.6.3\" \/>\n<input type=\"hidden\" name=\"_wpcf7_locale\" value=\"tr_TR\" \/>\n<input type=\"hidden\" name=\"_wpcf7_unit_tag\" value=\"wpcf7-f6-o1\" \/>\n<input type=\"hidden\" name=\"_wpcf7_container_post\" value=\"0\" \/>\n<input type=\"hidden\" name=\"_wpcf7_posted_data_hash\" value=\"\" \/>\n<\/div>\n<p><span class=\"wpcf7-form-control-wrap\" data-name=\"adi\"><input type=\"text\" name=\"adi\" value=\"\" size=\"40\" class=\"wpcf7-form-control wpcf7-text wpcf7-validates-as-required\" aria-required=\"true\" aria-invalid=\"false\" placeholder=\"Ad\u0131n\u0131z\" \/><\/span><br \/>\n<span class=\"wpcf7-form-control-wrap\" data-name=\"phone\"><input type=\"text\" name=\"phone\" value=\"\" size=\"40\" class=\"wpcf7-form-control wpcf7-text wpcf7-validates-as-required\" aria-required=\"true\" aria-invalid=\"false\" placeholder=\"Telefon Numaran\u0131z\" \/><\/span><br \/>\n<span class=\"wpcf7-form-control-wrap\" data-name=\"message\"><textarea name=\"message\" cols=\"40\" rows=\"2\" class=\"wpcf7-form-control wpcf7-textarea\" aria-invalid=\"false\" placeholder=\"Mesaj\u0131n\u0131z\"><\/textarea><\/span><br \/>\n<input type=\"submit\" value=\"Formu G\u00f6nder\" class=\"wpcf7-form-control has-spinner wpcf7-submit\" \/><\/p>\n<div class=\"wpcf7-response-output\" aria-hidden=\"true\"><\/div><\/form><\/div>\t<\/div>\n\n\t\t\t<\/div>\n\t\t\t\t<\/div>\n\t\t\t\t\t<\/div>\n\t\t<\/div>\n\t\t\t\t\t\t\t<\/div>\n\t\t<\/section>\n\t\t\t\t<section class=\"elementor-section elementor-inner-section elementor-element elementor-element-151c6ed elementor-section-boxed elementor-section-height-default elementor-section-height-default\" data-id=\"151c6ed\" data-element_type=\"section\">\n\t\t\t\t\t\t<div class=\"elementor-container elementor-column-gap-default\">\n\t\t\t\t\t<div class=\"elementor-column elementor-col-100 elementor-inner-column elementor-element elementor-element-fc6eb52\" data-id=\"fc6eb52\" data-element_type=\"column\">\n\t\t\t<div class=\"elementor-widget-wrap elementor-element-populated\">\n\t\t\t\t\t\t\t\t<div class=\"elementor-element elementor-element-e1fd9e1 elementor-widget elementor-widget-hub_fancy_heading\" data-id=\"e1fd9e1\" data-element_type=\"widget\" data-widget_type=\"hub_fancy_heading.default\">\n\t\t\t\t<div class=\"elementor-widget-container\">\n\t\t\t\n\t\t<div id=\"ld-fancy-heading-69e8b60950c87\" class=\"ld-fancy-heading pos-rel\">\n\t\t\t<h6 class=\"ld-fh-element d-inline-block pos-rel  elementor-heading-title lqd-highlight-classic lqd-highlight-grow-left h6\"  > Y\u00dcZ ESTET\u0130\u011e\u0130<\/h6>\t\t<\/div>\n\n\t\t\t\t<\/div>\n\t\t\t\t<\/div>\n\t\t\t\t<div class=\"elementor-element elementor-element-c439e7b elementor-widget elementor-widget-ld_custom_menu\" data-id=\"c439e7b\" data-element_type=\"widget\" data-widget_type=\"ld_custom_menu.default\">\n\t\t\t\t<div class=\"elementor-widget-container\">\n\t\t\t\n\t\t\t<div  \n\t\t\t\tclass=\"lqd-fancy-menu lqd-custom-menu pos-rel lqd-menu-td-none\"\n\t\t\t\t\t\t\t>\n\t\t\t\n\t\t\t\t\t\t\t<ul class=\"reset-ul\" id=\"c439e7b\"  data-localscroll=\"true\" data-localscroll-options=\"{&quot;itemsSelector&quot;:&quot;&gt; li &gt; a&quot;,&quot;trackWindowScroll&quot;:true,&quot;includeParentAsOffset&quot;:false,&quot;offsetElements&quot;:&quot;[data-sticky-header] .lqd-head-sec-wrap:not(.lqd-hide-onstuck), #wpadminbar, body.elementor-page .main-header[data-sticky-header] &gt; .elementor &gt; .elementor-section-wrap &gt; .elementor-section:not(.lqd-hide-onstuck):not(.lqd-stickybar-wrap), body.elementor-page .main-header[data-sticky-header] &gt; .elementor &gt; .elementor-section:not(.lqd-hide-onstuck):not(.lqd-stickybar-wrap)&quot;}\">\n\t\t\t\t\n\t\t\t\t\t\t<li>\n\t\t\t\t\t\t\t<a  href=\"https:\/\/drcaturkey.com\/tr\/burun-estetigi\" target=\"_self\" > \n\n\t\t\t\t\t\t\t\t\t\t\t\t\t\t\t\t\t<span class=\"link-icon d-inline-flex hide-if-empty right-icon icon-next-to-label\"><i aria-hidden=\"true\" class=\"lqd-icn-ess icon-ion-ios-arrow-forward\"><\/i><\/span>\t\n\t\t\t\t\t\t\t\t\n\t\t\t\t\t\t\t\t\t\t\t\t\t\t\t\t\tBurun Esteti\u011fi  \n\t\t\t\t\t\t\t\t\t\t\t\t\t\t\t\t\t\t\t\t\t\t\t<\/a>\n\t\t\t\t\t\t\t\t\t\t\t\t\t<\/li>\n\n\t\t\t\t\t\t\n\t\t\t\t\t\t<li>\n\t\t\t\t\t\t\t<a  href=\"https:\/\/drcaturkey.com\/tr\/yuz-germe\" target=\"_self\" > \n\n\t\t\t\t\t\t\t\t\t\t\t\t\t\t\t\t\t<span class=\"link-icon d-inline-flex hide-if-empty right-icon icon-next-to-label\"><i aria-hidden=\"true\" class=\"lqd-icn-ess icon-ion-ios-arrow-forward\"><\/i><\/span>\t\n\t\t\t\t\t\t\t\t\n\t\t\t\t\t\t\t\t\t\t\t\t\t\t\t\t\tY\u00fcz Germe  \n\t\t\t\t\t\t\t\t\t\t\t\t\t\t\t\t\t\t\t\t\t\t\t<\/a>\n\t\t\t\t\t\t\t\t\t\t\t\t\t<\/li>\n\n\t\t\t\t\t\t\n\t\t\t\t\t\t<li>\n\t\t\t\t\t\t\t<a  href=\"https:\/\/drcaturkey.com\/tr\/kas-kaldirma\" target=\"_self\" > \n\n\t\t\t\t\t\t\t\t\t\t\t\t\t\t\t\t\t<span class=\"link-icon d-inline-flex hide-if-empty right-icon icon-next-to-label\"><i aria-hidden=\"true\" class=\"lqd-icn-ess icon-ion-ios-arrow-forward\"><\/i><\/span>\t\n\t\t\t\t\t\t\t\t\n\t\t\t\t\t\t\t\t\t\t\t\t\t\t\t\t\tKa\u015f Kald\u0131rma  \n\t\t\t\t\t\t\t\t\t\t\t\t\t\t\t\t\t\t\t\t\t\t\t<\/a>\n\t\t\t\t\t\t\t\t\t\t\t\t\t<\/li>\n\n\t\t\t\t\t\t\n\t\t\t\t\t\t<li>\n\t\t\t\t\t\t\t<a  href=\"https:\/\/drcaturkey.com\/tr\/goz-kapagi-estetigi\" target=\"_self\" > \n\n\t\t\t\t\t\t\t\t\t\t\t\t\t\t\t\t\t<span class=\"link-icon d-inline-flex hide-if-empty right-icon icon-next-to-label\"><i aria-hidden=\"true\" class=\"lqd-icn-ess icon-ion-ios-arrow-forward\"><\/i><\/span>\t\n\t\t\t\t\t\t\t\t\n\t\t\t\t\t\t\t\t\t\t\t\t\t\t\t\t\tG\u00f6z Kapa\u011f\u0131 Esteti\u011fi  \n\t\t\t\t\t\t\t\t\t\t\t\t\t\t\t\t\t\t\t\t\t\t\t<\/a>\n\t\t\t\t\t\t\t\t\t\t\t\t\t<\/li>\n\n\t\t\t\t\t\t\n\t\t\t\t\t\t<li>\n\t\t\t\t\t\t\t<a  href=\"https:\/\/drcaturkey.com\/tr\/kulak-estetigi\" target=\"_self\" > \n\n\t\t\t\t\t\t\t\t\t\t\t\t\t\t\t\t\t<span class=\"link-icon d-inline-flex hide-if-empty right-icon icon-next-to-label\"><i aria-hidden=\"true\" class=\"lqd-icn-ess icon-ion-ios-arrow-forward\"><\/i><\/span>\t\n\t\t\t\t\t\t\t\t\n\t\t\t\t\t\t\t\t\t\t\t\t\t\t\t\t\tKulak Esteti\u011fi  \n\t\t\t\t\t\t\t\t\t\t\t\t\t\t\t\t\t\t\t\t\t\t\t<\/a>\n\t\t\t\t\t\t\t\t\t\t\t\t\t<\/li>\n\n\t\t\t\t\t\t\t\t\t\t<\/ul>\n\t\t\t\t\t\t\t\t\t<\/div>\n\t\t\t\t<\/div>\n\t\t\t\t<\/div>\n\t\t\t\t\t<\/div>\n\t\t<\/div>\n\t\t\t\t\t\t\t<\/div>\n\t\t<\/section>\n\t\t\t\t\t<\/div>\n\t\t<\/div>\n\t\t\t\t<div class=\"elementor-column elementor-col-50 elementor-top-column elementor-element elementor-element-90785ad\" data-id=\"90785ad\" data-element_type=\"column\">\n\t\t\t<div class=\"elementor-widget-wrap elementor-element-populated\">\n\t\t\t\t\t\t\t\t<section class=\"elementor-section elementor-inner-section elementor-element elementor-element-dad31aa elementor-section-boxed elementor-section-height-default elementor-section-height-default\" data-id=\"dad31aa\" data-element_type=\"section\">\n\t\t\t\t\t\t<div class=\"elementor-container elementor-column-gap-default\">\n\t\t\t\t\t<div class=\"elementor-column elementor-col-100 elementor-inner-column elementor-element elementor-element-f03a437\" data-id=\"f03a437\" data-element_type=\"column\">\n\t\t\t<div class=\"elementor-widget-wrap elementor-element-populated\">\n\t\t\t\t\t\t\t\t<div class=\"elementor-element elementor-element-a11b271 elementor-widget elementor-widget-hub_fancy_heading\" data-id=\"a11b271\" data-element_type=\"widget\" data-widget_type=\"hub_fancy_heading.default\">\n\t\t\t\t<div class=\"elementor-widget-container\">\n\t\t\t\n\t\t<div id=\"ld-fancy-heading-69e8b609649a5\" class=\"ld-fancy-heading pos-rel\">\n\t\t\t<h6 class=\"ld-fh-element d-inline-block pos-rel  elementor-heading-title lqd-highlight-classic lqd-highlight-grow-left h6\"  > g\u00f6z kapa\u011f\u0131 esteti\u011fi<\/h6>\t\t<\/div>\n\n\t\t\t\t<\/div>\n\t\t\t\t<\/div>\n\t\t\t\t<div class=\"elementor-element elementor-element-8ebdff5 elementor-widget elementor-widget-text-editor\" data-id=\"8ebdff5\" data-element_type=\"widget\" data-widget_type=\"text-editor.default\">\n\t\t\t\t<div class=\"elementor-widget-container\">\n\t\t\t<style>\/*! elementor - v3.7.4 - 31-08-2022 *\/\n.elementor-widget-text-editor.elementor-drop-cap-view-stacked .elementor-drop-cap{background-color:#818a91;color:#fff}.elementor-widget-text-editor.elementor-drop-cap-view-framed .elementor-drop-cap{color:#818a91;border:3px solid;background-color:transparent}.elementor-widget-text-editor:not(.elementor-drop-cap-view-default) .elementor-drop-cap{margin-top:8px}.elementor-widget-text-editor:not(.elementor-drop-cap-view-default) .elementor-drop-cap-letter{width:1em;height:1em}.elementor-widget-text-editor .elementor-drop-cap{float:left;text-align:center;line-height:1;font-size:50px}.elementor-widget-text-editor .elementor-drop-cap-letter{display:inline-block}<\/style>\t\t\t\t<p>G\u00f6z kapa\u011f\u0131 esteti\u011fi yani blefaroplasti, g\u00f6z kapaklar\u0131na uygulanan ve g\u00f6z \u00e7evresi b\u00f6l\u00fcmlerinin gerginle\u015ftirilmesi sa\u011flayan estetik cerrahi bir i\u015flemdir. \u00c7o\u011funlukla 35 ile 40 ya\u015flar\u0131ndan sonra \u00fcst g\u00f6z kapaklar\u0131nda sarkma, g\u00f6zalt\u0131nda torbalanma ve k\u0131r\u0131\u015f\u0131kl\u0131klar g\u00f6r\u00fclmektedir. Bu da ki\u015fiye \u00fczg\u00fcn ve yorgun bir g\u00f6r\u00fcn\u00fcm vermektedir. Bu g\u00f6r\u00fcn\u00fcm\u00fcn \u00f6n\u00fcne ge\u00e7mek i\u00e7in ki\u015finin g\u00f6z kapa\u011f\u0131ndaki fazla deri al\u0131n\u0131r. Bu sayede ki\u015fi daha gen\u00e7 ve diri bir bak\u0131\u015fa sahip olacakt\u0131r. G\u00f6z kapa\u011f\u0131 esteti\u011fi ameliyatlar\u0131 genellikle 35 ya\u015f sonras\u0131nda daha \u00e7ok ihtiya\u00e7 duyulan ameliyatlard\u0131r. Bu estetik uygulamalar\u0131n\u0131n cerrahi riskleri azd\u0131r. Kal\u0131tsal nedenlerden dolay\u0131 baz\u0131 ki\u015filerin gen\u00e7 ya\u015fta g\u00f6z kapaklar\u0131nda rahats\u0131z edici sorunlar olan g\u00f6r\u00fclmektedir. Bu ki\u015filerde g\u00f6z kapa\u011f\u0131 esteti\u011fi ameliyat\u0131 erken ya\u015flarda uygulanabilmektedir. G\u00f6z kapa\u011f\u0131 esteti\u011fi yap\u0131lmadan \u00f6nce ki\u015filerin ka\u015f pozisyonu \u00e7ok iyi incelenmelidir. E\u011fer ki\u015fide ka\u015f d\u00fc\u015f\u00fckl\u00fc\u011f\u00fc varsa ka\u015f kald\u0131rma ameliyat\u0131 da d\u00fc\u015f\u00fcn\u00fclecek operasyonlar aras\u0131nda olmal\u0131d\u0131r.<\/p><p><strong>G\u00f6z kapa\u011f\u0131 ameliyat\u0131 herkese uygulanabilir mi?<\/strong><\/p><p>G\u00f6z derisi, v\u00fccudumuzdaki en ince deri oldu\u011fu i\u00e7in ayn\u0131 zamanda da en kolay k\u0131r\u0131\u015fan b\u00f6lgedir. G\u00f6z \u00e7evresinde g\u00f6r\u00fclen bu k\u0131r\u0131\u015f\u0131kl\u0131klar\u0131 botox ile ge\u00e7ici bir s\u00fcreli\u011fine d\u00fczeltmek m\u00fcmk\u00fcn olsa da kal\u0131c\u0131 bir \u00e7\u00f6z\u00fcm i\u00e7in kesinlikle g\u00f6z kapa\u011f\u0131 ameliyat\u0131 olunmal\u0131d\u0131r. G\u00f6z kapa\u011f\u0131 ameliyat\u0131 g\u00f6r\u00fclen bu k\u0131r\u0131\u015f\u0131kl\u0131klar\u0131n ve deformasyonlar\u0131n mevcut oldu\u011fu herkeste ve her ya\u015fta rahatl\u0131kla uygulanabilen bir y\u00f6ntemdir.<\/p><p><strong>G\u00f6z kapa\u011f\u0131 ameliyat\u0131ndan sonra g\u00f6z\u00fcmde iz kal\u0131r m\u0131?<\/strong><\/p><p>G\u00f6z kapa\u011f\u0131 ameliyat\u0131 s\u0131ras\u0131nda \u00fcst g\u00f6z kapa\u011f\u0131nda bulunan deri fazlas\u0131 basit bir y\u00f6ntemle \u00e7\u0131kar\u0131l\u0131r ve b\u00f6lgedeki mevcut durumda bulunan \u00e7izginin i\u00e7erisine dikilir. Ayn\u0131 \u015fekilde alt g\u00f6z kapa\u011f\u0131nda da bir fazlal\u0131k var ise kirpi\u011fin hemen alt\u0131ndan bir \u00e7izgi ile deri a\u00e7\u0131l\u0131r ve i\u00e7erisinde ki ya\u011f doku \u00e7\u0131kar\u0131l\u0131r, ard\u0131ndan alt g\u00f6z kapa\u011f\u0131 tekrar kapat\u0131l\u0131r. K\u0131sacas\u0131 ameliyatta olu\u015fan bu \u00e7izgi kirpiklerin hemen alt\u0131nda kalaca\u011f\u0131 i\u00e7inde g\u00f6r\u00fclmeyecektir.<\/p><p><strong>Ameliyat ne kadar s\u00fcrer?<\/strong><\/p><p>G\u00f6z kapa\u011f\u0131 ameliyatlar\u0131 genellikle lokal anestezi veya sedasyon alt\u0131nda ger\u00e7ekle\u015ftirilmekte olan basit bir ameliyatt\u0131r. \u00dcst g\u00f6z kapa\u011f\u0131 ameliyat\u0131 yakla\u015f\u0131k olarak yar\u0131m saat s\u00fcrmekte ve alt g\u00f6z kapa\u011f\u0131 ameliyat\u0131 ise genellikle bir saat s\u00fcrmektedir. Alt ve \u00fcst g\u00f6z kapa\u011f\u0131 ameliyat\u0131 ayn\u0131 anda yap\u0131labilir. Bu durumda da ameliyat 1.5 saatte bitecektir.<\/p><p><strong>G\u00f6z kapa\u011f\u0131 ameliyat\u0131ndan sonra normal hayat\u0131ma hemen d\u00f6nebilir miyim?<\/strong><\/p><p>G\u00f6z kapa\u011f\u0131 ameliyat\u0131 son derece basit bir operasyon oldu\u011fu i\u00e7in hasta ayn\u0131 g\u00fcn i\u00e7erisinde evine d\u00f6nebilmektedir. Ameliyattan sonraki g\u00fcnde ise rahatl\u0131kla televizyon izleyebilir ve kitap okuyabilir durumda olacakt\u0131r. Ameliyat\u0131n ard\u0131ndan g\u00f6z kapa\u011f\u0131ndaki diki\u015fler ameliyattan sonra ki bir hafta i\u00e7erisinde al\u0131nacakt\u0131r. K\u0131sacas\u0131 ameliyat\u0131n hemen ard\u0131ndan ki\u015fi normal ya\u015fam\u0131na rahatl\u0131kla devam edebilecektir.<\/p><p><strong>G\u00f6z kapa\u011f\u0131 operasyonundan sonra nelere dikkat etmeliyim?<\/strong><\/p><p>G\u00f6z kapa\u011f\u0131 ameliyat\u0131ndan sonra o b\u00f6lgede ince k\u0131sa bantlar olacakt\u0131r, fakat buna ra\u011fmen g\u00f6zleri kapatmaya gerek duyulmamaktad\u0131r. Ameliyattan sonra hastan\u0131n y\u00fcksek bir yast\u0131\u011fa yatmas\u0131 tavsiye edilmektedir. G\u00f6z kapa\u011f\u0131 esteti\u011fi ameliyat\u0131 basit bir ameliyat oldu\u011fu i\u00e7in hasta 1-2 g\u00fcn dinlenmenin ard\u0131ndan normal ya\u015fant\u0131s\u0131na d\u00f6nebilir.<\/p>\t\t\t\t\t\t<\/div>\n\t\t\t\t<\/div>\n\t\t\t\t\t<\/div>\n\t\t<\/div>\n\t\t\t\t\t\t\t<\/div>\n\t\t<\/section>\n\t\t\t\t\t<\/div>\n\t\t<\/div>\n\t\t\t\t\t\t\t<\/div>\n\t\t<\/section>\n\t\t\t\t\t\t\t<\/div>\n\t\t","protected":false},"excerpt":{"rendered":"<p>G\u00f6z Kapa\u011f\u0131 Esteti\u011fi Anasayfa RANDEVU TALEP ET Y\u00dcZ ESTET\u0130\u011e\u0130 Burun Esteti\u011fi Y\u00fcz Germe Ka\u015f Kald\u0131rma G\u00f6z Kapa\u011f\u0131 Esteti\u011fi Kulak Esteti\u011fi g\u00f6z kapa\u011f\u0131 esteti\u011fi G\u00f6z kapa\u011f\u0131 esteti\u011fi yani blefaroplasti, g\u00f6z kapaklar\u0131na uygulanan ve g\u00f6z \u00e7evresi b\u00f6l\u00fcmlerinin gerginle\u015ftirilmesi sa\u011flayan estetik cerrahi bir i\u015flemdir. \u00c7o\u011funlukla 35 ile 40 ya\u015flar\u0131ndan sonra \u00fcst g\u00f6z kapaklar\u0131nda sarkma, g\u00f6zalt\u0131nda torbalanma ve k\u0131r\u0131\u015f\u0131kl\u0131klar [&hellip;]<\/p>\n","protected":false},"author":1,"featured_media":0,"parent":0,"menu_order":0,"comment_status":"closed","ping_status":"closed","template":"","meta":{"footnotes":""},"class_list":["post-1049","page","type-page","status-publish","hentry"],"_links":{"self":[{"href":"https:\/\/drcaturkey.com\/tr\/wp-json\/wp\/v2\/pages\/1049","targetHints":{"allow":["GET"]}}],"collection":[{"href":"https:\/\/drcaturkey.com\/tr\/wp-json\/wp\/v2\/pages"}],"about":[{"href":"https:\/\/drcaturkey.com\/tr\/wp-json\/wp\/v2\/types\/page"}],"author":[{"embeddable":true,"href":"https:\/\/drcaturkey.com\/tr\/wp-json\/wp\/v2\/users\/1"}],"replies":[{"embeddable":true,"href":"https:\/\/drcaturkey.com\/tr\/wp-json\/wp\/v2\/comments?post=1049"}],"version-history":[{"count":25,"href":"https:\/\/drcaturkey.com\/tr\/wp-json\/wp\/v2\/pages\/1049\/revisions"}],"predecessor-version":[{"id":2449,"href":"https:\/\/drcaturkey.com\/tr\/wp-json\/wp\/v2\/pages\/1049\/revisions\/2449"}],"wp:attachment":[{"href":"https:\/\/drcaturkey.com\/tr\/wp-json\/wp\/v2\/media?parent=1049"}],"curies":[{"name":"wp","href":"https:\/\/api.w.org\/{rel}","templated":true}]}}