{"id":1083,"date":"2022-09-02T00:42:03","date_gmt":"2022-09-01T21:42:03","guid":{"rendered":"https:\/\/drcaturkey.com\/tr\/?page_id=1083"},"modified":"2023-03-02T15:14:09","modified_gmt":"2023-03-02T12:14:09","slug":"meme-kucultme","status":"publish","type":"page","link":"https:\/\/drcaturkey.com\/tr\/meme-kucultme","title":{"rendered":"Meme K\u00fc\u00e7\u00fcltme"},"content":{"rendered":"\t\t<div data-elementor-type=\"wp-page\" data-elementor-id=\"1083\" class=\"elementor elementor-1083\">\n\t\t\t\t\t\t\t\t\t<section class=\"elementor-section elementor-top-section elementor-element elementor-element-adb1e4b elementor-section-boxed elementor-section-height-default elementor-section-height-default\" data-id=\"adb1e4b\" data-element_type=\"section\" data-settings=\"{&quot;background_background&quot;:&quot;classic&quot;}\">\n\t\t\t\t\t\t<div class=\"elementor-container elementor-column-gap-default\">\n\t\t\t\t\t<div class=\"elementor-column elementor-col-100 elementor-top-column elementor-element elementor-element-e5b08b9\" data-id=\"e5b08b9\" data-element_type=\"column\">\n\t\t\t<div class=\"elementor-widget-wrap elementor-element-populated\">\n\t\t\t\t\t\t\t\t<section class=\"elementor-section elementor-inner-section elementor-element elementor-element-05b0de9 elementor-section-boxed elementor-section-height-default elementor-section-height-default\" data-id=\"05b0de9\" data-element_type=\"section\">\n\t\t\t\t\t\t<div class=\"elementor-container elementor-column-gap-default\">\n\t\t\t\t\t<div class=\"elementor-column elementor-col-100 elementor-inner-column elementor-element elementor-element-d9c1347\" data-id=\"d9c1347\" data-element_type=\"column\">\n\t\t\t<div class=\"elementor-widget-wrap elementor-element-populated\">\n\t\t\t\t\t\t\t\t<div class=\"elementor-element elementor-element-5cf9df0 elementor-widget elementor-widget-hub_fancy_heading\" data-id=\"5cf9df0\" data-element_type=\"widget\" data-widget_type=\"hub_fancy_heading.default\">\n\t\t\t\t<div class=\"elementor-widget-container\">\n\t\t\t\n\t\t<div id=\"ld-fancy-heading-69e3a638caeee\" class=\"ld-fancy-heading pos-rel\">\n\t\t\t<h1 class=\"ld-fh-element d-inline-block pos-rel  elementor-heading-title lqd-highlight-classic lqd-highlight-grow-left h1\"  > Meme K\u00fc\u00e7\u00fcltme<\/h1>\t\t<\/div>\n\n\t\t\t\t<\/div>\n\t\t\t\t<\/div>\n\t\t\t\t<div class=\"elementor-element elementor-element-fa67a6f elementor-widget__width-auto elementor-widget elementor-widget-ld_breadcrumb\" data-id=\"fa67a6f\" data-element_type=\"widget\" data-widget_type=\"ld_breadcrumb.default\">\n\t\t\t\t<div class=\"elementor-widget-container\">\n\t\t\t<div class=\"lqd-breadcrumb-wrapper\"><div class=\"lqd-shop-topbar-breadcrumb\"><nav class=\"woocommerce-breadcrumb mb-4 mb-md-0\"><ul class=\"breadcrumb reset-ul inline-nav comma-sep-li\"><li>Anasayfa<\/li><\/ul><\/nav><\/div><\/div>\t\t<\/div>\n\t\t\t\t<\/div>\n\t\t\t\t\t<\/div>\n\t\t<\/div>\n\t\t\t\t\t\t\t<\/div>\n\t\t<\/section>\n\t\t\t\t\t<\/div>\n\t\t<\/div>\n\t\t\t\t\t\t\t<\/div>\n\t\t<\/section>\n\t\t\t\t<section class=\"elementor-section elementor-top-section elementor-element elementor-element-bf19241 elementor-section-boxed elementor-section-height-default elementor-section-height-default\" data-id=\"bf19241\" data-element_type=\"section\">\n\t\t\t\t\t\t<div class=\"elementor-container elementor-column-gap-default\">\n\t\t\t\t\t<div class=\"lqd-css-sticky-column elementor-column elementor-col-50 elementor-top-column elementor-element elementor-element-049c33a elementor-hidden-mobile\" style=\"--lqd-sticky-offset:30px\" data-id=\"049c33a\" data-element_type=\"column\">\n\t\t\t<div class=\"elementor-widget-wrap elementor-element-populated\">\n\t\t\t\t\t\t\t\t<section class=\"elementor-section elementor-inner-section elementor-element elementor-element-a87aed0 elementor-section-boxed elementor-section-height-default elementor-section-height-default\" data-id=\"a87aed0\" data-element_type=\"section\" data-settings=\"{&quot;background_background&quot;:&quot;classic&quot;}\">\n\t\t\t\t\t\t<div class=\"elementor-container elementor-column-gap-default\">\n\t\t\t\t\t<div class=\"elementor-column elementor-col-100 elementor-inner-column elementor-element elementor-element-b609583\" data-id=\"b609583\" data-element_type=\"column\">\n\t\t\t<div class=\"elementor-widget-wrap elementor-element-populated\">\n\t\t\t\t\t\t\t\t<div class=\"elementor-element elementor-element-61fc1af elementor-widget elementor-widget-hub_fancy_heading\" data-id=\"61fc1af\" data-element_type=\"widget\" data-widget_type=\"hub_fancy_heading.default\">\n\t\t\t\t<div class=\"elementor-widget-container\">\n\t\t\t\n\t\t<div id=\"ld-fancy-heading-69e3a638cd998\" class=\"ld-fancy-heading pos-rel\">\n\t\t\t<h6 class=\"ld-fh-element d-inline-block pos-rel  elementor-heading-title lqd-highlight-classic lqd-highlight-grow-left h6\"  > RANDEVU TALEP ET<\/h6>\t\t<\/div>\n\n\t\t\t\t<\/div>\n\t\t\t\t<\/div>\n\t\t\t\t<div class=\"elementor-element elementor-element-e128106 elementor-widget elementor-widget-ld_cf722\" data-id=\"e128106\" data-element_type=\"widget\" data-widget_type=\"ld_cf722.default\">\n\t\t\t\t<div class=\"elementor-widget-container\">\n\t\t\t\n\t<div class=\"lqd-contact-form lqd-contact-form-inputs-underlined lqd-contact-form-button-block lqd-contact-form-button-circle lqd-contact-form-inputs-sm\" >\n\t\t<div role=\"form\" class=\"wpcf7\" id=\"wpcf7-f6-o1\" lang=\"tr-TR\" dir=\"ltr\">\n<div class=\"screen-reader-response\"><p role=\"status\" aria-live=\"polite\" aria-atomic=\"true\"><\/p> <ul><\/ul><\/div>\n<form action=\"\/tr\/wp-json\/wp\/v2\/pages\/1083#wpcf7-f6-o1\" method=\"post\" class=\"wpcf7-form init\" novalidate=\"novalidate\" data-status=\"init\">\n<div style=\"display: none;\">\n<input type=\"hidden\" name=\"_wpcf7\" value=\"6\" \/>\n<input type=\"hidden\" name=\"_wpcf7_version\" value=\"5.6.3\" \/>\n<input type=\"hidden\" name=\"_wpcf7_locale\" value=\"tr_TR\" \/>\n<input type=\"hidden\" name=\"_wpcf7_unit_tag\" value=\"wpcf7-f6-o1\" \/>\n<input type=\"hidden\" name=\"_wpcf7_container_post\" value=\"0\" \/>\n<input type=\"hidden\" name=\"_wpcf7_posted_data_hash\" value=\"\" \/>\n<\/div>\n<p><span class=\"wpcf7-form-control-wrap\" data-name=\"adi\"><input type=\"text\" name=\"adi\" value=\"\" size=\"40\" class=\"wpcf7-form-control wpcf7-text wpcf7-validates-as-required\" aria-required=\"true\" aria-invalid=\"false\" placeholder=\"Ad\u0131n\u0131z\" \/><\/span><br \/>\n<span class=\"wpcf7-form-control-wrap\" data-name=\"phone\"><input type=\"text\" name=\"phone\" value=\"\" size=\"40\" class=\"wpcf7-form-control wpcf7-text wpcf7-validates-as-required\" aria-required=\"true\" aria-invalid=\"false\" placeholder=\"Telefon Numaran\u0131z\" \/><\/span><br \/>\n<span class=\"wpcf7-form-control-wrap\" data-name=\"message\"><textarea name=\"message\" cols=\"40\" rows=\"2\" class=\"wpcf7-form-control wpcf7-textarea\" aria-invalid=\"false\" placeholder=\"Mesaj\u0131n\u0131z\"><\/textarea><\/span><br \/>\n<input type=\"submit\" value=\"Formu G\u00f6nder\" class=\"wpcf7-form-control has-spinner wpcf7-submit\" \/><\/p>\n<div class=\"wpcf7-response-output\" aria-hidden=\"true\"><\/div><\/form><\/div>\t<\/div>\n\n\t\t\t<\/div>\n\t\t\t\t<\/div>\n\t\t\t\t\t<\/div>\n\t\t<\/div>\n\t\t\t\t\t\t\t<\/div>\n\t\t<\/section>\n\t\t\t\t<section class=\"elementor-section elementor-inner-section elementor-element elementor-element-333ce16 elementor-section-boxed elementor-section-height-default elementor-section-height-default\" data-id=\"333ce16\" data-element_type=\"section\">\n\t\t\t\t\t\t<div class=\"elementor-container elementor-column-gap-default\">\n\t\t\t\t\t<div class=\"elementor-column elementor-col-100 elementor-inner-column elementor-element elementor-element-2e5bd5f\" data-id=\"2e5bd5f\" data-element_type=\"column\">\n\t\t\t<div class=\"elementor-widget-wrap elementor-element-populated\">\n\t\t\t\t\t\t\t\t<div class=\"elementor-element elementor-element-907f6f1 elementor-widget elementor-widget-hub_fancy_heading\" data-id=\"907f6f1\" data-element_type=\"widget\" data-widget_type=\"hub_fancy_heading.default\">\n\t\t\t\t<div class=\"elementor-widget-container\">\n\t\t\t\n\t\t<div id=\"ld-fancy-heading-69e3a638e1bb5\" class=\"ld-fancy-heading pos-rel\">\n\t\t\t<h6 class=\"ld-fh-element d-inline-block pos-rel  elementor-heading-title lqd-highlight-classic lqd-highlight-grow-left h6\"  > MEME ESTET\u0130\u011e\u0130<\/h6>\t\t<\/div>\n\n\t\t\t\t<\/div>\n\t\t\t\t<\/div>\n\t\t\t\t<div class=\"elementor-element elementor-element-590765c elementor-widget elementor-widget-ld_custom_menu\" data-id=\"590765c\" data-element_type=\"widget\" data-widget_type=\"ld_custom_menu.default\">\n\t\t\t\t<div class=\"elementor-widget-container\">\n\t\t\t\n\t\t\t<div  \n\t\t\t\tclass=\"lqd-fancy-menu lqd-custom-menu pos-rel lqd-menu-td-none\"\n\t\t\t\t\t\t\t>\n\t\t\t\n\t\t\t\t\t\t\t<ul class=\"reset-ul\" id=\"590765c\"  data-localscroll=\"true\" data-localscroll-options=\"{&quot;itemsSelector&quot;:&quot;&gt; li &gt; a&quot;,&quot;trackWindowScroll&quot;:true,&quot;includeParentAsOffset&quot;:false,&quot;offsetElements&quot;:&quot;[data-sticky-header] .lqd-head-sec-wrap:not(.lqd-hide-onstuck), #wpadminbar, body.elementor-page .main-header[data-sticky-header] &gt; .elementor &gt; .elementor-section-wrap &gt; .elementor-section:not(.lqd-hide-onstuck):not(.lqd-stickybar-wrap), body.elementor-page .main-header[data-sticky-header] &gt; .elementor &gt; .elementor-section:not(.lqd-hide-onstuck):not(.lqd-stickybar-wrap)&quot;}\">\n\t\t\t\t\n\t\t\t\t\t\t<li>\n\t\t\t\t\t\t\t<a  href=\"https:\/\/drcaturkey.com\/tr\/meme-buyutme\" target=\"_self\" > \n\n\t\t\t\t\t\t\t\t\t\t\t\t\t\t\t\t\t<span class=\"link-icon d-inline-flex hide-if-empty right-icon icon-next-to-label\"><i aria-hidden=\"true\" class=\"lqd-icn-ess icon-ion-ios-arrow-forward\"><\/i><\/span>\t\n\t\t\t\t\t\t\t\t\n\t\t\t\t\t\t\t\t\t\t\t\t\t\t\t\t\tMeme B\u00fcy\u00fctme  \n\t\t\t\t\t\t\t\t\t\t\t\t\t\t\t\t\t\t\t\t\t\t\t<\/a>\n\t\t\t\t\t\t\t\t\t\t\t\t\t<\/li>\n\n\t\t\t\t\t\t\n\t\t\t\t\t\t<li>\n\t\t\t\t\t\t\t<a  href=\"https:\/\/drcaturkey.com\/tr\/meme-kucultme\" target=\"_self\" > \n\n\t\t\t\t\t\t\t\t\t\t\t\t\t\t\t\t\t<span class=\"link-icon d-inline-flex hide-if-empty right-icon icon-next-to-label\"><i aria-hidden=\"true\" class=\"lqd-icn-ess icon-ion-ios-arrow-forward\"><\/i><\/span>\t\n\t\t\t\t\t\t\t\t\n\t\t\t\t\t\t\t\t\t\t\t\t\t\t\t\t\tMeme K\u00fc\u00e7\u00fcltme  \n\t\t\t\t\t\t\t\t\t\t\t\t\t\t\t\t\t\t\t\t\t\t\t<\/a>\n\t\t\t\t\t\t\t\t\t\t\t\t\t<\/li>\n\n\t\t\t\t\t\t\n\t\t\t\t\t\t<li>\n\t\t\t\t\t\t\t<a  href=\"https:\/\/drcaturkey.com\/tr\/meme-diklestirme\" target=\"_self\" > \n\n\t\t\t\t\t\t\t\t\t\t\t\t\t\t\t\t\t<span class=\"link-icon d-inline-flex hide-if-empty right-icon icon-next-to-label\"><i aria-hidden=\"true\" class=\"lqd-icn-ess icon-ion-ios-arrow-forward\"><\/i><\/span>\t\n\t\t\t\t\t\t\t\t\n\t\t\t\t\t\t\t\t\t\t\t\t\t\t\t\t\tMeme Dikle\u015ftirme  \n\t\t\t\t\t\t\t\t\t\t\t\t\t\t\t\t\t\t\t\t\t\t\t<\/a>\n\t\t\t\t\t\t\t\t\t\t\t\t\t<\/li>\n\n\t\t\t\t\t\t\n\t\t\t\t\t\t<li>\n\t\t\t\t\t\t\t<a  href=\"https:\/\/drcaturkey.com\/tr\/meme-rekonstruksiyonu\" target=\"_self\" > \n\n\t\t\t\t\t\t\t\t\t\t\t\t\t\t\t\t\t<span class=\"link-icon d-inline-flex hide-if-empty right-icon icon-next-to-label\"><i aria-hidden=\"true\" class=\"lqd-icn-ess icon-ion-ios-arrow-forward\"><\/i><\/span>\t\n\t\t\t\t\t\t\t\t\n\t\t\t\t\t\t\t\t\t\t\t\t\t\t\t\t\tMeme Rekonstr\u00fcksiyonu  \n\t\t\t\t\t\t\t\t\t\t\t\t\t\t\t\t\t\t\t\t\t\t\t<\/a>\n\t\t\t\t\t\t\t\t\t\t\t\t\t<\/li>\n\n\t\t\t\t\t\t\n\t\t\t\t\t\t<li>\n\t\t\t\t\t\t\t<a  href=\"https:\/\/drcaturkey.com\/tr\/jinekomasti\" target=\"_self\" > \n\n\t\t\t\t\t\t\t\t\t\t\t\t\t\t\t\t\t<span class=\"link-icon d-inline-flex hide-if-empty right-icon icon-next-to-label\"><i aria-hidden=\"true\" class=\"lqd-icn-ess icon-ion-ios-arrow-forward\"><\/i><\/span>\t\n\t\t\t\t\t\t\t\t\n\t\t\t\t\t\t\t\t\t\t\t\t\t\t\t\t\tJinekomasti  \n\t\t\t\t\t\t\t\t\t\t\t\t\t\t\t\t\t\t\t\t\t\t\t<\/a>\n\t\t\t\t\t\t\t\t\t\t\t\t\t<\/li>\n\n\t\t\t\t\t\t\t\t\t\t<\/ul>\n\t\t\t\t\t\t\t\t\t<\/div>\n\t\t\t\t<\/div>\n\t\t\t\t<\/div>\n\t\t\t\t\t<\/div>\n\t\t<\/div>\n\t\t\t\t\t\t\t<\/div>\n\t\t<\/section>\n\t\t\t\t\t<\/div>\n\t\t<\/div>\n\t\t\t\t<div class=\"elementor-column elementor-col-50 elementor-top-column elementor-element elementor-element-0e5847e\" data-id=\"0e5847e\" data-element_type=\"column\">\n\t\t\t<div class=\"elementor-widget-wrap elementor-element-populated\">\n\t\t\t\t\t\t\t\t<section class=\"elementor-section elementor-inner-section elementor-element elementor-element-cdf9400 elementor-section-boxed elementor-section-height-default elementor-section-height-default\" data-id=\"cdf9400\" data-element_type=\"section\">\n\t\t\t\t\t\t<div class=\"elementor-container elementor-column-gap-default\">\n\t\t\t\t\t<div class=\"elementor-column elementor-col-100 elementor-inner-column elementor-element elementor-element-d7db3e2\" data-id=\"d7db3e2\" data-element_type=\"column\">\n\t\t\t<div class=\"elementor-widget-wrap elementor-element-populated\">\n\t\t\t\t\t\t\t\t<div class=\"elementor-element elementor-element-6028aaf elementor-widget elementor-widget-hub_fancy_heading\" data-id=\"6028aaf\" data-element_type=\"widget\" data-widget_type=\"hub_fancy_heading.default\">\n\t\t\t\t<div class=\"elementor-widget-container\">\n\t\t\t\n\t\t<div id=\"ld-fancy-heading-69e3a638e5cfd\" class=\"ld-fancy-heading pos-rel\">\n\t\t\t<h6 class=\"ld-fh-element d-inline-block pos-rel  elementor-heading-title lqd-highlight-classic lqd-highlight-grow-left h6\"  > MEME K\u00fc\u00e7\u00fcltme<\/h6>\t\t<\/div>\n\n\t\t\t\t<\/div>\n\t\t\t\t<\/div>\n\t\t\t\t<div class=\"elementor-element elementor-element-476742e elementor-widget elementor-widget-text-editor\" data-id=\"476742e\" data-element_type=\"widget\" data-widget_type=\"text-editor.default\">\n\t\t\t\t<div class=\"elementor-widget-container\">\n\t\t\t<style>\/*! elementor - v3.7.4 - 31-08-2022 *\/\n.elementor-widget-text-editor.elementor-drop-cap-view-stacked .elementor-drop-cap{background-color:#818a91;color:#fff}.elementor-widget-text-editor.elementor-drop-cap-view-framed .elementor-drop-cap{color:#818a91;border:3px solid;background-color:transparent}.elementor-widget-text-editor:not(.elementor-drop-cap-view-default) .elementor-drop-cap{margin-top:8px}.elementor-widget-text-editor:not(.elementor-drop-cap-view-default) .elementor-drop-cap-letter{width:1em;height:1em}.elementor-widget-text-editor .elementor-drop-cap{float:left;text-align:center;line-height:1;font-size:50px}.elementor-widget-text-editor .elementor-drop-cap-letter{display:inline-block}<\/style>\t\t\t\t<p>Meme k\u00fc\u00e7\u00fcltme ameliyat\u0131 memelerin normalden daha b\u00fcy\u00fck oldu\u011fu hamilelikte, a\u015f\u0131r\u0131 kilo ve emzirme ile ilgili durumlarda ihtiya\u00e7 duyulan i\u015flemlerdir. Meme b\u00fcy\u00fckl\u00fc\u011f\u00fc estetik bir ameliyat oldu\u011fu kadar ciddi bir sa\u011fl\u0131k problemi de yaratmaktad\u0131r. \u00c7\u00fcnk\u00fc b\u00fcy\u00fck memeler s\u0131rt a\u011fr\u0131s\u0131, boyun a\u011fr\u0131s\u0131, omuz a\u011fr\u0131s\u0131, bedensel aktivitelerin k\u0131s\u0131tlanmas\u0131, meme alt\u0131nda olu\u015fan yara, istenilen k\u0131yafetlerin giyilememesi ve s\u00fctyen ask\u0131lar\u0131n\u0131n omuzlar\u0131 kesmesi gibi problemler ortaya \u00e7\u0131karmaktad\u0131r. Bu durumdan rahats\u0131z olan ki\u015filerin bu rahats\u0131zl\u0131klar\u0131n\u0131n yok edilmesi amac\u0131yla memelere dolgunluk veren doku, ya\u011f ve cilt b\u00f6l\u00fcm\u00fcn\u00fcn bir k\u0131sm\u0131 al\u0131n\u0131r. Ard\u0131ndan memelerin v\u00fccutla olan orant\u0131s\u0131 sa\u011flan\u0131r. Memelerinizin ikisi de e\u015fit b\u00fcy\u00fckl\u00fc\u011fe sahip olmayabilir. Meme k\u00fc\u00e7\u00fcltme ameliyatlar\u0131nda da simetrinin sa\u011flanmas\u0131 ad\u0131na iki memeye de de\u011fi\u015fik operasyon teknikleri uygulanabilir. Meme k\u00fc\u00e7\u00fcltme ameliyat\u0131na ba\u015flamadan \u00f6nce hastan\u0131n boyu ve memesinin a\u011f\u0131rl\u0131\u011f\u0131 hesaplanarak ona g\u00f6re yeni memelerin \u00e7izimi yap\u0131l\u0131r. Sonras\u0131nda hastaya genel anestezi y\u00f6ntemi uygulanarak meme dokusu ve fazla deri al\u0131n\u0131r. Meme k\u00fc\u00e7\u00fcltme ameliyat\u0131 yakla\u015f\u0131k olarak iki ile d\u00f6rt saat aras\u0131nda s\u00fcrmektedir. Ameliyattan sonra ki ilk g\u00fcnler boyunca kol hareketlerinde hafif a\u011fr\u0131lar olsa bile bu a\u011fr\u0131lar ge\u00e7ici a\u011fr\u0131lard\u0131r. Ameliyat\u0131n ard\u0131ndan iki hafta sonra hastan\u0131n diki\u015fleri al\u0131n\u0131r ve yine bu s\u00fcre sonunda hastalar i\u015flerine rahatl\u0131kla d\u00f6nebileceklerdir.<\/p><p><strong>Meme k\u00fc\u00e7\u00fcltme ameliyat\u0131 olmadan \u00f6nce nelere dikkat etmeliyim?<\/strong><\/p><p>Meme k\u00fc\u00e7\u00fcltme ameliyat\u0131 yap\u0131lmadan \u00f6nce ilk yapman\u0131z gereken \u015fey kesinlikle meme ultrasonunun \u00e7ekilmesidir. Ard\u0131ndan ameliyattan iki hafta \u00f6ncesinde aspirin, kan suland\u0131r\u0131c\u0131lar ve baz\u0131 a\u011fr\u0131 kesicileri kullanmay\u0131 b\u0131rakman\u0131z gerekmektedir. E vitamini, ye\u015fil \u00e7ay, ginseng, bitki \u00e7atlar\u0131 ve keten tohumu gibi kan suland\u0131r\u0131c\u0131lar\u0131nda kullan\u0131lmamas\u0131 \u00f6nemlidir. Ayr\u0131ca ameliyat olmadan bir hafta kadar \u00f6ncesinde sigaray\u0131 b\u0131rakmakta tavsiye edilmektedir. Aksi takdirde yaralar\u0131n iyile\u015fmesi zaman alacakt\u0131r.<\/p><p><strong>Meme k\u00fc\u00e7\u00fcltme ameliyat\u0131ndan sonra v\u00fccudumda iz kalacak m\u0131?<\/strong><\/p><p>Bir\u00e7ok estetik ameliyatta olaca\u011f\u0131 gibi meme k\u00fc\u00e7\u00fcltme ameliyat\u0131nda da k\u00fc\u00e7\u00fck boyutlarda izler kalacakt\u0131r. Meme k\u00fc\u00e7\u00fcltme ameliyat\u0131nda ters t \u015feklinde bir iz kal\u0131r. Bu iz meme ba\u015f\u0131 halkas\u0131n\u0131n etraf\u0131nda kald\u0131\u011f\u0131ndan renk de\u011fi\u015fimi b\u00f6lgesine denk geldi\u011fi i\u00e7in hi\u00e7 belli olmayacakt\u0131r. G\u00f6\u011f\u00fcs alt\u0131nda kalan izler ise zamanla incecik ve hi\u00e7 belirgin olmayan silik \u00e7izgilere d\u00f6n\u00fc\u015fecektir.<\/p><p><strong>Meme k\u00fc\u00e7\u00fcltme ameliyat\u0131 olmay\u0131 d\u00fc\u015f\u00fcn\u00fcyorum. Bu emzirmeme engel olur mu?<\/strong><\/p><p>Meme k\u00fc\u00e7\u00fcltme ameliyat\u0131ndan sonra emziren bir bayan\u0131n tekrar emzirebilme olas\u0131l\u0131\u011f\u0131 g\u00fcn\u00fcm\u00fcz teknikleriyle daha da artm\u0131\u015ft\u0131r. Meme k\u00fc\u00e7\u00fcltme ameliyat\u0131nda \u00f6zellikle iri memelere sahip olan kad\u0131nlar\u0131n meme bezlerinin bir k\u0131sm\u0131 al\u0131nmaktad\u0131r. Fakat meme bezlerinin bir k\u0131sm\u0131n\u0131n al\u0131nmas\u0131 s\u00fct verme fonksiyonlar\u0131nda herhangi bir de\u011fi\u015fikli\u011fe yol a\u00e7mamaktad\u0131r. Do\u011fumdan sonra ki s\u00fcre\u00e7 i\u00e7in meme k\u00fc\u00e7\u00fcltme ameliyat\u0131 olmay\u0131 d\u00fc\u015f\u00fcn\u00fcyor iseniz emzirme d\u00f6neminiz bittikten en az 6 ay sonras\u0131nda rahatl\u0131kla ameliyat olmay\u0131 d\u00fc\u015f\u00fcnebilirsiniz.<\/p><p><strong>Meme k\u00fc\u00e7\u00fcltme ameliyat\u0131ndan sonraki d\u00f6nemde neler ya\u015far\u0131m?<\/strong><\/p><p>Meme k\u00fc\u00e7\u00fcltme ameliyat\u0131 \u00e7ok a\u011fr\u0131 hissedece\u011finiz bir ameliyat olmayacakt\u0131r. Hasta meme k\u00fc\u00e7\u00fcltme ameliyat\u0131n\u0131n ard\u0131ndan bir gece kontrol ama\u00e7l\u0131 hastanede kald\u0131ktan sonra ertesi g\u00fcn evine gidebilir. Meme k\u00fc\u00e7\u00fcltme ameliyat\u0131n\u0131n ard\u0131ndan hasta hi\u00e7bir a\u011fr\u0131 hissetmeyece\u011fi i\u00e7in bu s\u00fcreci son derece rahat atlatacakt\u0131r. B\u00fct\u00fcn meme ameliyatlar\u0131nda oldu\u011fu gibi meme k\u00fc\u00e7\u00fcltmede de diren kullan\u0131lmakta, direnler 24 saat sonra \u00e7\u0131kart\u0131lmaktad\u0131r. Hastaya ameliyattan sonra bant takt\u0131r\u0131labilirken genellikle bir ay boyunca sporcu s\u00fctyeni takmas\u0131 da istenilebilir. Operasyon diki\u015fleri deri alt\u0131nda kalan ve kendili\u011finden eriyen diki\u015fler olaca\u011f\u0131 i\u00e7in diki\u015flerin al\u0131nmas\u0131na da gerek olmayacakt\u0131r. Hastalar bir hafta kadar dinlendikten sonra i\u015flerine rahatl\u0131kla d\u00f6nebilirler. Ameliyat\u0131n ard\u0131ndan belirli bir s\u00fcre boyunca kol hareketlerine dikkat edilmeli ve \u00e7ok a\u011f\u0131r \u015feyler kald\u0131rmamas\u0131 \u00f6nerilmektedir.<\/p><p><strong>Meme k\u00fc\u00e7\u00fcltme ameliyat\u0131ndan sonra ki sonu\u00e7lar kal\u0131c\u0131 olacak m\u0131?<\/strong><\/p><p>Meme k\u00fc\u00e7\u00fcltme ameliyat\u0131ndan sonra sonu\u00e7lar \u00f6m\u00fcr boyu s\u00fcrecektir. Bu yeni v\u00fccudunuza orant\u0131l\u0131 g\u00f6r\u00fcnt\u00fcn\u00fcz kendinize olan \u00f6zg\u00fcveninizi de artt\u0131racakt\u0131r. Ameliyattan \u00f6nceki a\u011fr\u0131l\u0131 halinizden de kurtulmu\u015f olacaks\u0131n\u0131z. Fakat yine de ameliyat sonras\u0131nda sigara kullan\u0131m\u0131n\u0131za, deri kalitenize, genetik fakt\u00f6rlerinize, egzersiz, su i\u00e7imi ve alkol kullan\u0131m\u0131n\u0131za dikkat etmeniz s\u00fcrece etkili olacakt\u0131r.<\/p>\t\t\t\t\t\t<\/div>\n\t\t\t\t<\/div>\n\t\t\t\t\t<\/div>\n\t\t<\/div>\n\t\t\t\t\t\t\t<\/div>\n\t\t<\/section>\n\t\t\t\t\t<\/div>\n\t\t<\/div>\n\t\t\t\t\t\t\t<\/div>\n\t\t<\/section>\n\t\t\t\t\t\t\t<\/div>\n\t\t","protected":false},"excerpt":{"rendered":"<p>Meme K\u00fc\u00e7\u00fcltme Anasayfa RANDEVU TALEP ET MEME ESTET\u0130\u011e\u0130 Meme B\u00fcy\u00fctme Meme K\u00fc\u00e7\u00fcltme Meme Dikle\u015ftirme Meme Rekonstr\u00fcksiyonu Jinekomasti MEME K\u00fc\u00e7\u00fcltme Meme k\u00fc\u00e7\u00fcltme ameliyat\u0131 memelerin normalden daha b\u00fcy\u00fck oldu\u011fu hamilelikte, a\u015f\u0131r\u0131 kilo ve emzirme ile ilgili durumlarda ihtiya\u00e7 duyulan i\u015flemlerdir. Meme b\u00fcy\u00fckl\u00fc\u011f\u00fc estetik bir ameliyat oldu\u011fu kadar ciddi bir sa\u011fl\u0131k problemi de yaratmaktad\u0131r. \u00c7\u00fcnk\u00fc b\u00fcy\u00fck memeler s\u0131rt [&hellip;]<\/p>\n","protected":false},"author":1,"featured_media":0,"parent":0,"menu_order":0,"comment_status":"closed","ping_status":"closed","template":"","meta":{"footnotes":""},"class_list":["post-1083","page","type-page","status-publish","hentry"],"_links":{"self":[{"href":"https:\/\/drcaturkey.com\/tr\/wp-json\/wp\/v2\/pages\/1083","targetHints":{"allow":["GET"]}}],"collection":[{"href":"https:\/\/drcaturkey.com\/tr\/wp-json\/wp\/v2\/pages"}],"about":[{"href":"https:\/\/drcaturkey.com\/tr\/wp-json\/wp\/v2\/types\/page"}],"author":[{"embeddable":true,"href":"https:\/\/drcaturkey.com\/tr\/wp-json\/wp\/v2\/users\/1"}],"replies":[{"embeddable":true,"href":"https:\/\/drcaturkey.com\/tr\/wp-json\/wp\/v2\/comments?post=1083"}],"version-history":[{"count":25,"href":"https:\/\/drcaturkey.com\/tr\/wp-json\/wp\/v2\/pages\/1083\/revisions"}],"predecessor-version":[{"id":2458,"href":"https:\/\/drcaturkey.com\/tr\/wp-json\/wp\/v2\/pages\/1083\/revisions\/2458"}],"wp:attachment":[{"href":"https:\/\/drcaturkey.com\/tr\/wp-json\/wp\/v2\/media?parent=1083"}],"curies":[{"name":"wp","href":"https:\/\/api.w.org\/{rel}","templated":true}]}}