{"id":1091,"date":"2022-09-02T00:47:15","date_gmt":"2022-09-01T21:47:15","guid":{"rendered":"https:\/\/drcaturkey.com\/tr\/?page_id=1091"},"modified":"2023-03-02T15:18:58","modified_gmt":"2023-03-02T12:18:58","slug":"bacak-germe","status":"publish","type":"page","link":"https:\/\/drcaturkey.com\/tr\/bacak-germe","title":{"rendered":"Bacak Germe"},"content":{"rendered":"\t\t<div data-elementor-type=\"wp-page\" data-elementor-id=\"1091\" class=\"elementor elementor-1091\">\n\t\t\t\t\t\t\t\t\t<section class=\"elementor-section elementor-top-section elementor-element elementor-element-0a0ad25 elementor-section-boxed elementor-section-height-default elementor-section-height-default\" data-id=\"0a0ad25\" data-element_type=\"section\" data-settings=\"{&quot;background_background&quot;:&quot;classic&quot;}\">\n\t\t\t\t\t\t<div class=\"elementor-container elementor-column-gap-default\">\n\t\t\t\t\t<div class=\"elementor-column elementor-col-100 elementor-top-column elementor-element elementor-element-57a516c\" data-id=\"57a516c\" data-element_type=\"column\">\n\t\t\t<div class=\"elementor-widget-wrap elementor-element-populated\">\n\t\t\t\t\t\t\t\t<section class=\"elementor-section elementor-inner-section elementor-element elementor-element-7154205 elementor-section-boxed elementor-section-height-default elementor-section-height-default\" data-id=\"7154205\" data-element_type=\"section\">\n\t\t\t\t\t\t<div class=\"elementor-container elementor-column-gap-default\">\n\t\t\t\t\t<div class=\"elementor-column elementor-col-100 elementor-inner-column elementor-element elementor-element-eb40539\" data-id=\"eb40539\" data-element_type=\"column\">\n\t\t\t<div class=\"elementor-widget-wrap elementor-element-populated\">\n\t\t\t\t\t\t\t\t<div class=\"elementor-element elementor-element-a500747 elementor-widget elementor-widget-hub_fancy_heading\" data-id=\"a500747\" data-element_type=\"widget\" data-widget_type=\"hub_fancy_heading.default\">\n\t\t\t\t<div class=\"elementor-widget-container\">\n\t\t\t\n\t\t<div id=\"ld-fancy-heading-69e3a636b45af\" class=\"ld-fancy-heading pos-rel\">\n\t\t\t<h1 class=\"ld-fh-element d-inline-block pos-rel  elementor-heading-title lqd-highlight-classic lqd-highlight-grow-left h1\"  > Bacak Germe<\/h1>\t\t<\/div>\n\n\t\t\t\t<\/div>\n\t\t\t\t<\/div>\n\t\t\t\t<div class=\"elementor-element elementor-element-8df0098 elementor-widget__width-auto elementor-widget elementor-widget-ld_breadcrumb\" data-id=\"8df0098\" data-element_type=\"widget\" data-widget_type=\"ld_breadcrumb.default\">\n\t\t\t\t<div class=\"elementor-widget-container\">\n\t\t\t<div class=\"lqd-breadcrumb-wrapper\"><div class=\"lqd-shop-topbar-breadcrumb\"><nav class=\"woocommerce-breadcrumb mb-4 mb-md-0\"><ul class=\"breadcrumb reset-ul inline-nav comma-sep-li\"><li>Anasayfa<\/li><\/ul><\/nav><\/div><\/div>\t\t<\/div>\n\t\t\t\t<\/div>\n\t\t\t\t\t<\/div>\n\t\t<\/div>\n\t\t\t\t\t\t\t<\/div>\n\t\t<\/section>\n\t\t\t\t\t<\/div>\n\t\t<\/div>\n\t\t\t\t\t\t\t<\/div>\n\t\t<\/section>\n\t\t\t\t<section class=\"elementor-section elementor-top-section elementor-element elementor-element-bf19241 elementor-section-boxed elementor-section-height-default elementor-section-height-default\" data-id=\"bf19241\" data-element_type=\"section\">\n\t\t\t\t\t\t<div class=\"elementor-container elementor-column-gap-default\">\n\t\t\t\t\t<div class=\"lqd-css-sticky-column elementor-column elementor-col-50 elementor-top-column elementor-element elementor-element-373011f elementor-hidden-mobile\" style=\"--lqd-sticky-offset:30px\" data-id=\"373011f\" data-element_type=\"column\">\n\t\t\t<div class=\"elementor-widget-wrap elementor-element-populated\">\n\t\t\t\t\t\t\t\t<section class=\"elementor-section elementor-inner-section elementor-element elementor-element-030ac43 elementor-section-boxed elementor-section-height-default elementor-section-height-default\" data-id=\"030ac43\" data-element_type=\"section\" data-settings=\"{&quot;background_background&quot;:&quot;classic&quot;}\">\n\t\t\t\t\t\t<div class=\"elementor-container elementor-column-gap-default\">\n\t\t\t\t\t<div class=\"elementor-column elementor-col-100 elementor-inner-column elementor-element elementor-element-d6afe5c\" data-id=\"d6afe5c\" data-element_type=\"column\">\n\t\t\t<div class=\"elementor-widget-wrap elementor-element-populated\">\n\t\t\t\t\t\t\t\t<div class=\"elementor-element elementor-element-a0c326e elementor-widget elementor-widget-hub_fancy_heading\" data-id=\"a0c326e\" data-element_type=\"widget\" data-widget_type=\"hub_fancy_heading.default\">\n\t\t\t\t<div class=\"elementor-widget-container\">\n\t\t\t\n\t\t<div id=\"ld-fancy-heading-69e3a636c8dfe\" class=\"ld-fancy-heading pos-rel\">\n\t\t\t<h6 class=\"ld-fh-element d-inline-block pos-rel  elementor-heading-title lqd-highlight-classic lqd-highlight-grow-left h6\"  > RANDEVU TALEP ET<\/h6>\t\t<\/div>\n\n\t\t\t\t<\/div>\n\t\t\t\t<\/div>\n\t\t\t\t<div class=\"elementor-element elementor-element-c04f176 elementor-widget elementor-widget-ld_cf722\" data-id=\"c04f176\" data-element_type=\"widget\" data-widget_type=\"ld_cf722.default\">\n\t\t\t\t<div class=\"elementor-widget-container\">\n\t\t\t\n\t<div class=\"lqd-contact-form lqd-contact-form-inputs-underlined lqd-contact-form-button-block lqd-contact-form-button-circle lqd-contact-form-inputs-sm\" >\n\t\t<div role=\"form\" class=\"wpcf7\" id=\"wpcf7-f6-o1\" lang=\"tr-TR\" dir=\"ltr\">\n<div class=\"screen-reader-response\"><p role=\"status\" aria-live=\"polite\" aria-atomic=\"true\"><\/p> <ul><\/ul><\/div>\n<form action=\"\/tr\/wp-json\/wp\/v2\/pages\/1091#wpcf7-f6-o1\" method=\"post\" class=\"wpcf7-form init\" novalidate=\"novalidate\" data-status=\"init\">\n<div style=\"display: none;\">\n<input type=\"hidden\" name=\"_wpcf7\" value=\"6\" \/>\n<input type=\"hidden\" name=\"_wpcf7_version\" value=\"5.6.3\" \/>\n<input type=\"hidden\" name=\"_wpcf7_locale\" value=\"tr_TR\" \/>\n<input type=\"hidden\" name=\"_wpcf7_unit_tag\" value=\"wpcf7-f6-o1\" \/>\n<input type=\"hidden\" name=\"_wpcf7_container_post\" value=\"0\" \/>\n<input type=\"hidden\" name=\"_wpcf7_posted_data_hash\" value=\"\" \/>\n<\/div>\n<p><span class=\"wpcf7-form-control-wrap\" data-name=\"adi\"><input type=\"text\" name=\"adi\" value=\"\" size=\"40\" class=\"wpcf7-form-control wpcf7-text wpcf7-validates-as-required\" aria-required=\"true\" aria-invalid=\"false\" placeholder=\"Ad\u0131n\u0131z\" \/><\/span><br \/>\n<span class=\"wpcf7-form-control-wrap\" data-name=\"phone\"><input type=\"text\" name=\"phone\" value=\"\" size=\"40\" class=\"wpcf7-form-control wpcf7-text wpcf7-validates-as-required\" aria-required=\"true\" aria-invalid=\"false\" placeholder=\"Telefon Numaran\u0131z\" \/><\/span><br \/>\n<span class=\"wpcf7-form-control-wrap\" data-name=\"message\"><textarea name=\"message\" cols=\"40\" rows=\"2\" class=\"wpcf7-form-control wpcf7-textarea\" aria-invalid=\"false\" placeholder=\"Mesaj\u0131n\u0131z\"><\/textarea><\/span><br \/>\n<input type=\"submit\" value=\"Formu G\u00f6nder\" class=\"wpcf7-form-control has-spinner wpcf7-submit\" \/><\/p>\n<div class=\"wpcf7-response-output\" aria-hidden=\"true\"><\/div><\/form><\/div>\t<\/div>\n\n\t\t\t<\/div>\n\t\t\t\t<\/div>\n\t\t\t\t\t<\/div>\n\t\t<\/div>\n\t\t\t\t\t\t\t<\/div>\n\t\t<\/section>\n\t\t\t\t<section class=\"elementor-section elementor-inner-section elementor-element elementor-element-afc11d9 elementor-section-boxed elementor-section-height-default elementor-section-height-default\" data-id=\"afc11d9\" data-element_type=\"section\">\n\t\t\t\t\t\t<div class=\"elementor-container elementor-column-gap-default\">\n\t\t\t\t\t<div class=\"elementor-column elementor-col-100 elementor-inner-column elementor-element elementor-element-66ec2a1\" data-id=\"66ec2a1\" data-element_type=\"column\">\n\t\t\t<div class=\"elementor-widget-wrap elementor-element-populated\">\n\t\t\t\t\t\t\t\t<div class=\"elementor-element elementor-element-314e5df elementor-widget elementor-widget-hub_fancy_heading\" data-id=\"314e5df\" data-element_type=\"widget\" data-widget_type=\"hub_fancy_heading.default\">\n\t\t\t\t<div class=\"elementor-widget-container\">\n\t\t\t\n\t\t<div id=\"ld-fancy-heading-69e3a636cb2a8\" class=\"ld-fancy-heading pos-rel\">\n\t\t\t<h6 class=\"ld-fh-element d-inline-block pos-rel  elementor-heading-title lqd-highlight-classic lqd-highlight-grow-left h6\"  > V\u00dcCUT ESTET\u0130\u011e\u0130<\/h6>\t\t<\/div>\n\n\t\t\t\t<\/div>\n\t\t\t\t<\/div>\n\t\t\t\t<div class=\"elementor-element elementor-element-875841a elementor-widget elementor-widget-ld_custom_menu\" data-id=\"875841a\" data-element_type=\"widget\" data-widget_type=\"ld_custom_menu.default\">\n\t\t\t\t<div class=\"elementor-widget-container\">\n\t\t\t\n\t\t\t<div  \n\t\t\t\tclass=\"lqd-fancy-menu lqd-custom-menu pos-rel lqd-menu-td-none\"\n\t\t\t\t\t\t\t>\n\t\t\t\n\t\t\t\t\t\t\t<ul class=\"reset-ul\" id=\"875841a\"  data-localscroll=\"true\" data-localscroll-options=\"{&quot;itemsSelector&quot;:&quot;&gt; li &gt; a&quot;,&quot;trackWindowScroll&quot;:true,&quot;includeParentAsOffset&quot;:false,&quot;offsetElements&quot;:&quot;[data-sticky-header] .lqd-head-sec-wrap:not(.lqd-hide-onstuck), #wpadminbar, body.elementor-page .main-header[data-sticky-header] &gt; .elementor &gt; .elementor-section-wrap &gt; .elementor-section:not(.lqd-hide-onstuck):not(.lqd-stickybar-wrap), body.elementor-page .main-header[data-sticky-header] &gt; .elementor &gt; .elementor-section:not(.lqd-hide-onstuck):not(.lqd-stickybar-wrap)&quot;}\">\n\t\t\t\t\n\t\t\t\t\t\t<li>\n\t\t\t\t\t\t\t<a  href=\"https:\/\/drcaturkey.com\/tr\/liposuction\" target=\"_self\" > \n\n\t\t\t\t\t\t\t\t\t\t\t\t\t\t\t\t\t<span class=\"link-icon d-inline-flex hide-if-empty right-icon icon-next-to-label\"><i aria-hidden=\"true\" class=\"lqd-icn-ess icon-ion-ios-arrow-forward\"><\/i><\/span>\t\n\t\t\t\t\t\t\t\t\n\t\t\t\t\t\t\t\t\t\t\t\t\t\t\t\t\tLiposuction  \n\t\t\t\t\t\t\t\t\t\t\t\t\t\t\t\t\t\t\t\t\t\t\t<\/a>\n\t\t\t\t\t\t\t\t\t\t\t\t\t<\/li>\n\n\t\t\t\t\t\t\n\t\t\t\t\t\t<li>\n\t\t\t\t\t\t\t<a  href=\"https:\/\/drcaturkey.com\/tr\/karin-germe\" target=\"_self\" > \n\n\t\t\t\t\t\t\t\t\t\t\t\t\t\t\t\t\t<span class=\"link-icon d-inline-flex hide-if-empty right-icon icon-next-to-label\"><i aria-hidden=\"true\" class=\"lqd-icn-ess icon-ion-ios-arrow-forward\"><\/i><\/span>\t\n\t\t\t\t\t\t\t\t\n\t\t\t\t\t\t\t\t\t\t\t\t\t\t\t\t\tKar\u0131n Germe  \n\t\t\t\t\t\t\t\t\t\t\t\t\t\t\t\t\t\t\t\t\t\t\t<\/a>\n\t\t\t\t\t\t\t\t\t\t\t\t\t<\/li>\n\n\t\t\t\t\t\t\n\t\t\t\t\t\t<li>\n\t\t\t\t\t\t\t<a  href=\"https:\/\/drcaturkey.com\/tr\/popo-kaldirma-bbl\" target=\"_self\" > \n\n\t\t\t\t\t\t\t\t\t\t\t\t\t\t\t\t\t<span class=\"link-icon d-inline-flex hide-if-empty right-icon icon-next-to-label\"><i aria-hidden=\"true\" class=\"lqd-icn-ess icon-ion-ios-arrow-forward\"><\/i><\/span>\t\n\t\t\t\t\t\t\t\t\n\t\t\t\t\t\t\t\t\t\t\t\t\t\t\t\t\tPopo Kald\u0131rma (BBL)  \n\t\t\t\t\t\t\t\t\t\t\t\t\t\t\t\t\t\t\t\t\t\t\t<\/a>\n\t\t\t\t\t\t\t\t\t\t\t\t\t<\/li>\n\n\t\t\t\t\t\t\n\t\t\t\t\t\t<li>\n\t\t\t\t\t\t\t<a  href=\"https:\/\/drcaturkey.com\/tr\/kol-germe\" target=\"_self\" > \n\n\t\t\t\t\t\t\t\t\t\t\t\t\t\t\t\t\t<span class=\"link-icon d-inline-flex hide-if-empty right-icon icon-next-to-label\"><i aria-hidden=\"true\" class=\"lqd-icn-ess icon-ion-ios-arrow-forward\"><\/i><\/span>\t\n\t\t\t\t\t\t\t\t\n\t\t\t\t\t\t\t\t\t\t\t\t\t\t\t\t\tKol Germe  \n\t\t\t\t\t\t\t\t\t\t\t\t\t\t\t\t\t\t\t\t\t\t\t<\/a>\n\t\t\t\t\t\t\t\t\t\t\t\t\t<\/li>\n\n\t\t\t\t\t\t\n\t\t\t\t\t\t<li>\n\t\t\t\t\t\t\t<a  href=\"https:\/\/drcaturkey.com\/tr\/bacak-germe\" target=\"_self\" > \n\n\t\t\t\t\t\t\t\t\t\t\t\t\t\t\t\t\t<span class=\"link-icon d-inline-flex hide-if-empty right-icon icon-next-to-label\"><i aria-hidden=\"true\" class=\"lqd-icn-ess icon-ion-ios-arrow-forward\"><\/i><\/span>\t\n\t\t\t\t\t\t\t\t\n\t\t\t\t\t\t\t\t\t\t\t\t\t\t\t\t\tBacak Germe  \n\t\t\t\t\t\t\t\t\t\t\t\t\t\t\t\t\t\t\t\t\t\t\t<\/a>\n\t\t\t\t\t\t\t\t\t\t\t\t\t<\/li>\n\n\t\t\t\t\t\t\t\t\t\t<\/ul>\n\t\t\t\t\t\t\t\t\t<\/div>\n\t\t\t\t<\/div>\n\t\t\t\t<\/div>\n\t\t\t\t\t<\/div>\n\t\t<\/div>\n\t\t\t\t\t\t\t<\/div>\n\t\t<\/section>\n\t\t\t\t\t<\/div>\n\t\t<\/div>\n\t\t\t\t<div class=\"elementor-column elementor-col-50 elementor-top-column elementor-element elementor-element-fd8f92e\" data-id=\"fd8f92e\" data-element_type=\"column\">\n\t\t\t<div class=\"elementor-widget-wrap elementor-element-populated\">\n\t\t\t\t\t\t\t\t<section class=\"elementor-section elementor-inner-section elementor-element elementor-element-03a21b0 elementor-section-boxed elementor-section-height-default elementor-section-height-default\" data-id=\"03a21b0\" data-element_type=\"section\">\n\t\t\t\t\t\t<div class=\"elementor-container elementor-column-gap-default\">\n\t\t\t\t\t<div class=\"elementor-column elementor-col-100 elementor-inner-column elementor-element elementor-element-f3e0541\" data-id=\"f3e0541\" data-element_type=\"column\">\n\t\t\t<div class=\"elementor-widget-wrap elementor-element-populated\">\n\t\t\t\t\t\t\t\t<div class=\"elementor-element elementor-element-9dd2e4d elementor-widget elementor-widget-hub_fancy_heading\" data-id=\"9dd2e4d\" data-element_type=\"widget\" data-widget_type=\"hub_fancy_heading.default\">\n\t\t\t\t<div class=\"elementor-widget-container\">\n\t\t\t\n\t\t<div id=\"ld-fancy-heading-69e3a636e2c23\" class=\"ld-fancy-heading pos-rel\">\n\t\t\t<h6 class=\"ld-fh-element d-inline-block pos-rel  elementor-heading-title lqd-highlight-classic lqd-highlight-grow-left h6\"  > bacak germe<\/h6>\t\t<\/div>\n\n\t\t\t\t<\/div>\n\t\t\t\t<\/div>\n\t\t\t\t<div class=\"elementor-element elementor-element-18397ba elementor-widget elementor-widget-text-editor\" data-id=\"18397ba\" data-element_type=\"widget\" data-widget_type=\"text-editor.default\">\n\t\t\t\t<div class=\"elementor-widget-container\">\n\t\t\t<style>\/*! elementor - v3.7.4 - 31-08-2022 *\/\n.elementor-widget-text-editor.elementor-drop-cap-view-stacked .elementor-drop-cap{background-color:#818a91;color:#fff}.elementor-widget-text-editor.elementor-drop-cap-view-framed .elementor-drop-cap{color:#818a91;border:3px solid;background-color:transparent}.elementor-widget-text-editor:not(.elementor-drop-cap-view-default) .elementor-drop-cap{margin-top:8px}.elementor-widget-text-editor:not(.elementor-drop-cap-view-default) .elementor-drop-cap-letter{width:1em;height:1em}.elementor-widget-text-editor .elementor-drop-cap{float:left;text-align:center;line-height:1;font-size:50px}.elementor-widget-text-editor .elementor-drop-cap-letter{display:inline-block}<\/style>\t\t\t\t<p>Bireylerde meydana gelen bacak derisinde sarkman\u0131n en kesin tedavisi bacak germe ameliyat\u0131 olmalar\u0131d\u0131r. Olduk\u00e7a ba\u015far\u0131l\u0131 sonu\u00e7lar elde edilen bir ameliyat t\u00fcr\u00fcd\u00fcr. Fazla kilo al\u0131p verme, hareketsizlik ve ya\u011fl\u0131 beslenme sonucu olu\u015fan deri sarkmas\u0131 bu \u015fekilde tedavi edilebilir.<\/p><p><strong>Bacak germe ameliyat\u0131 nas\u0131l yap\u0131l\u0131r?<\/strong><\/p><p>Ameliyat i\u00e7in steril, ameliyathane \u015fartlar\u0131 gerekir. Uzman hekim taraf\u0131ndan yap\u0131l\u0131r. Bacak b\u00f6lgesindeki sarkman\u0131n giderilmesi i\u00e7in fazla deri \u00e7\u0131kar\u0131l\u0131r. B\u00f6ylece bacak germe ameliyat\u0131 sonras\u0131nda toparlanma ve s\u0131k\u0131la\u015fma elde edilir.<\/p><p><strong>Bacak germe ameliyat\u0131 kimler i\u00e7in uygundur?<\/strong><\/p><p>H\u0131zl\u0131 kilo al\u0131p verme ya da fazla miktarda kilo kayb\u0131 ya\u015fama gibi sebepler dolay\u0131s\u0131yla bacak derisinde sarkma ve \u00e7atlaklar g\u00f6zlenebilir. Bu durum \u00f6zellikle \u00fcst bacak b\u00f6lgesinde belirgindir. Bacak germe ameliyat\u0131 fiyatlar\u0131 ise ameliyat edilecek b\u00f6lgeye ve ek i\u015flem yap\u0131l\u0131p yap\u0131lmamas\u0131na g\u00f6re de\u011fi\u015fir. Derinin sarkmas\u0131, ba\u015fka y\u00f6ntemlerle giderilemez. Bu nedenle ki\u015filere \u00f6nerilecek en kesin y\u00f6ntem cerrahi m\u00fcdahale olacakt\u0131r.<\/p><p><strong>Bacak germe ameliyat\u0131 \u00f6ncesi<\/strong><\/p><p>Ameliyat \u00f6ncesi, bacak derisi sarkm\u0131\u015f durumdad\u0131r. Hatta yer yer \u00e7atlaklar\u0131n olmas\u0131 beklenen bir durumdur. Kilo al\u0131p verme sonras\u0131nda bu bulgu kar\u015f\u0131m\u0131za \u00e7\u0131kabilir. Ameliyat karar\u0131 al\u0131nmadan \u00f6nce ki\u015finin ayr\u0131nt\u0131l\u0131 bir \u015fekilde de\u011ferlendirilmesi ve ameliyata uygunlu\u011funun ara\u015ft\u0131r\u0131lmas\u0131 \u00f6nem ta\u015f\u0131r.<\/p><p>Ameliyattan iki hafta kadar \u00f6nce, e\u011fer i\u00e7iyorsan\u0131z sigaray\u0131 b\u0131rakm\u0131\u015f olman\u0131z \u00f6nerilir. Sigara i\u00e7mek damarlar\u0131n daralmas\u0131na yol a\u00e7ar. Dola\u0131s\u0131yla ameliyat yerinin kanlanmas\u0131 bozulur ve iyile\u015fme gecikir. Bu nedenle t\u00fcm ameliyatlarda oldu\u011fu gibi bacak germe ameliyat\u0131 \u00f6ncesinde de sigaray\u0131 b\u0131rakman\u0131z, daha h\u0131zl\u0131 iyile\u015febilmenizi sa\u011flar.<\/p><p><strong>Bacak germe ameliyat\u0131 sonras\u0131<\/strong><\/p><p>Bacaklarda olu\u015fan sarkman\u0131n gideilmesi amac\u0131yla ger\u00e7ekle\u015ftirilen bu amelyat sonras\u0131 istirahat \u00e7ok \u00f6nemlidir. Doktorunuz taraf\u0131ndan \u00f6nerilen s\u00fcre boyunca istirahat etmeniz gerekir. Sonras\u0131nda ise a\u011f\u0131r egzersizlerden ka\u00e7\u0131nmak en do\u011frusu olacakt\u0131r. \u0130yile\u015fme tamamlanana kadar bacak kaslar\u0131n\u0131z\u0131 zorlayacak a\u011f\u0131r i\u015flerden ka\u00e7\u0131nman\u0131z, iyile\u015fmenin daha h\u0131zl\u0131 tamamlanmas\u0131n\u0131 sa\u011flar. Bacak germe ameliyat\u0131 sonras\u0131 bacaklar\u0131n\u0131zdaki toparlanma ve s\u0131k\u0131la\u015fma sizin i\u00e7in olduk\u00e7a \u015fa\u015f\u0131rt\u0131c\u0131 ve memnun edici olacakt\u0131r.<\/p><p><strong>Bacak germe ameliyat\u0131 olanlar nelere dikkat etmeli?<\/strong><\/p><p>Bu operasyon sonras\u0131nda diki\u015f yerlerinin temiz tutulmas\u0131 \u00f6nem ta\u015f\u0131r. Aksi halde yara yeri enfeksiyonu riski mevcuttur. Belirtilen s\u00fcre boyunca istirahat etmek ve a\u011f\u0131r egzersizden ka\u00e7\u0131nmak gerekir. Yakla\u015f\u0131k bir hafta \u2013 10 g\u00fcn sonra i\u015f hayat\u0131n\u0131za d\u00f6nebilirsiniz. Ayr\u0131ca ilk g\u00fcnler a\u011fr\u0131 hissetmeniz gayet normaldir. Bu dayan\u0131lmayacak bir a\u011fr\u0131 de\u011fildir. Ameliyat\u0131 ger\u00e7ekle\u015ftiren doktorunuzun \u00f6nerisiyle a\u011fr\u0131 kesici i\u00e7ebilirsiniz. Ameliyat sonras\u0131nda sigara i\u00e7memeniz, iyile\u015fmenin daha h\u0131zl\u0131 ve sorunsuz olmas\u0131n\u0131 sa\u011flar.<\/p>\t\t\t\t\t\t<\/div>\n\t\t\t\t<\/div>\n\t\t\t\t\t<\/div>\n\t\t<\/div>\n\t\t\t\t\t\t\t<\/div>\n\t\t<\/section>\n\t\t\t\t\t<\/div>\n\t\t<\/div>\n\t\t\t\t\t\t\t<\/div>\n\t\t<\/section>\n\t\t\t\t\t\t\t<\/div>\n\t\t","protected":false},"excerpt":{"rendered":"<p>Bacak Germe Anasayfa RANDEVU TALEP ET V\u00dcCUT ESTET\u0130\u011e\u0130 Liposuction Kar\u0131n Germe Popo Kald\u0131rma (BBL) Kol Germe Bacak Germe bacak germe Bireylerde meydana gelen bacak derisinde sarkman\u0131n en kesin tedavisi bacak germe ameliyat\u0131 olmalar\u0131d\u0131r. Olduk\u00e7a ba\u015far\u0131l\u0131 sonu\u00e7lar elde edilen bir ameliyat t\u00fcr\u00fcd\u00fcr. Fazla kilo al\u0131p verme, hareketsizlik ve ya\u011fl\u0131 beslenme sonucu olu\u015fan deri sarkmas\u0131 bu \u015fekilde [&hellip;]<\/p>\n","protected":false},"author":1,"featured_media":0,"parent":0,"menu_order":0,"comment_status":"closed","ping_status":"closed","template":"","meta":{"footnotes":""},"class_list":["post-1091","page","type-page","status-publish","hentry"],"_links":{"self":[{"href":"https:\/\/drcaturkey.com\/tr\/wp-json\/wp\/v2\/pages\/1091","targetHints":{"allow":["GET"]}}],"collection":[{"href":"https:\/\/drcaturkey.com\/tr\/wp-json\/wp\/v2\/pages"}],"about":[{"href":"https:\/\/drcaturkey.com\/tr\/wp-json\/wp\/v2\/types\/page"}],"author":[{"embeddable":true,"href":"https:\/\/drcaturkey.com\/tr\/wp-json\/wp\/v2\/users\/1"}],"replies":[{"embeddable":true,"href":"https:\/\/drcaturkey.com\/tr\/wp-json\/wp\/v2\/comments?post=1091"}],"version-history":[{"count":22,"href":"https:\/\/drcaturkey.com\/tr\/wp-json\/wp\/v2\/pages\/1091\/revisions"}],"predecessor-version":[{"id":2485,"href":"https:\/\/drcaturkey.com\/tr\/wp-json\/wp\/v2\/pages\/1091\/revisions\/2485"}],"wp:attachment":[{"href":"https:\/\/drcaturkey.com\/tr\/wp-json\/wp\/v2\/media?parent=1091"}],"curies":[{"name":"wp","href":"https:\/\/api.w.org\/{rel}","templated":true}]}}