{"id":1093,"date":"2022-09-02T00:55:07","date_gmt":"2022-09-01T21:55:07","guid":{"rendered":"https:\/\/drcaturkey.com\/tr\/?page_id=1093"},"modified":"2023-03-02T15:23:51","modified_gmt":"2023-03-02T12:23:51","slug":"dhi-sac-ekimi","status":"publish","type":"page","link":"https:\/\/drcaturkey.com\/tr\/dhi-sac-ekimi","title":{"rendered":"DHI Sa\u00e7 Ekimi"},"content":{"rendered":"\t\t<div data-elementor-type=\"wp-page\" data-elementor-id=\"1093\" class=\"elementor elementor-1093\">\n\t\t\t\t\t\t\t\t\t<section class=\"elementor-section elementor-top-section elementor-element elementor-element-497898a elementor-section-boxed elementor-section-height-default elementor-section-height-default\" data-id=\"497898a\" data-element_type=\"section\" data-settings=\"{&quot;background_background&quot;:&quot;classic&quot;}\">\n\t\t\t\t\t\t<div class=\"elementor-container elementor-column-gap-default\">\n\t\t\t\t\t<div class=\"elementor-column elementor-col-100 elementor-top-column elementor-element elementor-element-af0b21c\" data-id=\"af0b21c\" data-element_type=\"column\">\n\t\t\t<div class=\"elementor-widget-wrap elementor-element-populated\">\n\t\t\t\t\t\t\t\t<section class=\"elementor-section elementor-inner-section elementor-element elementor-element-6788a10 elementor-section-boxed elementor-section-height-default elementor-section-height-default\" data-id=\"6788a10\" data-element_type=\"section\">\n\t\t\t\t\t\t<div class=\"elementor-container elementor-column-gap-default\">\n\t\t\t\t\t<div class=\"elementor-column elementor-col-100 elementor-inner-column elementor-element elementor-element-5c8dc72\" data-id=\"5c8dc72\" data-element_type=\"column\">\n\t\t\t<div class=\"elementor-widget-wrap elementor-element-populated\">\n\t\t\t\t\t\t\t\t<div class=\"elementor-element elementor-element-3bf2e40 elementor-widget elementor-widget-hub_fancy_heading\" data-id=\"3bf2e40\" data-element_type=\"widget\" data-widget_type=\"hub_fancy_heading.default\">\n\t\t\t\t<div class=\"elementor-widget-container\">\n\t\t\t\n\t\t<div id=\"ld-fancy-heading-69e89f9c464c9\" class=\"ld-fancy-heading pos-rel\">\n\t\t\t<h1 class=\"ld-fh-element d-inline-block pos-rel  elementor-heading-title lqd-highlight-classic lqd-highlight-grow-left h1\"  > DHI Sa\u00e7 Ekimi<\/h1>\t\t<\/div>\n\n\t\t\t\t<\/div>\n\t\t\t\t<\/div>\n\t\t\t\t<div class=\"elementor-element elementor-element-7b00963 elementor-widget__width-auto elementor-widget elementor-widget-ld_breadcrumb\" data-id=\"7b00963\" data-element_type=\"widget\" data-widget_type=\"ld_breadcrumb.default\">\n\t\t\t\t<div class=\"elementor-widget-container\">\n\t\t\t<div class=\"lqd-breadcrumb-wrapper\"><div class=\"lqd-shop-topbar-breadcrumb\"><nav class=\"woocommerce-breadcrumb mb-4 mb-md-0\"><ul class=\"breadcrumb reset-ul inline-nav comma-sep-li\"><li>Anasayfa<\/li><\/ul><\/nav><\/div><\/div>\t\t<\/div>\n\t\t\t\t<\/div>\n\t\t\t\t\t<\/div>\n\t\t<\/div>\n\t\t\t\t\t\t\t<\/div>\n\t\t<\/section>\n\t\t\t\t\t<\/div>\n\t\t<\/div>\n\t\t\t\t\t\t\t<\/div>\n\t\t<\/section>\n\t\t\t\t<section class=\"elementor-section elementor-top-section elementor-element elementor-element-bf19241 elementor-section-boxed elementor-section-height-default elementor-section-height-default\" data-id=\"bf19241\" data-element_type=\"section\">\n\t\t\t\t\t\t<div class=\"elementor-container elementor-column-gap-default\">\n\t\t\t\t\t<div class=\"lqd-css-sticky-column elementor-column elementor-col-50 elementor-top-column elementor-element elementor-element-a1dd9ab elementor-hidden-mobile\" style=\"--lqd-sticky-offset:30px\" data-id=\"a1dd9ab\" data-element_type=\"column\">\n\t\t\t<div class=\"elementor-widget-wrap elementor-element-populated\">\n\t\t\t\t\t\t\t\t<section class=\"elementor-section elementor-inner-section elementor-element elementor-element-e97d0cd elementor-section-boxed elementor-section-height-default elementor-section-height-default\" data-id=\"e97d0cd\" data-element_type=\"section\" data-settings=\"{&quot;background_background&quot;:&quot;classic&quot;}\">\n\t\t\t\t\t\t<div class=\"elementor-container elementor-column-gap-default\">\n\t\t\t\t\t<div class=\"elementor-column elementor-col-100 elementor-inner-column elementor-element elementor-element-c092f91\" data-id=\"c092f91\" data-element_type=\"column\">\n\t\t\t<div class=\"elementor-widget-wrap elementor-element-populated\">\n\t\t\t\t\t\t\t\t<div class=\"elementor-element elementor-element-2fdf200 elementor-widget elementor-widget-hub_fancy_heading\" data-id=\"2fdf200\" data-element_type=\"widget\" data-widget_type=\"hub_fancy_heading.default\">\n\t\t\t\t<div class=\"elementor-widget-container\">\n\t\t\t\n\t\t<div id=\"ld-fancy-heading-69e89f9c49244\" class=\"ld-fancy-heading pos-rel\">\n\t\t\t<h6 class=\"ld-fh-element d-inline-block pos-rel  elementor-heading-title lqd-highlight-classic lqd-highlight-grow-left h6\"  > RANDEVU TALEP ET<\/h6>\t\t<\/div>\n\n\t\t\t\t<\/div>\n\t\t\t\t<\/div>\n\t\t\t\t<div class=\"elementor-element elementor-element-98c2ece elementor-widget elementor-widget-ld_cf722\" data-id=\"98c2ece\" data-element_type=\"widget\" data-widget_type=\"ld_cf722.default\">\n\t\t\t\t<div class=\"elementor-widget-container\">\n\t\t\t\n\t<div class=\"lqd-contact-form lqd-contact-form-inputs-underlined lqd-contact-form-button-block lqd-contact-form-button-circle lqd-contact-form-inputs-sm\" >\n\t\t<div role=\"form\" class=\"wpcf7\" id=\"wpcf7-f6-o1\" lang=\"tr-TR\" dir=\"ltr\">\n<div class=\"screen-reader-response\"><p role=\"status\" aria-live=\"polite\" aria-atomic=\"true\"><\/p> <ul><\/ul><\/div>\n<form action=\"\/tr\/wp-json\/wp\/v2\/pages\/1093#wpcf7-f6-o1\" method=\"post\" class=\"wpcf7-form init\" novalidate=\"novalidate\" data-status=\"init\">\n<div style=\"display: none;\">\n<input type=\"hidden\" name=\"_wpcf7\" value=\"6\" \/>\n<input type=\"hidden\" name=\"_wpcf7_version\" value=\"5.6.3\" \/>\n<input type=\"hidden\" name=\"_wpcf7_locale\" value=\"tr_TR\" \/>\n<input type=\"hidden\" name=\"_wpcf7_unit_tag\" value=\"wpcf7-f6-o1\" \/>\n<input type=\"hidden\" name=\"_wpcf7_container_post\" value=\"0\" \/>\n<input type=\"hidden\" name=\"_wpcf7_posted_data_hash\" value=\"\" \/>\n<\/div>\n<p><span class=\"wpcf7-form-control-wrap\" data-name=\"adi\"><input type=\"text\" name=\"adi\" value=\"\" size=\"40\" class=\"wpcf7-form-control wpcf7-text wpcf7-validates-as-required\" aria-required=\"true\" aria-invalid=\"false\" placeholder=\"Ad\u0131n\u0131z\" \/><\/span><br \/>\n<span class=\"wpcf7-form-control-wrap\" data-name=\"phone\"><input type=\"text\" name=\"phone\" value=\"\" size=\"40\" class=\"wpcf7-form-control wpcf7-text wpcf7-validates-as-required\" aria-required=\"true\" aria-invalid=\"false\" placeholder=\"Telefon Numaran\u0131z\" \/><\/span><br \/>\n<span class=\"wpcf7-form-control-wrap\" data-name=\"message\"><textarea name=\"message\" cols=\"40\" rows=\"2\" class=\"wpcf7-form-control wpcf7-textarea\" aria-invalid=\"false\" placeholder=\"Mesaj\u0131n\u0131z\"><\/textarea><\/span><br \/>\n<input type=\"submit\" value=\"Formu G\u00f6nder\" class=\"wpcf7-form-control has-spinner wpcf7-submit\" \/><\/p>\n<div class=\"wpcf7-response-output\" aria-hidden=\"true\"><\/div><\/form><\/div>\t<\/div>\n\n\t\t\t<\/div>\n\t\t\t\t<\/div>\n\t\t\t\t\t<\/div>\n\t\t<\/div>\n\t\t\t\t\t\t\t<\/div>\n\t\t<\/section>\n\t\t\t\t<section class=\"elementor-section elementor-inner-section elementor-element elementor-element-06015b6 elementor-section-boxed elementor-section-height-default elementor-section-height-default\" data-id=\"06015b6\" data-element_type=\"section\">\n\t\t\t\t\t\t<div class=\"elementor-container elementor-column-gap-default\">\n\t\t\t\t\t<div class=\"elementor-column elementor-col-100 elementor-inner-column elementor-element elementor-element-cee926a\" data-id=\"cee926a\" data-element_type=\"column\">\n\t\t\t<div class=\"elementor-widget-wrap elementor-element-populated\">\n\t\t\t\t\t\t\t\t<div class=\"elementor-element elementor-element-e90c4e4 elementor-widget elementor-widget-hub_fancy_heading\" data-id=\"e90c4e4\" data-element_type=\"widget\" data-widget_type=\"hub_fancy_heading.default\">\n\t\t\t\t<div class=\"elementor-widget-container\">\n\t\t\t\n\t\t<div id=\"ld-fancy-heading-69e89f9c5de36\" class=\"ld-fancy-heading pos-rel\">\n\t\t\t<h6 class=\"ld-fh-element d-inline-block pos-rel  elementor-heading-title lqd-highlight-classic lqd-highlight-grow-left h6\"  > Sa\u00e7 ekimi<\/h6>\t\t<\/div>\n\n\t\t\t\t<\/div>\n\t\t\t\t<\/div>\n\t\t\t\t<div class=\"elementor-element elementor-element-ff94f1b elementor-widget elementor-widget-ld_custom_menu\" data-id=\"ff94f1b\" data-element_type=\"widget\" data-widget_type=\"ld_custom_menu.default\">\n\t\t\t\t<div class=\"elementor-widget-container\">\n\t\t\t\n\t\t\t<div  \n\t\t\t\tclass=\"lqd-fancy-menu lqd-custom-menu pos-rel lqd-menu-td-none\"\n\t\t\t\t\t\t\t>\n\t\t\t\n\t\t\t\t\t\t\t<ul class=\"reset-ul\" id=\"ff94f1b\"  data-localscroll=\"true\" data-localscroll-options=\"{&quot;itemsSelector&quot;:&quot;&gt; li &gt; a&quot;,&quot;trackWindowScroll&quot;:true,&quot;includeParentAsOffset&quot;:false,&quot;offsetElements&quot;:&quot;[data-sticky-header] .lqd-head-sec-wrap:not(.lqd-hide-onstuck), #wpadminbar, body.elementor-page .main-header[data-sticky-header] &gt; .elementor &gt; .elementor-section-wrap &gt; .elementor-section:not(.lqd-hide-onstuck):not(.lqd-stickybar-wrap), body.elementor-page .main-header[data-sticky-header] &gt; .elementor &gt; .elementor-section:not(.lqd-hide-onstuck):not(.lqd-stickybar-wrap)&quot;}\">\n\t\t\t\t\n\t\t\t\t\t\t<li>\n\t\t\t\t\t\t\t<a  href=\"https:\/\/drcaturkey.com\/tr\/fue-sac-ekimi\" target=\"_self\" > \n\n\t\t\t\t\t\t\t\t\t\t\t\t\t\t\t\t\t<span class=\"link-icon d-inline-flex hide-if-empty right-icon icon-next-to-label\"><i aria-hidden=\"true\" class=\"lqd-icn-ess icon-ion-ios-arrow-forward\"><\/i><\/span>\t\n\t\t\t\t\t\t\t\t\n\t\t\t\t\t\t\t\t\t\t\t\t\t\t\t\t\tFUE Sa\u00e7 Ekimi  \n\t\t\t\t\t\t\t\t\t\t\t\t\t\t\t\t\t\t\t\t\t\t\t<\/a>\n\t\t\t\t\t\t\t\t\t\t\t\t\t<\/li>\n\n\t\t\t\t\t\t\n\t\t\t\t\t\t<li>\n\t\t\t\t\t\t\t<a  href=\"https:\/\/drcaturkey.com\/tr\/dhi-sac-ekimi\" target=\"_self\" > \n\n\t\t\t\t\t\t\t\t\t\t\t\t\t\t\t\t\t<span class=\"link-icon d-inline-flex hide-if-empty right-icon icon-next-to-label\"><i aria-hidden=\"true\" class=\"lqd-icn-ess icon-ion-ios-arrow-forward\"><\/i><\/span>\t\n\t\t\t\t\t\t\t\t\n\t\t\t\t\t\t\t\t\t\t\t\t\t\t\t\t\tDHI Sa\u00e7 Ekimi  \n\t\t\t\t\t\t\t\t\t\t\t\t\t\t\t\t\t\t\t\t\t\t\t<\/a>\n\t\t\t\t\t\t\t\t\t\t\t\t\t<\/li>\n\n\t\t\t\t\t\t\n\t\t\t\t\t\t<li>\n\t\t\t\t\t\t\t<a  href=\"https:\/\/drcaturkey.com\/tr\/safir-sac-ekimi\" target=\"_self\" > \n\n\t\t\t\t\t\t\t\t\t\t\t\t\t\t\t\t\t<span class=\"link-icon d-inline-flex hide-if-empty right-icon icon-next-to-label\"><i aria-hidden=\"true\" class=\"lqd-icn-ess icon-ion-ios-arrow-forward\"><\/i><\/span>\t\n\t\t\t\t\t\t\t\t\n\t\t\t\t\t\t\t\t\t\t\t\t\t\t\t\t\tSafir Sa\u00e7 Ekimi  \n\t\t\t\t\t\t\t\t\t\t\t\t\t\t\t\t\t\t\t\t\t\t\t<\/a>\n\t\t\t\t\t\t\t\t\t\t\t\t\t<\/li>\n\n\t\t\t\t\t\t\n\t\t\t\t\t\t<li>\n\t\t\t\t\t\t\t<a  href=\"https:\/\/drcaturkey.com\/tr\/tirassiz-sac-ekimi\" target=\"_self\" > \n\n\t\t\t\t\t\t\t\t\t\t\t\t\t\t\t\t\t<span class=\"link-icon d-inline-flex hide-if-empty right-icon icon-next-to-label\"><i aria-hidden=\"true\" class=\"lqd-icn-ess icon-ion-ios-arrow-forward\"><\/i><\/span>\t\n\t\t\t\t\t\t\t\t\n\t\t\t\t\t\t\t\t\t\t\t\t\t\t\t\t\tT\u0131ra\u015fs\u0131z Sa\u00e7 Ekimi  \n\t\t\t\t\t\t\t\t\t\t\t\t\t\t\t\t\t\t\t\t\t\t\t<\/a>\n\t\t\t\t\t\t\t\t\t\t\t\t\t<\/li>\n\n\t\t\t\t\t\t\n\t\t\t\t\t\t<li>\n\t\t\t\t\t\t\t<a  href=\"https:\/\/drcaturkey.com\/tr\/sakal-ve-biyik-ekimi\" target=\"_self\" > \n\n\t\t\t\t\t\t\t\t\t\t\t\t\t\t\t\t\t<span class=\"link-icon d-inline-flex hide-if-empty right-icon icon-next-to-label\"><i aria-hidden=\"true\" class=\"lqd-icn-ess icon-ion-ios-arrow-forward\"><\/i><\/span>\t\n\t\t\t\t\t\t\t\t\n\t\t\t\t\t\t\t\t\t\t\t\t\t\t\t\t\tSakal ve B\u0131y\u0131k Ekimi  \n\t\t\t\t\t\t\t\t\t\t\t\t\t\t\t\t\t\t\t\t\t\t\t<\/a>\n\t\t\t\t\t\t\t\t\t\t\t\t\t<\/li>\n\n\t\t\t\t\t\t\t\t\t\t<\/ul>\n\t\t\t\t\t\t\t\t\t<\/div>\n\t\t\t\t<\/div>\n\t\t\t\t<\/div>\n\t\t\t\t\t<\/div>\n\t\t<\/div>\n\t\t\t\t\t\t\t<\/div>\n\t\t<\/section>\n\t\t\t\t\t<\/div>\n\t\t<\/div>\n\t\t\t\t<div class=\"elementor-column elementor-col-50 elementor-top-column elementor-element elementor-element-f7e4c5c\" data-id=\"f7e4c5c\" data-element_type=\"column\">\n\t\t\t<div class=\"elementor-widget-wrap elementor-element-populated\">\n\t\t\t\t\t\t\t\t<section class=\"elementor-section elementor-inner-section elementor-element elementor-element-7cc26a6 elementor-section-boxed elementor-section-height-default elementor-section-height-default\" data-id=\"7cc26a6\" data-element_type=\"section\">\n\t\t\t\t\t\t<div class=\"elementor-container elementor-column-gap-default\">\n\t\t\t\t\t<div class=\"elementor-column elementor-col-100 elementor-inner-column elementor-element elementor-element-559a35b\" data-id=\"559a35b\" data-element_type=\"column\">\n\t\t\t<div class=\"elementor-widget-wrap elementor-element-populated\">\n\t\t\t\t\t\t\t\t<div class=\"elementor-element elementor-element-5cad54e elementor-widget elementor-widget-hub_fancy_heading\" data-id=\"5cad54e\" data-element_type=\"widget\" data-widget_type=\"hub_fancy_heading.default\">\n\t\t\t\t<div class=\"elementor-widget-container\">\n\t\t\t\n\t\t<div id=\"ld-fancy-heading-69e89f9c63062\" class=\"ld-fancy-heading pos-rel\">\n\t\t\t<h6 class=\"ld-fh-element d-inline-block pos-rel  elementor-heading-title lqd-highlight-classic lqd-highlight-grow-left h6\"  > dh\u0131 sa\u00e7 ekimi<\/h6>\t\t<\/div>\n\n\t\t\t\t<\/div>\n\t\t\t\t<\/div>\n\t\t\t\t<div class=\"elementor-element elementor-element-1b36992 elementor-widget elementor-widget-text-editor\" data-id=\"1b36992\" data-element_type=\"widget\" data-widget_type=\"text-editor.default\">\n\t\t\t\t<div class=\"elementor-widget-container\">\n\t\t\t<style>\/*! elementor - v3.7.4 - 31-08-2022 *\/\n.elementor-widget-text-editor.elementor-drop-cap-view-stacked .elementor-drop-cap{background-color:#818a91;color:#fff}.elementor-widget-text-editor.elementor-drop-cap-view-framed .elementor-drop-cap{color:#818a91;border:3px solid;background-color:transparent}.elementor-widget-text-editor:not(.elementor-drop-cap-view-default) .elementor-drop-cap{margin-top:8px}.elementor-widget-text-editor:not(.elementor-drop-cap-view-default) .elementor-drop-cap-letter{width:1em;height:1em}.elementor-widget-text-editor .elementor-drop-cap{float:left;text-align:center;line-height:1;font-size:50px}.elementor-widget-text-editor .elementor-drop-cap-letter{display:inline-block}<\/style>\t\t\t\t<p>DHI Sa\u00e7 Ekimi (Direct Hair Implantation) \u201cDo\u011frudan Sa\u00e7 Ekimi\u201d anlam\u0131na gelir. Bu y\u00f6ntemde sadece uzman ki\u015filer taraf\u0131ndan kullan\u0131lmas\u0131 gereken choi adl\u0131 medikal kalem sayesinde greftler toplan\u0131r, ard\u0131ndan yine bu kalem sayesinde al\u0131nan sa\u00e7lar cilde kesi, kanal a\u00e7\u0131lmadan direkt olarak yerle\u015ftirilir. Bilinen sa\u00e7 ekim y\u00f6ntemlerinde bu iki i\u015flem ayr\u0131 seferlerde yap\u0131l\u0131rken, kullan\u0131lan \u00f6zel kalem sayesinde i\u015flem teke d\u00fc\u015f\u00fcr\u00fclerek hastaya konfor ve kolayl\u0131k sa\u011flanm\u0131\u015f olur. K\u0131sacas\u0131 FUE denilen sa\u00e7 ekimi tekni\u011finde i\u015flem \u00fc\u00e7 a\u015famal\u0131 iken DHI\u2019 da iki a\u015famal\u0131d\u0131r. Uygulamadaki ama\u00e7; sa\u00e7 ekiminde kaliteyi art\u0131rmak, yo\u011fun g\u00f6r\u00fcnt\u00fcy\u00fc sa\u011flamak, mevcut sa\u00e7l\u0131 g\u00f6r\u00fcnt\u00fcy\u00fc koruyarak sa\u00e7\u0131 k\u0131saltmadan sa\u00e7 ekimi yapt\u0131ran ki\u015finin h\u0131zla g\u00fcnl\u00fck hayat\u0131na d\u00f6nmesini sa\u011flamakt\u0131r.<\/p><p><strong>Dhi tekni\u011fi ile sa\u00e7 ekimi nas\u0131l yap\u0131l\u0131r?<\/strong><\/p><p>Dhi sa\u00e7 ekimi tekni\u011fi ile sa\u00e7 ekimi lokal anestezi alt\u0131nda, tra\u015fl\u0131 ya da tra\u015fs\u0131z olarak yap\u0131labilir. Don\u00f6r b\u00f6lgeden al\u0131nan sa\u00e7 k\u00f6kleri, Dhi kalem arac\u0131l\u0131\u011f\u0131yla al\u0131c\u0131 b\u00f6lgeye direkt olarak ekilir.<\/p><p>Don\u00f6r b\u00f6lgeden al\u0131nan folik\u00fcler \u00fcnite, Choi i\u011fnesinin i\u00e7ine yerle\u015ftirilir. 40-45 derece a\u00e7\u0131yla, farkl\u0131 \u00e7aplardaki i\u011fnelere yerle\u015ftirilen uygun kal\u0131nl\u0131ktaki sa\u00e7 k\u00f6kleri, \u00f6nceden olu\u015fturulan planlamaya uygun olarak sa\u00e7land\u0131rma yap\u0131lacak alana tek tek ekilir. Choi i\u011fnesi, sa\u00e7 k\u00f6k\u00fcn\u00fc iterken ayn\u0131 anda kafa derisine a\u00e7t\u0131\u011f\u0131 kanala sa\u00e7 k\u00f6k\u00fcn\u00fc yerle\u015ftirir.<\/p><p>Dhi sa\u00e7 ekimi operasyonunda en az 2 Choi kalem ve ortalama 10-12 adet farkl\u0131 Choi ucu kullan\u0131l\u0131r. \u00c7aplar\u0131 de\u011fi\u015fen u\u00e7lar ve kalemler, operasyondan \u00f6nce, sa\u00e7 teli kal\u0131nl\u0131\u011f\u0131na g\u00f6re ki\u015fiye \u00f6zel olarak se\u00e7ilir.<\/p><p><strong>A\u015famalar\u0131 nelerdir?<\/strong><\/p><p>Don\u00f6r b\u00f6lgeye lokal anestezi uygulanarak sa\u00e7 k\u00f6kleri rahatlat\u0131l\u0131r ve \u00f6zel kalem ile sa\u00e7 k\u00f6kleri toplan\u0131r. Ard\u0131ndan toplanan sa\u00e7 k\u00f6klerinin bu \u00f6zel cihaz sayesinde kafa derisine yerle\u015ftirilme i\u015flemine ba\u015flan\u0131r.<\/p><p>Sa\u00e7 k\u00f6kleri \u00f6zel choi kalemi sayesinde kafa derisine yerle\u015ftirir. Bu kalem, \u00e7ok ince, sivri ancak \u00f6zel yap\u0131s\u0131 gere\u011fi i\u00e7ine sa\u00e7 k\u00f6k\u00fc yerle\u015ftirilebilecek bir uca sahiptir. Kafa derisine uygun a\u00e7\u0131yla bat\u0131r\u0131lan ince u\u00e7lu bu medikal kalem, arkas\u0131ndaki \u00f6zel b\u00f6lgeye bas\u0131ld\u0131\u011f\u0131nda i\u00e7erisindeki sa\u00e7 k\u00f6k\u00fcn\u00fc kafa derisine yerle\u015ftirmi\u015f olur.<\/p><p>Sa\u011fl\u0131kl\u0131 dokulara zarar vermeden uygulanan bu y\u00f6ntem \u00e7ok daha s\u0131k ekimlere imkan tan\u0131mas\u0131 a\u00e7\u0131s\u0131ndan avantajl\u0131d\u0131r.<\/p><p>Genelde bu y\u00f6ntemin tercih edilme sebebi; k\u00f6kler al\u0131nd\u0131ktan sonra bekletilmeden hemen yerle\u015ftirilmesidir. B\u00f6ylece tutma oran\u0131 ve greftlerin sa\u011fl\u0131kl\u0131 kalma ihtimali y\u00fckselir. Eskiden beri var olan bir teknik olmas\u0131na ra\u011fmen son zamanlarda y\u0131ld\u0131z\u0131 parlam\u0131\u015ft\u0131r.<\/p><p>Yakla\u015f\u0131k 10-12 saat kadar s\u00fcren i\u015flemin tecr\u00fcbeli ki\u015filer taraf\u0131ndan yap\u0131lmas\u0131 son derece \u00f6nemlidir. Robotik sa\u00e7 cerrahisi ve Fue y\u00f6nteminde oldu\u011fu gibi i\u015flem sonras\u0131 birinci g\u00fcn kontrol yap\u0131l\u0131r. \u0130kinci g\u00fcn y\u0131kama ba\u015flar ve sekiz g\u00fcn boyunca devam eder.<\/p><p><strong>Avantajlar\u0131 nelerdir?<\/strong><\/p><ul><li>Kanal a\u00e7ma ve sa\u00e7 k\u00f6k\u00fcn\u00fc yerine yerle\u015ftirme i\u015fleminin ayn\u0131 anda yap\u0131lmas\u0131, toplanan sa\u00e7 k\u00f6klerinin uzun s\u00fcre beklemeden yerine yerle\u015ftirilmesine imkan sa\u011flar.<\/li><li>\u00c7ok daha s\u0131k ekim yap\u0131lmas\u0131na ve \u00e7ok daha do\u011fal g\u00f6r\u00fcn\u00fcmler elde etmeye olanak sa\u011flar.<\/li><li>\u00d6zel aleti sayesinde sa\u00e7 ekimi esnas\u0131nda k\u00f6klerin bekleme s\u00fcresi azalt\u0131lm\u0131\u015f olur. B\u00f6ylece k\u00f6k kayb\u0131 riski en aza indirilir.<\/li><li>Mevcut sa\u00e7lar hasar g\u00f6rmez. Sa\u00e7 d\u00f6k\u00fclmesi tamamlanmam\u0131\u015f hastalarda da uygulanabilen bir y\u00f6ntemdir.<\/li><li>Hasta h\u0131zl\u0131 bir iyile\u015fme s\u00fcreci ya\u015far.<\/li><\/ul><p><strong>DHI sa\u00e7 ekimi i\u00e7in uygun aday m\u0131y\u0131m?<\/strong><\/p><p>Dhi sa\u00e7 ekimi tekni\u011fi ile sa\u00e7 ekimi operasyonu \u00f6ncesinde detayl\u0131 bir muayeneden ge\u00e7ersiniz. Ameliyata engel olu\u015fturacak herhangi bir sa\u011fl\u0131k sorunu olmad\u0131\u011f\u0131nda emin olmak amac\u0131yla bu a\u015famada genel cerrahi protokol\u00fc uygulan\u0131r. Gerekli testler ve kan tahlilleri yap\u0131l\u0131rken, bir yandan don\u00f6r b\u00f6lge analiz edilir.<\/p><p>Hastan\u0131n ya\u015f\u0131na ve sa\u00e7 d\u00f6k\u00fclme tipine g\u00f6re ki\u015fiye \u00f6zel detayl\u0131 bir kons\u00fcltasyon sa\u00e7 ekiminde ileriye d\u00f6n\u00fck sa\u00e7 kay\u0131plar\u0131 ve hasta memnuniyeti a\u00e7\u0131s\u0131ndan son derece \u00f6nemlidir.<\/p><p><strong>DHI sa\u00e7 ekimi sonras\u0131<\/strong><\/p><p>Dhi sa\u00e7 ekimi ameliyat\u0131ndan bir ya da iki g\u00fcn sonra yara bak\u0131m\u0131 ve ilk y\u0131kama yap\u0131l\u0131r. Sa\u00e7 k\u00f6klerinin durumu kontrol edilir. Bu a\u015famadan sonras\u0131 giderek h\u0131zla rahatlar. \u0130lk birka\u00e7 g\u00fcn Dhi sa\u00e7 ekiminde en hassas d\u00f6nemdir. \u0130kinci g\u00fcnden sonra hasta \u00fclkesine d\u00f6nebilir.<\/p>\t\t\t\t\t\t<\/div>\n\t\t\t\t<\/div>\n\t\t\t\t\t<\/div>\n\t\t<\/div>\n\t\t\t\t\t\t\t<\/div>\n\t\t<\/section>\n\t\t\t\t\t<\/div>\n\t\t<\/div>\n\t\t\t\t\t\t\t<\/div>\n\t\t<\/section>\n\t\t\t\t\t\t\t<\/div>\n\t\t","protected":false},"excerpt":{"rendered":"<p>DHI Sa\u00e7 Ekimi Anasayfa RANDEVU TALEP ET Sa\u00e7 ekimi FUE Sa\u00e7 Ekimi DHI Sa\u00e7 Ekimi Safir Sa\u00e7 Ekimi T\u0131ra\u015fs\u0131z Sa\u00e7 Ekimi Sakal ve B\u0131y\u0131k Ekimi dh\u0131 sa\u00e7 ekimi DHI Sa\u00e7 Ekimi (Direct Hair Implantation) \u201cDo\u011frudan Sa\u00e7 Ekimi\u201d anlam\u0131na gelir. Bu y\u00f6ntemde sadece uzman ki\u015filer taraf\u0131ndan kullan\u0131lmas\u0131 gereken choi adl\u0131 medikal kalem sayesinde greftler toplan\u0131r, ard\u0131ndan [&hellip;]<\/p>\n","protected":false},"author":1,"featured_media":0,"parent":0,"menu_order":0,"comment_status":"closed","ping_status":"closed","template":"","meta":{"footnotes":""},"class_list":["post-1093","page","type-page","status-publish","hentry"],"_links":{"self":[{"href":"https:\/\/drcaturkey.com\/tr\/wp-json\/wp\/v2\/pages\/1093","targetHints":{"allow":["GET"]}}],"collection":[{"href":"https:\/\/drcaturkey.com\/tr\/wp-json\/wp\/v2\/pages"}],"about":[{"href":"https:\/\/drcaturkey.com\/tr\/wp-json\/wp\/v2\/types\/page"}],"author":[{"embeddable":true,"href":"https:\/\/drcaturkey.com\/tr\/wp-json\/wp\/v2\/users\/1"}],"replies":[{"embeddable":true,"href":"https:\/\/drcaturkey.com\/tr\/wp-json\/wp\/v2\/comments?post=1093"}],"version-history":[{"count":22,"href":"https:\/\/drcaturkey.com\/tr\/wp-json\/wp\/v2\/pages\/1093\/revisions"}],"predecessor-version":[{"id":2491,"href":"https:\/\/drcaturkey.com\/tr\/wp-json\/wp\/v2\/pages\/1093\/revisions\/2491"}],"wp:attachment":[{"href":"https:\/\/drcaturkey.com\/tr\/wp-json\/wp\/v2\/media?parent=1093"}],"curies":[{"name":"wp","href":"https:\/\/api.w.org\/{rel}","templated":true}]}}