{"id":1096,"date":"2022-09-02T00:55:18","date_gmt":"2022-09-01T21:55:18","guid":{"rendered":"https:\/\/drcaturkey.com\/tr\/?page_id=1096"},"modified":"2023-03-02T15:25:08","modified_gmt":"2023-03-02T12:25:08","slug":"sakal-ve-biyik-ekimi","status":"publish","type":"page","link":"https:\/\/drcaturkey.com\/tr\/sakal-ve-biyik-ekimi","title":{"rendered":"Sakal ve B\u0131y\u0131k Ekimi"},"content":{"rendered":"\t\t<div data-elementor-type=\"wp-page\" data-elementor-id=\"1096\" class=\"elementor elementor-1096\">\n\t\t\t\t\t\t\t\t\t<section class=\"elementor-section elementor-top-section elementor-element elementor-element-982bd9b elementor-section-boxed elementor-section-height-default elementor-section-height-default\" data-id=\"982bd9b\" data-element_type=\"section\" data-settings=\"{&quot;background_background&quot;:&quot;classic&quot;}\">\n\t\t\t\t\t\t<div class=\"elementor-container elementor-column-gap-default\">\n\t\t\t\t\t<div class=\"elementor-column elementor-col-100 elementor-top-column elementor-element elementor-element-9168e62\" data-id=\"9168e62\" data-element_type=\"column\">\n\t\t\t<div class=\"elementor-widget-wrap elementor-element-populated\">\n\t\t\t\t\t\t\t\t<section class=\"elementor-section elementor-inner-section elementor-element elementor-element-0f834a0 elementor-section-boxed elementor-section-height-default elementor-section-height-default\" data-id=\"0f834a0\" data-element_type=\"section\">\n\t\t\t\t\t\t<div class=\"elementor-container elementor-column-gap-default\">\n\t\t\t\t\t<div class=\"elementor-column elementor-col-100 elementor-inner-column elementor-element elementor-element-00b83f3\" data-id=\"00b83f3\" data-element_type=\"column\">\n\t\t\t<div class=\"elementor-widget-wrap elementor-element-populated\">\n\t\t\t\t\t\t\t\t<div class=\"elementor-element elementor-element-816af31 elementor-widget elementor-widget-hub_fancy_heading\" data-id=\"816af31\" data-element_type=\"widget\" data-widget_type=\"hub_fancy_heading.default\">\n\t\t\t\t<div class=\"elementor-widget-container\">\n\t\t\t\n\t\t<div id=\"ld-fancy-heading-69e8b3d796b46\" class=\"ld-fancy-heading pos-rel\">\n\t\t\t<h1 class=\"ld-fh-element d-inline-block pos-rel  elementor-heading-title lqd-highlight-classic lqd-highlight-grow-left h1\"  > Sakal ve B\u0131y\u0131k Ekimi<\/h1>\t\t<\/div>\n\n\t\t\t\t<\/div>\n\t\t\t\t<\/div>\n\t\t\t\t<div class=\"elementor-element elementor-element-0ce7351 elementor-widget__width-auto elementor-widget elementor-widget-ld_breadcrumb\" data-id=\"0ce7351\" data-element_type=\"widget\" data-widget_type=\"ld_breadcrumb.default\">\n\t\t\t\t<div class=\"elementor-widget-container\">\n\t\t\t<div class=\"lqd-breadcrumb-wrapper\"><div class=\"lqd-shop-topbar-breadcrumb\"><nav class=\"woocommerce-breadcrumb mb-4 mb-md-0\"><ul class=\"breadcrumb reset-ul inline-nav comma-sep-li\"><li>Anasayfa<\/li><\/ul><\/nav><\/div><\/div>\t\t<\/div>\n\t\t\t\t<\/div>\n\t\t\t\t\t<\/div>\n\t\t<\/div>\n\t\t\t\t\t\t\t<\/div>\n\t\t<\/section>\n\t\t\t\t\t<\/div>\n\t\t<\/div>\n\t\t\t\t\t\t\t<\/div>\n\t\t<\/section>\n\t\t\t\t<section class=\"elementor-section elementor-top-section elementor-element elementor-element-bf19241 elementor-section-boxed elementor-section-height-default elementor-section-height-default\" data-id=\"bf19241\" data-element_type=\"section\">\n\t\t\t\t\t\t<div class=\"elementor-container elementor-column-gap-default\">\n\t\t\t\t\t<div class=\"lqd-css-sticky-column elementor-column elementor-col-50 elementor-top-column elementor-element elementor-element-59ed3bf elementor-hidden-mobile\" style=\"--lqd-sticky-offset:30px\" data-id=\"59ed3bf\" data-element_type=\"column\">\n\t\t\t<div class=\"elementor-widget-wrap elementor-element-populated\">\n\t\t\t\t\t\t\t\t<section class=\"elementor-section elementor-inner-section elementor-element elementor-element-8c348b8 elementor-section-boxed elementor-section-height-default elementor-section-height-default\" data-id=\"8c348b8\" data-element_type=\"section\" data-settings=\"{&quot;background_background&quot;:&quot;classic&quot;}\">\n\t\t\t\t\t\t<div class=\"elementor-container elementor-column-gap-default\">\n\t\t\t\t\t<div class=\"elementor-column elementor-col-100 elementor-inner-column elementor-element elementor-element-c98b243\" data-id=\"c98b243\" data-element_type=\"column\">\n\t\t\t<div class=\"elementor-widget-wrap elementor-element-populated\">\n\t\t\t\t\t\t\t\t<div class=\"elementor-element elementor-element-5d43163 elementor-widget elementor-widget-hub_fancy_heading\" data-id=\"5d43163\" data-element_type=\"widget\" data-widget_type=\"hub_fancy_heading.default\">\n\t\t\t\t<div class=\"elementor-widget-container\">\n\t\t\t\n\t\t<div id=\"ld-fancy-heading-69e8b3d79be1e\" class=\"ld-fancy-heading pos-rel\">\n\t\t\t<h6 class=\"ld-fh-element d-inline-block pos-rel  elementor-heading-title lqd-highlight-classic lqd-highlight-grow-left h6\"  > RANDEVU TALEP ET<\/h6>\t\t<\/div>\n\n\t\t\t\t<\/div>\n\t\t\t\t<\/div>\n\t\t\t\t<div class=\"elementor-element elementor-element-788421d elementor-widget elementor-widget-ld_cf722\" data-id=\"788421d\" data-element_type=\"widget\" data-widget_type=\"ld_cf722.default\">\n\t\t\t\t<div class=\"elementor-widget-container\">\n\t\t\t\n\t<div class=\"lqd-contact-form lqd-contact-form-inputs-underlined lqd-contact-form-button-block lqd-contact-form-button-circle lqd-contact-form-inputs-sm\" >\n\t\t<div role=\"form\" class=\"wpcf7\" id=\"wpcf7-f6-o1\" lang=\"tr-TR\" dir=\"ltr\">\n<div class=\"screen-reader-response\"><p role=\"status\" aria-live=\"polite\" aria-atomic=\"true\"><\/p> <ul><\/ul><\/div>\n<form action=\"\/tr\/wp-json\/wp\/v2\/pages\/1096#wpcf7-f6-o1\" method=\"post\" class=\"wpcf7-form init\" novalidate=\"novalidate\" data-status=\"init\">\n<div style=\"display: none;\">\n<input type=\"hidden\" name=\"_wpcf7\" value=\"6\" \/>\n<input type=\"hidden\" name=\"_wpcf7_version\" value=\"5.6.3\" \/>\n<input type=\"hidden\" name=\"_wpcf7_locale\" value=\"tr_TR\" \/>\n<input type=\"hidden\" name=\"_wpcf7_unit_tag\" value=\"wpcf7-f6-o1\" \/>\n<input type=\"hidden\" name=\"_wpcf7_container_post\" value=\"0\" \/>\n<input type=\"hidden\" name=\"_wpcf7_posted_data_hash\" value=\"\" \/>\n<\/div>\n<p><span class=\"wpcf7-form-control-wrap\" data-name=\"adi\"><input type=\"text\" name=\"adi\" value=\"\" size=\"40\" class=\"wpcf7-form-control wpcf7-text wpcf7-validates-as-required\" aria-required=\"true\" aria-invalid=\"false\" placeholder=\"Ad\u0131n\u0131z\" \/><\/span><br \/>\n<span class=\"wpcf7-form-control-wrap\" data-name=\"phone\"><input type=\"text\" name=\"phone\" value=\"\" size=\"40\" class=\"wpcf7-form-control wpcf7-text wpcf7-validates-as-required\" aria-required=\"true\" aria-invalid=\"false\" placeholder=\"Telefon Numaran\u0131z\" \/><\/span><br \/>\n<span class=\"wpcf7-form-control-wrap\" data-name=\"message\"><textarea name=\"message\" cols=\"40\" rows=\"2\" class=\"wpcf7-form-control wpcf7-textarea\" aria-invalid=\"false\" placeholder=\"Mesaj\u0131n\u0131z\"><\/textarea><\/span><br \/>\n<input type=\"submit\" value=\"Formu G\u00f6nder\" class=\"wpcf7-form-control has-spinner wpcf7-submit\" \/><\/p>\n<div class=\"wpcf7-response-output\" aria-hidden=\"true\"><\/div><\/form><\/div>\t<\/div>\n\n\t\t\t<\/div>\n\t\t\t\t<\/div>\n\t\t\t\t\t<\/div>\n\t\t<\/div>\n\t\t\t\t\t\t\t<\/div>\n\t\t<\/section>\n\t\t\t\t<section class=\"elementor-section elementor-inner-section elementor-element elementor-element-4db926d elementor-section-boxed elementor-section-height-default elementor-section-height-default\" data-id=\"4db926d\" data-element_type=\"section\">\n\t\t\t\t\t\t<div class=\"elementor-container elementor-column-gap-default\">\n\t\t\t\t\t<div class=\"elementor-column elementor-col-100 elementor-inner-column elementor-element elementor-element-1934425\" data-id=\"1934425\" data-element_type=\"column\">\n\t\t\t<div class=\"elementor-widget-wrap elementor-element-populated\">\n\t\t\t\t\t\t\t\t<div class=\"elementor-element elementor-element-194be89 elementor-widget elementor-widget-hub_fancy_heading\" data-id=\"194be89\" data-element_type=\"widget\" data-widget_type=\"hub_fancy_heading.default\">\n\t\t\t\t<div class=\"elementor-widget-container\">\n\t\t\t\n\t\t<div id=\"ld-fancy-heading-69e8b3d79f38d\" class=\"ld-fancy-heading pos-rel\">\n\t\t\t<h6 class=\"ld-fh-element d-inline-block pos-rel  elementor-heading-title lqd-highlight-classic lqd-highlight-grow-left h6\"  > Sa\u00e7 ekimi<\/h6>\t\t<\/div>\n\n\t\t\t\t<\/div>\n\t\t\t\t<\/div>\n\t\t\t\t<div class=\"elementor-element elementor-element-70ca50e elementor-widget elementor-widget-ld_custom_menu\" data-id=\"70ca50e\" data-element_type=\"widget\" data-widget_type=\"ld_custom_menu.default\">\n\t\t\t\t<div class=\"elementor-widget-container\">\n\t\t\t\n\t\t\t<div  \n\t\t\t\tclass=\"lqd-fancy-menu lqd-custom-menu pos-rel lqd-menu-td-none\"\n\t\t\t\t\t\t\t>\n\t\t\t\n\t\t\t\t\t\t\t<ul class=\"reset-ul\" id=\"70ca50e\"  data-localscroll=\"true\" data-localscroll-options=\"{&quot;itemsSelector&quot;:&quot;&gt; li &gt; a&quot;,&quot;trackWindowScroll&quot;:true,&quot;includeParentAsOffset&quot;:false,&quot;offsetElements&quot;:&quot;[data-sticky-header] .lqd-head-sec-wrap:not(.lqd-hide-onstuck), #wpadminbar, body.elementor-page .main-header[data-sticky-header] &gt; .elementor &gt; .elementor-section-wrap &gt; .elementor-section:not(.lqd-hide-onstuck):not(.lqd-stickybar-wrap), body.elementor-page .main-header[data-sticky-header] &gt; .elementor &gt; .elementor-section:not(.lqd-hide-onstuck):not(.lqd-stickybar-wrap)&quot;}\">\n\t\t\t\t\n\t\t\t\t\t\t<li>\n\t\t\t\t\t\t\t<a  href=\"https:\/\/drcaturkey.com\/tr\/fue-sac-ekimi\" target=\"_self\" > \n\n\t\t\t\t\t\t\t\t\t\t\t\t\t\t\t\t\t<span class=\"link-icon d-inline-flex hide-if-empty right-icon icon-next-to-label\"><i aria-hidden=\"true\" class=\"lqd-icn-ess icon-ion-ios-arrow-forward\"><\/i><\/span>\t\n\t\t\t\t\t\t\t\t\n\t\t\t\t\t\t\t\t\t\t\t\t\t\t\t\t\tFUE Sa\u00e7 Ekimi  \n\t\t\t\t\t\t\t\t\t\t\t\t\t\t\t\t\t\t\t\t\t\t\t<\/a>\n\t\t\t\t\t\t\t\t\t\t\t\t\t<\/li>\n\n\t\t\t\t\t\t\n\t\t\t\t\t\t<li>\n\t\t\t\t\t\t\t<a  href=\"https:\/\/drcaturkey.com\/tr\/dhi-sac-ekimi\" target=\"_self\" > \n\n\t\t\t\t\t\t\t\t\t\t\t\t\t\t\t\t\t<span class=\"link-icon d-inline-flex hide-if-empty right-icon icon-next-to-label\"><i aria-hidden=\"true\" class=\"lqd-icn-ess icon-ion-ios-arrow-forward\"><\/i><\/span>\t\n\t\t\t\t\t\t\t\t\n\t\t\t\t\t\t\t\t\t\t\t\t\t\t\t\t\tDHI Sa\u00e7 Ekimi  \n\t\t\t\t\t\t\t\t\t\t\t\t\t\t\t\t\t\t\t\t\t\t\t<\/a>\n\t\t\t\t\t\t\t\t\t\t\t\t\t<\/li>\n\n\t\t\t\t\t\t\n\t\t\t\t\t\t<li>\n\t\t\t\t\t\t\t<a  href=\"https:\/\/drcaturkey.com\/tr\/safir-sac-ekimi\" target=\"_self\" > \n\n\t\t\t\t\t\t\t\t\t\t\t\t\t\t\t\t\t<span class=\"link-icon d-inline-flex hide-if-empty right-icon icon-next-to-label\"><i aria-hidden=\"true\" class=\"lqd-icn-ess icon-ion-ios-arrow-forward\"><\/i><\/span>\t\n\t\t\t\t\t\t\t\t\n\t\t\t\t\t\t\t\t\t\t\t\t\t\t\t\t\tSafir Sa\u00e7 Ekimi  \n\t\t\t\t\t\t\t\t\t\t\t\t\t\t\t\t\t\t\t\t\t\t\t<\/a>\n\t\t\t\t\t\t\t\t\t\t\t\t\t<\/li>\n\n\t\t\t\t\t\t\n\t\t\t\t\t\t<li>\n\t\t\t\t\t\t\t<a  href=\"https:\/\/drcaturkey.com\/tr\/tirassiz-sac-ekimi\" target=\"_self\" > \n\n\t\t\t\t\t\t\t\t\t\t\t\t\t\t\t\t\t<span class=\"link-icon d-inline-flex hide-if-empty right-icon icon-next-to-label\"><i aria-hidden=\"true\" class=\"lqd-icn-ess icon-ion-ios-arrow-forward\"><\/i><\/span>\t\n\t\t\t\t\t\t\t\t\n\t\t\t\t\t\t\t\t\t\t\t\t\t\t\t\t\tT\u0131ra\u015fs\u0131z Sa\u00e7 Ekimi  \n\t\t\t\t\t\t\t\t\t\t\t\t\t\t\t\t\t\t\t\t\t\t\t<\/a>\n\t\t\t\t\t\t\t\t\t\t\t\t\t<\/li>\n\n\t\t\t\t\t\t\n\t\t\t\t\t\t<li>\n\t\t\t\t\t\t\t<a  href=\"https:\/\/drcaturkey.com\/tr\/sakal-ve-biyik-ekimi\" target=\"_self\" > \n\n\t\t\t\t\t\t\t\t\t\t\t\t\t\t\t\t\t<span class=\"link-icon d-inline-flex hide-if-empty right-icon icon-next-to-label\"><i aria-hidden=\"true\" class=\"lqd-icn-ess icon-ion-ios-arrow-forward\"><\/i><\/span>\t\n\t\t\t\t\t\t\t\t\n\t\t\t\t\t\t\t\t\t\t\t\t\t\t\t\t\tSakal ve B\u0131y\u0131k Ekimi  \n\t\t\t\t\t\t\t\t\t\t\t\t\t\t\t\t\t\t\t\t\t\t\t<\/a>\n\t\t\t\t\t\t\t\t\t\t\t\t\t<\/li>\n\n\t\t\t\t\t\t\t\t\t\t<\/ul>\n\t\t\t\t\t\t\t\t\t<\/div>\n\t\t\t\t<\/div>\n\t\t\t\t<\/div>\n\t\t\t\t\t<\/div>\n\t\t<\/div>\n\t\t\t\t\t\t\t<\/div>\n\t\t<\/section>\n\t\t\t\t\t<\/div>\n\t\t<\/div>\n\t\t\t\t<div class=\"elementor-column elementor-col-50 elementor-top-column elementor-element elementor-element-b93b85c\" data-id=\"b93b85c\" data-element_type=\"column\">\n\t\t\t<div class=\"elementor-widget-wrap elementor-element-populated\">\n\t\t\t\t\t\t\t\t<section class=\"elementor-section elementor-inner-section elementor-element elementor-element-06325fe elementor-section-boxed elementor-section-height-default elementor-section-height-default\" data-id=\"06325fe\" data-element_type=\"section\">\n\t\t\t\t\t\t<div class=\"elementor-container elementor-column-gap-default\">\n\t\t\t\t\t<div class=\"elementor-column elementor-col-100 elementor-inner-column elementor-element elementor-element-d51406d\" data-id=\"d51406d\" data-element_type=\"column\">\n\t\t\t<div class=\"elementor-widget-wrap elementor-element-populated\">\n\t\t\t\t\t\t\t\t<div class=\"elementor-element elementor-element-81f144a elementor-widget elementor-widget-hub_fancy_heading\" data-id=\"81f144a\" data-element_type=\"widget\" data-widget_type=\"hub_fancy_heading.default\">\n\t\t\t\t<div class=\"elementor-widget-container\">\n\t\t\t\n\t\t<div id=\"ld-fancy-heading-69e8b3d7acb80\" class=\"ld-fancy-heading pos-rel\">\n\t\t\t<h6 class=\"ld-fh-element d-inline-block pos-rel  elementor-heading-title lqd-highlight-classic lqd-highlight-grow-left h6\"  > sakal ve b\u0131y\u0131k ekimi<\/h6>\t\t<\/div>\n\n\t\t\t\t<\/div>\n\t\t\t\t<\/div>\n\t\t\t\t<div class=\"elementor-element elementor-element-43dfd15 elementor-widget elementor-widget-text-editor\" data-id=\"43dfd15\" data-element_type=\"widget\" data-widget_type=\"text-editor.default\">\n\t\t\t\t<div class=\"elementor-widget-container\">\n\t\t\t<style>\/*! elementor - v3.7.4 - 31-08-2022 *\/\n.elementor-widget-text-editor.elementor-drop-cap-view-stacked .elementor-drop-cap{background-color:#818a91;color:#fff}.elementor-widget-text-editor.elementor-drop-cap-view-framed .elementor-drop-cap{color:#818a91;border:3px solid;background-color:transparent}.elementor-widget-text-editor:not(.elementor-drop-cap-view-default) .elementor-drop-cap{margin-top:8px}.elementor-widget-text-editor:not(.elementor-drop-cap-view-default) .elementor-drop-cap-letter{width:1em;height:1em}.elementor-widget-text-editor .elementor-drop-cap{float:left;text-align:center;line-height:1;font-size:50px}.elementor-widget-text-editor .elementor-drop-cap-letter{display:inline-block}<\/style>\t\t\t\t<p>Son d\u00f6nemde filmlerde ve dizilerde sakall\u0131 j\u00f6nlerin \u00f6n planda olmas\u0131 sakal ve b\u0131y\u0131k ekimini \u00f6n plana \u00e7\u0131kartt\u0131. Sadece T\u00fcrk erkeklerinin de\u011fil Arap erkeklerinin de \u00e7ok ra\u011fbet g\u00f6sterdi\u011fi bu ekimi sakal, b\u0131y\u0131k, favori olarak \u00fc\u00e7 grupta toplamak gerekir.<\/p><p>Erkeklerin sakal ve b\u0131y\u0131k b\u00f6lgesinde, k\u0131llar\u0131n olmad\u0131\u011f\u0131 ya da \u00e7ok seyrek g\u00f6r\u00fcld\u00fc\u011f\u00fc alanlara, k\u0131llar\u0131n sa\u00e7l\u0131 deriden al\u0131nan k\u0131l k\u00f6kleri nakledilir. Burada dikkat edilmesi gereken nokta, sakal-b\u0131y\u0131k ekiminde ense b\u00f6lgesindeki sa\u00e7\u0131n don\u00f6r olarak kullan\u0131lmas\u0131d\u0131r. Sa\u00e7ta oldu\u011fu gibi b\u0131y\u0131klar\u0131n da \u00e7\u0131k\u0131\u015f y\u00f6nleri vard\u0131r. B\u0131y\u0131klarda kavisler vard\u0131r. Sakallarda ise orta b\u00f6lgede d\u00f6n\u00fc\u015fler, yan b\u00f6lgede virajlar vard\u0131r. Bu nedenle her bir ekim yerinin kendisine ait olmas\u0131 gereken y\u00f6nlerine, a\u00e7\u0131lar\u0131na dikkat etmek gerekir. Ka\u015f ekiminde oldu\u011fu gibi 5-10 derecelik belirli a\u00e7\u0131larla kanal a\u00e7\u0131lmal\u0131d\u0131r.<\/p><p><strong>K\u00f6se olan erkeklerde uygulanabilir mi?<\/strong><\/p><p>Sakal ve b\u0131y\u0131k ekimi k\u00f6se olarak tabir edilen y\u00fcz\u00fcnde hi\u00e7 sakal ve b\u0131y\u0131k olmayan hastalara da uygulanabilen bir y\u00f6ntemdir. Bu \u015fekilde klini\u011fimize gelen Arap ve Uzakdo\u011fulu bir\u00e7ok hastaya ba\u015far\u0131 ile sa\u00e7, b\u0131y\u0131k ekimi uygulanm\u0131\u015ft\u0131r.<\/p><p>Bununla birlikte nakil yap\u0131lacak hastan\u0131n esmer ya da sar\u0131\u015f\u0131n olmas\u0131 tedavi s\u00fcrecini hi\u00e7bir \u015fekilde etkilemez. Sa\u00e7 ve sakal\u0131 farkl\u0131 renkte \u00e7\u0131kan hastalar\u0131 da iyi analiz etmek gerekir. \u00c7\u0131kacak olas\u0131 sonu\u00e7 konusunda hastay\u0131 \u00f6nceden ikaz etmekte fayda vard\u0131r.<\/p><p><strong>Sakal, b\u0131y\u0131k ekimi nas\u0131l yap\u0131l\u0131r?<\/strong><\/p><p>Sakal ve b\u0131y\u0131k ekimi lokal anestezi alt\u0131nda yap\u0131lan tek seansl\u0131k bir i\u015flemdir. Yakla\u015f\u0131k olarak 4-5 saat aras\u0131nda s\u00fcren a\u011fr\u0131s\u0131z bir i\u015flemdir. \u0130\u015flemin ertesi g\u00fcn\u00fc nakil yap\u0131lan b\u00f6lgede ufak tefek baz\u0131 kabuklanmalar g\u00f6r\u00fclebilir. Ancak k\u0131sa s\u00fcrede ge\u00e7er. Ekilen k\u00f6klerin ucundaki k\u0131llar 15 g\u00fcn sonra d\u00f6k\u00fcl\u00fcr. Bu durum normal bir s\u00fcre\u00e7tir. \u00dc\u00e7 ay sonra k\u0131llar tekrar uzamaya ba\u015flarlar. 6 ila 8 ay i\u00e7inde istenen \u00f6l\u00e7\u00fctte sakal ve b\u0131y\u0131\u011fa hasta kavu\u015fmu\u015f olur.<\/p><p><strong>Sakal ekimi sa\u00e7 ekimi ile birlikte yap\u0131l\u0131r m\u0131?<\/strong><\/p><p>Sakal ekimi yapt\u0131racak ki\u015fi ayn\u0131 zamanda sa\u00e7 ekimi de yapt\u0131racak ise, hastan\u0131n titizlikte de\u011ferlendirilmesi gerekir. Don\u00f6r sahada bulunan sa\u00e7 k\u00f6kleri detayl\u0131ca incelenmelidir. Bu b\u00f6lgeden al\u0131nan k\u0131l k\u00f6klerinin hem sa\u00e7 i\u00e7in, hem de sakal i\u00e7in kullan\u0131laca\u011f\u0131 hesaplanarak, buna uygun bir planlama yap\u0131lmal\u0131d\u0131r. K\u0131l k\u00f6klerine zarar verilmeden, heba edilmeden ekim ger\u00e7ekle\u015ftirilmelidir. Ayr\u0131ca k\u0131l k\u00f6klerinin sakala uygun olan\u0131 sakal ekimine, sa\u00e7 i\u00e7in olanlar\u0131 da sa\u00e7 ekiminde kullan\u0131lmal\u0131d\u0131r. K\u0131l k\u00f6klerinin renk ayr\u0131m\u0131 da do\u011fru yap\u0131larak, sa\u00e7 ve sakal ekimi ayn\u0131 anda yap\u0131labilir.<\/p><p><strong>Sakal ekiminde ne kadar k\u00f6k kullan\u0131l\u0131r?<\/strong><\/p><p>Bu hususta kullan\u0131lacak k\u00f6k say\u0131s\u0131 ki\u015fiden ki\u015fiye farkl\u0131l\u0131k g\u00f6sterebilmektedir. Olu\u015fturulmak istenen sakal yo\u011funlu\u011fu veya eksikse kapat\u0131lmas\u0131 i\u00e7in ihtiya\u00e7 duyulan k\u00f6k say\u0131s\u0131 belirleyici olmaktad\u0131r. Fakat genel olarak bak\u0131ld\u0131\u011f\u0131nda; Yanak b\u00f6lgesi i\u00e7in 250 \u2013 700 aras\u0131, Favori b\u00f6lgesi i\u00e7in 150 \u2013 250 aras\u0131, \u00c7ene b\u00f6lgesi i\u00e7in ise 550 \u2013 700 aras\u0131 k\u00f6ke ihtiya\u00e7 duyulmaktad\u0131r.<\/p><p><strong>Sakal ekimi ne kadar s\u00fcrer?<\/strong><\/p><p>Bu durum da yine ki\u015finin y\u00fcz\u00fcnde sakal ekilecek alan\u0131n b\u00fcy\u00fckl\u00fc\u011f\u00fc, seyrekli\u011fi, ula\u015f\u0131lmak istenen yo\u011funluk ve verici alandan al\u0131nabilecek k\u0131l k\u00f6k\u00fcn\u00fcn yo\u011funlu\u011funa ba\u011fl\u0131 olarak de\u011fi\u015febilir. Fakat genel olarak 2 \u2013 5 saat aras\u0131nda de\u011fi\u015fen uygulama s\u00fcreleri bulunmaktad\u0131r.<\/p>\t\t\t\t\t\t<\/div>\n\t\t\t\t<\/div>\n\t\t\t\t\t<\/div>\n\t\t<\/div>\n\t\t\t\t\t\t\t<\/div>\n\t\t<\/section>\n\t\t\t\t\t<\/div>\n\t\t<\/div>\n\t\t\t\t\t\t\t<\/div>\n\t\t<\/section>\n\t\t\t\t\t\t\t<\/div>\n\t\t","protected":false},"excerpt":{"rendered":"<p>Sakal ve B\u0131y\u0131k Ekimi Anasayfa RANDEVU TALEP ET Sa\u00e7 ekimi FUE Sa\u00e7 Ekimi DHI Sa\u00e7 Ekimi Safir Sa\u00e7 Ekimi T\u0131ra\u015fs\u0131z Sa\u00e7 Ekimi Sakal ve B\u0131y\u0131k Ekimi sakal ve b\u0131y\u0131k ekimi Son d\u00f6nemde filmlerde ve dizilerde sakall\u0131 j\u00f6nlerin \u00f6n planda olmas\u0131 sakal ve b\u0131y\u0131k ekimini \u00f6n plana \u00e7\u0131kartt\u0131. Sadece T\u00fcrk erkeklerinin de\u011fil Arap erkeklerinin de \u00e7ok [&hellip;]<\/p>\n","protected":false},"author":1,"featured_media":0,"parent":0,"menu_order":0,"comment_status":"closed","ping_status":"closed","template":"","meta":{"footnotes":""},"class_list":["post-1096","page","type-page","status-publish","hentry"],"_links":{"self":[{"href":"https:\/\/drcaturkey.com\/tr\/wp-json\/wp\/v2\/pages\/1096","targetHints":{"allow":["GET"]}}],"collection":[{"href":"https:\/\/drcaturkey.com\/tr\/wp-json\/wp\/v2\/pages"}],"about":[{"href":"https:\/\/drcaturkey.com\/tr\/wp-json\/wp\/v2\/types\/page"}],"author":[{"embeddable":true,"href":"https:\/\/drcaturkey.com\/tr\/wp-json\/wp\/v2\/users\/1"}],"replies":[{"embeddable":true,"href":"https:\/\/drcaturkey.com\/tr\/wp-json\/wp\/v2\/comments?post=1096"}],"version-history":[{"count":22,"href":"https:\/\/drcaturkey.com\/tr\/wp-json\/wp\/v2\/pages\/1096\/revisions"}],"predecessor-version":[{"id":2500,"href":"https:\/\/drcaturkey.com\/tr\/wp-json\/wp\/v2\/pages\/1096\/revisions\/2500"}],"wp:attachment":[{"href":"https:\/\/drcaturkey.com\/tr\/wp-json\/wp\/v2\/media?parent=1096"}],"curies":[{"name":"wp","href":"https:\/\/api.w.org\/{rel}","templated":true}]}}