{"id":1097,"date":"2022-09-02T01:11:06","date_gmt":"2022-09-01T22:11:06","guid":{"rendered":"https:\/\/drcaturkey.com\/tr\/?page_id=1097"},"modified":"2023-03-02T15:25:56","modified_gmt":"2023-03-02T12:25:56","slug":"implant-tedavisi","status":"publish","type":"page","link":"https:\/\/drcaturkey.com\/tr\/implant-tedavisi","title":{"rendered":"\u0130mplant Tedavisi"},"content":{"rendered":"\t\t<div data-elementor-type=\"wp-page\" data-elementor-id=\"1097\" class=\"elementor elementor-1097\">\n\t\t\t\t\t\t\t\t\t<section class=\"elementor-section elementor-top-section elementor-element elementor-element-4ec7caa elementor-section-boxed elementor-section-height-default elementor-section-height-default\" data-id=\"4ec7caa\" data-element_type=\"section\" data-settings=\"{&quot;background_background&quot;:&quot;classic&quot;}\">\n\t\t\t\t\t\t<div class=\"elementor-container elementor-column-gap-default\">\n\t\t\t\t\t<div class=\"elementor-column elementor-col-100 elementor-top-column elementor-element elementor-element-5423d4b\" data-id=\"5423d4b\" data-element_type=\"column\">\n\t\t\t<div class=\"elementor-widget-wrap elementor-element-populated\">\n\t\t\t\t\t\t\t\t<section class=\"elementor-section elementor-inner-section elementor-element elementor-element-7eec6ec elementor-section-boxed elementor-section-height-default elementor-section-height-default\" data-id=\"7eec6ec\" data-element_type=\"section\">\n\t\t\t\t\t\t<div class=\"elementor-container elementor-column-gap-default\">\n\t\t\t\t\t<div class=\"elementor-column elementor-col-100 elementor-inner-column elementor-element elementor-element-c324a7d\" data-id=\"c324a7d\" data-element_type=\"column\">\n\t\t\t<div class=\"elementor-widget-wrap elementor-element-populated\">\n\t\t\t\t\t\t\t\t<div class=\"elementor-element elementor-element-7af7858 elementor-widget elementor-widget-hub_fancy_heading\" data-id=\"7af7858\" data-element_type=\"widget\" data-widget_type=\"hub_fancy_heading.default\">\n\t\t\t\t<div class=\"elementor-widget-container\">\n\t\t\t\n\t\t<div id=\"ld-fancy-heading-69e3a636b5c81\" class=\"ld-fancy-heading pos-rel\">\n\t\t\t<h1 class=\"ld-fh-element d-inline-block pos-rel  elementor-heading-title lqd-highlight-classic lqd-highlight-grow-left h1\"  > \u0130mplant Tedavisi<\/h1>\t\t<\/div>\n\n\t\t\t\t<\/div>\n\t\t\t\t<\/div>\n\t\t\t\t<div class=\"elementor-element elementor-element-abad7e2 elementor-widget__width-auto elementor-widget elementor-widget-ld_breadcrumb\" data-id=\"abad7e2\" data-element_type=\"widget\" data-widget_type=\"ld_breadcrumb.default\">\n\t\t\t\t<div class=\"elementor-widget-container\">\n\t\t\t<div class=\"lqd-breadcrumb-wrapper\"><div class=\"lqd-shop-topbar-breadcrumb\"><nav class=\"woocommerce-breadcrumb mb-4 mb-md-0\"><ul class=\"breadcrumb reset-ul inline-nav comma-sep-li\"><li>Anasayfa<\/li><\/ul><\/nav><\/div><\/div>\t\t<\/div>\n\t\t\t\t<\/div>\n\t\t\t\t\t<\/div>\n\t\t<\/div>\n\t\t\t\t\t\t\t<\/div>\n\t\t<\/section>\n\t\t\t\t\t<\/div>\n\t\t<\/div>\n\t\t\t\t\t\t\t<\/div>\n\t\t<\/section>\n\t\t\t\t<section class=\"elementor-section elementor-top-section elementor-element elementor-element-bf19241 elementor-section-boxed elementor-section-height-default elementor-section-height-default\" data-id=\"bf19241\" data-element_type=\"section\">\n\t\t\t\t\t\t<div class=\"elementor-container elementor-column-gap-default\">\n\t\t\t\t\t<div class=\"lqd-css-sticky-column elementor-column elementor-col-50 elementor-top-column elementor-element elementor-element-78a1736 elementor-hidden-mobile\" style=\"--lqd-sticky-offset:30px\" data-id=\"78a1736\" data-element_type=\"column\">\n\t\t\t<div class=\"elementor-widget-wrap elementor-element-populated\">\n\t\t\t\t\t\t\t\t<section class=\"elementor-section elementor-inner-section elementor-element elementor-element-725958d elementor-section-boxed elementor-section-height-default elementor-section-height-default\" data-id=\"725958d\" data-element_type=\"section\" data-settings=\"{&quot;background_background&quot;:&quot;classic&quot;}\">\n\t\t\t\t\t\t<div class=\"elementor-container elementor-column-gap-default\">\n\t\t\t\t\t<div class=\"elementor-column elementor-col-100 elementor-inner-column elementor-element elementor-element-3d823e6\" data-id=\"3d823e6\" data-element_type=\"column\">\n\t\t\t<div class=\"elementor-widget-wrap elementor-element-populated\">\n\t\t\t\t\t\t\t\t<div class=\"elementor-element elementor-element-2c7482c elementor-widget elementor-widget-hub_fancy_heading\" data-id=\"2c7482c\" data-element_type=\"widget\" data-widget_type=\"hub_fancy_heading.default\">\n\t\t\t\t<div class=\"elementor-widget-container\">\n\t\t\t\n\t\t<div id=\"ld-fancy-heading-69e3a636cb413\" class=\"ld-fancy-heading pos-rel\">\n\t\t\t<h6 class=\"ld-fh-element d-inline-block pos-rel  elementor-heading-title lqd-highlight-classic lqd-highlight-grow-left h6\"  > RANDEVU TALEP ET<\/h6>\t\t<\/div>\n\n\t\t\t\t<\/div>\n\t\t\t\t<\/div>\n\t\t\t\t<div class=\"elementor-element elementor-element-bb4da15 elementor-widget elementor-widget-ld_cf722\" data-id=\"bb4da15\" data-element_type=\"widget\" data-widget_type=\"ld_cf722.default\">\n\t\t\t\t<div class=\"elementor-widget-container\">\n\t\t\t\n\t<div class=\"lqd-contact-form lqd-contact-form-inputs-underlined lqd-contact-form-button-block lqd-contact-form-button-circle lqd-contact-form-inputs-sm\" >\n\t\t<div role=\"form\" class=\"wpcf7\" id=\"wpcf7-f6-o1\" lang=\"tr-TR\" dir=\"ltr\">\n<div class=\"screen-reader-response\"><p role=\"status\" aria-live=\"polite\" aria-atomic=\"true\"><\/p> <ul><\/ul><\/div>\n<form action=\"\/tr\/wp-json\/wp\/v2\/pages\/1097#wpcf7-f6-o1\" method=\"post\" class=\"wpcf7-form init\" novalidate=\"novalidate\" data-status=\"init\">\n<div style=\"display: none;\">\n<input type=\"hidden\" name=\"_wpcf7\" value=\"6\" \/>\n<input type=\"hidden\" name=\"_wpcf7_version\" value=\"5.6.3\" \/>\n<input type=\"hidden\" name=\"_wpcf7_locale\" value=\"tr_TR\" \/>\n<input type=\"hidden\" name=\"_wpcf7_unit_tag\" value=\"wpcf7-f6-o1\" \/>\n<input type=\"hidden\" name=\"_wpcf7_container_post\" value=\"0\" \/>\n<input type=\"hidden\" name=\"_wpcf7_posted_data_hash\" value=\"\" \/>\n<\/div>\n<p><span class=\"wpcf7-form-control-wrap\" data-name=\"adi\"><input type=\"text\" name=\"adi\" value=\"\" size=\"40\" class=\"wpcf7-form-control wpcf7-text wpcf7-validates-as-required\" aria-required=\"true\" aria-invalid=\"false\" placeholder=\"Ad\u0131n\u0131z\" \/><\/span><br \/>\n<span class=\"wpcf7-form-control-wrap\" data-name=\"phone\"><input type=\"text\" name=\"phone\" value=\"\" size=\"40\" class=\"wpcf7-form-control wpcf7-text wpcf7-validates-as-required\" aria-required=\"true\" aria-invalid=\"false\" placeholder=\"Telefon Numaran\u0131z\" \/><\/span><br \/>\n<span class=\"wpcf7-form-control-wrap\" data-name=\"message\"><textarea name=\"message\" cols=\"40\" rows=\"2\" class=\"wpcf7-form-control wpcf7-textarea\" aria-invalid=\"false\" placeholder=\"Mesaj\u0131n\u0131z\"><\/textarea><\/span><br \/>\n<input type=\"submit\" value=\"Formu G\u00f6nder\" class=\"wpcf7-form-control has-spinner wpcf7-submit\" \/><\/p>\n<div class=\"wpcf7-response-output\" aria-hidden=\"true\"><\/div><\/form><\/div>\t<\/div>\n\n\t\t\t<\/div>\n\t\t\t\t<\/div>\n\t\t\t\t\t<\/div>\n\t\t<\/div>\n\t\t\t\t\t\t\t<\/div>\n\t\t<\/section>\n\t\t\t\t<section class=\"elementor-section elementor-inner-section elementor-element elementor-element-d4bd828 elementor-section-boxed elementor-section-height-default elementor-section-height-default\" data-id=\"d4bd828\" data-element_type=\"section\">\n\t\t\t\t\t\t<div class=\"elementor-container elementor-column-gap-default\">\n\t\t\t\t\t<div class=\"elementor-column elementor-col-100 elementor-inner-column elementor-element elementor-element-76911c3\" data-id=\"76911c3\" data-element_type=\"column\">\n\t\t\t<div class=\"elementor-widget-wrap elementor-element-populated\">\n\t\t\t\t\t\t\t\t<div class=\"elementor-element elementor-element-3a60a13 elementor-widget elementor-widget-hub_fancy_heading\" data-id=\"3a60a13\" data-element_type=\"widget\" data-widget_type=\"hub_fancy_heading.default\">\n\t\t\t\t<div class=\"elementor-widget-container\">\n\t\t\t\n\t\t<div id=\"ld-fancy-heading-69e3a636ce9e6\" class=\"ld-fancy-heading pos-rel\">\n\t\t\t<h6 class=\"ld-fh-element d-inline-block pos-rel  elementor-heading-title lqd-highlight-classic lqd-highlight-grow-left h6\"  > dental<\/h6>\t\t<\/div>\n\n\t\t\t\t<\/div>\n\t\t\t\t<\/div>\n\t\t\t\t<div class=\"elementor-element elementor-element-359074f elementor-widget elementor-widget-ld_custom_menu\" data-id=\"359074f\" data-element_type=\"widget\" data-widget_type=\"ld_custom_menu.default\">\n\t\t\t\t<div class=\"elementor-widget-container\">\n\t\t\t\n\t\t\t<div  \n\t\t\t\tclass=\"lqd-fancy-menu lqd-custom-menu pos-rel lqd-menu-td-none\"\n\t\t\t\t\t\t\t>\n\t\t\t\n\t\t\t\t\t\t\t<ul class=\"reset-ul\" id=\"359074f\"  data-localscroll=\"true\" data-localscroll-options=\"{&quot;itemsSelector&quot;:&quot;&gt; li &gt; a&quot;,&quot;trackWindowScroll&quot;:true,&quot;includeParentAsOffset&quot;:false,&quot;offsetElements&quot;:&quot;[data-sticky-header] .lqd-head-sec-wrap:not(.lqd-hide-onstuck), #wpadminbar, body.elementor-page .main-header[data-sticky-header] &gt; .elementor &gt; .elementor-section-wrap &gt; .elementor-section:not(.lqd-hide-onstuck):not(.lqd-stickybar-wrap), body.elementor-page .main-header[data-sticky-header] &gt; .elementor &gt; .elementor-section:not(.lqd-hide-onstuck):not(.lqd-stickybar-wrap)&quot;}\">\n\t\t\t\t\n\t\t\t\t\t\t<li>\n\t\t\t\t\t\t\t<a  href=\"https:\/\/drcaturkey.com\/tr\/implant-tedavisi\" target=\"_self\" > \n\n\t\t\t\t\t\t\t\t\t\t\t\t\t\t\t\t\t<span class=\"link-icon d-inline-flex hide-if-empty right-icon icon-next-to-label\"><i aria-hidden=\"true\" class=\"lqd-icn-ess icon-ion-ios-arrow-forward\"><\/i><\/span>\t\n\t\t\t\t\t\t\t\t\n\t\t\t\t\t\t\t\t\t\t\t\t\t\t\t\t\t\u0130mplant Tedavisi  \n\t\t\t\t\t\t\t\t\t\t\t\t\t\t\t\t\t\t\t\t\t\t\t<\/a>\n\t\t\t\t\t\t\t\t\t\t\t\t\t<\/li>\n\n\t\t\t\t\t\t\n\t\t\t\t\t\t<li>\n\t\t\t\t\t\t\t<a  href=\"https:\/\/drcaturkey.com\/tr\/zirkonyum-kaplama\" target=\"_self\" > \n\n\t\t\t\t\t\t\t\t\t\t\t\t\t\t\t\t\t<span class=\"link-icon d-inline-flex hide-if-empty right-icon icon-next-to-label\"><i aria-hidden=\"true\" class=\"lqd-icn-ess icon-ion-ios-arrow-forward\"><\/i><\/span>\t\n\t\t\t\t\t\t\t\t\n\t\t\t\t\t\t\t\t\t\t\t\t\t\t\t\t\tZirkonyum Kaplama  \n\t\t\t\t\t\t\t\t\t\t\t\t\t\t\t\t\t\t\t\t\t\t\t<\/a>\n\t\t\t\t\t\t\t\t\t\t\t\t\t<\/li>\n\n\t\t\t\t\t\t\n\t\t\t\t\t\t<li>\n\t\t\t\t\t\t\t<a  href=\"https:\/\/drcaturkey.com\/tr\/gulus-tasarimi\" target=\"_self\" > \n\n\t\t\t\t\t\t\t\t\t\t\t\t\t\t\t\t\t<span class=\"link-icon d-inline-flex hide-if-empty right-icon icon-next-to-label\"><i aria-hidden=\"true\" class=\"lqd-icn-ess icon-ion-ios-arrow-forward\"><\/i><\/span>\t\n\t\t\t\t\t\t\t\t\n\t\t\t\t\t\t\t\t\t\t\t\t\t\t\t\t\tG\u00fcl\u00fc\u015f Tasar\u0131m\u0131  \n\t\t\t\t\t\t\t\t\t\t\t\t\t\t\t\t\t\t\t\t\t\t\t<\/a>\n\t\t\t\t\t\t\t\t\t\t\t\t\t<\/li>\n\n\t\t\t\t\t\t\n\t\t\t\t\t\t<li>\n\t\t\t\t\t\t\t<a  href=\"https:\/\/drcaturkey.com\/tr\/dis-beyazlatma\" target=\"_self\" > \n\n\t\t\t\t\t\t\t\t\t\t\t\t\t\t\t\t\t<span class=\"link-icon d-inline-flex hide-if-empty right-icon icon-next-to-label\"><i aria-hidden=\"true\" class=\"lqd-icn-ess icon-ion-ios-arrow-forward\"><\/i><\/span>\t\n\t\t\t\t\t\t\t\t\n\t\t\t\t\t\t\t\t\t\t\t\t\t\t\t\t\tDi\u015f Beyazlatma  \n\t\t\t\t\t\t\t\t\t\t\t\t\t\t\t\t\t\t\t\t\t\t\t<\/a>\n\t\t\t\t\t\t\t\t\t\t\t\t\t<\/li>\n\n\t\t\t\t\t\t\t\t\t\t<\/ul>\n\t\t\t\t\t\t\t\t\t<\/div>\n\t\t\t\t<\/div>\n\t\t\t\t<\/div>\n\t\t\t\t\t<\/div>\n\t\t<\/div>\n\t\t\t\t\t\t\t<\/div>\n\t\t<\/section>\n\t\t\t\t\t<\/div>\n\t\t<\/div>\n\t\t\t\t<div class=\"elementor-column elementor-col-50 elementor-top-column elementor-element elementor-element-5e8b80b\" data-id=\"5e8b80b\" data-element_type=\"column\">\n\t\t\t<div class=\"elementor-widget-wrap elementor-element-populated\">\n\t\t\t\t\t\t\t\t<section class=\"elementor-section elementor-inner-section elementor-element elementor-element-133326f elementor-section-boxed elementor-section-height-default elementor-section-height-default\" data-id=\"133326f\" data-element_type=\"section\">\n\t\t\t\t\t\t<div class=\"elementor-container elementor-column-gap-default\">\n\t\t\t\t\t<div class=\"elementor-column elementor-col-100 elementor-inner-column elementor-element elementor-element-1bc226a\" data-id=\"1bc226a\" data-element_type=\"column\">\n\t\t\t<div class=\"elementor-widget-wrap elementor-element-populated\">\n\t\t\t\t\t\t\t\t<div class=\"elementor-element elementor-element-e4eb6dd elementor-widget elementor-widget-hub_fancy_heading\" data-id=\"e4eb6dd\" data-element_type=\"widget\" data-widget_type=\"hub_fancy_heading.default\">\n\t\t\t\t<div class=\"elementor-widget-container\">\n\t\t\t\n\t\t<div id=\"ld-fancy-heading-69e3a636e4af3\" class=\"ld-fancy-heading pos-rel\">\n\t\t\t<h6 class=\"ld-fh-element d-inline-block pos-rel  elementor-heading-title lqd-highlight-classic lqd-highlight-grow-left h6\"  > implant tedavisi<\/h6>\t\t<\/div>\n\n\t\t\t\t<\/div>\n\t\t\t\t<\/div>\n\t\t\t\t<div class=\"elementor-element elementor-element-e8c5e16 elementor-widget elementor-widget-text-editor\" data-id=\"e8c5e16\" data-element_type=\"widget\" data-widget_type=\"text-editor.default\">\n\t\t\t\t<div class=\"elementor-widget-container\">\n\t\t\t<style>\/*! elementor - v3.7.4 - 31-08-2022 *\/\n.elementor-widget-text-editor.elementor-drop-cap-view-stacked .elementor-drop-cap{background-color:#818a91;color:#fff}.elementor-widget-text-editor.elementor-drop-cap-view-framed .elementor-drop-cap{color:#818a91;border:3px solid;background-color:transparent}.elementor-widget-text-editor:not(.elementor-drop-cap-view-default) .elementor-drop-cap{margin-top:8px}.elementor-widget-text-editor:not(.elementor-drop-cap-view-default) .elementor-drop-cap-letter{width:1em;height:1em}.elementor-widget-text-editor .elementor-drop-cap{float:left;text-align:center;line-height:1;font-size:50px}.elementor-widget-text-editor .elementor-drop-cap-letter{display:inline-block}<\/style>\t\t\t\t<p>Y\u00fcz esteti\u011finin bir par\u00e7as\u0131 olan di\u015flerin kayb\u0131 psikolojik ve sosyal problemlere sebep olmaktad\u0131r. Bunun yan\u0131 s\u0131ra konu\u015fma bozukluklar\u0131na, beslenme, sindirim sorunlar\u0131na ve di\u015flerin kaymas\u0131na sebep olmaktad\u0131r. Bu sebeple \u00e7ekilen di\u015flerin yeri m\u00fcmk\u00fcn oldu\u011funca k\u0131sa s\u00fcrede doldurulmal\u0131d\u0131r. Doldurma uygulamas\u0131 da di\u015f implant tedavisi ile m\u00fcmk\u00fcnd\u00fcr. K\u00f6pr\u00fc protezlerinin uygulanmas\u0131 i\u00e7in di\u015f eksikli\u011finin ya\u015fand\u0131\u011f\u0131 b\u00f6lgenin yan\u0131ndaki di\u015flerin kesilmesi gerekmektedir. G\u00fcn\u00fcm\u00fcz teknolojisinde ise art\u0131k sa\u011fl\u0131kl\u0131 di\u015flerin kesilmesine gerek olmadan yeni yapay di\u015f k\u00f6kleri yerle\u015ftirilmektedir. \u0130mplant tedavisi titanyumdan yap\u0131lan yapay di\u015f k\u00f6klerinin ve k\u00f6klerin \u00fczerine di\u015fin fonksiyonunu ve esteti\u011fini taklit eden porselen yap\u0131lar uygulanarak yap\u0131lan bir tedavidir. \u0130mplant tedavisi g\u00fcn\u00fcm\u00fczde \u00e7ok fazla tercih edilen ve uygulanan bir y\u00f6ntemdir. \u0130mplantlar\u0131n \u00e7e\u015fitli tipleri \u00fcretilmi\u015ftir fakat en fazla kullan\u0131lan tip vida \u015feklinde olan implantlard\u0131r. \u0130mplant tedavisi sayesinde insanlar zamanla kaybetmi\u015f olduklar\u0131 do\u011fal di\u015flerinin yerine ayn\u0131 konforda olan yeni yapay di\u015flere sahip olmakta ve ayn\u0131 konforu yeniden ya\u015famaktad\u0131rlar.<\/p><p><strong>\u0130mplant tedavisinin avantajlar\u0131 nelerdir?<\/strong><\/p><ul><li>Di\u015f bo\u015fluklar\u0131n\u0131n yan\u0131ndaki kom\u015fu di\u015flerin kesilmeden korunmas\u0131<\/li><li>Di\u015f bo\u015flu\u011funda bulunan \u00e7ene kemi\u011finin erimesinin engellenmesi<\/li><li>A\u011f\u0131z hijyeni uygulamalar\u0131n\u0131n daha kolay yap\u0131lmas\u0131<\/li><li>Di\u015flerin do\u011fal dizisindeki gibi tek tek yap\u0131labilmesi ve bu sayede hijyenin artmas\u0131<\/li><li>Daha iyi \u00e7i\u011fneyebilme<\/li><li>Her istedi\u011fini yiyebilme<\/li><li>Daha estetik bir g\u00f6r\u00fcn\u00fcm<\/li><li>Daha mutlu bir sosyal hayat<\/li><li>Her \u015feyi yiyebilmeye ba\u011fl\u0131 olarak daha sa\u011fl\u0131kl\u0131 beslenme gibi avantajlar\u0131 bulunmaktad\u0131r.<\/li><\/ul><p><strong>Her hastaya implant tedavisi yap\u0131labilir mi?<\/strong><\/p><p>\u0130mplant vidalar\u0131n\u0131n belirli bir kal\u0131nl\u0131k ve geni\u015flikleri bulunmaktad\u0131r. Bu sebeple de implant konulmas\u0131 gereken b\u00f6lgenin \u00e7ene kemi\u011finin viday\u0131 kabul edecek y\u00fckseklikte, geni\u015flikte ve kalitede olmas\u0131 gerekmektedir. \u0130mplant tedavisinin \u00f6ncesinde ve implant\u0131n a\u011f\u0131zda kald\u0131\u011f\u0131 s\u00fcre boyunca di\u015fetlerinin de sa\u011fl\u0131kl\u0131 olmas\u0131 gerekmektedir. \u0130mplant \u00f6ncesinde hastan\u0131n genel sa\u011fl\u0131k durumu iyi ve uygulamay\u0131 engelleyecek bir durumu yok ise implant tedavisi ba\u015far\u0131yla uygulanabilmektedir.<\/p><p><strong>\u0130mplant tedavisi yap\u0131l\u0131rken ac\u0131 hisseder miyim?<\/strong><\/p><p>\u0130mplant tedavisi yap\u0131l\u0131rken uygun olan anestezi y\u00f6ntemi uyguland\u0131\u011f\u0131nda herhangi bir a\u011fr\u0131 ve ac\u0131 hissetmezsiniz. \u0130\u015flem an\u0131nda hastan\u0131n tercihine g\u00f6re genel veya lokal anestezi y\u00f6ntemi kullan\u0131lmaktad\u0131r. \u0130mplant yerle\u015ftirildikten sonra ak\u015fam\u0131nda duyulabilecek a\u011fr\u0131 basit a\u011fr\u0131 kesiciler ile \u00f6nlenebilmektedir. Tedavi tamamland\u0131ktan sonra implantlar\u0131n varl\u0131\u011f\u0131n\u0131 bile hissetmez, kendi var olan di\u015flerinizden herhangi bir fark\u0131n\u0131 anlamazs\u0131n\u0131z.<\/p><p><strong>\u0130mplant tedavisinden sonra \u00e7ok a\u011fr\u0131m olur mu?<\/strong><\/p><p>\u0130mplant tedavisinden sonra uzun s\u00fcreli a\u011fr\u0131lar\u0131n olu\u015fmas\u0131 nadiren de olsa rastlanan bir durumdur. Ba\u015far\u0131l\u0131 ve uygun ortamda uygulanan bir implant tedavisinin ard\u0131ndan uzun s\u00fcreli bir a\u011fr\u0131 ya\u015fanmamaktad\u0131r. Hafif a\u011fr\u0131lar\u0131n ya\u015fanmas\u0131 normal bir durumdur.<\/p><p><strong>\u0130mplantlar\u0131m\u0131 ne kadar s\u00fcre kullanabilirim?<\/strong><\/p><p>\u0130mplantlar\u0131n \u00f6mr\u00fc \u00e7ok uzundur. A\u011fz\u0131n\u0131zda otuz y\u0131ldan fazla bir s\u00fcre boyunca sorunsuz bir \u015fekilde kald\u0131\u011f\u0131 g\u00f6r\u00fclmektedir. \u0130mplantlar\u0131n \u00f6mr\u00fc bir\u00e7ok etkene ba\u011fl\u0131 olarak de\u011fi\u015fiklik g\u00f6stermektedir. Hastan\u0131n sa\u011fl\u0131\u011f\u0131 ve di\u015f implantlar\u0131na iyi bak\u0131lmas\u0131 bunlardan baz\u0131lar\u0131d\u0131r. Bu etkenlere dikkat edildi\u011fi taktirde implantlar bir \u00f6m\u00fcr boyunca kullan\u0131labilirler.<\/p>\t\t\t\t\t\t<\/div>\n\t\t\t\t<\/div>\n\t\t\t\t\t<\/div>\n\t\t<\/div>\n\t\t\t\t\t\t\t<\/div>\n\t\t<\/section>\n\t\t\t\t\t<\/div>\n\t\t<\/div>\n\t\t\t\t\t\t\t<\/div>\n\t\t<\/section>\n\t\t\t\t\t\t\t<\/div>\n\t\t","protected":false},"excerpt":{"rendered":"<p>\u0130mplant Tedavisi Anasayfa RANDEVU TALEP ET dental \u0130mplant Tedavisi Zirkonyum Kaplama G\u00fcl\u00fc\u015f Tasar\u0131m\u0131 Di\u015f Beyazlatma implant tedavisi Y\u00fcz esteti\u011finin bir par\u00e7as\u0131 olan di\u015flerin kayb\u0131 psikolojik ve sosyal problemlere sebep olmaktad\u0131r. Bunun yan\u0131 s\u0131ra konu\u015fma bozukluklar\u0131na, beslenme, sindirim sorunlar\u0131na ve di\u015flerin kaymas\u0131na sebep olmaktad\u0131r. Bu sebeple \u00e7ekilen di\u015flerin yeri m\u00fcmk\u00fcn oldu\u011funca k\u0131sa s\u00fcrede doldurulmal\u0131d\u0131r. Doldurma uygulamas\u0131 [&hellip;]<\/p>\n","protected":false},"author":1,"featured_media":0,"parent":0,"menu_order":0,"comment_status":"closed","ping_status":"closed","template":"","meta":{"footnotes":""},"class_list":["post-1097","page","type-page","status-publish","hentry"],"_links":{"self":[{"href":"https:\/\/drcaturkey.com\/tr\/wp-json\/wp\/v2\/pages\/1097","targetHints":{"allow":["GET"]}}],"collection":[{"href":"https:\/\/drcaturkey.com\/tr\/wp-json\/wp\/v2\/pages"}],"about":[{"href":"https:\/\/drcaturkey.com\/tr\/wp-json\/wp\/v2\/types\/page"}],"author":[{"embeddable":true,"href":"https:\/\/drcaturkey.com\/tr\/wp-json\/wp\/v2\/users\/1"}],"replies":[{"embeddable":true,"href":"https:\/\/drcaturkey.com\/tr\/wp-json\/wp\/v2\/comments?post=1097"}],"version-history":[{"count":22,"href":"https:\/\/drcaturkey.com\/tr\/wp-json\/wp\/v2\/pages\/1097\/revisions"}],"predecessor-version":[{"id":2503,"href":"https:\/\/drcaturkey.com\/tr\/wp-json\/wp\/v2\/pages\/1097\/revisions\/2503"}],"wp:attachment":[{"href":"https:\/\/drcaturkey.com\/tr\/wp-json\/wp\/v2\/media?parent=1097"}],"curies":[{"name":"wp","href":"https:\/\/api.w.org\/{rel}","templated":true}]}}