{"id":1100,"date":"2022-09-02T01:11:14","date_gmt":"2022-09-01T22:11:14","guid":{"rendered":"https:\/\/drcaturkey.com\/tr\/?page_id=1100"},"modified":"2023-03-02T15:27:08","modified_gmt":"2023-03-02T12:27:08","slug":"dis-beyazlatma","status":"publish","type":"page","link":"https:\/\/drcaturkey.com\/tr\/dis-beyazlatma","title":{"rendered":"Di\u015f Beyazlatma"},"content":{"rendered":"\t\t<div data-elementor-type=\"wp-page\" data-elementor-id=\"1100\" class=\"elementor elementor-1100\">\n\t\t\t\t\t\t\t\t\t<section class=\"elementor-section elementor-top-section elementor-element elementor-element-4ba1592 elementor-section-boxed elementor-section-height-default elementor-section-height-default\" data-id=\"4ba1592\" data-element_type=\"section\" data-settings=\"{&quot;background_background&quot;:&quot;classic&quot;}\">\n\t\t\t\t\t\t<div class=\"elementor-container elementor-column-gap-default\">\n\t\t\t\t\t<div class=\"elementor-column elementor-col-100 elementor-top-column elementor-element elementor-element-f68335d\" data-id=\"f68335d\" data-element_type=\"column\">\n\t\t\t<div class=\"elementor-widget-wrap elementor-element-populated\">\n\t\t\t\t\t\t\t\t<section class=\"elementor-section elementor-inner-section elementor-element elementor-element-f35b029 elementor-section-boxed elementor-section-height-default elementor-section-height-default\" data-id=\"f35b029\" data-element_type=\"section\">\n\t\t\t\t\t\t<div class=\"elementor-container elementor-column-gap-default\">\n\t\t\t\t\t<div class=\"elementor-column elementor-col-100 elementor-inner-column elementor-element elementor-element-97d8452\" data-id=\"97d8452\" data-element_type=\"column\">\n\t\t\t<div class=\"elementor-widget-wrap elementor-element-populated\">\n\t\t\t\t\t\t\t\t<div class=\"elementor-element elementor-element-72c00a2 elementor-widget elementor-widget-hub_fancy_heading\" data-id=\"72c00a2\" data-element_type=\"widget\" data-widget_type=\"hub_fancy_heading.default\">\n\t\t\t\t<div class=\"elementor-widget-container\">\n\t\t\t\n\t\t<div id=\"ld-fancy-heading-69e3a698e5cd4\" class=\"ld-fancy-heading pos-rel\">\n\t\t\t<h1 class=\"ld-fh-element d-inline-block pos-rel  elementor-heading-title lqd-highlight-classic lqd-highlight-grow-left h1\"  > Di\u015f Beyazlatma<\/h1>\t\t<\/div>\n\n\t\t\t\t<\/div>\n\t\t\t\t<\/div>\n\t\t\t\t<div class=\"elementor-element elementor-element-2ee8159 elementor-widget__width-auto elementor-widget elementor-widget-ld_breadcrumb\" data-id=\"2ee8159\" data-element_type=\"widget\" data-widget_type=\"ld_breadcrumb.default\">\n\t\t\t\t<div class=\"elementor-widget-container\">\n\t\t\t<div class=\"lqd-breadcrumb-wrapper\"><div class=\"lqd-shop-topbar-breadcrumb\"><nav class=\"woocommerce-breadcrumb mb-4 mb-md-0\"><ul class=\"breadcrumb reset-ul inline-nav comma-sep-li\"><li>Anasayfa<\/li><\/ul><\/nav><\/div><\/div>\t\t<\/div>\n\t\t\t\t<\/div>\n\t\t\t\t\t<\/div>\n\t\t<\/div>\n\t\t\t\t\t\t\t<\/div>\n\t\t<\/section>\n\t\t\t\t\t<\/div>\n\t\t<\/div>\n\t\t\t\t\t\t\t<\/div>\n\t\t<\/section>\n\t\t\t\t<section class=\"elementor-section elementor-top-section elementor-element elementor-element-bf19241 elementor-section-boxed elementor-section-height-default elementor-section-height-default\" data-id=\"bf19241\" data-element_type=\"section\">\n\t\t\t\t\t\t<div class=\"elementor-container elementor-column-gap-default\">\n\t\t\t\t\t<div class=\"lqd-css-sticky-column elementor-column elementor-col-50 elementor-top-column elementor-element elementor-element-38b38d8 elementor-hidden-mobile\" style=\"--lqd-sticky-offset:30px\" data-id=\"38b38d8\" data-element_type=\"column\">\n\t\t\t<div class=\"elementor-widget-wrap elementor-element-populated\">\n\t\t\t\t\t\t\t\t<section class=\"elementor-section elementor-inner-section elementor-element elementor-element-2ea92f3 elementor-section-boxed elementor-section-height-default elementor-section-height-default\" data-id=\"2ea92f3\" data-element_type=\"section\" data-settings=\"{&quot;background_background&quot;:&quot;classic&quot;}\">\n\t\t\t\t\t\t<div class=\"elementor-container elementor-column-gap-default\">\n\t\t\t\t\t<div class=\"elementor-column elementor-col-100 elementor-inner-column elementor-element elementor-element-4f5174b\" data-id=\"4f5174b\" data-element_type=\"column\">\n\t\t\t<div class=\"elementor-widget-wrap elementor-element-populated\">\n\t\t\t\t\t\t\t\t<div class=\"elementor-element elementor-element-b927b1b elementor-widget elementor-widget-hub_fancy_heading\" data-id=\"b927b1b\" data-element_type=\"widget\" data-widget_type=\"hub_fancy_heading.default\">\n\t\t\t\t<div class=\"elementor-widget-container\">\n\t\t\t\n\t\t<div id=\"ld-fancy-heading-69e3a698e82ca\" class=\"ld-fancy-heading pos-rel\">\n\t\t\t<h6 class=\"ld-fh-element d-inline-block pos-rel  elementor-heading-title lqd-highlight-classic lqd-highlight-grow-left h6\"  > RANDEVU TALEP ET<\/h6>\t\t<\/div>\n\n\t\t\t\t<\/div>\n\t\t\t\t<\/div>\n\t\t\t\t<div class=\"elementor-element elementor-element-cd000a7 elementor-widget elementor-widget-ld_cf722\" data-id=\"cd000a7\" data-element_type=\"widget\" data-widget_type=\"ld_cf722.default\">\n\t\t\t\t<div class=\"elementor-widget-container\">\n\t\t\t\n\t<div class=\"lqd-contact-form lqd-contact-form-inputs-underlined lqd-contact-form-button-block lqd-contact-form-button-circle lqd-contact-form-inputs-sm\" >\n\t\t<div role=\"form\" class=\"wpcf7\" id=\"wpcf7-f6-o1\" lang=\"tr-TR\" dir=\"ltr\">\n<div class=\"screen-reader-response\"><p role=\"status\" aria-live=\"polite\" aria-atomic=\"true\"><\/p> <ul><\/ul><\/div>\n<form action=\"\/tr\/wp-json\/wp\/v2\/pages\/1100#wpcf7-f6-o1\" method=\"post\" class=\"wpcf7-form init\" novalidate=\"novalidate\" data-status=\"init\">\n<div style=\"display: none;\">\n<input type=\"hidden\" name=\"_wpcf7\" value=\"6\" \/>\n<input type=\"hidden\" name=\"_wpcf7_version\" value=\"5.6.3\" \/>\n<input type=\"hidden\" name=\"_wpcf7_locale\" value=\"tr_TR\" \/>\n<input type=\"hidden\" name=\"_wpcf7_unit_tag\" value=\"wpcf7-f6-o1\" \/>\n<input type=\"hidden\" name=\"_wpcf7_container_post\" value=\"0\" \/>\n<input type=\"hidden\" name=\"_wpcf7_posted_data_hash\" value=\"\" \/>\n<\/div>\n<p><span class=\"wpcf7-form-control-wrap\" data-name=\"adi\"><input type=\"text\" name=\"adi\" value=\"\" size=\"40\" class=\"wpcf7-form-control wpcf7-text wpcf7-validates-as-required\" aria-required=\"true\" aria-invalid=\"false\" placeholder=\"Ad\u0131n\u0131z\" \/><\/span><br \/>\n<span class=\"wpcf7-form-control-wrap\" data-name=\"phone\"><input type=\"text\" name=\"phone\" value=\"\" size=\"40\" class=\"wpcf7-form-control wpcf7-text wpcf7-validates-as-required\" aria-required=\"true\" aria-invalid=\"false\" placeholder=\"Telefon Numaran\u0131z\" \/><\/span><br \/>\n<span class=\"wpcf7-form-control-wrap\" data-name=\"message\"><textarea name=\"message\" cols=\"40\" rows=\"2\" class=\"wpcf7-form-control wpcf7-textarea\" aria-invalid=\"false\" placeholder=\"Mesaj\u0131n\u0131z\"><\/textarea><\/span><br \/>\n<input type=\"submit\" value=\"Formu G\u00f6nder\" class=\"wpcf7-form-control has-spinner wpcf7-submit\" \/><\/p>\n<div class=\"wpcf7-response-output\" aria-hidden=\"true\"><\/div><\/form><\/div>\t<\/div>\n\n\t\t\t<\/div>\n\t\t\t\t<\/div>\n\t\t\t\t\t<\/div>\n\t\t<\/div>\n\t\t\t\t\t\t\t<\/div>\n\t\t<\/section>\n\t\t\t\t<section class=\"elementor-section elementor-inner-section elementor-element elementor-element-828f17e elementor-section-boxed elementor-section-height-default elementor-section-height-default\" data-id=\"828f17e\" data-element_type=\"section\">\n\t\t\t\t\t\t<div class=\"elementor-container elementor-column-gap-default\">\n\t\t\t\t\t<div class=\"elementor-column elementor-col-100 elementor-inner-column elementor-element elementor-element-aa64e5c\" data-id=\"aa64e5c\" data-element_type=\"column\">\n\t\t\t<div class=\"elementor-widget-wrap elementor-element-populated\">\n\t\t\t\t\t\t\t\t<div class=\"elementor-element elementor-element-abd92d0 elementor-widget elementor-widget-hub_fancy_heading\" data-id=\"abd92d0\" data-element_type=\"widget\" data-widget_type=\"hub_fancy_heading.default\">\n\t\t\t\t<div class=\"elementor-widget-container\">\n\t\t\t\n\t\t<div id=\"ld-fancy-heading-69e3a698ea4a6\" class=\"ld-fancy-heading pos-rel\">\n\t\t\t<h6 class=\"ld-fh-element d-inline-block pos-rel  elementor-heading-title lqd-highlight-classic lqd-highlight-grow-left h6\"  > dental<\/h6>\t\t<\/div>\n\n\t\t\t\t<\/div>\n\t\t\t\t<\/div>\n\t\t\t\t<div class=\"elementor-element elementor-element-9d6a773 elementor-widget elementor-widget-ld_custom_menu\" data-id=\"9d6a773\" data-element_type=\"widget\" data-widget_type=\"ld_custom_menu.default\">\n\t\t\t\t<div class=\"elementor-widget-container\">\n\t\t\t\n\t\t\t<div  \n\t\t\t\tclass=\"lqd-fancy-menu lqd-custom-menu pos-rel lqd-menu-td-none\"\n\t\t\t\t\t\t\t>\n\t\t\t\n\t\t\t\t\t\t\t<ul class=\"reset-ul\" id=\"9d6a773\"  data-localscroll=\"true\" data-localscroll-options=\"{&quot;itemsSelector&quot;:&quot;&gt; li &gt; a&quot;,&quot;trackWindowScroll&quot;:true,&quot;includeParentAsOffset&quot;:false,&quot;offsetElements&quot;:&quot;[data-sticky-header] .lqd-head-sec-wrap:not(.lqd-hide-onstuck), #wpadminbar, body.elementor-page .main-header[data-sticky-header] &gt; .elementor &gt; .elementor-section-wrap &gt; .elementor-section:not(.lqd-hide-onstuck):not(.lqd-stickybar-wrap), body.elementor-page .main-header[data-sticky-header] &gt; .elementor &gt; .elementor-section:not(.lqd-hide-onstuck):not(.lqd-stickybar-wrap)&quot;}\">\n\t\t\t\t\n\t\t\t\t\t\t<li>\n\t\t\t\t\t\t\t<a  href=\"https:\/\/drcaturkey.com\/tr\/implant-tedavisi\" target=\"_self\" > \n\n\t\t\t\t\t\t\t\t\t\t\t\t\t\t\t\t\t<span class=\"link-icon d-inline-flex hide-if-empty right-icon icon-next-to-label\"><i aria-hidden=\"true\" class=\"lqd-icn-ess icon-ion-ios-arrow-forward\"><\/i><\/span>\t\n\t\t\t\t\t\t\t\t\n\t\t\t\t\t\t\t\t\t\t\t\t\t\t\t\t\t\u0130mplant Tedavisi  \n\t\t\t\t\t\t\t\t\t\t\t\t\t\t\t\t\t\t\t\t\t\t\t<\/a>\n\t\t\t\t\t\t\t\t\t\t\t\t\t<\/li>\n\n\t\t\t\t\t\t\n\t\t\t\t\t\t<li>\n\t\t\t\t\t\t\t<a  href=\"https:\/\/drcaturkey.com\/tr\/zirkonyum-kaplama\" target=\"_self\" > \n\n\t\t\t\t\t\t\t\t\t\t\t\t\t\t\t\t\t<span class=\"link-icon d-inline-flex hide-if-empty right-icon icon-next-to-label\"><i aria-hidden=\"true\" class=\"lqd-icn-ess icon-ion-ios-arrow-forward\"><\/i><\/span>\t\n\t\t\t\t\t\t\t\t\n\t\t\t\t\t\t\t\t\t\t\t\t\t\t\t\t\tZirkonyum Kaplama  \n\t\t\t\t\t\t\t\t\t\t\t\t\t\t\t\t\t\t\t\t\t\t\t<\/a>\n\t\t\t\t\t\t\t\t\t\t\t\t\t<\/li>\n\n\t\t\t\t\t\t\n\t\t\t\t\t\t<li>\n\t\t\t\t\t\t\t<a  href=\"https:\/\/drcaturkey.com\/tr\/gulus-tasarimi\" target=\"_self\" > \n\n\t\t\t\t\t\t\t\t\t\t\t\t\t\t\t\t\t<span class=\"link-icon d-inline-flex hide-if-empty right-icon icon-next-to-label\"><i aria-hidden=\"true\" class=\"lqd-icn-ess icon-ion-ios-arrow-forward\"><\/i><\/span>\t\n\t\t\t\t\t\t\t\t\n\t\t\t\t\t\t\t\t\t\t\t\t\t\t\t\t\tG\u00fcl\u00fc\u015f Tasar\u0131m\u0131  \n\t\t\t\t\t\t\t\t\t\t\t\t\t\t\t\t\t\t\t\t\t\t\t<\/a>\n\t\t\t\t\t\t\t\t\t\t\t\t\t<\/li>\n\n\t\t\t\t\t\t\n\t\t\t\t\t\t<li>\n\t\t\t\t\t\t\t<a  href=\"https:\/\/drcaturkey.com\/tr\/dis-beyazlatma\" target=\"_self\" > \n\n\t\t\t\t\t\t\t\t\t\t\t\t\t\t\t\t\t<span class=\"link-icon d-inline-flex hide-if-empty right-icon icon-next-to-label\"><i aria-hidden=\"true\" class=\"lqd-icn-ess icon-ion-ios-arrow-forward\"><\/i><\/span>\t\n\t\t\t\t\t\t\t\t\n\t\t\t\t\t\t\t\t\t\t\t\t\t\t\t\t\tDi\u015f Beyazlatma  \n\t\t\t\t\t\t\t\t\t\t\t\t\t\t\t\t\t\t\t\t\t\t\t<\/a>\n\t\t\t\t\t\t\t\t\t\t\t\t\t<\/li>\n\n\t\t\t\t\t\t\t\t\t\t<\/ul>\n\t\t\t\t\t\t\t\t\t<\/div>\n\t\t\t\t<\/div>\n\t\t\t\t<\/div>\n\t\t\t\t\t<\/div>\n\t\t<\/div>\n\t\t\t\t\t\t\t<\/div>\n\t\t<\/section>\n\t\t\t\t\t<\/div>\n\t\t<\/div>\n\t\t\t\t<div class=\"elementor-column elementor-col-50 elementor-top-column elementor-element elementor-element-455dedf\" data-id=\"455dedf\" data-element_type=\"column\">\n\t\t\t<div class=\"elementor-widget-wrap elementor-element-populated\">\n\t\t\t\t\t\t\t\t<section class=\"elementor-section elementor-inner-section elementor-element elementor-element-7bd1fe4 elementor-section-boxed elementor-section-height-default elementor-section-height-default\" data-id=\"7bd1fe4\" data-element_type=\"section\">\n\t\t\t\t\t\t<div class=\"elementor-container elementor-column-gap-default\">\n\t\t\t\t\t<div class=\"elementor-column elementor-col-100 elementor-inner-column elementor-element elementor-element-9f08054\" data-id=\"9f08054\" data-element_type=\"column\">\n\t\t\t<div class=\"elementor-widget-wrap elementor-element-populated\">\n\t\t\t\t\t\t\t\t<div class=\"elementor-element elementor-element-287d7f9 elementor-widget elementor-widget-hub_fancy_heading\" data-id=\"287d7f9\" data-element_type=\"widget\" data-widget_type=\"hub_fancy_heading.default\">\n\t\t\t\t<div class=\"elementor-widget-container\">\n\t\t\t\n\t\t<div id=\"ld-fancy-heading-69e3a699062ff\" class=\"ld-fancy-heading pos-rel\">\n\t\t\t<h6 class=\"ld-fh-element d-inline-block pos-rel  elementor-heading-title lqd-highlight-classic lqd-highlight-grow-left h6\"  > Di\u015f Beyazlatma<\/h6>\t\t<\/div>\n\n\t\t\t\t<\/div>\n\t\t\t\t<\/div>\n\t\t\t\t<div class=\"elementor-element elementor-element-79a637a elementor-widget elementor-widget-text-editor\" data-id=\"79a637a\" data-element_type=\"widget\" data-widget_type=\"text-editor.default\">\n\t\t\t\t<div class=\"elementor-widget-container\">\n\t\t\t<style>\/*! elementor - v3.7.4 - 31-08-2022 *\/\n.elementor-widget-text-editor.elementor-drop-cap-view-stacked .elementor-drop-cap{background-color:#818a91;color:#fff}.elementor-widget-text-editor.elementor-drop-cap-view-framed .elementor-drop-cap{color:#818a91;border:3px solid;background-color:transparent}.elementor-widget-text-editor:not(.elementor-drop-cap-view-default) .elementor-drop-cap{margin-top:8px}.elementor-widget-text-editor:not(.elementor-drop-cap-view-default) .elementor-drop-cap-letter{width:1em;height:1em}.elementor-widget-text-editor .elementor-drop-cap{float:left;text-align:center;line-height:1;font-size:50px}.elementor-widget-text-editor .elementor-drop-cap-letter{display:inline-block}<\/style>\t\t\t\t<p>G\u00fczel ve etkili bir g\u00fcl\u00fcmseme i\u00e7in sa\u011fl\u0131kl\u0131 ve beyaz di\u015fler \u00e7ok \u00f6nemlidir. Fakat baz\u0131 durumlarda olu\u015fan yap\u0131sal bozukluklar, \u00e7ocukken veya anne karn\u0131ndayken kullan\u0131lan antibiyotikler, yenilenler, i\u00e7ilenler ve i\u00e7ilen sulardaki flor miktar\u0131, eski protezler, kaplamalar, dolgular ve ya\u015fl\u0131l\u0131k di\u015flerde renklenmeye sebep olmaktad\u0131r. Di\u015f beyazlatma i\u015flemi, \u00e7e\u015fitli sebeplerle rengi de\u011fi\u015fmi\u015f ve sararm\u0131\u015f olan mine tabakas\u0131n\u0131n ki\u015fiye \u00f6zel olarak birka\u00e7 ton a\u00e7\u0131lmas\u0131 ve renklenmelerin giderilmesi i\u015flemidir. Yedi\u011fimiz ve i\u00e7ti\u011fimiz i\u00e7inde renklendirici bulunan her \u015fey di\u015f y\u00fczeyimizi zamanla koyula\u015ft\u0131rmaktad\u0131r. Bu \u015fekilde rengi koyula\u015fan veya sararan di\u015flere porselen kaplama yapt\u0131rmak yerine bleaching olarak da bilinen kal\u0131c\u0131 di\u015f beyazlatma y\u00f6ntemi uygulanabilir. Bu i\u015flem sonucunda di\u015flerinizin durumuna ba\u011fl\u0131 olarak 8-10 ton kadar a\u00e7\u0131lmaktad\u0131r. Di\u015f beyazlatma i\u015flemi \u00f6zel olarak haz\u0131rlanan jelin di\u015fler \u00fczerine s\u00fcr\u00fclerek bir \u0131\u015f\u0131k kayna\u011f\u0131 veya lazer yard\u0131m\u0131 ile h\u0131zland\u0131r\u0131larak uygulanmas\u0131d\u0131r. Di\u015flerde genellikle iki \u00e7e\u015fit renklenme g\u00f6r\u00fclmektedir. Birincisi i\u00e7 renklenme, ikincisi d\u0131\u015f renklenmedir. \u0130\u00e7 renklenmede di\u015fin i\u00e7ine n\u00fcfuz eden ve f\u0131r\u00e7alama ile giderilmeyen lekeler yer almaktad\u0131r. D\u0131\u015f renklenmede ise di\u015f y\u00fczeyine sigara, kola, kahve gibi boyay\u0131c\u0131 g\u0131dalardan yap\u0131\u015fan renklenmelerdir. Her iki renklenmede de di\u015f beyazlatma i\u015flemi yani Bleaching i\u015flemi \u00e7ok ba\u015far\u0131yla sonu\u00e7lanmaktad\u0131r.<\/p><p><strong>Di\u015f beyazlatma i\u015flemi nas\u0131l yap\u0131lmaktad\u0131r?<\/strong><\/p><p>Di\u015f beyazlatma i\u015flemi bir hekim kontrol\u00fc alt\u0131nda ger\u00e7ekle\u015ftirilmesi gereken bir i\u015flemdir. Renklenme bulunan di\u015fin d\u0131\u015f y\u00fczeyine s\u00fcr\u00fclen beyazlat\u0131c\u0131 jeller uygulanan \u00f6zel bir \u0131\u015f\u0131kla reaksiyona girmektedir. Bu sayede di\u015fler olduk\u00e7a h\u0131zl\u0131 ve etkili bir \u015fekilde beyazlamaktad\u0131r. Bu \u015fekilde yap\u0131lan bir i\u015flemde tek bir seansta ortalama 3-4 ton kadar di\u015f rengi a\u00e7\u0131lmaktad\u0131r.<\/p><p><strong>Di\u015f beyazlatma i\u015flemi herkese uygulanabilir mi?<\/strong><\/p><p>Di\u015f beyazlatma i\u015flemi herkese uygulanabilecek son derece g\u00fcvenli bir i\u015flemdir. Bu i\u015flem g\u00fcvenilir kliniklerde ve hekim kontrol\u00fcnde yap\u0131ld\u0131\u011f\u0131 takdirde bir zarar\u0131 olmayacakt\u0131r. B\u00fcy\u00fcme ve geli\u015fimi devam eden ki\u015filere tavsiye edilmeyen beyazlatma i\u015flemi, gebelere ve emziren annelere de dikkatli bir \u015fekilde yap\u0131lmal\u0131d\u0131r.<\/p><p><strong>Di\u015f beyazlatma i\u015fleminde nelere dikkat edilmelidir?<\/strong><\/p><p>Di\u015f beyazlatma i\u015flemi s\u0131ras\u0131nda veya sonras\u0131nda hafif bir hassasiyet durumu ya\u015fanabilir. Fakat bu hassasiyet 1 ile 3 g\u00fcn aras\u0131nda kaybolacakt\u0131r. Burada \u00f6nemli olan di\u015f beyazlatma i\u015fleminin gerektirdi\u011fi ad\u0131mlar\u0131n eksiksiz bir \u015fekilde yerine getirilmesidir. Profesyonel ekipler taraf\u0131ndan yap\u0131ld\u0131\u011f\u0131nda bu i\u015flemin hi\u00e7bir zarar\u0131 olmayacakt\u0131r.<\/p><p><strong>Di\u015flerimin maksimum d\u00fczeyde beyazlamas\u0131 ne kadar zaman al\u0131r?<\/strong><\/p><p>Di\u015f beyazlatma i\u015fleminin sonu\u00e7lar\u0131 ki\u015fiye g\u00f6re de\u011fi\u015fiklik g\u00f6stermektedir. Baz\u0131 di\u015fler birka\u00e7 g\u00fcne beyazlarken baz\u0131 di\u015flerin beyazlamas\u0131 bir iki ay s\u00fcrmektedir. Fakat ortalama bir insan\u0131n di\u015fleri 2 ile 3 hafta aras\u0131nda beyazlamaktad\u0131r. Di\u015flerinizde sar\u0131la\u015fma grile\u015fmeden fazlaysa beyazlatma i\u015flemi \u00e7ok daha iyi olacakt\u0131r. Fakat antibiyotik kullan\u0131m\u0131ndan kaynakl\u0131 olan grile\u015fmenin beyazlat\u0131lmas\u0131 daha zor olacakt\u0131r. Bu durumda sonuca ula\u015fmak biraz daha uzun zaman alacakt\u0131r.<\/p><p><strong>Di\u015f beyazlatma tedavisi s\u0131ras\u0131nda neler ya\u015far\u0131m?<\/strong><\/p><p>Di\u015f beyazlatma i\u015flemi bittikten sonra ki 2 hafta i\u00e7erisinde di\u015flerin beyazlamas\u0131 devam etti\u011fi i\u00e7in bu s\u00fcre\u00e7te renklendirici maddelerin kullan\u0131m\u0131na devam etmemek gerekmektedir. Sonras\u0131nda ise bu yiyecek ve i\u00e7ecekleri m\u00fcmk\u00fcn oldu\u011funca azaltmay\u0131 d\u00fc\u015f\u00fcnebilirsiniz. Tedavi s\u0131ras\u0131nda ya\u015fanan s\u0131cak-so\u011fuk hassasiyeti de tedavi sonras\u0131nda sonlanacakt\u0131r.<\/p>\t\t\t\t\t\t<\/div>\n\t\t\t\t<\/div>\n\t\t\t\t\t<\/div>\n\t\t<\/div>\n\t\t\t\t\t\t\t<\/div>\n\t\t<\/section>\n\t\t\t\t\t<\/div>\n\t\t<\/div>\n\t\t\t\t\t\t\t<\/div>\n\t\t<\/section>\n\t\t\t\t\t\t\t<\/div>\n\t\t","protected":false},"excerpt":{"rendered":"<p>Di\u015f Beyazlatma Anasayfa RANDEVU TALEP ET dental \u0130mplant Tedavisi Zirkonyum Kaplama G\u00fcl\u00fc\u015f Tasar\u0131m\u0131 Di\u015f Beyazlatma Di\u015f Beyazlatma G\u00fczel ve etkili bir g\u00fcl\u00fcmseme i\u00e7in sa\u011fl\u0131kl\u0131 ve beyaz di\u015fler \u00e7ok \u00f6nemlidir. Fakat baz\u0131 durumlarda olu\u015fan yap\u0131sal bozukluklar, \u00e7ocukken veya anne karn\u0131ndayken kullan\u0131lan antibiyotikler, yenilenler, i\u00e7ilenler ve i\u00e7ilen sulardaki flor miktar\u0131, eski protezler, kaplamalar, dolgular ve ya\u015fl\u0131l\u0131k di\u015flerde [&hellip;]<\/p>\n","protected":false},"author":1,"featured_media":0,"parent":0,"menu_order":0,"comment_status":"closed","ping_status":"closed","template":"","meta":{"footnotes":""},"class_list":["post-1100","page","type-page","status-publish","hentry"],"_links":{"self":[{"href":"https:\/\/drcaturkey.com\/tr\/wp-json\/wp\/v2\/pages\/1100","targetHints":{"allow":["GET"]}}],"collection":[{"href":"https:\/\/drcaturkey.com\/tr\/wp-json\/wp\/v2\/pages"}],"about":[{"href":"https:\/\/drcaturkey.com\/tr\/wp-json\/wp\/v2\/types\/page"}],"author":[{"embeddable":true,"href":"https:\/\/drcaturkey.com\/tr\/wp-json\/wp\/v2\/users\/1"}],"replies":[{"embeddable":true,"href":"https:\/\/drcaturkey.com\/tr\/wp-json\/wp\/v2\/comments?post=1100"}],"version-history":[{"count":22,"href":"https:\/\/drcaturkey.com\/tr\/wp-json\/wp\/v2\/pages\/1100\/revisions"}],"predecessor-version":[{"id":2512,"href":"https:\/\/drcaturkey.com\/tr\/wp-json\/wp\/v2\/pages\/1100\/revisions\/2512"}],"wp:attachment":[{"href":"https:\/\/drcaturkey.com\/tr\/wp-json\/wp\/v2\/media?parent=1100"}],"curies":[{"name":"wp","href":"https:\/\/api.w.org\/{rel}","templated":true}]}}